 {"id":658,"date":"2023-09-18T12:33:02","date_gmt":"2023-09-18T12:33:02","guid":{"rendered":"https:\/\/sola.kau.se\/kaukan2024\/?page_id=658"},"modified":"2025-09-15T13:22:27","modified_gmt":"2025-09-15T13:22:27","slug":"bidrag-contributions","status":"publish","type":"page","link":"https:\/\/sola.kau.se\/kaukan2025\/sv\/bidrag-contributions\/","title":{"rendered":"Bidrag\/Contributions"},"content":{"rendered":"\n<figure class=\"wp-block-table\"><table><tbody><tr><td class=\"has-text-align-left\" data-align=\"left\"><strong>F\u00f6rfattare<\/strong>\/<strong>Author<\/strong><\/td><td><strong>Titel<\/strong>\/<strong>Title<\/strong><\/td><\/tr><tr><td class=\"has-text-align-left\" data-align=\"left\"><a href=\"https:\/\/inslaget.kau.se\/profile\/daviolss\">David Olsson<\/a>, <a href=\"https:\/\/inslaget.kau.se\/profile\/alaaalaq\">Ala Sarah Alaqra<\/a>, <a href=\"https:\/\/inslaget.kau.se\/profile\/petebell\">Peter Bellstr\u00f6m<\/a><\/td><td><a href=\"https:\/\/sola.kau.se\/kaukan2025\/sv\/spel-som-sprangbrada-till-hallbarare-samhallen\/\">Spel som spr\u00e5ngbr\u00e4da till h\u00e5llbarare samh\u00e4llen<\/a><\/td><\/tr><tr><td class=\"has-text-align-left\" data-align=\"left\"><a href=\"https:\/\/inslaget.kau.se\/profile\/helewill\">Hel\u00e9n Williams<\/a><\/td><td><a href=\"https:\/\/sola.kau.se\/kaukan2025\/sv\/inner-development-goals-for-att-tydliggora-kanslor-och-utvardera-formagor-i-utbildning-for-hallbar-utveckling\/\">Inner Development Goals f\u00f6r att tydligg\u00f6ra k\u00e4nslor och utv\u00e4rdera f\u00f6rm\u00e5gor i utbildning f\u00f6r h\u00e5llbar utveckling<\/a><\/td><\/tr><tr><td class=\"has-text-align-left\" data-align=\"left\"><a href=\"https:\/\/inslaget.kau.se\/profile\/inganils\">Inga-Lill Nilsson<\/a>, <a href=\"https:\/\/inslaget.kau.se\/profile\/cecihell\">Cecilia Hellekant<\/a><\/td><td><a href=\"https:\/\/sola.kau.se\/kaukan2025\/sv\/2025\/06\/30\/hallbar-kunskapsspridning-och-oppna-kursbocker-ar-det-mojligt\/\">H\u00e5llbar kunskapsspridning och \u00f6ppna kursb\u00f6cker \u2013 \u00e4r det m\u00f6jligt?<\/a><\/td><\/tr><tr><td class=\"has-text-align-left\" data-align=\"left\"><a href=\"https:\/\/inslaget.kau.se\/profile\/erpersso\">Erik Persson Pavlovic<\/a><\/td><td><a href=\"https:\/\/sola.kau.se\/kaukan2025\/sv\/pedagogiska-metoder-for-att-undervisa-om-risk-och-miljofragor-speldesign-over-amnesgranser\/\">Pedagogiska metoder f\u00f6r att undervisa om risk- och milj\u00f6fr\u00e5gor: speldesign \u00f6ver \u00e4mnesgr\u00e4nser<\/a><\/td><\/tr><tr><td class=\"has-text-align-left\" data-align=\"left\"><a href=\"https:\/\/inslaget.kau.se\/profile\/tereberg\">Teresa Berglund<\/a>, <a href=\"https:\/\/inslaget.kau.se\/profile\/petelamp\">Peter Lampert<\/a><\/td><td><a href=\"https:\/\/sola.kau.se\/kaukan2025\/sv\/implementing-action-competence-for-sustaining-biodiversity-in-biology-teacher-education\/\">Att implementera handlingskompetens f\u00f6r bevarande av biologisk m\u00e5ngfald i l\u00e4rarutbildningen i biologi och naturkunskap<\/a><\/td><\/tr><tr><td class=\"has-text-align-left\" data-align=\"left\"><a href=\"https:\/\/inslaget.kau.se\/profile\/katarahn\">Katharina Rahnert<\/a><\/td><td><a href=\"https:\/\/sola.kau.se\/kaukan2025\/sv\/kognitiv-dissonans-en-ny-hogskolepedagogik-for-hallbarhetsrelaterade-fragor-i-foretagsekonomi\/\">Kognitiv dissonans &#8211; Reflektioner kring en h\u00f6gskolepedagogisk metod f\u00f6r h\u00e5llbarhetsrelaterade fr\u00e5gor i f\u00f6retagsekonomi<\/a><\/td><\/tr><tr><td class=\"has-text-align-left\" data-align=\"left\"><a href=\"https:\/\/inslaget.kau.se\/profile\/phuongbu\">Phuong Bui, <\/a><a href=\"https:\/\/inslaget.kau.se\/profile\/mirevine\">Mirela Vinerean-Bernhoff<\/a><\/td><td><a href=\"https:\/\/sola.kau.se\/kaukan2025\/sv\/understanding-pre-service-in-service-mathematics-teachers-engagement-with-generative-ai-implications-for-sustainable-educational-practice\/\">Understanding Pre-service &amp; In-service Mathematics Teachers\u2019 Engagement with Generative AI: Implications for Sustainable Educational Practice<\/a><\/td><\/tr><tr><td class=\"has-text-align-left\" data-align=\"left\"><a href=\"https:\/\/inslaget.kau.se\/profile\/ulriterp\">Ulrik Terp<\/a>, Jenny Friedl<\/td><td><a href=\"https:\/\/sola.kau.se\/kaukan2025\/sv\/ar-det-meningsfullt-att-lagga-tid-pa-att-lara-studenter-hur-de-ska-studera\/\">\u00c4r det meningsfullt att l\u00e4gga tid p\u00e5 att l\u00e4ra studenter hur de ska studera?<\/a><\/td><\/tr><tr><td class=\"has-text-align-left\" data-align=\"left\"><a href=\"https:\/\/inslaget.kau.se\/profile\/malinwik\">Malin Wik<\/a><a href=\"https:\/\/inslaget.kau.se\/profile\/marcberg\">, <\/a><a href=\"https:\/\/inslaget.kau.se\/profile\/alaaalaq\">Ala Sarah Alaqra<\/a><\/td><td><a href=\"https:\/\/sola.kau.se\/kaukan2025\/sv\/from-gaming-to-equality-increasing-students-reflection-on-sustainability\/\">From gaming to equality: Increasing&nbsp;students\u2019 reflection on sustainability<\/a><\/td><\/tr><tr><td class=\"has-text-align-left\" data-align=\"left\"><a href=\"https:\/\/inslaget.kau.se\/profile\/mattjoha\">Mattias Johansson<\/a><\/td><td><a href=\"https:\/\/sola.kau.se\/kaukan2025\/sv\/vad-har-psykologi-med-hallbarhet-att-gora-en-presentation-av-det-nya-mastersprogrammet-i-psykologi-med-inriktning-framtid-och-global-overlevnad\/\">Vad har psykologi med h\u00e5llbarhet att g\u00f6ra? En presentation av det nya mastersprogrammet i psykologi med inriktning framtid och global \u00f6verlevnad<\/a><\/td><\/tr><tr><td class=\"has-text-align-left\" data-align=\"left\"><a href=\"https:\/\/inslaget.kau.se\/profile\/johjohan\">John Johansson<\/a>, <a href=\"https:\/\/inslaget.kau.se\/profile\/lenafalk\">Lena Lid Falkman<\/a><\/td><td><a href=\"https:\/\/sola.kau.se\/kaukan2025\/sv\/kan-man-lara-studenter-att-kommunicera\/\">Kan man l\u00e4ra studenter att kommunicera?<\/a><\/td><\/tr><tr><td class=\"has-text-align-left\" data-align=\"left\"><a href=\"https:\/\/inslaget.kau.se\/profile\/karithor\">Karin Th\u00f6rne<\/a>, <a href=\"https:\/\/inslaget.kau.se\/profile\/annerla\">Ann Erlandsson<\/a><\/td><td><a href=\"https:\/\/sola.kau.se\/kaukan2025\/sv\/att-forbereda-biologistudenter-for-framtidens-arbetsmarknad-en-studie-om-anvandning-och-faktagranskning-av-generativ-ai-i-cellbiologiundervisning\/\">Att f\u00f6rbereda biologistudenter f\u00f6r framtidens arbetsmarknad: En Studie om anv\u00e4ndning och faktagranskning av generativ AI i cellbiologiundervisning&nbsp;<\/a><\/td><\/tr><tr><td class=\"has-text-align-left\" data-align=\"left\"><a href=\"https:\/\/inslaget.kau.se\/profile\/johjohan\">John Johansson<\/a><\/td><td><a href=\"https:\/\/sola.kau.se\/kaukan2025\/sv\/ai-studenter-och-lararen-en-praktisk-modell\/\">AI, studenter och l\u00e4raren &#8211; en praktisk modell<\/a><\/td><\/tr><tr><td class=\"has-text-align-left\" data-align=\"left\"><a href=\"https:\/\/inslaget.kau.se\/profile\/emilmork\">Emil M\u00f6rk<\/a><\/td><td><a href=\"https:\/\/sola.kau.se\/kaukan2025\/hallbar-utveckling-nagra-invandningar\/\">H\u00e5llbar utveckling i antropocen \u2013 en om\u00f6jlig vision?<\/a><\/td><\/tr><\/tbody><\/table><figcaption class=\"wp-element-caption\">Ins\u00e4nda bidrag<\/figcaption><\/figure>\n\n\n\n<p><\/p>\n","protected":false},"excerpt":{"rendered":"<p>F\u00f6rfattare\/Author Titel\/Title David Olsson, Ala Sarah Alaqra, Peter Bellstr\u00f6m Spel som spr\u00e5ngbr\u00e4da till h\u00e5llbarare samh\u00e4llen Hel\u00e9n Williams Inner Development Goals f\u00f6r att tydligg\u00f6ra k\u00e4nslor och utv\u00e4rdera f\u00f6rm\u00e5gor i utbildning f\u00f6r h\u00e5llbar utveckling Inga-Lill Nilsson, Cecilia Hellekant H\u00e5llbar kunskapsspridning och \u00f6ppna kursb\u00f6cker \u2013 \u00e4r det m\u00f6jligt? Erik Persson Pavlovic Pedagogiska metoder f\u00f6r att undervisa om risk- [&hellip;]<\/p>\n","protected":false},"author":569,"featured_media":0,"parent":0,"menu_order":0,"comment_status":"closed","ping_status":"closed","template":"","meta":{"_acf_changed":false,"footnotes":""},"class_list":["post-658","page","type-page","status-publish","hentry"],"acf":[],"_links":{"self":[{"href":"https:\/\/sola.kau.se\/kaukan2025\/sv\/wp-json\/wp\/v2\/pages\/658","targetHints":{"allow":["GET"]}}],"collection":[{"href":"https:\/\/sola.kau.se\/kaukan2025\/sv\/wp-json\/wp\/v2\/pages"}],"about":[{"href":"https:\/\/sola.kau.se\/kaukan2025\/sv\/wp-json\/wp\/v2\/types\/page"}],"author":[{"embeddable":true,"href":"https:\/\/sola.kau.se\/kaukan2025\/sv\/wp-json\/wp\/v2\/users\/569"}],"replies":[{"embeddable":true,"href":"https:\/\/sola.kau.se\/kaukan2025\/sv\/wp-json\/wp\/v2\/comments?post=658"}],"version-history":[{"count":28,"href":"https:\/\/sola.kau.se\/kaukan2025\/sv\/wp-json\/wp\/v2\/pages\/658\/revisions"}],"predecessor-version":[{"id":1211,"href":"https:\/\/sola.kau.se\/kaukan2025\/sv\/wp-json\/wp\/v2\/pages\/658\/revisions\/1211"}],"wp:attachment":[{"href":"https:\/\/sola.kau.se\/kaukan2025\/sv\/wp-json\/wp\/v2\/media?parent=658"}],"curies":[{"name":"wp","href":"https:\/\/api.w.org\/{rel}","templated":true}]}}