 {"id":978,"date":"2020-09-04T12:29:14","date_gmt":"2020-09-04T12:29:14","guid":{"rendered":"https:\/\/sola.kau.se\/upekonferens2021\/?page_id=2"},"modified":"2026-01-21T08:05:05","modified_gmt":"2026-01-21T08:05:05","slug":"sample-page-2","status":"publish","type":"page","link":"https:\/\/sola.kau.se\/kaukan2025\/sv\/","title":{"rendered":"KauKan! H\u00f6gskolepedagogisk utvecklingsdag"},"content":{"rendered":"\n<h2 class=\"wp-block-heading has-text-align-left\"><strong>25 september 2025<\/strong><\/h2>\n\n\n\n<div class=\"wp-block-columns is-layout-flex wp-container-core-columns-is-layout-9d6595d7 wp-block-columns-is-layout-flex\">\n<div class=\"wp-block-column is-layout-flow wp-block-column-is-layout-flow\" style=\"flex-basis:66.66%\">\n<p class=\"has-medium-font-size\">Torsdag 25 september 2025 bjuder UPE in till \u00e5rets h\u00f6gskolepedagogiska utvecklingsdag, d\u00e4r l\u00e4ros\u00e4tets personal f\u00e5r m\u00f6jlighet att utbyta erfarenheter, ha&nbsp;kollegiala samtal samt ta del av olika utvecklingsarbeten och erfarenheter om undervisning och examination. Utvecklingsdagen \u00e4r kostnadsfri och kommer att genomf\u00f6ras p\u00e5 plats p\u00e5 Kau.<\/p>\n<\/div>\n\n\n\n<div class=\"wp-block-column is-layout-flow wp-block-column-is-layout-flow\" style=\"flex-basis:33.33%\">\n<figure class=\"wp-block-image size-full\"><img loading=\"lazy\" decoding=\"async\" width=\"640\" height=\"480\" src=\"https:\/\/sola.kau.se\/kaukan2025\/wp-content\/uploads\/sites\/1305\/2025\/08\/etienne-girardet-EP6_VZhzXM8-unsplash.jpg\" alt=\"\" class=\"wp-image-1142\" srcset=\"https:\/\/sola.kau.se\/kaukan2025\/wp-content\/uploads\/sites\/1305\/2025\/08\/etienne-girardet-EP6_VZhzXM8-unsplash.jpg 640w, https:\/\/sola.kau.se\/kaukan2025\/wp-content\/uploads\/sites\/1305\/2025\/08\/etienne-girardet-EP6_VZhzXM8-unsplash-300x225.jpg 300w\" sizes=\"auto, (max-width: 640px) 100vw, 640px\" \/><\/figure>\n<\/div>\n<\/div>\n\n\n\n<h2 class=\"wp-block-heading\">Tema: H\u00e5llbar utveckling<\/h2>\n\n\n\n<p style=\"font-style:normal;font-weight:400\">M\u00e4nskligheten st\u00e5r inf\u00f6r flera betydande utmaningar relaterade till resurser, milj\u00f6 och global r\u00e4ttvisa. F\u00f6r att m\u00f6ta dessa utmaningar har m\u00e5l f\u00f6r h\u00e5llbar utveckling formulerats p\u00e5 olika samh\u00e4llsniv\u00e5er, fr\u00e5n global till lokal, i b\u00e5de offentliga och privata sammanhang. Utbildning spelar en central roll i att uppn\u00e5 dessa m\u00e5l.<\/p>\n\n\n\n<p>Vi som \u00e4r anst\u00e4llda p\u00e5 Kau beh\u00f6ver f\u00e5 en st\u00f6rre kunskap inom omr\u00e5det h\u00e5llbar utveckling f\u00f6r att kunna arbeta utifr\u00e5n Karlstads universitets vision:&nbsp;<em><strong>Vi verkar systematiskt f\u00f6r en social, ekonomisk och milj\u00f6m\u00e4ssigt h\u00e5llbar samh\u00e4llsutveckling<\/strong><\/em>.<\/p>\n\n\n\n<h2 class=\"wp-block-heading\">Mer \u00e4n h\u00e5llbarhetsfr\u00e5gor<\/h2>\n\n\n\n<p>Vi har \u00e4ven ett &#8220;\u00f6ppet sp\u00e5r&#8221; d\u00e4r medarbetare kan presentera projekt eller utvecklingsarbeten som inte knyter an till \u00e5rets tema, men som \u00e4nd\u00e5 ber\u00f6r undervisning eller examination.<\/p>\n\n\n\n<p>Varmt v\u00e4lkommen att anm\u00e4la dig!<\/p>\n\n\n\n<p><a href=\"https:\/\/sola.kau.se\/kaukan2025\/sv\/program\/\">PROGRAM<\/a><\/p>\n\n\n\n<hr class=\"wp-block-separator has-alpha-channel-opacity\" \/>\n\n\n\n<h2 class=\"wp-block-heading\">Anm\u00e4lan<\/h2>\n\n\n<p>Detta formul\u00e4r \u00e4r inte l\u00e4ngre tillg\u00e4ngligt.<\/p>\n\n\n<p class=\"has-small-font-size\"><em>Photo by <a href=\"https:\/\/unsplash.com\/@etiennegirardet?utm_source=unsplash&amp;utm_medium=referral&amp;utm_content=creditCopyText\">Etienne Girardet<\/a> on <a href=\"https:\/\/unsplash.com\/photos\/EP6_VZhzXM8?utm_source=unsplash&amp;utm_medium=referral&amp;utm_content=creditCopyText\">Unsplash<\/a><\/em><\/p>\n\n\n\n<p><\/p>\n","protected":false},"excerpt":{"rendered":"<p>25 september 2025 Torsdag 25 september 2025 bjuder UPE in till \u00e5rets h\u00f6gskolepedagogiska utvecklingsdag, d\u00e4r l\u00e4ros\u00e4tets personal f\u00e5r m\u00f6jlighet att utbyta erfarenheter, ha&nbsp;kollegiala samtal samt ta del av olika utvecklingsarbeten och erfarenheter om undervisning och examination. Utvecklingsdagen \u00e4r kostnadsfri och kommer att genomf\u00f6ras p\u00e5 plats p\u00e5 Kau. Tema: H\u00e5llbar utveckling M\u00e4nskligheten st\u00e5r inf\u00f6r flera betydande [&hellip;]<\/p>\n","protected":false},"author":569,"featured_media":0,"parent":0,"menu_order":0,"comment_status":"closed","ping_status":"closed","template":"","meta":{"_acf_changed":false,"footnotes":""},"class_list":["post-978","page","type-page","status-publish","hentry"],"acf":[],"_links":{"self":[{"href":"https:\/\/sola.kau.se\/kaukan2025\/sv\/wp-json\/wp\/v2\/pages\/978","targetHints":{"allow":["GET"]}}],"collection":[{"href":"https:\/\/sola.kau.se\/kaukan2025\/sv\/wp-json\/wp\/v2\/pages"}],"about":[{"href":"https:\/\/sola.kau.se\/kaukan2025\/sv\/wp-json\/wp\/v2\/types\/page"}],"author":[{"embeddable":true,"href":"https:\/\/sola.kau.se\/kaukan2025\/sv\/wp-json\/wp\/v2\/users\/569"}],"replies":[{"embeddable":true,"href":"https:\/\/sola.kau.se\/kaukan2025\/sv\/wp-json\/wp\/v2\/comments?post=978"}],"version-history":[{"count":26,"href":"https:\/\/sola.kau.se\/kaukan2025\/sv\/wp-json\/wp\/v2\/pages\/978\/revisions"}],"predecessor-version":[{"id":1218,"href":"https:\/\/sola.kau.se\/kaukan2025\/sv\/wp-json\/wp\/v2\/pages\/978\/revisions\/1218"}],"wp:attachment":[{"href":"https:\/\/sola.kau.se\/kaukan2025\/sv\/wp-json\/wp\/v2\/media?parent=978"}],"curies":[{"name":"wp","href":"https:\/\/api.w.org\/{rel}","templated":true}]}}