 {"id":1109,"date":"2025-06-30T09:48:55","date_gmt":"2025-06-30T09:48:55","guid":{"rendered":"https:\/\/sola.kau.se\/kaukan2025\/?page_id=1109"},"modified":"2025-08-15T09:18:22","modified_gmt":"2025-08-15T09:18:22","slug":"hallbar-utveckling-nagra-invandningar","status":"publish","type":"page","link":"https:\/\/sola.kau.se\/kaukan2025\/hallbar-utveckling-nagra-invandningar\/","title":{"rendered":"H\u00e5llbar utveckling i antropocen \u2013 en om\u00f6jlig vision?\u00a0"},"content":{"rendered":"\n<p><\/p>\n\n\n\n<p>Sedan slutet av 1980 talet har HU varit det dominerande policym\u00e5let f\u00f6r svenska myndigheter och utbildningsinstitutioner d\u00e5 de beskriver en t\u00e4nkt relation mellan m\u00e4nniskor och den planet de bor p\u00e5.<br>Med utg\u00e5ngspunkt i antropocenbegreppet vill jag diskutera n\u00e5gra inv\u00e4ndningar mot denna m\u00e5ls\u00e4ttning.<br>Att erk\u00e4nna antropocen som en ny geologisk tids\u00e5lder inneb\u00e4r att n\u00e5gra av de ontologiska fundament som HU vilar p\u00e5 ifr\u00e5gas\u00e4tts. Samtidigt visar ett antropocent perspektiv p\u00e5 m\u00e4nniskans relation till sin planet p\u00e5 epistemoligiska brister i HU, vi vet helt enkelt inte tillr\u00e4ckligt mycket om v\u00e5r planet f\u00f6r att kunna uppr\u00e4tth\u00e5lla h\u00e5llbarhet.<\/p>\n\n\n\n<p>Jag vill ocks\u00e5 med min presentation visa att HU inte \u00e4r det enda narrativ som inneb\u00e4r hopp.<\/p>\n","protected":false},"excerpt":{"rendered":"<p>Sedan slutet av 1980 talet har HU varit det dominerande policym\u00e5let f\u00f6r svenska myndigheter och utbildningsinstitutioner d\u00e5 de beskriver en t\u00e4nkt relation mellan m\u00e4nniskor och den planet de bor p\u00e5.Med utg\u00e5ngspunkt i antropocenbegreppet vill jag diskutera n\u00e5gra inv\u00e4ndningar mot denna m\u00e5ls\u00e4ttning.Att erk\u00e4nna antropocen som en ny geologisk tids\u00e5lder inneb\u00e4r att n\u00e5gra av de ontologiska fundament [&hellip;]<\/p>\n","protected":false},"author":844,"featured_media":0,"parent":0,"menu_order":0,"comment_status":"closed","ping_status":"closed","template":"","meta":{"_acf_changed":false,"footnotes":""},"class_list":["post-1109","page","type-page","status-publish","hentry"],"acf":[],"_links":{"self":[{"href":"https:\/\/sola.kau.se\/kaukan2025\/wp-json\/wp\/v2\/pages\/1109","targetHints":{"allow":["GET"]}}],"collection":[{"href":"https:\/\/sola.kau.se\/kaukan2025\/wp-json\/wp\/v2\/pages"}],"about":[{"href":"https:\/\/sola.kau.se\/kaukan2025\/wp-json\/wp\/v2\/types\/page"}],"author":[{"embeddable":true,"href":"https:\/\/sola.kau.se\/kaukan2025\/wp-json\/wp\/v2\/users\/844"}],"replies":[{"embeddable":true,"href":"https:\/\/sola.kau.se\/kaukan2025\/wp-json\/wp\/v2\/comments?post=1109"}],"version-history":[{"count":3,"href":"https:\/\/sola.kau.se\/kaukan2025\/wp-json\/wp\/v2\/pages\/1109\/revisions"}],"predecessor-version":[{"id":1170,"href":"https:\/\/sola.kau.se\/kaukan2025\/wp-json\/wp\/v2\/pages\/1109\/revisions\/1170"}],"wp:attachment":[{"href":"https:\/\/sola.kau.se\/kaukan2025\/wp-json\/wp\/v2\/media?parent=1109"}],"curies":[{"name":"wp","href":"https:\/\/api.w.org\/{rel}","templated":true}]}}