 {"id":3619,"date":"2022-02-10T11:50:30","date_gmt":"2022-02-10T10:50:30","guid":{"rendered":"https:\/\/sola.kau.se\/keeponteaching\/?page_id=3619"},"modified":"2025-05-12T13:22:48","modified_gmt":"2025-05-12T11:22:48","slug":"kursplan-och-kursmal","status":"publish","type":"page","link":"https:\/\/sola.kau.se\/keeponteaching\/kursdesign\/kursplan-och-kursmal\/","title":{"rendered":"Kursplan och l\u00e4randem\u00e5l"},"content":{"rendered":"\n<p><strong>Kursplanen \u00e4r det juridiska dokument som beskriver den kurs som studenten s\u00f6ker, antas till och examineras i. Kursplanen deklarerar bland annat de villkor som universitetet utf\u00e4ster sig att f\u00f6lja under kursens g\u00e5ng och vad g\u00e4ller examination samt l\u00e4randem\u00e5l. Dessutom beskrivs de krav som st\u00e4lls p\u00e5 studenten f\u00f6r att kunna antas, vilken slags undervisning som kommer att erbjudas, om det finns obligatoriska moment, hur examineringen kommer att g\u00e5 till och vilka l\u00e4randem\u00e5len \u00e4r.<\/strong><\/p>\n\n\n\n<section class=\"kot-pagelist\"><article class=\"yapl-wrap\" id=\"jenny-moon-kursmal-bedomningskriterier-m-m\"><h2 class=\"yapl-title\"><a href=\"https:\/\/sola.kau.se\/keeponteaching\/jenny-moon-kursmal-bedomningskriterier-m-m\/\">Jenny Moon: Kursm\u00e5l, krav och bed\u00f6mningskriterier<\/a>\n<\/h2><div class=\"yapl-excerpt\">Jenny Moons (Exeter University) texter om kursm\u00e5l, bed\u00f6mningskriteria och andra n\u00e4rbesl\u00e4ktade fr\u00e5gest\u00e4llningar \u00e4r n\u00e4rmast klassiska och dyker upp i m\u00e5nga h\u00f6gskolepedagogiska sammanhang.<\/div>\n<\/article><article class=\"yapl-wrap\" id=\"konstruktiv-lankning-som-arbetsmetod\"><h2 class=\"yapl-title\"><a href=\"https:\/\/sola.kau.se\/keeponteaching\/konstruktiv-lankning-som-arbetsmetod\/\">Konstruktiv l\u00e4nkning som arbetsmetod<\/a>\n<\/h2><div class=\"yapl-excerpt\">Konstruktiv l\u00e4nkning (Constructive Alignment, CA) \u00e4r en modell f\u00f6r design av utbildningar inom h\u00f6gre utbildning. S\u00e5 h\u00e4r arbetar man praktiskt med den.<\/div>\n<\/article><article class=\"yapl-wrap\" id=\"larandemal-blooms-taxonomi\"><h2 class=\"yapl-title\"><a href=\"https:\/\/sola.kau.se\/keeponteaching\/larandemal-blooms-taxonomi\/\">L\u00e4randem\u00e5l: Blooms taxonomi<\/a>\n<\/h2><div class=\"yapl-excerpt\">Blooms taxonomi f\u00f6r att skriva l\u00e4randem\u00e5l med systematiserade, aktiva verb som beskriver en progression av kunskap, f\u00e4rdighet och f\u00f6rm\u00e5ga.<\/div>\n<\/article><article class=\"yapl-wrap\" id=\"larandemal-solo-taxonomin\"><h2 class=\"yapl-title\"><a href=\"https:\/\/sola.kau.se\/keeponteaching\/larandemal-solo-taxonomin\/\">L\u00e4randem\u00e5l: SOLO-taxonomin<\/a>\n<\/h2><div class=\"yapl-excerpt\">SOLO-taxonomi f\u00f6r att skriva l\u00e4randem\u00e5l med systematiserade, aktiva verb som beskriver en progression av kunskap, f\u00e4rdighet och f\u00f6rm\u00e5ga.<\/div>\n<\/article><article class=\"yapl-wrap\" id=\"skriva-kursplan\"><h2 class=\"yapl-title\"><a href=\"https:\/\/sola.kau.se\/keeponteaching\/skriva-kursplan\/\">Skriva kursplan<\/a>\n<\/h2><div class=\"yapl-excerpt\">Kursplanen skrivs i verktyget \u00d6KA. Anv\u00e4nd de instruktioner som finns. De inneh\u00e5ller m\u00e5nga exempel och f\u00f6rslag p\u00e5 praktiska l\u00f6sningar, saker att t\u00e4nka p\u00e5 och exempel p\u00e5 bra formuleringar.<\/div>\n<\/article><\/section>\n","protected":false},"excerpt":{"rendered":"<p>Kursplanen \u00e4r det juridiska dokument som beskriver den kurs som studenten s\u00f6ker, antas till och examineras i. Kursplanen deklarerar bland annat de villkor som universitetet utf\u00e4ster sig att f\u00f6lja under kursens g\u00e5ng och vad g\u00e4ller examination samt l\u00e4randem\u00e5l. Dessutom beskrivs de krav som st\u00e4lls p\u00e5 studenten f\u00f6r att kunna antas, vilken slags undervisning som kommer [&hellip;]<\/p>\n","protected":false},"author":60,"featured_media":0,"parent":3641,"menu_order":0,"comment_status":"closed","ping_status":"closed","template":"","meta":{"footnotes":""},"categories":[],"tags":[],"class_list":["post-3619","page","type-page","status-publish","hentry"],"_links":{"self":[{"href":"https:\/\/sola.kau.se\/keeponteaching\/wp-json\/wp\/v2\/pages\/3619","targetHints":{"allow":["GET"]}}],"collection":[{"href":"https:\/\/sola.kau.se\/keeponteaching\/wp-json\/wp\/v2\/pages"}],"about":[{"href":"https:\/\/sola.kau.se\/keeponteaching\/wp-json\/wp\/v2\/types\/page"}],"author":[{"embeddable":true,"href":"https:\/\/sola.kau.se\/keeponteaching\/wp-json\/wp\/v2\/users\/60"}],"replies":[{"embeddable":true,"href":"https:\/\/sola.kau.se\/keeponteaching\/wp-json\/wp\/v2\/comments?post=3619"}],"version-history":[{"count":20,"href":"https:\/\/sola.kau.se\/keeponteaching\/wp-json\/wp\/v2\/pages\/3619\/revisions"}],"predecessor-version":[{"id":5780,"href":"https:\/\/sola.kau.se\/keeponteaching\/wp-json\/wp\/v2\/pages\/3619\/revisions\/5780"}],"up":[{"embeddable":true,"href":"https:\/\/sola.kau.se\/keeponteaching\/wp-json\/wp\/v2\/pages\/3641"}],"wp:attachment":[{"href":"https:\/\/sola.kau.se\/keeponteaching\/wp-json\/wp\/v2\/media?parent=3619"}],"wp:term":[{"taxonomy":"category","embeddable":true,"href":"https:\/\/sola.kau.se\/keeponteaching\/wp-json\/wp\/v2\/categories?post=3619"},{"taxonomy":"post_tag","embeddable":true,"href":"https:\/\/sola.kau.se\/keeponteaching\/wp-json\/wp\/v2\/tags?post=3619"}],"curies":[{"name":"wp","href":"https:\/\/api.w.org\/{rel}","templated":true}]}}