 {"id":3727,"date":"2022-02-10T15:15:21","date_gmt":"2022-02-10T14:15:21","guid":{"rendered":"https:\/\/sola.kau.se\/keeponteaching\/?page_id=3727"},"modified":"2022-05-30T13:25:06","modified_gmt":"2022-05-30T11:25:06","slug":"reexaminations","status":"publish","type":"page","link":"https:\/\/sola.kau.se\/keeponteaching\/examination\/reexaminations\/?lang=en","title":{"rendered":"Reexaminations"},"content":{"rendered":"\n<p><em>A reexamination may be a second exam opportunity in an ongoing course, or an \u201cindependent\u201d exam opportunity for those students who failed their course examination earlier (pick up exams).<\/em>&nbsp;<em>How do you organize reexaminations\/resits and pick up exams online?<\/em><\/p>\n\n\n\n<section class=\"kot-pagelist\"><article class=\"yapl-wrap\" id=\"canvas-omtenta-online\"><h2 class=\"yapl-title\"><a href=\"https:\/\/sola.kau.se\/keeponteaching\/canvas-omtenta-online\/\">Canvas: Omtenta online<\/a>\n<\/h2><div class=\"yapl-excerpt\">Omtenta i Canvas \u00e4r smidigt. Ingen f\u00f6ranm\u00e4lan beh\u00f6vs, ingen salsbokning, allt samlat p\u00e5 ett st\u00e4lle.<\/div>\n<\/article><article class=\"yapl-wrap\" id=\"canvas-uppsamlingstenta-online\"><h2 class=\"yapl-title\"><a href=\"https:\/\/sola.kau.se\/keeponteaching\/canvas-uppsamlingstenta-online\/\">Canvas: Uppsamlingstenta online<\/a>\n<\/h2><div class=\"yapl-excerpt\">Uppsamlingstentor f\u00f6r t.ex. en viss kurs kan samlas i en s\u00e4rskild canvaskurs och anv\u00e4ndas f\u00f6r alla uppsamlingstentor under flera \u00e5r.<\/div>\n<\/article><article class=\"yapl-wrap\" id=\"tentafragor-som-utgar-fran-korta-fallbeskrivningar\"><h2 class=\"yapl-title\"><a href=\"https:\/\/sola.kau.se\/keeponteaching\/tentafragor-som-utgar-fran-korta-fallbeskrivningar\/\">Tips: Tentafr\u00e5gor som utg\u00e5r fr\u00e5n korta fallbeskrivningar<\/a>\n<\/h2><div class=\"yapl-excerpt\">Behovet h\u00e4r \u00e4r att genom \u00e4ndrade examinationsuppgifter p\u00e5verka mot studiestrategier som inneb\u00e4r mer djupinl\u00e4rning. Dessutom kan systematiskt konstruerade fallbeskrivningar anv\u00e4ndas f\u00f6r att producera ett ganska stort, likv\u00e4rdigt, material med examinationsfr\u00e5gor.<\/div>\n<\/article><\/section>\n\n\n\n<p><\/p>\n","protected":false},"excerpt":{"rendered":"<p>A reexamination may be a second exam opportunity in an ongoing course, or an \u201cindependent\u201d exam opportunity for those students who failed their course examination earlier (pick up exams).&nbsp;How do you organize reexaminations\/resits and pick up exams online?<\/p>\n","protected":false},"author":60,"featured_media":0,"parent":3733,"menu_order":0,"comment_status":"closed","ping_status":"closed","template":"","meta":{"footnotes":""},"categories":[],"tags":[],"class_list":["post-3727","page","type-page","status-publish","hentry"],"_links":{"self":[{"href":"https:\/\/sola.kau.se\/keeponteaching\/wp-json\/wp\/v2\/pages\/3727","targetHints":{"allow":["GET"]}}],"collection":[{"href":"https:\/\/sola.kau.se\/keeponteaching\/wp-json\/wp\/v2\/pages"}],"about":[{"href":"https:\/\/sola.kau.se\/keeponteaching\/wp-json\/wp\/v2\/types\/page"}],"author":[{"embeddable":true,"href":"https:\/\/sola.kau.se\/keeponteaching\/wp-json\/wp\/v2\/users\/60"}],"replies":[{"embeddable":true,"href":"https:\/\/sola.kau.se\/keeponteaching\/wp-json\/wp\/v2\/comments?post=3727"}],"version-history":[{"count":5,"href":"https:\/\/sola.kau.se\/keeponteaching\/wp-json\/wp\/v2\/pages\/3727\/revisions"}],"predecessor-version":[{"id":4700,"href":"https:\/\/sola.kau.se\/keeponteaching\/wp-json\/wp\/v2\/pages\/3727\/revisions\/4700"}],"up":[{"embeddable":true,"href":"https:\/\/sola.kau.se\/keeponteaching\/wp-json\/wp\/v2\/pages\/3733"}],"wp:attachment":[{"href":"https:\/\/sola.kau.se\/keeponteaching\/wp-json\/wp\/v2\/media?parent=3727"}],"wp:term":[{"taxonomy":"category","embeddable":true,"href":"https:\/\/sola.kau.se\/keeponteaching\/wp-json\/wp\/v2\/categories?post=3727"},{"taxonomy":"post_tag","embeddable":true,"href":"https:\/\/sola.kau.se\/keeponteaching\/wp-json\/wp\/v2\/tags?post=3727"}],"curies":[{"name":"wp","href":"https:\/\/api.w.org\/{rel}","templated":true}]}}