 {"id":605,"date":"2020-12-16T16:08:40","date_gmt":"2020-12-16T15:08:40","guid":{"rendered":"https:\/\/sola.kau.se\/keeponteaching\/?page_id=605"},"modified":"2020-12-16T16:08:40","modified_gmt":"2020-12-16T15:08:40","slug":"licens","status":"publish","type":"page","link":"https:\/\/sola.kau.se\/keeponteaching\/licens\/","title":{"rendered":"Licens"},"content":{"rendered":"\n<p>H\u00e4r p\u00e5 UPE s\u00e5 \u00e4lskar vi \u00f6ppna licenser s\u00e5 hela den h\u00e4r sajten med dess inneh\u00e5ll \u00e4r om inte annat anges licensierat under &#8220;<a href=\"https:\/\/creativecommons.org\/licenses\/by\/4.0\/deed.sv\">Erk\u00e4nnande 4.0 Internationell\u00a0(CC BY 4.0)<\/a>&#8220;<\/p>\n\n\n\n<p>Delar av sajten \u00e4r baserad p\u00e5 material fr\u00e5n\u00a0<a href=\"https:\/\/altlab.vcu.edu\/rapid-response\/\">Keep Teaching<\/a>\u00a0av\u00a0<a href=\"https:\/\/altlab.vcu.edu\/rapid-response\/\">VCU Rapid Transition Taskforce<\/a>\u00a0som \u00e4r licensierat under\u00a0<a href=\"http:\/\/creativecommons.org\/licenses\/by-nc\/4.0\/\">Creative Commons Attribution-NonCommercial 4.0 International License<\/a>.<\/p>\n","protected":false},"excerpt":{"rendered":"<p>H\u00e4r p\u00e5 UPE s\u00e5 \u00e4lskar vi \u00f6ppna licenser s\u00e5 hela den h\u00e4r sajten med dess inneh\u00e5ll \u00e4r om inte annat anges licensierat under &#8220;Erk\u00e4nnande 4.0 Internationell\u00a0(CC BY 4.0)&#8220; Delar av sajten \u00e4r baserad p\u00e5 material fr\u00e5n\u00a0Keep Teaching\u00a0av\u00a0VCU Rapid Transition Taskforce\u00a0som \u00e4r licensierat under\u00a0Creative Commons Attribution-NonCommercial 4.0 International License.<\/p>\n","protected":false},"author":1,"featured_media":0,"parent":0,"menu_order":0,"comment_status":"closed","ping_status":"closed","template":"","meta":{"footnotes":""},"categories":[],"tags":[],"class_list":["post-605","page","type-page","status-publish","hentry"],"_links":{"self":[{"href":"https:\/\/sola.kau.se\/keeponteaching\/wp-json\/wp\/v2\/pages\/605","targetHints":{"allow":["GET"]}}],"collection":[{"href":"https:\/\/sola.kau.se\/keeponteaching\/wp-json\/wp\/v2\/pages"}],"about":[{"href":"https:\/\/sola.kau.se\/keeponteaching\/wp-json\/wp\/v2\/types\/page"}],"author":[{"embeddable":true,"href":"https:\/\/sola.kau.se\/keeponteaching\/wp-json\/wp\/v2\/users\/1"}],"replies":[{"embeddable":true,"href":"https:\/\/sola.kau.se\/keeponteaching\/wp-json\/wp\/v2\/comments?post=605"}],"version-history":[{"count":1,"href":"https:\/\/sola.kau.se\/keeponteaching\/wp-json\/wp\/v2\/pages\/605\/revisions"}],"predecessor-version":[{"id":607,"href":"https:\/\/sola.kau.se\/keeponteaching\/wp-json\/wp\/v2\/pages\/605\/revisions\/607"}],"wp:attachment":[{"href":"https:\/\/sola.kau.se\/keeponteaching\/wp-json\/wp\/v2\/media?parent=605"}],"wp:term":[{"taxonomy":"category","embeddable":true,"href":"https:\/\/sola.kau.se\/keeponteaching\/wp-json\/wp\/v2\/categories?post=605"},{"taxonomy":"post_tag","embeddable":true,"href":"https:\/\/sola.kau.se\/keeponteaching\/wp-json\/wp\/v2\/tags?post=605"}],"curies":[{"name":"wp","href":"https:\/\/api.w.org\/{rel}","templated":true}]}}