 {"id":119,"date":"2021-04-09T07:31:20","date_gmt":"2021-04-09T07:31:20","guid":{"rendered":"https:\/\/sola.kau.se\/kursutvarderingssystem\/?page_id=119"},"modified":"2021-04-30T06:51:15","modified_gmt":"2021-04-30T05:51:15","slug":"inspel-till-det-nya-systemet","status":"publish","type":"page","link":"https:\/\/sola.kau.se\/kursutvarderingssystem\/inspel-till-det-nya-systemet\/","title":{"rendered":"Inspel till det nya systemet"},"content":{"rendered":"\n<p>Om du inte har m\u00f6jlighet att delta p\u00e5 workshoppen eller redan nu vill skicka med kommentarer, fr\u00e5gor eller andra inspel, skriv till oss nedan.<\/p>\n\n\n<script type=\"text\/javascript\">\n\/* <![CDATA[ *\/\n\n\/\/----------------------------------------------------------\n\/\/------ JAVASCRIPT HOOK FUNCTIONS FOR GRAVITY FORMS -------\n\/\/----------------------------------------------------------\n\nif ( ! gform ) {\n\tdocument.addEventListener( 'gform_main_scripts_loaded', function() { gform.scriptsLoaded = true; } );\n\tdocument.addEventListener( 'gform\/theme\/scripts_loaded', function() { gform.themeScriptsLoaded = true; } );\n\twindow.addEventListener( 'DOMContentLoaded', function() { gform.domLoaded = true; } );\n\n\tvar gform = {\n\t\tdomLoaded: false,\n\t\tscriptsLoaded: false,\n\t\tthemeScriptsLoaded: false,\n\t\tisFormEditor: () => typeof InitializeEditor === 'function',\n\n\t\t\/**\n\t\t * @deprecated 2.9 the use of initializeOnLoaded in the form editor context is deprecated.\n\t\t * @remove-in 4.0 this function will not check for gform.isFormEditor().\n\t\t *\/\n\t\tcallIfLoaded: function ( fn ) {\n\t\t\tif ( gform.domLoaded && gform.scriptsLoaded && ( gform.themeScriptsLoaded || gform.isFormEditor() ) ) {\n\t\t\t\tif ( gform.isFormEditor() ) {\n\t\t\t\t\tconsole.warn( 'The use of gform.initializeOnLoaded() is deprecated in the form editor context and will be removed in Gravity Forms 3.1.' );\n\t\t\t\t}\n\t\t\t\tfn();\n\t\t\t\treturn true;\n\t\t\t}\n\t\t\treturn false;\n\t\t},\n\n\t\t\/**\n\t\t * Call a function when all scripts are loaded\n\t\t *\n\t\t * @param function fn the callback function to call when all scripts are loaded\n\t\t *\n\t\t * @returns void\n\t\t *\/\n\t\tinitializeOnLoaded: function( fn ) {\n\t\t\tif ( ! gform.callIfLoaded( fn ) ) {\n\t\t\t\tdocument.addEventListener( 'gform_main_scripts_loaded', () => { gform.scriptsLoaded = true; gform.callIfLoaded( fn ); } );\n\t\t\t\tdocument.addEventListener( 'gform\/theme\/scripts_loaded', () => { gform.themeScriptsLoaded = true; gform.callIfLoaded( fn ); } );\n\t\t\t\twindow.addEventListener( 'DOMContentLoaded', () => { gform.domLoaded = true; gform.callIfLoaded( fn ); } );\n\t\t\t}\n\t\t},\n\n\t\thooks: { action: {}, filter: {} },\n\t\taddAction: function( action, callable, priority, tag ) {\n\t\t\tgform.addHook( 'action', action, callable, priority, tag );\n\t\t},\n\t\taddFilter: function( action, callable, priority, tag ) {\n\t\t\tgform.addHook( 'filter', action, callable, priority, tag );\n\t\t},\n\t\tdoAction: function( action ) {\n\t\t\tgform.doHook( 'action', action, arguments );\n\t\t},\n\t\tapplyFilters: function( action ) {\n\t\t\treturn gform.doHook( 'filter', action, arguments );\n\t\t},\n\t\tremoveAction: function( action, tag ) {\n\t\t\tgform.removeHook( 'action', action, tag );\n\t\t},\n\t\tremoveFilter: function( action, priority, tag ) {\n\t\t\tgform.removeHook( 'filter', action, priority, tag );\n\t\t},\n\t\taddHook: function( hookType, action, callable, priority, tag ) {\n\t\t\tif ( undefined == gform.hooks[hookType][action] ) {\n\t\t\t\tgform.hooks[hookType][action] = [];\n\t\t\t}\n\t\t\tvar hooks = gform.hooks[hookType][action];\n\t\t\tif ( undefined == tag ) {\n\t\t\t\ttag = action + '_' + hooks.length;\n\t\t\t}\n\t\t\tif( priority == undefined ){\n\t\t\t\tpriority = 10;\n\t\t\t}\n\n\t\t\tgform.hooks[hookType][action].push( { tag:tag, callable:callable, priority:priority } );\n\t\t},\n\t\tdoHook: function( hookType, action, args ) {\n\n\t\t\t\/\/ splice args from object into array and remove first index which is the hook name\n\t\t\targs = Array.prototype.slice.call(args, 1);\n\n\t\t\tif ( undefined != gform.hooks[hookType][action] ) {\n\t\t\t\tvar hooks = gform.hooks[hookType][action], hook;\n\t\t\t\t\/\/sort by priority\n\t\t\t\thooks.sort(function(a,b){return a[\"priority\"]-b[\"priority\"]});\n\n\t\t\t\thooks.forEach( function( hookItem ) {\n\t\t\t\t\thook = hookItem.callable;\n\n\t\t\t\t\tif(typeof hook != 'function')\n\t\t\t\t\t\thook = window[hook];\n\t\t\t\t\tif ( 'action' == hookType ) {\n\t\t\t\t\t\thook.apply(null, args);\n\t\t\t\t\t} else {\n\t\t\t\t\t\targs[0] = hook.apply(null, args);\n\t\t\t\t\t}\n\t\t\t\t} );\n\t\t\t}\n\t\t\tif ( 'filter'==hookType ) {\n\t\t\t\treturn args[0];\n\t\t\t}\n\t\t},\n\t\tremoveHook: function( hookType, action, priority, tag ) {\n\t\t\tif ( undefined != gform.hooks[hookType][action] ) {\n\t\t\t\tvar hooks = gform.hooks[hookType][action];\n\t\t\t\thooks = hooks.filter( function(hook, index, arr) {\n\t\t\t\t\tvar removeHook = (undefined==tag||tag==hook.tag) && (undefined==priority||priority==hook.priority);\n\t\t\t\t\treturn !removeHook;\n\t\t\t\t} );\n\t\t\t\tgform.hooks[hookType][action] = hooks;\n\t\t\t}\n\t\t}\n\t};\n}\n\n\/* ]]> *\/\n<\/script>\n\n                <div class='gf_browser_gecko gform_wrapper gform_legacy_markup_wrapper gform-theme--no-framework' data-form-theme='legacy' data-form-index='0' id='gform_wrapper_2' ><form method='post' enctype='multipart\/form-data'  id='gform_2'  action='\/kursutvarderingssystem\/wp-json\/wp\/v2\/pages\/119' data-formid='2' novalidate>\n                        <div class='gform-body gform_body'><ul id='gform_fields_2' class='gform_fields top_label form_sublabel_below description_below validation_below'><li id=\"field_2_5\" class=\"gfield gfield--type-radio gfield--type-choice field_sublabel_below gfield--no-description field_description_below field_validation_below gfield_visibility_visible\"  ><label class='gfield_label gform-field-label' >Jag \u00e4r:<\/label><div class='ginput_container ginput_container_radio'><ul class='gfield_radio' id='input_2_5'>\n\t\t\t<li class='gchoice gchoice_2_5_0'>\n\t\t\t\t<input name='input_5' type='radio' value='L\u00e4rare'  id='choice_2_5_0'    \/>\n\t\t\t\t<label for='choice_2_5_0' id='label_2_5_0' class='gform-field-label gform-field-label--type-inline'>L\u00e4rare<\/label>\n\t\t\t<\/li>\n\t\t\t<li class='gchoice gchoice_2_5_1'>\n\t\t\t\t<input name='input_5' type='radio' value='Student'  id='choice_2_5_1'    \/>\n\t\t\t\t<label for='choice_2_5_1' id='label_2_5_1' class='gform-field-label gform-field-label--type-inline'>Student<\/label>\n\t\t\t<\/li>\n\t\t\t<li class='gchoice gchoice_2_5_2'>\n\t\t\t\t<input name='input_5' type='radio' value='gf_other_choice'  id='choice_2_5_2'   onfocus=\"jQuery(this).next('input').focus();\" \/>\n\t\t\t\t<input class='small' id='input_2_5_other' name='input_5_other' type='text' value='Annan' aria-label='Annan' onfocus='jQuery(this).prev(\"input\")[0].click(); if(jQuery(this).val() == \"Annan\") { jQuery(this).val(\"\"); }' onblur='if(jQuery(this).val().replace(\" \", \"\") == \"\") { jQuery(this).val(\"Annan\"); }'   \/>\n\t\t\t<\/li><\/ul><\/div><\/li><li id=\"field_2_1\" class=\"gfield gfield--type-textarea field_sublabel_below gfield--no-description field_description_below field_validation_below gfield_visibility_visible\"  ><label class='gfield_label gform-field-label' for='input_2_1'>Mina synpunkter, kommentarer eller fr\u00e5gor<\/label><div class='ginput_container ginput_container_textarea'><textarea name='input_1' id='input_2_1' class='textarea medium'      aria-invalid=\"false\"   rows='10' cols='50'><\/textarea><\/div><\/li><li id=\"field_2_2\" class=\"gfield gfield--type-name field_sublabel_below gfield--no-description field_description_below field_validation_below gfield_visibility_visible\"  ><label class='gfield_label gform-field-label gfield_label_before_complex' >Namn<\/label><div class='ginput_complex ginput_container ginput_container--name no_prefix has_first_name no_middle_name has_last_name no_suffix gf_name_has_2 ginput_container_name gform-grid-row' id='input_2_2'>\n                            \n                            <span id='input_2_2_3_container' class='name_first gform-grid-col gform-grid-col--size-auto' >\n                                                    <input type='text' name='input_2.3' id='input_2_2_3' value=''   aria-required='false'     \/>\n                                                    <label for='input_2_2_3' class='gform-field-label gform-field-label--type-sub '>F\u00f6rnamn<\/label>\n                                                <\/span>\n                            \n                            <span id='input_2_2_6_container' class='name_last gform-grid-col gform-grid-col--size-auto' >\n                                                    <input type='text' name='input_2.6' id='input_2_2_6' value=''   aria-required='false'     \/>\n                                                    <label for='input_2_2_6' class='gform-field-label gform-field-label--type-sub '>Efternamn<\/label>\n                                                <\/span>\n                            \n                        <\/div><\/li><li id=\"field_2_3\" class=\"gfield gfield--type-email field_sublabel_below gfield--has-description field_description_above field_validation_below gfield_visibility_visible\"  ><label class='gfield_label gform-field-label' for='input_2_3'>E-post<\/label><div class='gfield_description' id='gfield_description_2_3'>Om du vill f\u00e5 en kopia av dina inspel och ge oss m\u00f6jlighet att kontakta dig i fall n\u00e5gonting skulle vara oklart, l\u00e4mna din e-postadress h\u00e4r.<\/div><div class='ginput_container ginput_container_email'>\n                            <input name='input_3' id='input_2_3' type='email' value='' class='medium'     aria-invalid=\"false\" aria-describedby=\"gfield_description_2_3\" \/>\n                        <\/div><\/li><li id=\"field_2_6\" class=\"gfield gfield--type-consent gfield--type-choice gfield--input-type-consent gfield_contains_required field_sublabel_below gfield--has-description field_description_above field_validation_below gfield_visibility_visible\"  ><label class='gfield_label gform-field-label gfield_label_before_complex' >Samtycke<span class=\"gfield_required\"><span class=\"gfield_required gfield_required_asterisk\">*<\/span><\/span><\/label><div class='gfield_description gfield_consent_description' id='gfield_consent_description_2_6' tabindex='0'>Detta formul\u00e4r anv\u00e4nds i syftet att inh\u00e4mta inspel i projektet om upphandling och inf\u00f6randet av ett universitetsgemensamt kursutv\u00e4rderingssystem. Personuppgifterna behandlas enligt ditt informerade samtycke. Det \u00e4r helt frivilligt att delta och du kan n\u00e4r som helst \u00e5terkalla ditt samtycke utan att ange orsak, vilket dock inte p\u00e5verkar den behandling som skett innan \u00e5terkallandet. Alla uppgifter som kommer oss till del behandlas p\u00e5 ett s\u00e5dant s\u00e4tt att inga obeh\u00f6riga kan ta del av dem. F\u00f6r mer information om hur Karlstads universitet behandlar personuppgifter se  <a href=\"https:\/\/www.kau.se\/gdpr\">https:\/\/www.kau.se\/gdpr<\/a>.<\/div><div class='ginput_container ginput_container_consent'><input name='input_6.1' id='input_2_6_1' type='checkbox' value='1'  aria-describedby=\"gfield_consent_description_2_6\" aria-required=\"true\" aria-invalid=\"false\"   \/> <label class=\"gform-field-label gform-field-label--type-inline gfield_consent_label\" for='input_2_6_1' >Jag samtycker.<\/label><input type='hidden' name='input_6.2' value='Jag samtycker.' class='gform_hidden' \/><input type='hidden' name='input_6.3' value='5' class='gform_hidden' \/><\/div><\/li><\/ul><\/div>\n        <div class='gform-footer gform_footer top_label'> <input type='submit' id='gform_submit_button_2' class='gform_button button' onclick='gform.submission.handleButtonClick(this);' data-submission-type='submit' value='Skicka'  \/> \n            <input type='hidden' class='gform_hidden' name='gform_submission_method' data-js='gform_submission_method_2' value='postback' \/>\n            <input type='hidden' class='gform_hidden' name='gform_theme' data-js='gform_theme_2' id='gform_theme_2' value='legacy' \/>\n            <input type='hidden' class='gform_hidden' name='gform_style_settings' data-js='gform_style_settings_2' id='gform_style_settings_2' value='[]' \/>\n            <input type='hidden' class='gform_hidden' name='is_submit_2' value='1' \/>\n            <input type='hidden' class='gform_hidden' name='gform_submit' value='2' \/>\n            \n            <input type='hidden' class='gform_hidden' name='gform_currency' data-currency='USD' value='nyWrREtUWs9OHN2z4p98GMl3GFFr4c7N83TCSVWx2ALY7Wggz2z+jxd\/uTLTTvR8VGiH0uIaL7EscBqNXBCCDjpr3x+B75LJasEIeHePfLArDKA=' \/>\n            <input type='hidden' class='gform_hidden' name='gform_unique_id' value='' \/>\n            <input type='hidden' class='gform_hidden' name='state_2' value='WyJ7XCI2LjFcIjpcIjFmNzg4N2JhNjA1MTIxNzIwODJmN2JjMDMwOTZmYTRhXCIsXCI2LjJcIjpcIjZlZDUyYjc1NDEzMmJkZTE2YTNkMGE5ZDVlMTliZDc1XCIsXCI2LjNcIjpcIjI5ZTVmNWI5ZTA5MWRkN2NiNzVkZWU2Y2Y2ZGIxOGYzXCJ9IiwiOGFiZDBkZjY1NGI1ZTgzMmE4NTYzYzhiYjIzMTdiODIiXQ==' \/>\n            <input type='hidden' autocomplete='off' class='gform_hidden' name='gform_target_page_number_2' id='gform_target_page_number_2' value='0' \/>\n            <input type='hidden' autocomplete='off' class='gform_hidden' name='gform_source_page_number_2' id='gform_source_page_number_2' value='1' \/>\n            <input type='hidden' name='gform_field_values' value='' \/>\n            \n        <\/div>\n                        <\/form>\n                        <\/div><script type=\"text\/javascript\">\n\/* <![CDATA[ *\/\n gform.initializeOnLoaded( function() {gformInitSpinner( 2, 'https:\/\/sola.kau.se\/kursutvarderingssystem\/wp-content\/plugins\/gravityforms\/images\/spinner.svg', true );jQuery('#gform_ajax_frame_2').on('load',function(){var contents = jQuery(this).contents().find('*').html();var is_postback = contents.indexOf('GF_AJAX_POSTBACK') >= 0;if(!is_postback){return;}var form_content = jQuery(this).contents().find('#gform_wrapper_2');var is_confirmation = jQuery(this).contents().find('#gform_confirmation_wrapper_2').length > 0;var is_redirect = contents.indexOf('gformRedirect(){') >= 0;var is_form = form_content.length > 0 && ! is_redirect && ! is_confirmation;var mt = parseInt(jQuery('html').css('margin-top'), 10) + parseInt(jQuery('body').css('margin-top'), 10) + 100;if(is_form){jQuery('#gform_wrapper_2').html(form_content.html());if(form_content.hasClass('gform_validation_error')){jQuery('#gform_wrapper_2').addClass('gform_validation_error');} else {jQuery('#gform_wrapper_2').removeClass('gform_validation_error');}setTimeout( function() { \/* delay the scroll by 50 milliseconds to fix a bug in chrome *\/  }, 50 );if(window['gformInitDatepicker']) {gformInitDatepicker();}if(window['gformInitPriceFields']) {gformInitPriceFields();}var current_page = jQuery('#gform_source_page_number_2').val();gformInitSpinner( 2, 'https:\/\/sola.kau.se\/kursutvarderingssystem\/wp-content\/plugins\/gravityforms\/images\/spinner.svg', true );jQuery(document).trigger('gform_page_loaded', [2, current_page]);window['gf_submitting_2'] = false;}else if(!is_redirect){var confirmation_content = jQuery(this).contents().find('.GF_AJAX_POSTBACK').html();if(!confirmation_content){confirmation_content = contents;}jQuery('#gform_wrapper_2').replaceWith(confirmation_content);jQuery(document).trigger('gform_confirmation_loaded', [2]);window['gf_submitting_2'] = false;wp.a11y.speak(jQuery('#gform_confirmation_message_2').text());}else{jQuery('#gform_2').append(contents);if(window['gformRedirect']) {gformRedirect();}}jQuery(document).trigger(\"gform_pre_post_render\", [{ formId: \"2\", currentPage: \"current_page\", abort: function() { this.preventDefault(); } }]);        if (event && event.defaultPrevented) {                return;        }        const gformWrapperDiv = document.getElementById( \"gform_wrapper_2\" );        if ( gformWrapperDiv ) {            const visibilitySpan = document.createElement( \"span\" );            visibilitySpan.id = \"gform_visibility_test_2\";            gformWrapperDiv.insertAdjacentElement( \"afterend\", visibilitySpan );        }        const visibilityTestDiv = document.getElementById( \"gform_visibility_test_2\" );        let postRenderFired = false;        function triggerPostRender() {            if ( postRenderFired ) {                return;            }            postRenderFired = true;            gform.core.triggerPostRenderEvents( 2, current_page );            if ( visibilityTestDiv ) {                visibilityTestDiv.parentNode.removeChild( visibilityTestDiv );            }        }        function debounce( func, wait, immediate ) {            var timeout;            return function() {                var context = this, args = arguments;                var later = function() {                    timeout = null;                    if ( !immediate ) func.apply( context, args );                };                var callNow = immediate && !timeout;                clearTimeout( timeout );                timeout = setTimeout( later, wait );                if ( callNow ) func.apply( context, args );            };        }        const debouncedTriggerPostRender = debounce( function() {            triggerPostRender();        }, 200 );        if ( visibilityTestDiv && visibilityTestDiv.offsetParent === null ) {            const observer = new MutationObserver( ( mutations ) => {                mutations.forEach( ( mutation ) => {                    if ( mutation.type === 'attributes' && visibilityTestDiv.offsetParent !== null ) {                        debouncedTriggerPostRender();                        observer.disconnect();                    }                });            });            observer.observe( document.body, {                attributes: true,                childList: false,                subtree: true,                attributeFilter: [ 'style', 'class' ],            });        } else {            triggerPostRender();        }    } );} ); \n\/* ]]> *\/\n<\/script>\n","protected":false},"excerpt":{"rendered":"<p>Om du inte har m\u00f6jlighet att delta p\u00e5 workshoppen eller redan nu vill skicka med kommentarer, fr\u00e5gor eller andra inspel, skriv till oss nedan. [&#8230;]<\/p>\n<p><a class=\"btn btn-secondary understrap-read-more-link\" href=\"https:\/\/sola.kau.se\/kursutvarderingssystem\/inspel-till-det-nya-systemet\/\">L\u00e4s mer \u2026<\/a><\/p>\n","protected":false},"author":7,"featured_media":0,"parent":0,"menu_order":0,"comment_status":"closed","ping_status":"closed","template":"page-templates\/both-sidebarspage.php","meta":{"footnotes":""},"class_list":["post-119","page","type-page","status-publish","hentry"],"_links":{"self":[{"href":"https:\/\/sola.kau.se\/kursutvarderingssystem\/wp-json\/wp\/v2\/pages\/119","targetHints":{"allow":["GET"]}}],"collection":[{"href":"https:\/\/sola.kau.se\/kursutvarderingssystem\/wp-json\/wp\/v2\/pages"}],"about":[{"href":"https:\/\/sola.kau.se\/kursutvarderingssystem\/wp-json\/wp\/v2\/types\/page"}],"author":[{"embeddable":true,"href":"https:\/\/sola.kau.se\/kursutvarderingssystem\/wp-json\/wp\/v2\/users\/7"}],"replies":[{"embeddable":true,"href":"https:\/\/sola.kau.se\/kursutvarderingssystem\/wp-json\/wp\/v2\/comments?post=119"}],"version-history":[{"count":2,"href":"https:\/\/sola.kau.se\/kursutvarderingssystem\/wp-json\/wp\/v2\/pages\/119\/revisions"}],"predecessor-version":[{"id":256,"href":"https:\/\/sola.kau.se\/kursutvarderingssystem\/wp-json\/wp\/v2\/pages\/119\/revisions\/256"}],"wp:attachment":[{"href":"https:\/\/sola.kau.se\/kursutvarderingssystem\/wp-json\/wp\/v2\/media?parent=119"}],"curies":[{"name":"wp","href":"https:\/\/api.w.org\/{rel}","templated":true}]}}