 {"id":153,"date":"2021-04-21T19:14:37","date_gmt":"2021-04-21T18:14:37","guid":{"rendered":"https:\/\/sola.kau.se\/kursutvarderingssystem\/?page_id=153"},"modified":"2022-05-23T22:04:04","modified_gmt":"2022-05-23T21:04:04","slug":"om-projektet","status":"publish","type":"page","link":"https:\/\/sola.kau.se\/kursutvarderingssystem\/om-projektet\/","title":{"rendered":"Om projektet"},"content":{"rendered":"\n<p class=\"container\">P\u00e5 uppdrag av kvalitetsr\u00e5det gjordes under 2020 en \u00f6versyn av det nuvarande universitetsgemensamma kursutv\u00e4rderingssystemet. Efter en intern remissrunda togs beslutet att upphandla ett externt system f\u00f6r inh\u00e4mtning och analys av studenternas synpunkter. Med kursutv\u00e4rderingar i detta projekt f\u00f6rst\u00e5s \u00e4ven programutv\u00e4rderingar. <\/p>\n\n\n\n<div class=\"padlet-embed\" style=\"border-radius: 2px;overflow: hidden;width: 100%;background: #F4F4F4\">\n<p style=\"padding: 0;margin: 0\"><iframe style=\"width: 100%;height: 808px;padding: 0;margin: 0\" src=\"https:\/\/kau.padlet.org\/embed\/dns7ys9pfw7a8vsf\" frameborder=\"0\"><\/iframe><\/p>\n<figure><a style=\"padding: 0;margin: 0;border: none;line-height: 1;height: 16px\" href=\"https:\/\/padlet.com?ref=embed\" target=\"_blank\" rel=\"noopener\"><img loading=\"lazy\" decoding=\"async\" style=\"padding: 0;margin: 0;background: none;border: none\" src=\"https:\/\/padlet.net\/embeds\/made_with_padlet.png\" alt=\"Made with Padlet\" width=\"86\" height=\"16\"><\/a><\/figure><div style=\"padding: 8px;text-align: right;margin: 0\"><\/div>\n<\/div>\n\n\n\n<p class=\"container\"><\/p>\n\n\n\n<h2 class=\"wp-block-heading\">Vi som jobbar med projektet<\/h2>\n\n\n<p><!-- \/wp:post-content --><\/p>\n<p><!-- \/wp:columns --><\/p>\n<p><!-- wp:list --><\/p>\n<ul>\n<li>J\u00f6rg Pareigis &#8211; Enhetschef universitetspedagogiska enhet<\/li>\n<li>Lotta Svenneling, IKT pedagog<\/li>\n<li>Klas Brohagen &#8211; Verksamhetsutvecklare, IT-avdelningen<\/li>\n<li>Claes Asker &#8211; IT-strateg, Avdelning f\u00f6r verksamhetsst\u00f6d<\/li>\n<li>Anne Lindblom, Lektor, Institutionen f\u00f6r pedagogiska studier<\/li>\n<li>Roger Renstr\u00f6m, Docent, Institutionen f\u00f6r ingenj\u00f6rs- och kemivetenskaper<\/li>\n<li>Hans-\u00c5ke Karlsson, Adjunkt, Institutionen f\u00f6r konstn\u00e4rliga studier<\/li>\n<\/ul>\n<p><!-- \/wp:list --><\/p>\n\n<!-- wp:heading -->\n<h2>Arbetss\u00e4tt<\/h2>\n<!-- \/wp:heading -->\n\n<!-- wp:paragraph -->\n<p><\/p>\n<!-- \/wp:paragraph -->","protected":false},"excerpt":{"rendered":"<p>P\u00e5 uppdrag av kvalitetsr\u00e5det gjordes under 2020 en \u00f6versyn av det nuvarande universitetsgemensamma kursutv\u00e4rderingssystemet. Efter en intern remissrunda togs beslutet att upphandla ett externt system f\u00f6r inh\u00e4mtning och analys av studenternas synpunkter. Med kursutv\u00e4rderingar i detta projekt f\u00f6rst\u00e5s \u00e4ven programutv\u00e4rderingar. Vi som jobbar med projektet J\u00f6rg Pareigis &#8211; Enhetschef universitetspedagogiska enhet Lotta Svenneling, IKT pedagog [&#8230;]<\/p>\n<p><a class=\"btn btn-secondary understrap-read-more-link\" href=\"https:\/\/sola.kau.se\/kursutvarderingssystem\/om-projektet\/\">L\u00e4s mer \u2026<\/a><\/p>\n","protected":false},"author":7,"featured_media":0,"parent":0,"menu_order":0,"comment_status":"closed","ping_status":"closed","template":"page-templates\/container.php","meta":{"footnotes":""},"class_list":["post-153","page","type-page","status-publish","hentry"],"_links":{"self":[{"href":"https:\/\/sola.kau.se\/kursutvarderingssystem\/wp-json\/wp\/v2\/pages\/153","targetHints":{"allow":["GET"]}}],"collection":[{"href":"https:\/\/sola.kau.se\/kursutvarderingssystem\/wp-json\/wp\/v2\/pages"}],"about":[{"href":"https:\/\/sola.kau.se\/kursutvarderingssystem\/wp-json\/wp\/v2\/types\/page"}],"author":[{"embeddable":true,"href":"https:\/\/sola.kau.se\/kursutvarderingssystem\/wp-json\/wp\/v2\/users\/7"}],"replies":[{"embeddable":true,"href":"https:\/\/sola.kau.se\/kursutvarderingssystem\/wp-json\/wp\/v2\/comments?post=153"}],"version-history":[{"count":18,"href":"https:\/\/sola.kau.se\/kursutvarderingssystem\/wp-json\/wp\/v2\/pages\/153\/revisions"}],"predecessor-version":[{"id":325,"href":"https:\/\/sola.kau.se\/kursutvarderingssystem\/wp-json\/wp\/v2\/pages\/153\/revisions\/325"}],"wp:attachment":[{"href":"https:\/\/sola.kau.se\/kursutvarderingssystem\/wp-json\/wp\/v2\/media?parent=153"}],"curies":[{"name":"wp","href":"https:\/\/api.w.org\/{rel}","templated":true}]}}