 {"id":198,"date":"2021-04-25T22:55:59","date_gmt":"2021-04-25T21:55:59","guid":{"rendered":"https:\/\/sola.kau.se\/kursutvarderingssystem\/?page_id=198"},"modified":"2021-04-26T17:06:18","modified_gmt":"2021-04-26T16:06:18","slug":"lararworkshop-1-26-april","status":"publish","type":"page","link":"https:\/\/sola.kau.se\/kursutvarderingssystem\/lararworkshop-1-26-april\/","title":{"rendered":"L\u00e4rarworkshop 1 &#8211; 26 april"},"content":{"rendered":"\n<p>En del i f\u00f6rberedelse f\u00f6r upphandlingen av det ny universitetsgemensamma kursutv\u00e4rderingssystemet. P\u00e5 den sidan finns allt vad vi beh\u00f6ver.<\/p>\n\n\n\n<h2 class=\"wp-block-heading\">Agenda<\/h2>\n\n\n\n<p>14:00 &#8211; 14:10 V\u00e4lkommen till workshopen!<br>14:10 &#8211; 14:20 Det \u00e4r vi som \u00e4r med<br>14:20 &#8211; 14:45 Dagens upplevelse<br>14:45 &#8211; 15:00 Paus<br>15:00 &#8211; 15:30 P\u00e5 jakt efter den optimala processen<br>15:30 &#8211; 15:55 Med st\u00f6d av det optimala systemet<br>15:55 &#8211; 16:05 Avrundning och n\u00e4sta steg<\/p>\n\n\n\n<h2 class=\"wp-block-heading\">Verktyg<\/h2>\n\n\n\n<p>Idag kommer vi jobbar i Zoom och Padlet. Samt med papper och penna.<\/p>\n\n\n\n<p>Zoom: <a href=\"https:\/\/kau-se.zoom.us\/j\/68293743135\" target=\"_blank\" rel=\"noreferrer noopener\">https:\/\/kau-se.zoom.us\/j\/68293743135<\/a><\/p>\n\n\n\n<p>Padlet: Olika l\u00e4nkar f\u00f6r varje grupp. Se nedan.<\/p>\n\n\n\n<h2 class=\"wp-block-heading\">Tips<\/h2>\n\n\n\n<ol class=\"wp-block-list\"><li>N\u00e4r ni \u00e4r i ett Breakout Room kan ni kalla p\u00e5 hj\u00e4lp med &#8220;Ask for Help&#8221;. En  ruta kommer upp, v\u00e4lj d\u00e5 \u201cInvite Host\u201d s\u00e5 kommer J\u00f6rg eller Markus f\u00f6rbi.<\/li><\/ol>\n\n\n\n<figure class=\"wp-block-image size-large is-resized bild-indent\"><img loading=\"lazy\" decoding=\"async\" src=\"https:\/\/sola.kau.se\/rethink\/wp-content\/uploads\/sites\/53\/2020\/11\/Ask-for-help-in-Zoom-768x468.png\" alt=\"\" width=\"384\" height=\"234\" \/><\/figure>\n\n\n\n<ol class=\"wp-block-list\" start=\"2\"><li>Ni kommer att jobba i Padlet. Det \u00e4r enkelt, roligt och smidigt.<\/li><li>Ha kul!<\/li><\/ol>\n\n\n\n<div class=\"wp-block-group grupp1\"><div class=\"wp-block-group__inner-container is-layout-flow wp-block-group-is-layout-flow\">\n<h2 class=\"wp-block-heading\">Grupp\/rum 1<\/h2>\n\n\n\n<p>Anders Sidenblad, Karin Bengtsson, Lena N\u00e4ssla, Markus Schneider.<br>L\u00e4nkar f\u00f6r grupparbete:<\/p>\n\n\n\n<ul class=\"wp-block-list\"><li><a rel=\"noreferrer noopener\" href=\"https:\/\/kau.padlet.org\/jorgpareigis2\/usxy65lqzwlb93gq\" target=\"_blank\">Dagens upplevelse<\/a><\/li><li><a href=\"https:\/\/kau.padlet.org\/jorgpareigis2\/iyodnz3m6qlzvaay\" target=\"_blank\" rel=\"noreferrer noopener\">P\u00e5 jakt efter den optimala processen<\/a><\/li><li><a href=\"https:\/\/kau.padlet.org\/jorgpareigis2\/7cc4ha3vr38jzptt\">Med st\u00f6d av det optimala systemet<\/a><\/li><\/ul>\n<\/div><\/div>\n\n\n\n<div class=\"wp-block-group grupp2\"><div class=\"wp-block-group__inner-container is-layout-flow wp-block-group-is-layout-flow\">\n<h2 class=\"wp-block-heading\">Grupp\/rum 3<\/h2>\n\n\n\n<p>H\u00e5ke Karlsson, Julia Gabriel-Lepasalu, Mats Gustavii, Lotta Svenneling.<br>L\u00e4nkar f\u00f6r grupparbete:<\/p>\n\n\n\n<ul class=\"wp-block-list\"><li><a href=\"https:\/\/kau.padlet.org\/jorgpareigis2\/usxy65lqzwlb93gq\" target=\"_blank\" rel=\"noreferrer noopener\">Dagens upplevelse<\/a><\/li><li><a href=\"https:\/\/kau.padlet.org\/jorgpareigis2\/ydy6u1ppuimkpnmo\" target=\"_blank\" rel=\"noreferrer noopener\">P\u00e5 jakt efter den optimala processen<\/a><\/li><li><a href=\"https:\/\/kau.padlet.org\/jorgpareigis2\/2q9grc7f584ms84r\" target=\"_blank\" rel=\"noreferrer noopener\">Med st\u00f6d av det optimala systemet<\/a><\/li><\/ul>\n\n\n\n<p><\/p>\n<\/div><\/div>\n\n\n\n<p><\/p>\n\n\n\n<div class=\"wp-block-group grupp3\"><div class=\"wp-block-group__inner-container is-layout-flow wp-block-group-is-layout-flow\">\n<h2 class=\"wp-block-heading\">Grupp\/rum 5<\/h2>\n\n\n\n<p>Nina L\u00f6fberg, Thijs Holleboom, Mikael Svanberg, Monica Jakobsson.<br>L\u00e4nkar f\u00f6r grupparbete:<\/p>\n\n\n\n<ul class=\"wp-block-list\"><li><a href=\"https:\/\/kau.padlet.org\/jorgpareigis2\/usxy65lqzwlb93gq\" target=\"_blank\" rel=\"noreferrer noopener\">Dagens upplevelse<\/a><\/li><li><a href=\"https:\/\/kau.padlet.org\/jorgpareigis2\/zipfqdg04sricc57\" target=\"_blank\" rel=\"noreferrer noopener\">P\u00e5 jakt efter den optimala processen<\/a><\/li><li><a href=\"https:\/\/kau.padlet.org\/jorgpareigis2\/4hy3wh5jh8t09i9e\" target=\"_blank\" rel=\"noreferrer noopener\">Med st\u00f6d av det optimala systemet<\/a><\/li><\/ul>\n<\/div><\/div>\n\n\n\n<p><\/p>\n","protected":false},"excerpt":{"rendered":"<p>En del i f\u00f6rberedelse f\u00f6r upphandlingen av det ny universitetsgemensamma kursutv\u00e4rderingssystemet. P\u00e5 den sidan finns allt vad vi beh\u00f6ver. Agenda 14:00 &#8211; 14:10 V\u00e4lkommen till workshopen!14:10 &#8211; 14:20 Det \u00e4r vi som \u00e4r med14:20 &#8211; 14:45 Dagens upplevelse14:45 &#8211; 15:00 Paus15:00 &#8211; 15:30 P\u00e5 jakt efter den optimala processen15:30 &#8211; 15:55 Med st\u00f6d av det [&#8230;]<\/p>\n<p><a class=\"btn btn-secondary understrap-read-more-link\" href=\"https:\/\/sola.kau.se\/kursutvarderingssystem\/lararworkshop-1-26-april\/\">L\u00e4s mer \u2026<\/a><\/p>\n","protected":false},"author":7,"featured_media":0,"parent":0,"menu_order":0,"comment_status":"closed","ping_status":"closed","template":"page-templates\/container.php","meta":{"footnotes":""},"class_list":["post-198","page","type-page","status-publish","hentry"],"_links":{"self":[{"href":"https:\/\/sola.kau.se\/kursutvarderingssystem\/wp-json\/wp\/v2\/pages\/198","targetHints":{"allow":["GET"]}}],"collection":[{"href":"https:\/\/sola.kau.se\/kursutvarderingssystem\/wp-json\/wp\/v2\/pages"}],"about":[{"href":"https:\/\/sola.kau.se\/kursutvarderingssystem\/wp-json\/wp\/v2\/types\/page"}],"author":[{"embeddable":true,"href":"https:\/\/sola.kau.se\/kursutvarderingssystem\/wp-json\/wp\/v2\/users\/7"}],"replies":[{"embeddable":true,"href":"https:\/\/sola.kau.se\/kursutvarderingssystem\/wp-json\/wp\/v2\/comments?post=198"}],"version-history":[{"count":22,"href":"https:\/\/sola.kau.se\/kursutvarderingssystem\/wp-json\/wp\/v2\/pages\/198\/revisions"}],"predecessor-version":[{"id":244,"href":"https:\/\/sola.kau.se\/kursutvarderingssystem\/wp-json\/wp\/v2\/pages\/198\/revisions\/244"}],"wp:attachment":[{"href":"https:\/\/sola.kau.se\/kursutvarderingssystem\/wp-json\/wp\/v2\/media?parent=198"}],"curies":[{"name":"wp","href":"https:\/\/api.w.org\/{rel}","templated":true}]}}