 {"id":2,"date":"2021-04-06T18:13:29","date_gmt":"2021-04-06T18:13:29","guid":{"rendered":"https:\/\/sola.kau.se\/kursutvarderingssystem\/?page_id=2"},"modified":"2024-01-08T13:58:23","modified_gmt":"2024-01-08T12:58:23","slug":"sample-page","status":"publish","type":"page","link":"https:\/\/sola.kau.se\/kursutvarderingssystem\/","title":{"rendered":""},"content":{"rendered":"\n<div class=\"wp-block-group\"><div class=\"wp-block-group__inner-container is-layout-flow wp-block-group-is-layout-flow\">\n<div class=\"wp-block-cover aligncenter is-light\"><span aria-hidden=\"true\" class=\"wp-block-cover__background has-background-dim-20 has-background-dim\"><\/span><img loading=\"lazy\" decoding=\"async\" width=\"2560\" height=\"1842\" class=\"wp-block-cover__image-background wp-image-16\" alt=\"\" src=\"https:\/\/sola.kau.se\/kursutvarderingssystem\/wp-content\/uploads\/sites\/263\/2021\/04\/stephen-dawson-qwtCeJ5cLYs-unsplash-scaled.jpg\" data-object-fit=\"cover\" srcset=\"https:\/\/sola.kau.se\/kursutvarderingssystem\/wp-content\/uploads\/sites\/263\/2021\/04\/stephen-dawson-qwtCeJ5cLYs-unsplash-scaled.jpg 2560w, https:\/\/sola.kau.se\/kursutvarderingssystem\/wp-content\/uploads\/sites\/263\/2021\/04\/stephen-dawson-qwtCeJ5cLYs-unsplash-300x216.jpg 300w, https:\/\/sola.kau.se\/kursutvarderingssystem\/wp-content\/uploads\/sites\/263\/2021\/04\/stephen-dawson-qwtCeJ5cLYs-unsplash-1024x737.jpg 1024w, https:\/\/sola.kau.se\/kursutvarderingssystem\/wp-content\/uploads\/sites\/263\/2021\/04\/stephen-dawson-qwtCeJ5cLYs-unsplash-768x553.jpg 768w, https:\/\/sola.kau.se\/kursutvarderingssystem\/wp-content\/uploads\/sites\/263\/2021\/04\/stephen-dawson-qwtCeJ5cLYs-unsplash-1536x1105.jpg 1536w, https:\/\/sola.kau.se\/kursutvarderingssystem\/wp-content\/uploads\/sites\/263\/2021\/04\/stephen-dawson-qwtCeJ5cLYs-unsplash-2048x1474.jpg 2048w\" sizes=\"auto, (max-width: 2560px) 100vw, 2560px\" \/><div class=\"wp-block-cover__inner-container is-layout-flow wp-block-cover-is-layout-flow\">\n<div class=\"wp-block-columns is-layout-flex wp-container-core-columns-is-layout-9d6595d7 wp-block-columns-is-layout-flex\">\n<div class=\"wp-block-column is-layout-flow wp-block-column-is-layout-flow\" style=\"flex-basis:16.67%\"><\/div>\n\n\n\n<div class=\"wp-block-column is-layout-flow wp-block-column-is-layout-flow\" style=\"flex-basis:50%\">\n<h2 class=\"wp-block-heading has-large-font-size\">Bidra till programutv\u00e4rderingar<\/h2>\n\n\n\n<div class=\"wp-block-buttons is-layout-flex wp-block-buttons-is-layout-flex\">\n<div class=\"wp-block-button is-style-outline is-style-outline--1\"><a class=\"wp-block-button__link has-text-color wp-element-button\" href=\"https:\/\/sola.kau.se\/kursutvarderingssystem\/programutvarderingar\" style=\"border-radius:15px;color:#f2d000\" rel=\"\">L\u00e4mna inspel till programutv\u00e4deringar <\/a><\/div>\n<\/div>\n<\/div>\n\n\n\n<div class=\"wp-block-column is-layout-flow wp-block-column-is-layout-flow\" style=\"flex-basis:33.33%\"><\/div>\n<\/div>\n\n\n\n<div class=\"wp-block-columns is-layout-flex wp-container-core-columns-is-layout-9d6595d7 wp-block-columns-is-layout-flex\">\n<div class=\"wp-block-column is-layout-flow wp-block-column-is-layout-flow\" style=\"flex-basis:100%\"><\/div>\n<\/div>\n<\/div><\/div>\n<\/div><\/div>\n\n\n\n<div style=\"height:100px\" aria-hidden=\"true\" class=\"wp-block-spacer\"><\/div>\n\n\n\n<div class=\"wp-block-group\"><div class=\"wp-block-group__inner-container is-layout-constrained wp-block-group-is-layout-constrained\">\n<div class=\"wp-block-columns container is-layout-flex wp-container-core-columns-is-layout-9d6595d7 wp-block-columns-is-layout-flex\">\n<div class=\"wp-block-column is-layout-flow wp-block-column-is-layout-flow\" style=\"flex-basis:50%\">\n<figure class=\"wp-block-image size-large is-resized\"><img loading=\"lazy\" decoding=\"async\" src=\"https:\/\/sola.kau.se\/kursutvarderingssystem\/wp-content\/uploads\/sites\/263\/2021\/04\/Fingrar-tangentbord-1024x683.jpg\" alt=\"\" class=\"wp-image-49\" width=\"512\" height=\"342\" srcset=\"https:\/\/sola.kau.se\/kursutvarderingssystem\/wp-content\/uploads\/sites\/263\/2021\/04\/Fingrar-tangentbord-1024x683.jpg 1024w, https:\/\/sola.kau.se\/kursutvarderingssystem\/wp-content\/uploads\/sites\/263\/2021\/04\/Fingrar-tangentbord-300x200.jpg 300w, https:\/\/sola.kau.se\/kursutvarderingssystem\/wp-content\/uploads\/sites\/263\/2021\/04\/Fingrar-tangentbord-768x512.jpg 768w, https:\/\/sola.kau.se\/kursutvarderingssystem\/wp-content\/uploads\/sites\/263\/2021\/04\/Fingrar-tangentbord-1536x1025.jpg 1536w, https:\/\/sola.kau.se\/kursutvarderingssystem\/wp-content\/uploads\/sites\/263\/2021\/04\/Fingrar-tangentbord-2048x1367.jpg 2048w\" sizes=\"auto, (max-width: 512px) 100vw, 512px\" \/><\/figure>\n<\/div>\n\n\n\n<div class=\"wp-block-column is-layout-flow wp-block-column-is-layout-flow\" style=\"flex-basis:50%\">\n<h2 class=\"wp-block-heading\"><font style=\"vertical-align: inherit\"><font style=\"vertical-align: inherit\">Status i arbetet<\/font><\/font><\/h2>\n\n\n\n<p><font style=\"vertical-align: inherit\"><font style=\"vertical-align: inherit\">Den 26 juni 2023 fattade den d\u00e5varande tillf\u00f6rordnade rektorn Margareta Friman beslutet att inf\u00f6ra det nya systemet fr\u00e5n och med h\u00f6stterminen<\/font>. L\u00e4s mer om samtliga aktiviteter i projektet.<\/font><\/p>\n\n\n\n<div class=\"wp-block-buttons is-layout-flex wp-block-buttons-is-layout-flex\">\n<div class=\"wp-block-button\"><a class=\"wp-block-button__link has-white-color has-text-color wp-element-button\" href=\"https:\/\/sola.kau.se\/kursutvarderingssystem\/timeline\/kursutvarderingsprojektet\/\"><font style=\"vertical-align: inherit\"><font style=\"vertical-align: inherit\">Status i arbetet<\/font><\/font><\/a><\/div>\n<\/div>\n<\/div>\n<\/div>\n<\/div><\/div>\n\n\n\n<div style=\"height:100px\" aria-hidden=\"true\" class=\"wp-block-spacer container\"><\/div>\n\n\n\n<div class=\"wp-block-columns container is-layout-flex wp-container-core-columns-is-layout-9d6595d7 wp-block-columns-is-layout-flex\">\n<div class=\"wp-block-column is-layout-flow wp-block-column-is-layout-flow\" style=\"flex-basis:50%\">\n<h2 class=\"wp-block-heading\"><font style=\"vertical-align: inherit\"><font style=\"vertical-align: inherit\">Ett nytt system<\/font><\/font><\/h2>\n\n\n\n<p><font style=\"vertical-align: inherit\"><font style=\"vertical-align: inherit\">P\u00e5 uppdrag av kvalitetsr\u00e5det gjordes under 2020 en \u00f6versyn av det nuvarande universitetsgemensamma kursutv\u00e4rderingssystemet. Efter en intern remissrunda togs beslutet att upphandla ett externt system f\u00f6r inh\u00e4mtning och analys av studenternas synpunkter.<\/font><\/font><\/p>\n<\/div>\n\n\n\n<div class=\"wp-block-column is-layout-flow wp-block-column-is-layout-flow\" style=\"flex-basis:50%\">\n<figure class=\"wp-block-image size-large is-resized\"><img loading=\"lazy\" decoding=\"async\" src=\"https:\/\/sola.kau.se\/kursutvarderingssystem\/wp-content\/uploads\/sites\/263\/2021\/04\/Skriva-ljus1-1024x683.jpg\" alt=\"\" class=\"wp-image-42\" width=\"512\" height=\"342\" srcset=\"https:\/\/sola.kau.se\/kursutvarderingssystem\/wp-content\/uploads\/sites\/263\/2021\/04\/Skriva-ljus1-1024x683.jpg 1024w, https:\/\/sola.kau.se\/kursutvarderingssystem\/wp-content\/uploads\/sites\/263\/2021\/04\/Skriva-ljus1-300x200.jpg 300w, https:\/\/sola.kau.se\/kursutvarderingssystem\/wp-content\/uploads\/sites\/263\/2021\/04\/Skriva-ljus1-768x512.jpg 768w\" sizes=\"auto, (max-width: 512px) 100vw, 512px\" \/><\/figure>\n<\/div>\n<\/div>\n\n\n\n<div style=\"height:100px\" aria-hidden=\"true\" class=\"wp-block-spacer\"><\/div>\n\n\n\n<div class=\"wp-block-buttons is-horizontal is-content-justification-center is-layout-flex wp-container-core-buttons-is-layout-499968f5 wp-block-buttons-is-layout-flex\">\n<div class=\"wp-block-button is-style-outline is-style-outline--2\"><a class=\"wp-block-button__link has-text-color wp-element-button\" style=\"border-radius:15px;color:#f2d000\">L\u00e4mna kommentarer eller andra inspel<\/a><\/div>\n<\/div>\n\n\n\n<p><\/p>\n","protected":false},"excerpt":{"rendered":"<p>Status i arbetet Den 26 juni 2023 fattade den d\u00e5varande tillf\u00f6rordnade rektorn Margareta Friman beslutet att inf\u00f6ra det nya systemet fr\u00e5n och med h\u00f6stterminen. L\u00e4s mer om samtliga aktiviteter i projektet. Ett nytt system P\u00e5 uppdrag av kvalitetsr\u00e5det gjordes under 2020 en \u00f6versyn av det nuvarande universitetsgemensamma kursutv\u00e4rderingssystemet. Efter en intern remissrunda togs beslutet att [&#8230;]<\/p>\n<p><a class=\"btn btn-secondary understrap-read-more-link\" href=\"https:\/\/sola.kau.se\/kursutvarderingssystem\/\">L\u00e4s mer \u2026<\/a><\/p>\n","protected":false},"author":7,"featured_media":0,"parent":0,"menu_order":0,"comment_status":"closed","ping_status":"open","template":"","meta":{"footnotes":""},"class_list":["post-2","page","type-page","status-publish","hentry"],"_links":{"self":[{"href":"https:\/\/sola.kau.se\/kursutvarderingssystem\/wp-json\/wp\/v2\/pages\/2","targetHints":{"allow":["GET"]}}],"collection":[{"href":"https:\/\/sola.kau.se\/kursutvarderingssystem\/wp-json\/wp\/v2\/pages"}],"about":[{"href":"https:\/\/sola.kau.se\/kursutvarderingssystem\/wp-json\/wp\/v2\/types\/page"}],"author":[{"embeddable":true,"href":"https:\/\/sola.kau.se\/kursutvarderingssystem\/wp-json\/wp\/v2\/users\/7"}],"replies":[{"embeddable":true,"href":"https:\/\/sola.kau.se\/kursutvarderingssystem\/wp-json\/wp\/v2\/comments?post=2"}],"version-history":[{"count":63,"href":"https:\/\/sola.kau.se\/kursutvarderingssystem\/wp-json\/wp\/v2\/pages\/2\/revisions"}],"predecessor-version":[{"id":450,"href":"https:\/\/sola.kau.se\/kursutvarderingssystem\/wp-json\/wp\/v2\/pages\/2\/revisions\/450"}],"wp:attachment":[{"href":"https:\/\/sola.kau.se\/kursutvarderingssystem\/wp-json\/wp\/v2\/media?parent=2"}],"curies":[{"name":"wp","href":"https:\/\/api.w.org\/{rel}","templated":true}]}}