 {"id":240,"date":"2021-04-26T14:21:45","date_gmt":"2021-04-26T13:21:45","guid":{"rendered":"https:\/\/sola.kau.se\/kursutvarderingssystem\/?page_id=240"},"modified":"2021-04-27T08:52:01","modified_gmt":"2021-04-27T07:52:01","slug":"lararworkshop-2-27-april","status":"publish","type":"page","link":"https:\/\/sola.kau.se\/kursutvarderingssystem\/lararworkshop-2-27-april\/","title":{"rendered":"L\u00e4rarworkshop 2 &#8211; 27 april"},"content":{"rendered":"\n<p>En del i f\u00f6rberedelse f\u00f6r upphandlingen av det ny universitetsgemensamma kursutv\u00e4rderingssystemet. P\u00e5 den sidan finns allt vad vi beh\u00f6ver.<\/p>\n\n\n\n<h2 class=\"wp-block-heading\">Agenda<\/h2>\n\n\n\n<p>10:00 &#8211; 10:10 V\u00e4lkommen till workshopen!<br>10:10 &#8211; 10:20 Det \u00e4r vi som \u00e4r med<br>10:20 &#8211; 10:45 Dagens upplevelse<br>10:45 &#8211; 11:00 Paus<br>11:00 &#8211; 11:30 P\u00e5 jakt efter den optimala processen<br>11:30 &#8211; 11:55 Med st\u00f6d av det optimala systemet<br>11:55 &#8211; 12:05 Avrundning och n\u00e4sta steg<\/p>\n\n\n\n<h2 class=\"wp-block-heading\">Verktyg<\/h2>\n\n\n\n<p>Idag kommer vi jobbar i Zoom och Padlet. Samt med papper och penna.<\/p>\n\n\n\n<p>Zoom: <a href=\"https:\/\/kau-se.zoom.us\/j\/61889137737\" target=\"_blank\" rel=\"noreferrer noopener\">https:\/\/kau-se.zoom.us\/j\/61889137737<\/a><\/p>\n\n\n\n<p>Padlet: Olika l\u00e4nkar f\u00f6r varje grupp. Se nedan.<\/p>\n\n\n\n<h2 class=\"wp-block-heading\">Tips<\/h2>\n\n\n\n<ol class=\"wp-block-list\"><li>N\u00e4r ni \u00e4r i ett Breakout Room kan ni kalla p\u00e5 hj\u00e4lp med &#8220;Ask for Help&#8221;. En  ruta kommer upp, v\u00e4lj d\u00e5 \u201cInvite Host\u201d s\u00e5 kommer J\u00f6rg eller Markus f\u00f6rbi.<\/li><\/ol>\n\n\n\n<figure class=\"wp-block-image size-large is-resized bild-indent\"><img loading=\"lazy\" decoding=\"async\" src=\"https:\/\/sola.kau.se\/rethink\/wp-content\/uploads\/sites\/53\/2020\/11\/Ask-for-help-in-Zoom-768x468.png\" alt=\"\" width=\"384\" height=\"234\" \/><\/figure>\n\n\n\n<ol class=\"wp-block-list\" start=\"2\"><li>Ni kommer att jobba i Padlet. Det \u00e4r enkelt, roligt och smidigt.<\/li><li>Ha kul!<\/li><\/ol>\n\n\n\n<div class=\"wp-block-group grupp1\"><div class=\"wp-block-group__inner-container is-layout-flow wp-block-group-is-layout-flow\">\n<h2 class=\"wp-block-heading\">Grupp\/rum 1<\/h2>\n\n\n\n<p>L\u00e4nkar f\u00f6r grupparbete:<\/p>\n\n\n\n<ul class=\"wp-block-list\"><li><a href=\"https:\/\/kau.padlet.org\/jorgpareigis2\/5ilvnor0l6n3e925\" target=\"_blank\" rel=\"noreferrer noopener\">Dagens upplevelse<\/a><\/li><li><a href=\"https:\/\/kau.padlet.org\/jorgpareigis2\/cllx3kybz0jdgbtu\" target=\"_blank\" rel=\"noreferrer noopener\">P\u00e5 jakt efter den optimala processen<\/a><\/li><li><a href=\"https:\/\/kau.padlet.org\/jorgpareigis2\/37ibtgywxfjhh4jl\" target=\"_blank\" rel=\"noreferrer noopener\">Med st\u00f6d av det optimala systemet<\/a><\/li><\/ul>\n<\/div><\/div>\n\n\n\n<div class=\"wp-block-group grupp2\"><div class=\"wp-block-group__inner-container is-layout-flow wp-block-group-is-layout-flow\">\n<h2 class=\"wp-block-heading\">Grupp\/rum 3<\/h2>\n\n\n\n<p>L\u00e4nkar f\u00f6r grupparbete:<\/p>\n\n\n\n<ul class=\"wp-block-list\"><li><a href=\"https:\/\/kau.padlet.org\/jorgpareigis2\/5ilvnor0l6n3e925\" target=\"_blank\" rel=\"noreferrer noopener\">Dagens upplevelse<\/a><\/li><li><a href=\"https:\/\/kau.padlet.org\/jorgpareigis2\/jzoj6xuyvanv4ybt\" target=\"_blank\" rel=\"noreferrer noopener\">P\u00e5 jakt efter den optimala processen<\/a><\/li><li><a href=\"https:\/\/kau.padlet.org\/jorgpareigis2\/u1k2kir05ltpc326\" target=\"_blank\" rel=\"noreferrer noopener\">Med st\u00f6d av det optimala systemet<\/a><\/li><\/ul>\n\n\n\n<p><\/p>\n<\/div><\/div>\n\n\n\n<p><\/p>\n\n\n\n<div class=\"wp-block-group grupp3\"><div class=\"wp-block-group__inner-container is-layout-flow wp-block-group-is-layout-flow\">\n<h2 class=\"wp-block-heading\">Grupp\/rum 5<\/h2>\n\n\n\n<p>L\u00e4nkar f\u00f6r grupparbete:<\/p>\n\n\n\n<ul class=\"wp-block-list\"><li><a href=\"https:\/\/kau.padlet.org\/jorgpareigis2\/5ilvnor0l6n3e925\" target=\"_blank\" rel=\"noreferrer noopener\">Dagens upplevelse<\/a><\/li><li><a href=\"https:\/\/kau.padlet.org\/jorgpareigis2\/9bqdve2n1p7ac69g\" target=\"_blank\" rel=\"noreferrer noopener\">P\u00e5 jakt efter den optimala processen<\/a><\/li><li><a href=\"https:\/\/kau.padlet.org\/jorgpareigis2\/zm3cx1nssd7iqrmt\" target=\"_blank\" rel=\"noreferrer noopener\">Med st\u00f6d av det optimala systemet<\/a><\/li><\/ul>\n<\/div><\/div>\n\n\n\n<p><\/p>\n","protected":false},"excerpt":{"rendered":"<p>En del i f\u00f6rberedelse f\u00f6r upphandlingen av det ny universitetsgemensamma kursutv\u00e4rderingssystemet. P\u00e5 den sidan finns allt vad vi beh\u00f6ver. Agenda 10:00 &#8211; 10:10 V\u00e4lkommen till workshopen!10:10 &#8211; 10:20 Det \u00e4r vi som \u00e4r med10:20 &#8211; 10:45 Dagens upplevelse10:45 &#8211; 11:00 Paus11:00 &#8211; 11:30 P\u00e5 jakt efter den optimala processen11:30 &#8211; 11:55 Med st\u00f6d av det [&#8230;]<\/p>\n<p><a class=\"btn btn-secondary understrap-read-more-link\" href=\"https:\/\/sola.kau.se\/kursutvarderingssystem\/lararworkshop-2-27-april\/\">L\u00e4s mer \u2026<\/a><\/p>\n","protected":false},"author":7,"featured_media":0,"parent":0,"menu_order":0,"comment_status":"closed","ping_status":"closed","template":"page-templates\/container.php","meta":{"footnotes":""},"class_list":["post-240","page","type-page","status-publish","hentry"],"_links":{"self":[{"href":"https:\/\/sola.kau.se\/kursutvarderingssystem\/wp-json\/wp\/v2\/pages\/240","targetHints":{"allow":["GET"]}}],"collection":[{"href":"https:\/\/sola.kau.se\/kursutvarderingssystem\/wp-json\/wp\/v2\/pages"}],"about":[{"href":"https:\/\/sola.kau.se\/kursutvarderingssystem\/wp-json\/wp\/v2\/types\/page"}],"author":[{"embeddable":true,"href":"https:\/\/sola.kau.se\/kursutvarderingssystem\/wp-json\/wp\/v2\/users\/7"}],"replies":[{"embeddable":true,"href":"https:\/\/sola.kau.se\/kursutvarderingssystem\/wp-json\/wp\/v2\/comments?post=240"}],"version-history":[{"count":7,"href":"https:\/\/sola.kau.se\/kursutvarderingssystem\/wp-json\/wp\/v2\/pages\/240\/revisions"}],"predecessor-version":[{"id":251,"href":"https:\/\/sola.kau.se\/kursutvarderingssystem\/wp-json\/wp\/v2\/pages\/240\/revisions\/251"}],"wp:attachment":[{"href":"https:\/\/sola.kau.se\/kursutvarderingssystem\/wp-json\/wp\/v2\/media?parent=240"}],"curies":[{"name":"wp","href":"https:\/\/api.w.org\/{rel}","templated":true}]}}