 {"id":269,"date":"2021-05-20T06:17:15","date_gmt":"2021-05-20T05:17:15","guid":{"rendered":"https:\/\/sola.kau.se\/kursutvarderingssystem\/?page_id=269"},"modified":"2021-05-20T12:47:10","modified_gmt":"2021-05-20T11:47:10","slug":"resultat-fran-workshopparna","status":"publish","type":"page","link":"https:\/\/sola.kau.se\/kursutvarderingssystem\/resultat-fran-workshopparna\/","title":{"rendered":"Resultat fr\u00e5n workshopparna"},"content":{"rendered":"\n<p>H\u00e4r redosivar vi samtliga resultaten fr\u00e5n <a href=\"https:\/\/sola.kau.se\/kursutvarderingssystem\/lararworkshop-1-26-april\/\" data-type=\"page\" data-id=\"198\">l\u00e4rarworkshopp 1<\/a> och <a href=\"https:\/\/sola.kau.se\/kursutvarderingssystem\/lararworkshop-2-27-april\/\" data-type=\"page\" data-id=\"240\">l\u00e4rarworkshopp 2<\/a> samt fr\u00e5n <a href=\"https:\/\/sola.kau.se\/kursutvarderingssystem\/studentworkshop-5-maj\/\" data-type=\"page\" data-id=\"257\">studentworkshopen<\/a>. <\/p>\n\n\n\n<div class=\"wp-block-group\"><div class=\"wp-block-group__inner-container is-layout-flow wp-block-group-is-layout-flow\">\n<h2 class=\"wp-block-heading\">Resultat fr\u00e5n l\u00e4rarworkshop 1+2<\/h2>\n\n\n\n<div class=\"padlet-embed\" style=\"border-radius: 2px;overflow: hidden;width: 100%;background: #F4F4F4\">\n<p style=\"padding: 0;margin: 0\"><iframe style=\"width: 100%;height: 608px;padding: 0;margin: 0\" src=\"https:\/\/kau.padlet.org\/embed\/usxy65lqzwlb93gq\" frameborder=\"0\"><\/iframe><\/p>\n<div style=\"padding: 8px;text-align: right;margin: 0\"><a style=\"padding: 0;margin: 0;border: none;line-height: 1;height: 16px\" href=\"https:\/\/padlet.com?ref=embed\" target=\"_blank\" rel=\"noopener\"><img loading=\"lazy\" decoding=\"async\" style=\"padding: 0;margin: 0;background: none;border: none\" src=\"https:\/\/padlet.net\/embeds\/made_with_padlet.png\" alt=\"Made with Padlet\" width=\"86\" height=\"16\"><\/a><\/div>\n<\/div>\n\n\n\n<div class=\"padlet-embed\" style=\"border-radius: 2px;overflow: hidden;width: 100%;background: #F4F4F4\">\n<p style=\"padding: 0;margin: 0\"><iframe style=\"width: 100%;height: 608px;padding: 0;margin: 0\" src=\"https:\/\/kau.padlet.org\/embed\/5ilvnor0l6n3e925\" frameborder=\"0\"><\/iframe><\/p>\n<div style=\"padding: 8px;text-align: right;margin: 0\"><a style=\"padding: 0;margin: 0;border: none;line-height: 1;height: 16px\" href=\"https:\/\/padlet.com?ref=embed\" target=\"_blank\" rel=\"noopener\"><img loading=\"lazy\" decoding=\"async\" style=\"padding: 0;margin: 0;background: none;border: none\" src=\"https:\/\/padlet.net\/embeds\/made_with_padlet.png\" alt=\"Made with Padlet\" width=\"86\" height=\"16\"><\/a><\/div>\n<\/div>\n\n\n\n<div class=\"padlet-embed\" style=\"border-radius: 2px;overflow: hidden;width: 100%;background: #F4F4F4\">\n<p style=\"padding: 0;margin: 0\"><iframe style=\"width: 100%;height: 608px;padding: 0;margin: 0\" src=\"https:\/\/kau.padlet.org\/embed\/iyodnz3m6qlzvaay\" frameborder=\"0\"><\/iframe><\/p>\n<div style=\"padding: 8px;text-align: right;margin: 0\"><a style=\"padding: 0;margin: 0;border: none;line-height: 1;height: 16px\" href=\"https:\/\/padlet.com?ref=embed\" target=\"_blank\" rel=\"noopener\"><img loading=\"lazy\" decoding=\"async\" style=\"padding: 0;margin: 0;background: none;border: none\" src=\"https:\/\/padlet.net\/embeds\/made_with_padlet.png\" alt=\"Made with Padlet\" width=\"86\" height=\"16\"><\/a><\/div>\n<\/div>\n\n\n\n<div class=\"padlet-embed\" style=\"border-radius: 2px;overflow: hidden;width: 100%;background: #F4F4F4\">\n<p style=\"padding: 0;margin: 0\"><iframe style=\"width: 100%;height: 608px;padding: 0;margin: 0\" src=\"https:\/\/kau.padlet.org\/embed\/ydy6u1ppuimkpnmo\" frameborder=\"0\"><\/iframe><\/p>\n<div style=\"padding: 8px;text-align: right;margin: 0\"><a style=\"padding: 0;margin: 0;border: none;line-height: 1;height: 16px\" href=\"https:\/\/padlet.com?ref=embed\" target=\"_blank\" rel=\"noopener\"><img loading=\"lazy\" decoding=\"async\" style=\"padding: 0;margin: 0;background: none;border: none\" src=\"https:\/\/padlet.net\/embeds\/made_with_padlet.png\" alt=\"Made with Padlet\" width=\"86\" height=\"16\"><\/a><\/div>\n<\/div>\n\n\n\n<div class=\"padlet-embed\" style=\"border-radius: 2px;overflow: hidden;width: 100%;background: #F4F4F4\">\n<p style=\"padding: 0;margin: 0\"><iframe style=\"width: 100%;height: 608px;padding: 0;margin: 0\" src=\"https:\/\/kau.padlet.org\/embed\/zipfqdg04sricc57\" frameborder=\"0\"><\/iframe><\/p>\n<div style=\"padding: 8px;text-align: right;margin: 0\"><a style=\"padding: 0;margin: 0;border: none;line-height: 1;height: 16px\" href=\"https:\/\/padlet.com?ref=embed\" target=\"_blank\" rel=\"noopener\"><img loading=\"lazy\" decoding=\"async\" style=\"padding: 0;margin: 0;background: none;border: none\" src=\"https:\/\/padlet.net\/embeds\/made_with_padlet.png\" alt=\"Made with Padlet\" width=\"86\" height=\"16\"><\/a><\/div>\n<\/div>\n\n\n\n<div class=\"padlet-embed\" style=\"border-radius: 2px;overflow: hidden;width: 100%;background: #F4F4F4\">\n<p style=\"padding: 0;margin: 0\"><iframe style=\"width: 100%;height: 608px;padding: 0;margin: 0\" src=\"https:\/\/kau.padlet.org\/embed\/cllx3kybz0jdgbtu\" frameborder=\"0\"><\/iframe><\/p>\n<div style=\"padding: 8px;text-align: right;margin: 0\"><a style=\"padding: 0;margin: 0;border: none;line-height: 1;height: 16px\" href=\"https:\/\/padlet.com?ref=embed\" target=\"_blank\" rel=\"noopener\"><img loading=\"lazy\" decoding=\"async\" style=\"padding: 0;margin: 0;background: none;border: none\" src=\"https:\/\/padlet.net\/embeds\/made_with_padlet.png\" alt=\"Made with Padlet\" width=\"86\" height=\"16\"><\/a><\/div>\n<\/div>\n\n\n\n<div class=\"padlet-embed\" style=\"border-radius: 2px;overflow: hidden;width: 100%;background: #F4F4F4\">\n<p style=\"padding: 0;margin: 0\"><iframe style=\"width: 100%;height: 608px;padding: 0;margin: 0\" src=\"https:\/\/kau.padlet.org\/embed\/jzoj6xuyvanv4ybt\" frameborder=\"0\"><\/iframe><\/p>\n<div style=\"padding: 8px;text-align: right;margin: 0\"><a style=\"padding: 0;margin: 0;border: none;line-height: 1;height: 16px\" href=\"https:\/\/padlet.com?ref=embed\" target=\"_blank\" rel=\"noopener\"><img loading=\"lazy\" decoding=\"async\" style=\"padding: 0;margin: 0;background: none;border: none\" src=\"https:\/\/padlet.net\/embeds\/made_with_padlet.png\" alt=\"Made with Padlet\" width=\"86\" height=\"16\"><\/a><\/div>\n<\/div>\n\n\n\n<div class=\"padlet-embed\" style=\"border-radius: 2px;overflow: hidden;width: 100%;background: #F4F4F4\">\n<p style=\"padding: 0;margin: 0\"><iframe style=\"width: 100%;height: 608px;padding: 0;margin: 0\" src=\"https:\/\/kau.padlet.org\/embed\/9bqdve2n1p7ac69g\" frameborder=\"0\"><\/iframe><\/p>\n<div style=\"padding: 8px;text-align: right;margin: 0\"><a style=\"padding: 0;margin: 0;border: none;line-height: 1;height: 16px\" href=\"https:\/\/padlet.com?ref=embed\" target=\"_blank\" rel=\"noopener\"><img loading=\"lazy\" decoding=\"async\" style=\"padding: 0;margin: 0;background: none;border: none\" src=\"https:\/\/padlet.net\/embeds\/made_with_padlet.png\" alt=\"Made with Padlet\" width=\"86\" height=\"16\" \/><\/a><\/div>\n<\/div>\n\n\n\n<div class=\"wp-block-columns is-layout-flex wp-container-core-columns-is-layout-9d6595d7 wp-block-columns-is-layout-flex\">\n<div class=\"wp-block-column is-layout-flow wp-block-column-is-layout-flow\">\n<div class=\"padlet-embed\" style=\"border-radius: 2px;overflow: hidden;width: 100%;background: #F4F4F4\">\n<p style=\"padding: 0;margin: 0\"><iframe style=\"width: 100%;height: 608px;padding: 0;margin: 0\" src=\"https:\/\/kau.padlet.org\/embed\/7cc4ha3vr38jzptt\" frameborder=\"0\"><\/iframe><\/p>\n<div style=\"padding: 8px;text-align: right;margin: 0\"><a style=\"padding: 0;margin: 0;border: none;line-height: 1;height: 16px\" href=\"https:\/\/padlet.com?ref=embed\" target=\"_blank\" rel=\"noopener\"><img loading=\"lazy\" decoding=\"async\" style=\"padding: 0;margin: 0;background: none;border: none\" src=\"https:\/\/padlet.net\/embeds\/made_with_padlet.png\" alt=\"Made with Padlet\" width=\"86\" height=\"16\"><\/a><\/div>\n<\/div>\n\n\n\n<div class=\"padlet-embed\" style=\"border-radius: 2px;overflow: hidden;width: 100%;background: #F4F4F4\">\n<p style=\"padding: 0;margin: 0\"><iframe style=\"width: 100%;height: 608px;padding: 0;margin: 0\" src=\"https:\/\/kau.padlet.org\/embed\/37ibtgywxfjhh4jl\" frameborder=\"0\"><\/iframe><\/p>\n<div style=\"padding: 8px;text-align: right;margin: 0\"><a style=\"padding: 0;margin: 0;border: none;line-height: 1;height: 16px\" href=\"https:\/\/padlet.com?ref=embed\" target=\"_blank\" rel=\"noopener\"><img loading=\"lazy\" decoding=\"async\" style=\"padding: 0;margin: 0;background: none;border: none\" src=\"https:\/\/padlet.net\/embeds\/made_with_padlet.png\" alt=\"Made with Padlet\" width=\"86\" height=\"16\" \/><\/a><\/div>\n<\/div>\n<\/div>\n\n\n\n<div class=\"wp-block-column is-layout-flow wp-block-column-is-layout-flow\">\n<div class=\"padlet-embed\" style=\"border-radius: 2px;overflow: hidden;width: 100%;background: #F4F4F4\">\n<p style=\"padding: 0;margin: 0\"><iframe style=\"width: 100%;height: 608px;padding: 0;margin: 0\" src=\"https:\/\/kau.padlet.org\/embed\/2q9grc7f584ms84r\" frameborder=\"0\"><\/iframe><\/p>\n<div style=\"padding: 8px;text-align: right;margin: 0\"><a style=\"padding: 0;margin: 0;border: none;line-height: 1;height: 16px\" href=\"https:\/\/padlet.com?ref=embed\" target=\"_blank\" rel=\"noopener\"><img loading=\"lazy\" decoding=\"async\" style=\"padding: 0;margin: 0;background: none;border: none\" src=\"https:\/\/padlet.net\/embeds\/made_with_padlet.png\" alt=\"Made with Padlet\" width=\"86\" height=\"16\"><\/a><\/div>\n<\/div>\n\n\n\n<div class=\"padlet-embed\" style=\"border-radius: 2px;overflow: hidden;width: 100%;background: #F4F4F4\">\n<p style=\"padding: 0;margin: 0\"><iframe style=\"width: 100%;height: 608px;padding: 0;margin: 0\" src=\"https:\/\/kau.padlet.org\/embed\/u1k2kir05ltpc326\" frameborder=\"0\"><\/iframe><\/p>\n<div style=\"padding: 8px;text-align: right;margin: 0\"><a style=\"padding: 0;margin: 0;border: none;line-height: 1;height: 16px\" href=\"https:\/\/padlet.com?ref=embed\" target=\"_blank\" rel=\"noopener\"><img loading=\"lazy\" decoding=\"async\" style=\"padding: 0;margin: 0;background: none;border: none\" src=\"https:\/\/padlet.net\/embeds\/made_with_padlet.png\" alt=\"Made with Padlet\" width=\"86\" height=\"16\" \/><\/a><\/div>\n<\/div>\n<\/div>\n\n\n\n<div class=\"wp-block-column is-layout-flow wp-block-column-is-layout-flow\">\n<div class=\"padlet-embed\" style=\"border-radius: 2px;overflow: hidden;width: 100%;background: #F4F4F4\">\n<p style=\"padding: 0;margin: 0\"><iframe style=\"width: 100%;height: 608px;padding: 0;margin: 0\" src=\"https:\/\/kau.padlet.org\/embed\/4hy3wh5jh8t09i9e\" frameborder=\"0\"><\/iframe><\/p>\n<div style=\"padding: 8px;text-align: right;margin: 0\"><a style=\"padding: 0;margin: 0;border: none;line-height: 1;height: 16px\" href=\"https:\/\/padlet.com?ref=embed\" target=\"_blank\" rel=\"noopener\"><img loading=\"lazy\" decoding=\"async\" style=\"padding: 0;margin: 0;background: none;border: none\" src=\"https:\/\/padlet.net\/embeds\/made_with_padlet.png\" alt=\"Made with Padlet\" width=\"86\" height=\"16\"><\/a><\/div>\n<\/div>\n\n\n\n<div class=\"padlet-embed\" style=\"border-radius: 2px;overflow: hidden;width: 100%;background: #F4F4F4\">\n<p style=\"padding: 0;margin: 0\"><iframe style=\"width: 100%;height: 608px;padding: 0;margin: 0\" src=\"https:\/\/kau.padlet.org\/embed\/zm3cx1nssd7iqrmt\" frameborder=\"0\"><\/iframe><\/p>\n<div style=\"padding: 8px;text-align: right;margin: 0\"><a style=\"padding: 0;margin: 0;border: none;line-height: 1;height: 16px\" href=\"https:\/\/padlet.com?ref=embed\" target=\"_blank\" rel=\"noopener\"><img loading=\"lazy\" decoding=\"async\" style=\"padding: 0;margin: 0;background: none;border: none\" src=\"https:\/\/padlet.net\/embeds\/made_with_padlet.png\" alt=\"Made with Padlet\" width=\"86\" height=\"16\" \/><\/a><\/div>\n<\/div>\n<\/div>\n<\/div>\n<\/div><\/div>\n\n\n\n<h2 class=\"wp-block-heading\">Resultat fr\u00e5n studentworkshop<\/h2>\n\n\n<div class=\"padlet-embed\" style=\"border-radius: 2px;overflow: hidden;width: 100%;background: #F4F4F4\">\n<p style=\"padding: 0;margin: 0\"><iframe style=\"width: 100%;height: 608px;padding: 0;margin: 0\" src=\"https:\/\/kau.padlet.org\/embed\/f7rdd7jk809bd1zg\" frameborder=\"0\"><\/iframe><\/p>\n<div style=\"padding: 8px;text-align: right;margin: 0\"><a style=\"padding: 0;margin: 0;border: none;line-height: 1;height: 16px\" href=\"https:\/\/padlet.com?ref=embed\" target=\"_blank\" rel=\"noopener\"><img loading=\"lazy\" decoding=\"async\" style=\"padding: 0;margin: 0;background: none;border: none\" src=\"https:\/\/padlet.net\/embeds\/made_with_padlet.png\" alt=\"Made with Padlet\" width=\"86\" height=\"16\"><\/a><\/div>\n<\/div>\n\n<div class=\"padlet-embed\" style=\"border-radius: 2px;overflow: hidden;width: 100%;background: #F4F4F4\">\n<p style=\"padding: 0;margin: 0\"><iframe style=\"width: 100%;height: 608px;padding: 0;margin: 0\" src=\"https:\/\/kau.padlet.org\/embed\/8qfmx96koax2v100\" frameborder=\"0\"><\/iframe><\/p>\n<div style=\"padding: 8px;text-align: right;margin: 0\"><a style=\"padding: 0;margin: 0;border: none;line-height: 1;height: 16px\" href=\"https:\/\/padlet.com?ref=embed\" target=\"_blank\" rel=\"noopener\"><img loading=\"lazy\" decoding=\"async\" style=\"padding: 0;margin: 0;background: none;border: none\" src=\"https:\/\/padlet.net\/embeds\/made_with_padlet.png\" alt=\"Made with Padlet\" width=\"86\" height=\"16\" \/><\/a><\/div>\n<\/div>\n\n<div class=\"padlet-embed\" style=\"border-radius: 2px;overflow: hidden;width: 100%;background: #F4F4F4\">\n<p style=\"padding: 0;margin: 0\"><iframe style=\"width: 100%;height: 608px;padding: 0;margin: 0\" src=\"https:\/\/kau.padlet.org\/embed\/nupqkrt0njymwe9a\" frameborder=\"0\"><\/iframe><\/p>\n<div style=\"padding: 8px;text-align: right;margin: 0\"><a style=\"padding: 0;margin: 0;border: none;line-height: 1;height: 16px\" href=\"https:\/\/padlet.com?ref=embed\" target=\"_blank\" rel=\"noopener\"><img loading=\"lazy\" decoding=\"async\" style=\"padding: 0;margin: 0;background: none;border: none\" src=\"https:\/\/padlet.net\/embeds\/made_with_padlet.png\" alt=\"Made with Padlet\" width=\"86\" height=\"16\" \/><\/a><\/div>\n<\/div>\n\n\n<div class=\"wp-block-columns is-layout-flex wp-container-core-columns-is-layout-9d6595d7 wp-block-columns-is-layout-flex\">\n<div class=\"wp-block-column is-layout-flow wp-block-column-is-layout-flow\">\n<div class=\"padlet-embed\" style=\"border-radius: 2px;overflow: hidden;width: 100%;background: #F4F4F4\">\n<p style=\"padding: 0;margin: 0\"><iframe style=\"width: 100%;height: 608px;padding: 0;margin: 0\" src=\"https:\/\/kau.padlet.org\/embed\/8gwgayzeo8sri2ew\" frameborder=\"0\"><\/iframe><\/p>\n<div style=\"padding: 8px;text-align: right;margin: 0\"><a style=\"padding: 0;margin: 0;border: none;line-height: 1;height: 16px\" href=\"https:\/\/padlet.com?ref=embed\" target=\"_blank\" rel=\"noopener\"><img loading=\"lazy\" decoding=\"async\" style=\"padding: 0;margin: 0;background: none;border: none\" src=\"https:\/\/padlet.net\/embeds\/made_with_padlet.png\" alt=\"Made with Padlet\" width=\"86\" height=\"16\" \/><\/a><\/div>\n<\/div>\n<\/div>\n\n\n\n<div class=\"wp-block-column is-layout-flow wp-block-column-is-layout-flow\">\n<div class=\"padlet-embed\" style=\"border-radius: 2px;overflow: hidden;width: 100%;background: #F4F4F4\">\n<p style=\"padding: 0;margin: 0\"><iframe style=\"width: 100%;height: 608px;padding: 0;margin: 0\" src=\"https:\/\/kau.padlet.org\/embed\/7xu91ceerq1pnpmt\" frameborder=\"0\"><\/iframe><\/p>\n<div style=\"padding: 8px;text-align: right;margin: 0\"><a style=\"padding: 0;margin: 0;border: none;line-height: 1;height: 16px\" href=\"https:\/\/padlet.com?ref=embed\" target=\"_blank\" rel=\"noopener\"><img loading=\"lazy\" decoding=\"async\" style=\"padding: 0;margin: 0;background: none;border: none\" src=\"https:\/\/padlet.net\/embeds\/made_with_padlet.png\" alt=\"Made with Padlet\" width=\"86\" height=\"16\" \/><\/a><\/div>\n<\/div>\n<\/div>\n<\/div>\n","protected":false},"excerpt":{"rendered":"<p>H\u00e4r redosivar vi samtliga resultaten fr\u00e5n l\u00e4rarworkshopp 1 och l\u00e4rarworkshopp 2 samt fr\u00e5n studentworkshopen. Resultat fr\u00e5n l\u00e4rarworkshop 1+2 Resultat fr\u00e5n studentworkshop [&#8230;]<\/p>\n<p><a class=\"btn btn-secondary understrap-read-more-link\" href=\"https:\/\/sola.kau.se\/kursutvarderingssystem\/resultat-fran-workshopparna\/\">L\u00e4s mer \u2026<\/a><\/p>\n","protected":false},"author":7,"featured_media":0,"parent":0,"menu_order":0,"comment_status":"closed","ping_status":"closed","template":"","meta":{"footnotes":""},"class_list":["post-269","page","type-page","status-publish","hentry"],"_links":{"self":[{"href":"https:\/\/sola.kau.se\/kursutvarderingssystem\/wp-json\/wp\/v2\/pages\/269","targetHints":{"allow":["GET"]}}],"collection":[{"href":"https:\/\/sola.kau.se\/kursutvarderingssystem\/wp-json\/wp\/v2\/pages"}],"about":[{"href":"https:\/\/sola.kau.se\/kursutvarderingssystem\/wp-json\/wp\/v2\/types\/page"}],"author":[{"embeddable":true,"href":"https:\/\/sola.kau.se\/kursutvarderingssystem\/wp-json\/wp\/v2\/users\/7"}],"replies":[{"embeddable":true,"href":"https:\/\/sola.kau.se\/kursutvarderingssystem\/wp-json\/wp\/v2\/comments?post=269"}],"version-history":[{"count":18,"href":"https:\/\/sola.kau.se\/kursutvarderingssystem\/wp-json\/wp\/v2\/pages\/269\/revisions"}],"predecessor-version":[{"id":303,"href":"https:\/\/sola.kau.se\/kursutvarderingssystem\/wp-json\/wp\/v2\/pages\/269\/revisions\/303"}],"wp:attachment":[{"href":"https:\/\/sola.kau.se\/kursutvarderingssystem\/wp-json\/wp\/v2\/media?parent=269"}],"curies":[{"name":"wp","href":"https:\/\/api.w.org\/{rel}","templated":true}]}}