 {"id":13,"date":"2023-02-17T14:38:50","date_gmt":"2023-02-17T14:38:50","guid":{"rendered":"https:\/\/sola.kau.se\/meckau\/?page_id=13"},"modified":"2023-10-11T16:38:11","modified_gmt":"2023-10-11T16:38:11","slug":"kontakt-2","status":"publish","type":"page","link":"https:\/\/sola.kau.se\/meckau\/kontakt-2\/","title":{"rendered":"Kontakt"},"content":{"rendered":"\n<p class=\"has-text-align-center has-normal-font-size\"><strong>F\u00f6r mer information om f\u00f6reningen kan ni kontakta oss via nedanst\u00e5ende.<\/strong><\/p>\n\n\n\n<div class=\"wp-block-columns is-layout-flex wp-container-core-columns-is-layout-9d6595d7 wp-block-columns-is-layout-flex\">\n<div class=\"wp-block-column is-layout-flow wp-block-column-is-layout-flow\" style=\"flex-basis:100%\">\n<p class=\"has-text-align-center\"><strong><a href=\"mailto:meckauverkstaden@gmail.com\">meckauverkstaden@gmail.com<\/a><\/strong><\/p>\n<\/div>\n<\/div>\n","protected":false},"excerpt":{"rendered":"<p>F\u00f6r mer information om f\u00f6reningen kan ni kontakta oss via nedanst\u00e5ende. meckauverkstaden@gmail.com<\/p>\n","protected":false},"author":947,"featured_media":0,"parent":0,"menu_order":0,"comment_status":"closed","ping_status":"closed","template":"","meta":{"footnotes":""},"class_list":["post-13","page","type-page","status-publish","hentry","entry"],"_links":{"self":[{"href":"https:\/\/sola.kau.se\/meckau\/wp-json\/wp\/v2\/pages\/13","targetHints":{"allow":["GET"]}}],"collection":[{"href":"https:\/\/sola.kau.se\/meckau\/wp-json\/wp\/v2\/pages"}],"about":[{"href":"https:\/\/sola.kau.se\/meckau\/wp-json\/wp\/v2\/types\/page"}],"author":[{"embeddable":true,"href":"https:\/\/sola.kau.se\/meckau\/wp-json\/wp\/v2\/users\/947"}],"replies":[{"embeddable":true,"href":"https:\/\/sola.kau.se\/meckau\/wp-json\/wp\/v2\/comments?post=13"}],"version-history":[{"count":7,"href":"https:\/\/sola.kau.se\/meckau\/wp-json\/wp\/v2\/pages\/13\/revisions"}],"predecessor-version":[{"id":106,"href":"https:\/\/sola.kau.se\/meckau\/wp-json\/wp\/v2\/pages\/13\/revisions\/106"}],"wp:attachment":[{"href":"https:\/\/sola.kau.se\/meckau\/wp-json\/wp\/v2\/media?parent=13"}],"curies":[{"name":"wp","href":"https:\/\/api.w.org\/{rel}","templated":true}]}}