 {"id":10,"date":"2021-01-29T17:03:56","date_gmt":"2021-01-29T17:03:56","guid":{"rendered":"https:\/\/sola.kau.se\/nslo\/?page_id=10"},"modified":"2024-04-18T06:13:32","modified_gmt":"2024-04-18T06:13:32","slug":"forskning","status":"publish","type":"page","link":"https:\/\/sola.kau.se\/nsol\/forskning\/","title":{"rendered":"Forskning"},"content":{"rendered":"\n<p class=\"has-black-color has-text-color has-extra-large-font-size\">Publikationer<\/p>\n\n\n\n<p class=\"has-large-font-size\"><strong>Uppdaterad april 2024<\/strong><\/p>\n\n\n\n<p>Jerdborg, S.\u00a0(2024).\u00a0Structure, agency and change: early careers of novice principals in Sweden,\u00a0<em>Nordic Journal of Studies in Educational Policy<\/em>,\u00a0DOI:\u00a0<a href=\"https:\/\/doi.org\/10.1080\/20020317.2024.2304680\">10.1080\/20020317.2024.2304680<\/a><\/p>\n\n\n\n<p>Jerdborg, S.\u00a0\u00a0(2023).\u00a0School principal re-positioning in a system of professional relations: the case of newly appointed principals in Sweden,\u00a0<em>Journal of Educational Administration and History<\/em>,<em>\u00a055<\/em>(4),\u00a0456-480.\u00a0DOI:\u00a0<a href=\"https:\/\/doi.org\/10.1080\/00220620.2023.2217086\">10.1080\/00220620.2023.2217086<\/a><\/p>\n\n\n\n<p><\/p>\n\n\n\n<p class=\"has-large-font-size\"><strong>Uppdaterad oktober 2023<\/strong><\/p>\n\n\n\n<p>Lund, S. (2023).&nbsp;<em>Ledarskap och professionellt l\u00e4rande i geografiskt perifera grundskolor: en etnografisk studie av relationen mellan praktiker samt deras arrangemang<\/em>&nbsp;[Doctoral dissertation, Mid Sweden University].&nbsp;<\/p>\n\n\n\n<p>Thelin, K., &amp; Lund, S. (2023). Rektorers r\u00f6rlighet i Sverige: en kunskaps\u00f6versikt.&nbsp;<em>Utbildning &amp; L\u00e4rande<\/em>,&nbsp;<em>17<\/em>(3).<a href=\"https:\/\/publicera.kb.se\/ul\/article\/view\/13201\/14908\">https:\/\/publicera.kb.se\/ul\/article\/view\/13201\/14908<\/a><\/p>\n\n\n\n<p><a href=\"https:\/\/www.emerald.com\/insight\/search?q=Johanna%20L%C3%BCddeckens\">L\u00fcddeckens, J.<\/a>,&nbsp;<a href=\"https:\/\/www.emerald.com\/insight\/search?q=Lotta%20Anderson\">Anderson, L.<\/a>&nbsp;and&nbsp;<a href=\"https:\/\/www.emerald.com\/insight\/search?q=Daniel%20%C3%96stlund\">\u00d6stlund, D.<\/a>&nbsp;(2022), &#8220;Principals&#8217; perspectives of inclusive education involving students with autism spectrum conditions \u2013 a Swedish case study&#8221;,&nbsp;<em><a href=\"https:\/\/www.emerald.com\/insight\/publication\/issn\/0957-8234\">Journal of Educational Administration<\/a><\/em>, Vol. 60 No. 2, pp. 207-221.&nbsp;<a href=\"https:\/\/doi.org\/10.1108\/JEA-02-2021-0022\">https:\/\/doi.org\/10.1108\/JEA-02-2021-0022<\/a><\/p>\n\n\n\n<p><a href=\"https:\/\/www.emerald.com\/insight\/content\/doi\/10.1108\/JEA-02-2021-0022\/full\/html\">https:\/\/www.emerald.com\/insight\/content\/doi\/10.1108\/JEA-02-2021-0022\/full\/html<\/a><\/p>\n\n\n\n<p class=\"has-large-font-size\"><strong>Uppdaterad augusti 2023<\/strong><\/p>\n\n\n\n<p>Ingela Portfelt (2023). Principals\u2019 influences on teaching and assessment in special education.&nbsp;<em>Educational Research, August, 2023<\/em>. Open access:&nbsp;<a href=\"https:\/\/doi.org\/10.1080\/00131881.2023.2239832\">https:\/\/doi.org\/10.1080\/00131881.2023.2239832<\/a><\/p>\n\n\n\n<p>Anette Forssten Seiser &amp; Ingela Portfelt (2022).Critical aspects to consider when establishing collaboration between school leaders and researchers: two cases from Sweden.&nbsp;<em>Education Action Research, August 2022.<\/em> <a href=\"https:\/\/www.tandfonline.com\/eprint\/AKSGIENFA7NXKJHY429N\/full?target=10.1080\/09650792.2022.2110137\">https:\/\/www.tandfonline.com\/eprint\/AKSGIENFA7NXKJHY429N\/full?target=10.1080\/09650792.2022.2110137<\/a><\/p>\n\n\n\n<p class=\"has-large-font-size\"><strong>Uppdaterad juni 2023<\/strong><\/p>\n\n\n\n<p>Grimm, Frida (2023). Ledarskap f\u00f6r l\u00e4rares l\u00e4rande: F\u00f6rstel\u00e4rare som l\u00e4rarledare. Doktorsavhandling. Pedagogiska institutionen, Ume\u00e5 universitet. <a href=\"https:\/\/www.diva-portal.org\/smash\/record.jsf?dswid=3044&amp;pid=diva2%3A1754278&amp;c=2&amp;searchType=SIMPLE&amp;language=sv&amp;query=frasan00&amp;af=%5B%5D&amp;aq=%5B%5B%5D%5D&amp;aq2=%5B%5B%5D%5D&amp;aqe=%5B%5D&amp;noOfRows=50&amp;sortOrder=author_sort_asc&amp;sortOrder2=title_sort_asc&amp;onlyFullText=false&amp;sf=all\" target=\"_blank\" rel=\"noreferrer noopener\">L\u00e4nk till avhandlingen<\/a><\/p>\n\n\n\n<p class=\"has-large-font-size\"><strong>Uppdaterad maj 2023<\/strong><\/p>\n\n\n\n<p>Lund, S. &amp; Karlberg-Granlund, G. (2023).&nbsp;Making Rural Areas Attractive for Teachers and Principals:Putting Rural Educational Settings on the Agenda. <em>Nordic Studies in Education, 43<\/em>(2), 181\u2013196.&nbsp;<a href=\"https:\/\/doi.org\/10.23865\/nse.v43.3983\">https:\/\/doi.org\/10.23865\/nse.v43.3983<\/a>&nbsp;<\/p>\n\n\n\n<p class=\"has-large-font-size\"><strong>Uppdaterad februari 2023<\/strong><\/p>\n\n\n\n<p>Jerdborg, S. (2023). Novice School Principals in Education and their Experiences of Pedagogical Leadership in Practice.&nbsp;<em>Journal of Leadership Education 22<\/em>(1), 131-148. <a href=\"https:\/\/journalofleadershiped.org\/jole_articles\/novice-school-principals-in-education-and-their-experiences-of-pedagogical-leadership-in-practice\/\">https:\/\/journalofleadershiped.org\/jole_articles\/novice-school-principals-in-education-and-their-experiences-of-pedagogical-leadership-in-practice\/<\/a><\/p>\n\n\n\n<p>Jerdborg, S. (2023). School leader education as a driving force for professional development in terms of orientation, reflection, exploration, and interplay.&nbsp;<em>Research in Educational Administration and Leadership<\/em>. Online first:&nbsp;<a href=\"https:\/\/doi.org\/10.30828\/real.1191793\">https:\/\/doi.org\/10.30828\/real.1191793<\/a><\/p>\n\n\n\n<p>Larsson, P. &amp; L\u00f6wstedt, J. (2023).&nbsp;<em>Skolledning som undervisningens metapraktik<\/em>. Lund:&nbsp;Studentlitteratur. Utkommer 1 mars 2023.&nbsp;<a href=\"https:\/\/www.studentlitteratur.se\/kurslitteratur\/lararutbildning-och-pedagogik\/ledarskap-och-skolutveckling\/skolledning-som-undervisningens-metapraktik\/\">https:\/\/www.studentlitteratur.se\/kurslitteratur\/lararutbildning-och-pedagogik\/ledarskap-och-skolutveckling\/skolledning-som-undervisningens-metapraktik\/<\/a><\/p>\n\n\n\n<p>Larsson, P. &amp; L\u00f6wstedt, J. (2021). F\u00f6r\u00e4ndrar skolans styrning och ledning arbetsmilj\u00f6n? &#8211; Krav, inflytande och st\u00f6d i \u00f6ver- och underpresterande skolor.&nbsp;<em>Arbetsmarknad &amp; Arbetsliv<\/em>, Vol. 27, Nr 2, sid. 7-26.&nbsp;<a href=\"https:\/\/journals.lub.lu.se\/aoa\/article\/view\/21857\/20768\"><br>https:\/\/journals.lub.lu.se\/aoa\/article\/view\/21857\/20768<\/a><\/p>\n\n\n\n<p>Liz Browne &amp; Lene Foss (2022): How does the discourse of published researchrecord the experience of Generation Z as students in the Higher Education sector?, <em>Journal ofFurther and Higher Education<\/em>, DOI: 10.1080\/0309877X.2022.2143257<br><a rel=\"noreferrer noopener\" href=\"https:\/\/www.researchgate.net\/publication\/365745961_How_does_the_discourse_of_published_research_record_the_experience_of_Generation_Z_as_students_in_the_Higher_Education_sector\" target=\"_blank\">https:\/\/www.researchgate.net\/publication\/365745961_How_does_the_discourse_of_published_research_record_the_experience_of_Generation_Z_as_students_in_the_Higher_Education_sector<\/a><\/p>\n\n\n\n<p class=\"has-large-font-size\"><strong>Uppdaterad juni 2022<\/strong><\/p>\n\n\n\n<p>Blom, T. (2022). <em>Tid f\u00f6r tillit\u202f: Kritiska \u00f6gonblick i rektorers vardagsarbete<\/em>. (Doktorsavhandling, Karlstads universitet).<strong> <a rel=\"noreferrer noopener\" href=\"http:\/\/kau.diva-portal.org\/smash\/get\/diva2:1653929\/FULLTEXT01.pdf\" target=\"_blank\">L\u00e4nk<\/a> <\/strong><\/p>\n\n\n\n<p><\/p>\n\n\n\n<p class=\"has-dark-gray-color has-text-color has-large-font-size\"><strong>Uppdaterad mars 2022<\/strong><\/p>\n\n\n\n<p>Blossing, U. (2021). The Origin and Development of Comprehensive School Reforms in Sweden and Other Nordic Countries. In&nbsp;<em>Oxford Research Encyclopedia of Education<\/em>.&nbsp;<a href=\"https:\/\/oxfordre.com\/education\/view\/10.1093\/acrefore\/9780190264093.001.0001\/acrefore-9780190264093-e-1679\">https:\/\/oxfordre.com\/education\/view\/10.1093\/acrefore\/9780190264093.001.0001\/acrefore-9780190264093-e-1679<\/a><\/p>\n\n\n\n<p>Blossing, U. (2022). The Hierarchist Way of School Development in Sweden. In C. Brown &amp; J. R. Malin (Eds.),&nbsp;<em>The Emerald Handbook of Evidence-Informed Practice in Education<\/em>&nbsp;(pp. 97-106).&nbsp;Emerald Publishing Limited.&nbsp;<a href=\"https:\/\/doi.org\/10.1108\/978-1-80043-141-620221015\">https:\/\/doi.org\/10.1108\/978-1-80043-141-620221015<\/a><\/p>\n\n\n\n<p class=\"has-dark-gray-color has-text-color has-large-font-size\"><strong>Uppdaterad januari 2022<\/strong><\/p>\n\n\n\n<p>Lund, S. (2022). The geographic periphery as architecture for leadership practice with Swedish primary school principals: a peripatetic leading practice.&nbsp;<em>International Journal of Leadership in Education<\/em>, 1-20.&nbsp;<a href=\"https:\/\/doi.org\/10.1080\/13603124.2022.2027526\">https:\/\/doi.org\/10.1080\/13603124.2022.2027526<\/a>&nbsp;<\/p>\n\n\n\n<p class=\"has-gray-color has-text-color has-large-font-size\"><strong>Uppdaterad september 2021<\/strong><\/p>\n\n\n\n<p>Forssten Seiser, A., &amp; S\u00f6derstr\u00f6m, \u00c5sa. (2021). Rektorer i utbildning \u2013 drivkrafter f\u00f6r ett l\u00e4rande i samspel.&nbsp;<em>H\u00f6gre Utbildning,&nbsp;11<\/em>(1), 79-92.&nbsp;<a class=\"\" href=\"https:\/\/doi.org\/10.23865\/hu.v11.2947\">https:\/\/doi.org\/10.23865\/hu.v11.2947<\/a><\/p>\n\n\n\n<p class=\"has-gray-color has-text-color has-large-font-size\"><strong>Uppdaterad april 2021<\/strong><\/p>\n\n\n\n<p>Gla\u00e9s-Coutts, L. &amp; Nilsson, H. (2020).&nbsp;Who&nbsp;Owns&nbsp;the&nbsp;Knowledge?&nbsp;Knowledge&nbsp;construction as part of&nbsp;the&nbsp;school improvement process&nbsp;<em>Improving Schools<\/em>. 1-14:2020.&nbsp;<a href=\"https:\/\/doi.org\/10.1177%2F1365480220929767\">https:\/\/doi.org\/10.1177\/1365480220929767<\/a><\/p>\n\n\n\n<p>Grimm, F. (2020). The First Teacher as the Elephant in the Room \u2013 Forgotten and Hidden Teacher Leadership Perspectives in Swedish Schools. &nbsp;<em>Research in Educational Administration&nbsp;<\/em>5(1)&nbsp;Artikeln bifogad som pdf.<\/p>\n\n\n\n<p>Jarl, M., Andersson, K., &amp; Blossing, U. (2021).&nbsp;Organizational characteristics of successful and failing schools: a theoretical framework for explaining variation in student achievement. School Effectiveness and School Improvement, 1-17. doi:10.1080\/09243453.2021.1903941<\/p>\n\n\n\n<p>Jerdborg, S. (2021). Participation in the Swedish national principal training programme: How does it intertwine with principals\u2019 practice?&nbsp;<em>Educational Management Administration &amp; Leadership.<\/em>&nbsp;<a href=\"https:\/\/doi.org\/10.1177\/1741143221998711\">https:\/\/doi.org\/10.1177\/1741143221998711<\/a><\/p>\n\n\n\n<p>Larsson, P. &amp; L\u00f6wstedt, J. (2020) Distributed school leadership: Making sense of the educational infrastructure.&nbsp;<em>Educational Management Administration &amp; Leadership,<br><\/em><a href=\"http:\/\/doi.org\/10.1177\/1741143220973668\">doi.org\/10.1177\/1741143220973668<\/a><\/p>\n\n\n\n<p>Nehez, J., Blossing, U., Gyllander Torkildsen, L., Lander, R., &amp; Olin, A. (2021). Middle leaders translating knowledge about improvement: Making change in the school and preschool organisation. Journal of Educational Change. doi:10.1007\/s10833-021-09418-2<\/p>\n\n\n\n<p>Nordholm, D., Nihlfors, E. &amp; Arnqvist, A.&nbsp;(2021).&nbsp;Perceptions on the Local School and Further education: A Rural School Leader\u2019s Perspective<em>.&nbsp;<\/em><a href=\"http:\/\/dx.doi.org\/10.1080\/00313831.2020.1865447\" target=\"_blank\" rel=\"noreferrer noopener\"><em>Scandinavian Journal of Educational Research.<\/em>&nbsp;P<\/a>ublished online 11 Januari.&nbsp;<\/p>\n\n\n\n<p>Nilsson H. (2020) To Construct Civility or Be Constructed as Anti-civil. In: Lund S. (eds) Immigrant Incorporation, Education, and the Boundaries of Belonging.&nbsp;Palgrave Macmillan, Cham.&nbsp;<a href=\"https:\/\/doi.org\/10.1007\/978-3-030-36729-9_5\">https:\/\/doi.org\/10.1007\/978-3-030-36729-9_5<\/a><\/p>\n\n\n\n<p><a href=\"https:\/\/lnu.se\/personal\/stephan.rapp\/\">Rapp, S.<\/a>, Aktas, V.,&nbsp;<a href=\"https:\/\/lnu.se\/personal\/katarina.stahlkrantz\/\">St\u00e5hlkrantz, K.<\/a>&nbsp;(2020).&nbsp;<a href=\"http:\/\/urn.kb.se\/resolve?urn=urn:nbn:se:lnu:diva-98890\">Schoolboards&#8217; expectations of the superintendent \u2013 a Swedish national survey<\/a>.&nbsp;<em>Educational review (Birmingham)<\/em>. 1-19.<a href=\"https:\/\/doi.org\/10.1080\/00131911.2020.1837740\">https:\/\/doi.org\/10.1080\/00131911.2020.1837740<\/a><\/p>\n\n\n\n<p><a href=\"https:\/\/lnu.se\/personal\/katarina.stahlkrantz\/\">St\u00e5hlkrantz, K.<\/a>,&nbsp;<a href=\"https:\/\/lnu.se\/personal\/stephan.rapp\/\">Rapp, S.<\/a>&nbsp;(2020).&nbsp;<a href=\"http:\/\/urn.kb.se\/resolve?urn=urn:nbn:se:lnu:diva-98292\">Superintendents as boundary spanners &#8211; facilitating improvement of teaching and learning<\/a>.&nbsp;<em>Research in Educational Administration &amp; Leadership REAL<\/em>. 5. 376-415.<\/p>\n\n\n\n<p>Thelin, K. (2020). Principal turnover: When is it a problem and for whom? Mapping out variations within the Swedish case.&nbsp;<em>Research in Educational Administration &amp; Leadership<\/em>,&nbsp;<em>5<\/em>(2), 417-452.&nbsp;DOI:&nbsp;<a href=\"https:\/\/doi.org\/10.30828\/real\/2020.2.4\">https:\/\/doi.org\/10.30828\/real\/2020.2.4<\/a><\/p>\n\n\n\n<p>Thelin, K. (2020). Creating a reflective space in higher education: the case of a Swedish course for professional principals.&nbsp;<em>Learning and Teaching. The International Journal of Higher Education in the Social Sciences, 13<\/em>(3), 1-17. DOI:&nbsp;<a href=\"https:\/\/doi.org\/10.3167\/latiss.2020.130302\">https:\/\/doi.org\/10.3167\/latiss.2020.130302<\/a><\/p>\n\n\n\n<p class=\"has-gray-color has-text-color has-large-font-size\"><strong>Uppdaterad februari 2021<\/strong><\/p>\n\n\n\n<p>Seiser, A. F. &amp; Blossing, U. (2020).&nbsp;Actions and practice architectures for realising sustainable development by restructuring school organisations.<em>Forskning og Forandring, 3<\/em>(2), 69\u201388.&nbsp;<a href=\"https:\/\/doi.org\/10.23865\/fof.v3.2457\">doi:10.23865\/fof.v3.2457<\/a><\/p>\n\n\n\n<p>Liljenberg, M., &amp; Blossing, U. (2020).&nbsp;Organizational building versus teachers\u2019 personal and relational needs for school improvement.&nbsp;<em>Improving Schools<\/em>, 1365480220972873. doi:10.1177\/1365480220972873<\/p>\n\n\n\n<p>Norqvist, L., &amp;&nbsp;&nbsp;\u00c4rlestig, H. (2020). Systems thinking in school organizations \u2013 perspectives from various leadership levels.&nbsp;<em>Journal of Educational Administration<\/em>, (ahead-of-print).&nbsp;<a href=\"https:\/\/doi.org\/10.1108\/JEA-02-2020-0031\">doi.org\/10.1108\/JEA-02-2020-0031<\/a><\/p>\n\n\n\n<p><\/p>\n\n\n\n<p class=\"has-gray-color has-text-color has-large-font-size\"><strong>Uppdaterad h\u00f6sten 2020<\/strong><\/p>\n\n\n\n<p>&nbsp;Ahlstr\u00f6m, B., Leo, U., Norqvist, L., &amp; Poromaa Isling, P. (2020). School Leadership as (Un)usual: Insights from Principals in Sweden during a Pandemic. <em>International Studies in Educational Administration. <\/em>48(2), 35\u201341&nbsp;<\/p>\n\n\n\n<p>Ertesv\u00e5g, S. K., Sammons, P., &amp; Blossing, U. Integrating data in a complex mixed-methods classroom&nbsp;interaction study. <em>British Educational Research Journal, n\/a<\/em>(n\/a). doi:10.1002\/berj.3678<\/p>\n\n\n\n<p>Jerdborg, S. (2020). Educating school leaders: engaging in diverse orientations to leadership practice, <em>International Journal of Leadership in Education<\/em>, DOI: 10.1080\/13603124.2020.1770867&nbsp;<\/p>\n\n\n\n<p>Nehez, J., &amp; Blossing, U. (2020). Practices in different school cultures and principals\u2019 improvement&nbsp;work. <em>International Journal of Leadership in Education<\/em>, 1-21. doi:10.1080\/13603124.2020.1759828<\/p>\n\n\n\n<p>Nordholm, D., Arnqvist, A., Nihlfors, E. (2020). Principals\u00b4 emotional identity: the Swedish case<em>. <\/em><em>School Leadership and Management<\/em>. Pre-pulished online February 15.&nbsp;<\/p>\n\n\n\n<p>\u00c4rlestig, H., &amp; Johansson, O. (2020). <em>Educational Authorities and the Schools: Organisation and Impact in 20 States<\/em>. Dordrecht: Springer.&nbsp;<\/p>\n","protected":false},"excerpt":{"rendered":"<p>Publikationer Uppdaterad april 2024 Jerdborg, S.\u00a0(2024).\u00a0Structure, agency and change: early careers of novice principals in Sweden,\u00a0Nordic Journal of Studies in Educational Policy,\u00a0DOI:\u00a010.1080\/20020317.2024.2304680 Jerdborg, S.\u00a0\u00a0(2023).\u00a0School principal re-positioning in a system of professional relations: the case of newly appointed principals in Sweden,\u00a0Journal of Educational Administration and History,\u00a055(4),\u00a0456-480.\u00a0DOI:\u00a010.1080\/00220620.2023.2217086 Uppdaterad oktober 2023 Lund, S. (2023).&nbsp;Ledarskap och professionellt l\u00e4rande i&hellip; <a class=\"more-link\" href=\"https:\/\/sola.kau.se\/nsol\/forskning\/\">Forts\u00e4tt l\u00e4sa <span class=\"screen-reader-text\">Forskning<\/span><\/a><\/p>\n","protected":false},"author":65,"featured_media":0,"parent":0,"menu_order":0,"comment_status":"closed","ping_status":"closed","template":"","meta":{"footnotes":""},"class_list":["post-10","page","type-page","status-publish","hentry","entry"],"_links":{"self":[{"href":"https:\/\/sola.kau.se\/nsol\/wp-json\/wp\/v2\/pages\/10","targetHints":{"allow":["GET"]}}],"collection":[{"href":"https:\/\/sola.kau.se\/nsol\/wp-json\/wp\/v2\/pages"}],"about":[{"href":"https:\/\/sola.kau.se\/nsol\/wp-json\/wp\/v2\/types\/page"}],"author":[{"embeddable":true,"href":"https:\/\/sola.kau.se\/nsol\/wp-json\/wp\/v2\/users\/65"}],"replies":[{"embeddable":true,"href":"https:\/\/sola.kau.se\/nsol\/wp-json\/wp\/v2\/comments?post=10"}],"version-history":[{"count":26,"href":"https:\/\/sola.kau.se\/nsol\/wp-json\/wp\/v2\/pages\/10\/revisions"}],"predecessor-version":[{"id":429,"href":"https:\/\/sola.kau.se\/nsol\/wp-json\/wp\/v2\/pages\/10\/revisions\/429"}],"wp:attachment":[{"href":"https:\/\/sola.kau.se\/nsol\/wp-json\/wp\/v2\/media?parent=10"}],"curies":[{"name":"wp","href":"https:\/\/api.w.org\/{rel}","templated":true}]}}