 {"id":2,"date":"2021-01-29T16:31:36","date_gmt":"2021-01-29T16:31:36","guid":{"rendered":"https:\/\/sola.kau.se\/nslo\/?page_id=2"},"modified":"2021-06-11T09:50:26","modified_gmt":"2021-06-11T09:50:26","slug":"sample-page","status":"publish","type":"page","link":"https:\/\/sola.kau.se\/nsol\/","title":{"rendered":"V\u00e4lkommen!"},"content":{"rendered":"\n<p class=\"has-text-align-left has-dark-gray-color has-text-color\" style=\"font-size:32px;line-height:1.5\"><strong>V\u00e4lkommen<\/strong><span> <\/span><strong>till<\/strong><\/p>\n\n\n\n<p class=\"has-dark-gray-color has-text-color\" style=\"font-size:45px\"><strong>Nationellt forskarn\u00e4tverk om skolors styrning, organisering och ledarskap &#8211; NSOL !<\/strong><\/p>\n\n\n\n<figure class=\"wp-block-image\"><img loading=\"lazy\" decoding=\"async\" width=\"1067\" height=\"712\" src=\"https:\/\/sola.kau.se\/nslo\/wp-content\/uploads\/sites\/213\/2021\/02\/td1yxf6eb6a-edited-1.jpg\" alt=\"\" class=\"wp-image-139\" srcset=\"https:\/\/sola.kau.se\/nsol\/wp-content\/uploads\/sites\/213\/2021\/02\/td1yxf6eb6a-edited-1.jpg 1067w, https:\/\/sola.kau.se\/nsol\/wp-content\/uploads\/sites\/213\/2021\/02\/td1yxf6eb6a-edited-1-300x200.jpg 300w, https:\/\/sola.kau.se\/nsol\/wp-content\/uploads\/sites\/213\/2021\/02\/td1yxf6eb6a-edited-1-1024x683.jpg 1024w, https:\/\/sola.kau.se\/nsol\/wp-content\/uploads\/sites\/213\/2021\/02\/td1yxf6eb6a-edited-1-768x512.jpg 768w\" sizes=\"auto, (max-width: 1067px) 100vw, 1067px\" \/><\/figure>\n\n\n\n<div class=\"wp-block-buttons is-content-justification-center is-layout-flex wp-block-buttons-is-layout-flex\">\n<div class=\"wp-block-button is-style-fill\"><a class=\"wp-block-button__link has-black-color has-purple-background-color has-text-color has-background\" href=\"https:\/\/sola.kau.se\/nsol\/aktuellt\/\" target=\"_blank\" rel=\"https:\/\/sola.kau.se\/nsol\/aktuellt\/ noopener\"><strong>Aktuellt<\/strong><\/a><\/div>\n<\/div>\n\n\n\n<p>N\u00e4tverket bildades 2019 och best\u00e5r av aktiva forskare i Sverige som studerar skolors styrning, organisering och ledarskap. <\/p>\n\n\n\n<p>Vi finns i olika discipliner som t.ex. pedagogik, didaktik, sociologi, juridik, f\u00f6retagsekonomi och statsvetenskap.<\/p>\n\n\n\n<blockquote class=\"wp-block-quote is-layout-flow wp-block-quote-is-layout-flow\"><p>N\u00e4tverket m\u00f6jligg\u00f6r erfarenhetsutbyte, l\u00e4rande, samverkan och gemensamt strategiskt arbete&#8221;.<\/p><\/blockquote>\n\n\n\n<p>\u00c4r du nyfiken att veta mer om oss kan du klicka p\u00e5 rubriken ovan &#8220;Om NSOL&#8221; d\u00e4r du ocks\u00e5 hittar kontaktuppgifter.<\/p>\n\n\n\n<p><\/p>\n\n\n\n<div class=\"wp-block-image\"><figure class=\"aligncenter size-large\"><img loading=\"lazy\" decoding=\"async\" width=\"1024\" height=\"681\" src=\"https:\/\/sola.kau.se\/nslo\/wp-content\/uploads\/sites\/213\/2021\/02\/me5mbzx5sko-1024x681.jpg\" alt=\"person's holding leaves during daytime\" class=\"wp-image-122\" srcset=\"https:\/\/sola.kau.se\/nsol\/wp-content\/uploads\/sites\/213\/2021\/02\/me5mbzx5sko-1024x681.jpg 1024w, https:\/\/sola.kau.se\/nsol\/wp-content\/uploads\/sites\/213\/2021\/02\/me5mbzx5sko-300x199.jpg 300w, https:\/\/sola.kau.se\/nsol\/wp-content\/uploads\/sites\/213\/2021\/02\/me5mbzx5sko-768x511.jpg 768w, https:\/\/sola.kau.se\/nsol\/wp-content\/uploads\/sites\/213\/2021\/02\/me5mbzx5sko-1536x1021.jpg 1536w, https:\/\/sola.kau.se\/nsol\/wp-content\/uploads\/sites\/213\/2021\/02\/me5mbzx5sko-2048x1362.jpg 2048w, https:\/\/sola.kau.se\/nsol\/wp-content\/uploads\/sites\/213\/2021\/02\/me5mbzx5sko-1568x1043.jpg 1568w\" sizes=\"auto, (max-width: 1024px) 100vw, 1024px\" \/><\/figure><\/div>\n","protected":false},"excerpt":{"rendered":"<p>V\u00e4lkommen till Nationellt forskarn\u00e4tverk om skolors styrning, organisering och ledarskap &#8211; NSOL ! N\u00e4tverket bildades 2019 och best\u00e5r av aktiva forskare i Sverige som studerar skolors styrning, organisering och ledarskap. Vi finns i olika discipliner som t.ex. pedagogik, didaktik, sociologi, juridik, f\u00f6retagsekonomi och statsvetenskap. N\u00e4tverket m\u00f6jligg\u00f6r erfarenhetsutbyte, l\u00e4rande, samverkan och gemensamt strategiskt arbete&#8221;. \u00c4r du&hellip; <a class=\"more-link\" href=\"https:\/\/sola.kau.se\/nsol\/\">Forts\u00e4tt l\u00e4sa <span class=\"screen-reader-text\">V\u00e4lkommen!<\/span><\/a><\/p>\n","protected":false},"author":65,"featured_media":0,"parent":0,"menu_order":0,"comment_status":"closed","ping_status":"open","template":"","meta":{"footnotes":""},"class_list":["post-2","page","type-page","status-publish","hentry","entry"],"_links":{"self":[{"href":"https:\/\/sola.kau.se\/nsol\/wp-json\/wp\/v2\/pages\/2","targetHints":{"allow":["GET"]}}],"collection":[{"href":"https:\/\/sola.kau.se\/nsol\/wp-json\/wp\/v2\/pages"}],"about":[{"href":"https:\/\/sola.kau.se\/nsol\/wp-json\/wp\/v2\/types\/page"}],"author":[{"embeddable":true,"href":"https:\/\/sola.kau.se\/nsol\/wp-json\/wp\/v2\/users\/65"}],"replies":[{"embeddable":true,"href":"https:\/\/sola.kau.se\/nsol\/wp-json\/wp\/v2\/comments?post=2"}],"version-history":[{"count":22,"href":"https:\/\/sola.kau.se\/nsol\/wp-json\/wp\/v2\/pages\/2\/revisions"}],"predecessor-version":[{"id":203,"href":"https:\/\/sola.kau.se\/nsol\/wp-json\/wp\/v2\/pages\/2\/revisions\/203"}],"wp:attachment":[{"href":"https:\/\/sola.kau.se\/nsol\/wp-json\/wp\/v2\/media?parent=2"}],"curies":[{"name":"wp","href":"https:\/\/api.w.org\/{rel}","templated":true}]}}