 {"id":119,"date":"2025-09-18T11:11:33","date_gmt":"2025-09-18T11:11:33","guid":{"rendered":"https:\/\/sola.kau.se\/nuso\/?page_id=119"},"modified":"2025-10-03T08:06:52","modified_gmt":"2025-10-03T08:06:52","slug":"about-us","status":"publish","type":"page","link":"https:\/\/sola.kau.se\/nuso\/about-us\/","title":{"rendered":"Om NUSO"},"content":{"rendered":"\n<p><\/p>\n\n\n\n<p>Om NUSO (Nationell uppf\u00f6ljning av socialtj\u00e4nstens omst\u00e4llning)<\/p>\n\n\n\n<p>NUSO \u00e4r ett forsknings- och utvecklingsprojekt i socialtj\u00e4nsten som genomf\u00f6rs av Karlstads universitet, p\u00e5 uppdrag av SKR, tillsammans med medverkande kommuner. Syftet \u00e4r att:<\/p>\n\n\n\n<ul class=\"wp-block-list\">\n<li>unders\u00f6ka nul\u00e4get och f\u00f6rst\u00e5 hur socialtj\u00e4nstens arbete f\u00f6r\u00e4ndras \u00f6ver tid<\/li>\n\n\n\n<li>f\u00f6lja resultat av omst\u00e4llningen till ny socialtj\u00e4nstlag<\/li>\n\n\n\n<li>\u00f6ka kunskapen om v\u00e4gen till och resultatet av insatser.<\/li>\n<\/ul>\n\n\n\n<p>En s\u00e5 stor studie som NUSO har aldrig genomf\u00f6rts tidigare inom svensk socialtj\u00e4nst. Tillsammans tar vi fram ny kunskap som \u00e4r viktig f\u00f6r att utveckla socialtj\u00e4nsten i hela landet.<\/p>\n\n\n\n<h3 class=\"wp-block-heading\" id=\"h-Nyttanforkommuner\">Nyttan f\u00f6r kommuner<\/h3>\n\n\n\n<p>NUSO kombinerar individbaserad systematisk uppf\u00f6ljning med forskning. Kommunerna som deltar f\u00e5r:<\/p>\n\n\n\n<ul class=\"wp-block-list\">\n<li>kunskap om den lokala situationen, b\u00e5de nul\u00e4ge och \u00f6ver tid<\/li>\n\n\n\n<li>j\u00e4mf\u00f6relse med andra kommuner<\/li>\n\n\n\n<li>analysst\u00f6d baserat p\u00e5 statistiska analyser, kunskap fr\u00e5n tidigare forskning och teoretisk f\u00f6rankring<\/li>\n\n\n\n<li>resultat via digitala workshops, gemensam digital plattform och visualisering.<\/li>\n<\/ul>\n\n\n\n<p>Med projektet f\u00e5r din kommun en unik m\u00f6jlighet att tillsammans med forskare \u00f6ka kunskapen om socialtj\u00e4nstens nul\u00e4ge, f\u00f6lja omst\u00e4llningen till ny socialtj\u00e4nstlag och utveckla verksamheten baserad p\u00e5 vetenskap och bepr\u00f6vad erfarenhet.<\/p>\n\n\n\n<p><\/p>\n\n\n\n<p><\/p>\n","protected":false},"excerpt":{"rendered":"<p>Om NUSO (Nationell uppf\u00f6ljning av socialtj\u00e4nstens omst\u00e4llning) NUSO \u00e4r ett forsknings- och utvecklingsprojekt i socialtj\u00e4nsten som genomf\u00f6rs av Karlstads universitet, p\u00e5 uppdrag av SKR, tillsammans med medverkande kommuner. Syftet \u00e4r att: En s\u00e5 stor studie som NUSO har aldrig genomf\u00f6rts tidigare inom svensk socialtj\u00e4nst. Tillsammans tar vi fram ny kunskap som \u00e4r viktig f\u00f6r att [&hellip;]<\/p>\n","protected":false},"author":569,"featured_media":0,"parent":0,"menu_order":0,"comment_status":"closed","ping_status":"closed","template":"","meta":{"footnotes":""},"class_list":["post-119","page","type-page","status-publish","hentry"],"_links":{"self":[{"href":"https:\/\/sola.kau.se\/nuso\/wp-json\/wp\/v2\/pages\/119","targetHints":{"allow":["GET"]}}],"collection":[{"href":"https:\/\/sola.kau.se\/nuso\/wp-json\/wp\/v2\/pages"}],"about":[{"href":"https:\/\/sola.kau.se\/nuso\/wp-json\/wp\/v2\/types\/page"}],"author":[{"embeddable":true,"href":"https:\/\/sola.kau.se\/nuso\/wp-json\/wp\/v2\/users\/569"}],"replies":[{"embeddable":true,"href":"https:\/\/sola.kau.se\/nuso\/wp-json\/wp\/v2\/comments?post=119"}],"version-history":[{"count":3,"href":"https:\/\/sola.kau.se\/nuso\/wp-json\/wp\/v2\/pages\/119\/revisions"}],"predecessor-version":[{"id":295,"href":"https:\/\/sola.kau.se\/nuso\/wp-json\/wp\/v2\/pages\/119\/revisions\/295"}],"wp:attachment":[{"href":"https:\/\/sola.kau.se\/nuso\/wp-json\/wp\/v2\/media?parent=119"}],"curies":[{"name":"wp","href":"https:\/\/api.w.org\/{rel}","templated":true}]}}