 {"id":411,"date":"2025-10-25T13:11:05","date_gmt":"2025-10-25T13:11:05","guid":{"rendered":"https:\/\/sola.kau.se\/riscon26\/logi\/"},"modified":"2026-03-03T10:23:59","modified_gmt":"2026-03-03T10:23:59","slug":"logi","status":"publish","type":"page","link":"https:\/\/sola.kau.se\/riscon26\/sv\/logi\/","title":{"rendered":"Boende"},"content":{"rendered":"\n<figure class=\"wp-block-image size-large\"><img loading=\"lazy\" decoding=\"async\" width=\"1024\" height=\"576\" src=\"https:\/\/sola.kau.se\/riscon26\/wp-content\/uploads\/sites\/1481\/2026\/03\/10s-1024x576.jpg\" alt=\"\" class=\"wp-image-860\" srcset=\"https:\/\/sola.kau.se\/riscon26\/wp-content\/uploads\/sites\/1481\/2026\/03\/10s-1024x576.jpg 1024w, https:\/\/sola.kau.se\/riscon26\/wp-content\/uploads\/sites\/1481\/2026\/03\/10s-300x169.jpg 300w, https:\/\/sola.kau.se\/riscon26\/wp-content\/uploads\/sites\/1481\/2026\/03\/10s-768x432.jpg 768w, https:\/\/sola.kau.se\/riscon26\/wp-content\/uploads\/sites\/1481\/2026\/03\/10s-800x450.jpg 800w, https:\/\/sola.kau.se\/riscon26\/wp-content\/uploads\/sites\/1481\/2026\/03\/10s.jpg 1280w\" sizes=\"auto, (max-width: 1024px) 100vw, 1024px\" \/><\/figure>\n\n\n\n<div style=\"height:61px\" aria-hidden=\"true\" class=\"wp-block-spacer\"><\/div>\n\n\n\n<p>Vi har reserverat rum p\u00e5 tv\u00e5 hotell i centrala Karlstad f\u00f6r konferensdeltagare. Vi rekommenderar att du bokar tidigt, eftersom antalet rum \u00e4r begr\u00e4nsat och de avtalade priserna endast garanteras fram till den 7 september. <\/p>\n\n\n\n<p>Efter att du registrerat dig f\u00f6r konferensen kommer du att f\u00e5 ytterligare information om hur du bokar ditt boende.<\/p>\n\n\n\n<hr class=\"wp-block-separator has-text-color has-alpha-channel-opacity has-background is-style-wide\" style=\"background-color:#f9cf03;color:#f9cf03\" \/>\n\n\n\n<p><\/p>\n","protected":false},"excerpt":{"rendered":"<p>Vi har reserverat rum p\u00e5 tv\u00e5 hotell i centrala Karlstad f\u00f6r konferensdeltagare. Vi rekommenderar att du bokar tidigt, eftersom antalet rum \u00e4r begr\u00e4nsat och de avtalade priserna endast garanteras fram till den 7 september. Efter att du registrerat dig f\u00f6r konferensen kommer du att f\u00e5 ytterligare information om hur du bokar ditt boende.<\/p>\n","protected":false},"author":6018,"featured_media":0,"parent":0,"menu_order":0,"comment_status":"closed","ping_status":"closed","template":"","meta":{"footnotes":""},"class_list":["post-411","page","type-page","status-publish","hentry","no-featured-image"],"_links":{"self":[{"href":"https:\/\/sola.kau.se\/riscon26\/sv\/wp-json\/wp\/v2\/pages\/411","targetHints":{"allow":["GET"]}}],"collection":[{"href":"https:\/\/sola.kau.se\/riscon26\/sv\/wp-json\/wp\/v2\/pages"}],"about":[{"href":"https:\/\/sola.kau.se\/riscon26\/sv\/wp-json\/wp\/v2\/types\/page"}],"author":[{"embeddable":true,"href":"https:\/\/sola.kau.se\/riscon26\/sv\/wp-json\/wp\/v2\/users\/6018"}],"replies":[{"embeddable":true,"href":"https:\/\/sola.kau.se\/riscon26\/sv\/wp-json\/wp\/v2\/comments?post=411"}],"version-history":[{"count":5,"href":"https:\/\/sola.kau.se\/riscon26\/sv\/wp-json\/wp\/v2\/pages\/411\/revisions"}],"predecessor-version":[{"id":861,"href":"https:\/\/sola.kau.se\/riscon26\/sv\/wp-json\/wp\/v2\/pages\/411\/revisions\/861"}],"wp:attachment":[{"href":"https:\/\/sola.kau.se\/riscon26\/sv\/wp-json\/wp\/v2\/media?parent=411"}],"curies":[{"name":"wp","href":"https:\/\/api.w.org\/{rel}","templated":true}]}}