 {"id":419,"date":"2025-10-25T11:32:42","date_gmt":"2025-10-25T11:32:42","guid":{"rendered":"https:\/\/sola.kau.se\/riscon26\/arrangor\/"},"modified":"2026-02-18T14:45:13","modified_gmt":"2026-02-18T14:45:13","slug":"arrangor","status":"publish","type":"page","link":"https:\/\/sola.kau.se\/riscon26\/sv\/arrangor\/","title":{"rendered":"Programkommitt\u00e9"},"content":{"rendered":"\n<h2 class=\"wp-block-heading\">Arrang\u00f6r<\/h2>\n\n\n\n<div style=\"height:17px\" aria-hidden=\"true\" class=\"wp-block-spacer\"><\/div>\n\n\n\n<figure class=\"wp-block-image size-large\"><a href=\"https:\/\/www.kau.se\/csr\"><img loading=\"lazy\" decoding=\"async\" width=\"1024\" height=\"252\" src=\"https:\/\/sola.kau.se\/riscon26\/wp-content\/uploads\/sites\/1481\/2026\/02\/image-2-1024x252.png\" alt=\"\" class=\"wp-image-481\" srcset=\"https:\/\/sola.kau.se\/riscon26\/wp-content\/uploads\/sites\/1481\/2026\/02\/image-2-1024x252.png 1024w, https:\/\/sola.kau.se\/riscon26\/wp-content\/uploads\/sites\/1481\/2026\/02\/image-2-300x74.png 300w, https:\/\/sola.kau.se\/riscon26\/wp-content\/uploads\/sites\/1481\/2026\/02\/image-2-768x189.png 768w, https:\/\/sola.kau.se\/riscon26\/wp-content\/uploads\/sites\/1481\/2026\/02\/image-2-800x197.png 800w, https:\/\/sola.kau.se\/riscon26\/wp-content\/uploads\/sites\/1481\/2026\/02\/image-2.png 1525w\" sizes=\"auto, (max-width: 1024px) 100vw, 1024px\" \/><\/a><\/figure>\n\n\n\n<div style=\"height:42px\" aria-hidden=\"true\" class=\"wp-block-spacer\"><\/div>\n\n\n\n<p><\/p>\n\n\n\n<p>Centrum f\u00f6r forskning om samh\u00e4llsrisker, CSR, \u00e4r ett forskningscentrum vid Karlstads universitet med fokus p\u00e5 samh\u00e4llets f\u00f6rst\u00e5else och hantering av risker i ett samh\u00e4lle d\u00e4r risk- och s\u00e4kerhetsfr\u00e5gor blir alltmer komplexa och samh\u00e4llsviktiga.<\/p>\n\n\n\n<p>CSR \u00e4r ett forsknings- och kompetenscentrum p\u00e5 Karlstads universitet som skapar och f\u00f6rmedlar kunskap om samh\u00e4llsrisker och samh\u00e4llets roll i relation till dessa. Forskningsfr\u00e5gorna handlar om orsaker till och konsekvenser av samh\u00e4llsrisker och om samh\u00e4llets samt individens s\u00e5rbarhet f\u00f6r och kapacitet att hantera dessa. CSR best\u00e5r av en stor grupp forskare fr\u00e5n olika akademiska discipliner och representanter med bakgrund i offentlig f\u00f6rvaltning och n\u00e4ringsliv.<\/p>\n\n\n\n<hr class=\"wp-block-separator has-text-color has-alpha-channel-opacity has-background is-style-wide\" style=\"background-color:#f9cf03;color:#f9cf03\" \/>\n\n\n\n<h2 class=\"wp-block-heading\">Programkommitt\u00e9<\/h2>\n\n\n\n<ul class=\"wp-block-list\">\n<li><a href=\"https:\/\/www.kau.se\/en\/researchers\/claudia-teresa-canedo-rosso\" target=\"_blank\" rel=\"noreferrer noopener\">Claudia Teresa Canedo Rosso<\/a><\/li>\n\n\n\n<li><a href=\"https:\/\/www.kau.se\/forskare\/johanna-gustavsson\" target=\"_blank\" rel=\"noreferrer noopener\">Johanna Gustavsson<\/a><\/li>\n\n\n\n<li><a href=\"https:\/\/www.kau.se\/personal\/emelie-hindersson\" target=\"_blank\" rel=\"noreferrer noopener\">Emelie Hindersson<\/a><\/li>\n\n\n\n<li><a href=\"https:\/\/www.kau.se\/forskare\/peter-bellstrom\" target=\"_blank\" rel=\"noreferrer noopener\">Peter Bellstr\u00f6m<\/a><\/li>\n\n\n\n<li><a href=\"https:\/\/www.kau.se\/en\/researchers\/dide-dijkers\" target=\"_blank\" rel=\"noreferrer noopener\">Dide Dijkers<\/a><\/li>\n\n\n\n<li><a href=\"https:\/\/www.kau.se\/en\/researchers\/sai-ganesh-veeravalli\" target=\"_blank\" rel=\"noreferrer noopener\">Sai Ganesh Veeravalli<\/a><\/li>\n\n\n\n<li><a href=\"https:\/\/www.kau.se\/en\/employees\/johanna-salgeback\">Johanna S\u00e4lgeback<\/a><\/li>\n\n\n\n<li><a href=\"https:\/\/www.kau.se\/forskare\/mathilde-de-goer-de-herve\">Mathilde de Go\u00ebr de Herve<\/a><\/li>\n<\/ul>\n\n\n\n<hr class=\"wp-block-separator has-text-color has-alpha-channel-opacity has-background is-style-wide\" style=\"background-color:#f9cf03;color:#f9cf03\" \/>\n","protected":false},"excerpt":{"rendered":"<p>Arrang\u00f6r Centrum f\u00f6r forskning om samh\u00e4llsrisker, CSR, \u00e4r ett forskningscentrum vid Karlstads universitet med fokus p\u00e5 samh\u00e4llets f\u00f6rst\u00e5else och hantering av risker i ett samh\u00e4lle d\u00e4r risk- och s\u00e4kerhetsfr\u00e5gor blir alltmer komplexa och samh\u00e4llsviktiga. CSR \u00e4r ett forsknings- och kompetenscentrum p\u00e5 Karlstads universitet som skapar och f\u00f6rmedlar kunskap om samh\u00e4llsrisker och samh\u00e4llets roll i relation [&hellip;]<\/p>\n","protected":false},"author":6018,"featured_media":0,"parent":0,"menu_order":0,"comment_status":"closed","ping_status":"closed","template":"","meta":{"footnotes":""},"class_list":["post-419","page","type-page","status-publish","hentry","no-featured-image"],"_links":{"self":[{"href":"https:\/\/sola.kau.se\/riscon26\/sv\/wp-json\/wp\/v2\/pages\/419","targetHints":{"allow":["GET"]}}],"collection":[{"href":"https:\/\/sola.kau.se\/riscon26\/sv\/wp-json\/wp\/v2\/pages"}],"about":[{"href":"https:\/\/sola.kau.se\/riscon26\/sv\/wp-json\/wp\/v2\/types\/page"}],"author":[{"embeddable":true,"href":"https:\/\/sola.kau.se\/riscon26\/sv\/wp-json\/wp\/v2\/users\/6018"}],"replies":[{"embeddable":true,"href":"https:\/\/sola.kau.se\/riscon26\/sv\/wp-json\/wp\/v2\/comments?post=419"}],"version-history":[{"count":10,"href":"https:\/\/sola.kau.se\/riscon26\/sv\/wp-json\/wp\/v2\/pages\/419\/revisions"}],"predecessor-version":[{"id":500,"href":"https:\/\/sola.kau.se\/riscon26\/sv\/wp-json\/wp\/v2\/pages\/419\/revisions\/500"}],"wp:attachment":[{"href":"https:\/\/sola.kau.se\/riscon26\/sv\/wp-json\/wp\/v2\/media?parent=419"}],"curies":[{"name":"wp","href":"https:\/\/api.w.org\/{rel}","templated":true}]}}