 {"id":427,"date":"2025-10-25T11:40:14","date_gmt":"2025-10-25T11:40:14","guid":{"rendered":"https:\/\/sola.kau.se\/riscon26\/viktiga-datum\/"},"modified":"2026-03-06T13:21:59","modified_gmt":"2026-03-06T13:21:59","slug":"viktiga-datum","status":"publish","type":"page","link":"https:\/\/sola.kau.se\/riscon26\/sv\/viktiga-datum\/","title":{"rendered":"Viktiga datum"},"content":{"rendered":"\n<figure class=\"wp-block-gallery has-nested-images columns-default is-cropped wp-block-gallery-1 is-layout-flex wp-block-gallery-is-layout-flex\">\n<figure class=\"wp-block-image size-large\"><img loading=\"lazy\" decoding=\"async\" width=\"1024\" height=\"576\" data-id=\"843\" src=\"https:\/\/sola.kau.se\/riscon26\/wp-content\/uploads\/sites\/1481\/2026\/03\/2s-1-1024x576.jpg\" alt=\"\" class=\"wp-image-843\" srcset=\"https:\/\/sola.kau.se\/riscon26\/wp-content\/uploads\/sites\/1481\/2026\/03\/2s-1-1024x576.jpg 1024w, https:\/\/sola.kau.se\/riscon26\/wp-content\/uploads\/sites\/1481\/2026\/03\/2s-1-300x169.jpg 300w, https:\/\/sola.kau.se\/riscon26\/wp-content\/uploads\/sites\/1481\/2026\/03\/2s-1-768x432.jpg 768w, https:\/\/sola.kau.se\/riscon26\/wp-content\/uploads\/sites\/1481\/2026\/03\/2s-1-800x450.jpg 800w, https:\/\/sola.kau.se\/riscon26\/wp-content\/uploads\/sites\/1481\/2026\/03\/2s-1.jpg 1280w\" sizes=\"auto, (max-width: 1024px) 100vw, 1024px\" \/><\/figure>\n<\/figure>\n\n\n\n<div style=\"height:23px\" aria-hidden=\"true\" class=\"wp-block-spacer\"><\/div>\n\n\n\n<p>Vi \u00f6ppnar f\u00f6r inl\u00e4mning av abstract och f\u00f6rslag fr\u00e5n praktiker: <strong>9 februari 2026<\/strong><\/p>\n\n\n\n<p>Anm\u00e4lan \u00f6ppnar: <strong> 9 mars 2026<\/strong><\/p>\n\n\n\n<p>Deadline f\u00f6r inl\u00e4mning av abstract och f\u00f6rslag fr\u00e5n praktiker: <strong>7 maj 2026<\/strong><\/p>\n\n\n\n<p>Besked om accepterade abstract och f\u00f6rslag fr\u00e5n praktiker: <strong>9 juni 2026<\/strong><\/p>\n\n\n\n<p>Sista datum f\u00f6r registrering och betalning: <strong>24 augusti 2026<\/strong><\/p>\n\n\n\n<p>Konferensdatum: <strong>7 \u2013 9 oktober 2026<\/strong><\/p>\n\n\n\n<hr class=\"wp-block-separator has-text-color has-alpha-channel-opacity has-background is-style-wide\" style=\"background-color:#f9cf03;color:#f9cf03\" \/>\n","protected":false},"excerpt":{"rendered":"<p>Vi \u00f6ppnar f\u00f6r inl\u00e4mning av abstract och f\u00f6rslag fr\u00e5n praktiker: 9 februari 2026 Anm\u00e4lan \u00f6ppnar: 9 mars 2026 Deadline f\u00f6r inl\u00e4mning av abstract och f\u00f6rslag fr\u00e5n praktiker: 7 maj 2026 Besked om accepterade abstract och f\u00f6rslag fr\u00e5n praktiker: 9 juni 2026 Sista datum f\u00f6r registrering och betalning: 24 augusti 2026 Konferensdatum: 7 \u2013 9 oktober [&hellip;]<\/p>\n","protected":false},"author":6018,"featured_media":0,"parent":0,"menu_order":0,"comment_status":"closed","ping_status":"closed","template":"","meta":{"footnotes":""},"class_list":["post-427","page","type-page","status-publish","hentry","no-featured-image"],"_links":{"self":[{"href":"https:\/\/sola.kau.se\/riscon26\/sv\/wp-json\/wp\/v2\/pages\/427","targetHints":{"allow":["GET"]}}],"collection":[{"href":"https:\/\/sola.kau.se\/riscon26\/sv\/wp-json\/wp\/v2\/pages"}],"about":[{"href":"https:\/\/sola.kau.se\/riscon26\/sv\/wp-json\/wp\/v2\/types\/page"}],"author":[{"embeddable":true,"href":"https:\/\/sola.kau.se\/riscon26\/sv\/wp-json\/wp\/v2\/users\/6018"}],"replies":[{"embeddable":true,"href":"https:\/\/sola.kau.se\/riscon26\/sv\/wp-json\/wp\/v2\/comments?post=427"}],"version-history":[{"count":16,"href":"https:\/\/sola.kau.se\/riscon26\/sv\/wp-json\/wp\/v2\/pages\/427\/revisions"}],"predecessor-version":[{"id":886,"href":"https:\/\/sola.kau.se\/riscon26\/sv\/wp-json\/wp\/v2\/pages\/427\/revisions\/886"}],"wp:attachment":[{"href":"https:\/\/sola.kau.se\/riscon26\/sv\/wp-json\/wp\/v2\/media?parent=427"}],"curies":[{"name":"wp","href":"https:\/\/api.w.org\/{rel}","templated":true}]}}