 {"id":440,"date":"2025-10-25T12:52:20","date_gmt":"2025-10-25T12:52:20","guid":{"rendered":"https:\/\/sola.kau.se\/riscon26\/keynotes\/"},"modified":"2026-04-02T09:46:32","modified_gmt":"2026-04-02T09:46:32","slug":"keynotes","status":"publish","type":"page","link":"https:\/\/sola.kau.se\/riscon26\/sv\/keynotes\/","title":{"rendered":"Keynotes"},"content":{"rendered":"\n<div style=\"height:31px\" aria-hidden=\"true\" class=\"wp-block-spacer\"><\/div>\n\n<div class=\"wp-block-columns is-layout-flex wp-container-core-columns-is-layout-9d6595d7 wp-block-columns-is-layout-flex\">\n<div class=\"wp-block-column is-layout-flow wp-block-column-is-layout-flow\" style=\"flex-basis:33.33%\">\n<figure class=\"wp-block-image size-full\"><img loading=\"lazy\" decoding=\"async\" width=\"720\" height=\"960\" src=\"https:\/\/sola.kau.se\/riscon26\/wp-content\/uploads\/sites\/1481\/2026\/03\/Kamal-Kishore_UNDRR-SRSG-C-A.Tardy_min.jpg\" alt=\"\" class=\"wp-image-930\" srcset=\"https:\/\/sola.kau.se\/riscon26\/wp-content\/uploads\/sites\/1481\/2026\/03\/Kamal-Kishore_UNDRR-SRSG-C-A.Tardy_min.jpg 720w, https:\/\/sola.kau.se\/riscon26\/wp-content\/uploads\/sites\/1481\/2026\/03\/Kamal-Kishore_UNDRR-SRSG-C-A.Tardy_min-225x300.jpg 225w\" sizes=\"auto, (max-width: 720px) 100vw, 720px\" \/><\/figure>\n<\/div>\n\n\n\n<div class=\"wp-block-column is-layout-flow wp-block-column-is-layout-flow\" style=\"flex-basis:66.66%\">\n<p class=\"has-black-color has-text-color has-link-color has-larger-font-size wp-elements-eae741e3a58d0445582420fec40aa7bd\"><strong>Kamal Kishore<\/strong><\/p>\n\n\n\n<p>FN&#8217;s s\u00e4rskilde representant f\u00f6r katastrofriskreducering och chef f\u00f6r UNDRR (United Nations&#8217; Office for Disaster Risk Reduction)<\/p>\n\n\n\n<p>(Foto: <a href=\"https:\/\/www.undrr.org\/\">https:\/\/www.undrr.org\/1<\/a>)<\/p>\n<\/div>\n<\/div>\n\n<p>Kamal Kishore uts\u00e5gs i mars 2024 till chef f\u00f6r UNDRR och FN&#8217;s s\u00e4rskilde representant f\u00f6r katastrofriskreducering. Han har n\u00e4ra 30 \u00e5rs erfarenhet av katastrofriskreducering, klimatarbete och h\u00e5llbar utveckling inom regeringar, FN och civilsamh\u00e4llet. <\/p>\n\n<hr class=\"wp-block-separator has-text-color has-alpha-channel-opacity has-background is-style-wide\" style=\"background-color:#f9cf03;color:#f9cf03\" \/>\n\n<div class=\"wp-block-columns is-layout-flex wp-container-core-columns-is-layout-9d6595d7 wp-block-columns-is-layout-flex\">\n<div class=\"wp-block-column is-layout-flow wp-block-column-is-layout-flow\" style=\"flex-basis:66.66%\">\n<p class=\"has-black-color has-text-color has-link-color has-larger-font-size wp-elements-6391f5ed7444488acd63253f3541735f\"><strong>Takako Izumi<\/strong><\/p>\n\n\n\n<p>Bitr\u00e4dande direkt\u00f6r och professor, International Research Institute of Disaster Science (IRIDeS), Tohoku University, samt ordf\u00f6rande f\u00f6r MIRAI GCT2. <\/p>\n\n\n\n<p>(Foto: <a href=\"https:\/\/irides.tohoku.ac.jp\/\">https:\/\/irides.tohoku.ac.jp\/<\/a>)<\/p>\n<\/div>\n\n\n\n<div class=\"wp-block-column is-layout-flow wp-block-column-is-layout-flow\" style=\"flex-basis:33.33%\">\n<figure class=\"wp-block-image size-full\"><img loading=\"lazy\" decoding=\"async\" width=\"489\" height=\"500\" src=\"https:\/\/sola.kau.se\/riscon26\/wp-content\/uploads\/sites\/1481\/2026\/04\/Izumi-tohoku-1.jpg\" alt=\"\" class=\"wp-image-957\" srcset=\"https:\/\/sola.kau.se\/riscon26\/wp-content\/uploads\/sites\/1481\/2026\/04\/Izumi-tohoku-1.jpg 489w, https:\/\/sola.kau.se\/riscon26\/wp-content\/uploads\/sites\/1481\/2026\/04\/Izumi-tohoku-1-293x300.jpg 293w\" sizes=\"auto, (max-width: 489px) 100vw, 489px\" \/><\/figure>\n<\/div>\n<\/div>\n\n<p>Takako Izumi \u00e4r bitr\u00e4dande f\u00f6rest\u00e5ndare och professor vid International Research Institute of Disaster Science (IRIDeS), Tohoku University i Japan, samt Japans ordf\u00f6rande inom MIRAI:s Global Challenges\u2011team (GCT) f\u00f6r klimat\u00adanpassning, katastrof- och riskhantering samt f\u00f6rebyggande arbete. Hennes forskning fokuserar p\u00e5 internationella strategier f\u00f6r katastrofriskreducering (DRR), humanit\u00e4rt bist\u00e5nd och olika akt\u00f6rers roller \u2014 fr\u00e5n lokala samh\u00e4llen till internationella organisationer \u2014 i att st\u00e4rka resiliens. Hon leder APRU Multi\u2011Hazards\u2011programmet, driver stora globala initiativ inom katastrofriskreducering och har omfattande f\u00e4lterfarenhet fr\u00e5n FN\u2011organ och civilsamh\u00e4llesorganisationer.  <\/p>\n\n<hr class=\"wp-block-separator has-text-color has-alpha-channel-opacity has-background is-style-wide\" style=\"background-color:#f9cf03;color:#f9cf03\" \/>\n\n<p>Mer information kommer inom kort.<\/p>\n","protected":false},"excerpt":{"rendered":"<p>Kamal Kishore FN&#8217;s s\u00e4rskilde representant f\u00f6r katastrofriskreducering och chef f\u00f6r UNDRR (United Nations&#8217; Office for Disaster Risk Reduction) (Foto: https:\/\/www.undrr.org\/1) Kamal Kishore uts\u00e5gs i mars 2024 till chef f\u00f6r UNDRR och FN&#8217;s s\u00e4rskilde representant f\u00f6r katastrofriskreducering. Han har n\u00e4ra 30 \u00e5rs erfarenhet av katastrofriskreducering, klimatarbete och h\u00e5llbar utveckling inom regeringar, FN och civilsamh\u00e4llet. Takako Izumi [&hellip;]<\/p>\n","protected":false},"author":6018,"featured_media":0,"parent":0,"menu_order":0,"comment_status":"closed","ping_status":"closed","template":"","meta":{"footnotes":""},"class_list":["post-440","page","type-page","status-publish","hentry","no-featured-image"],"_links":{"self":[{"href":"https:\/\/sola.kau.se\/riscon26\/sv\/wp-json\/wp\/v2\/pages\/440","targetHints":{"allow":["GET"]}}],"collection":[{"href":"https:\/\/sola.kau.se\/riscon26\/sv\/wp-json\/wp\/v2\/pages"}],"about":[{"href":"https:\/\/sola.kau.se\/riscon26\/sv\/wp-json\/wp\/v2\/types\/page"}],"author":[{"embeddable":true,"href":"https:\/\/sola.kau.se\/riscon26\/sv\/wp-json\/wp\/v2\/users\/6018"}],"replies":[{"embeddable":true,"href":"https:\/\/sola.kau.se\/riscon26\/sv\/wp-json\/wp\/v2\/comments?post=440"}],"version-history":[{"count":11,"href":"https:\/\/sola.kau.se\/riscon26\/sv\/wp-json\/wp\/v2\/pages\/440\/revisions"}],"predecessor-version":[{"id":989,"href":"https:\/\/sola.kau.se\/riscon26\/sv\/wp-json\/wp\/v2\/pages\/440\/revisions\/989"}],"wp:attachment":[{"href":"https:\/\/sola.kau.se\/riscon26\/sv\/wp-json\/wp\/v2\/media?parent=440"}],"curies":[{"name":"wp","href":"https:\/\/api.w.org\/{rel}","templated":true}]}}