 {"id":460,"date":"2025-10-25T13:02:39","date_gmt":"2025-10-25T13:02:39","guid":{"rendered":"https:\/\/sola.kau.se\/riscon26\/workshops\/"},"modified":"2026-04-02T07:27:53","modified_gmt":"2026-04-02T07:27:53","slug":"workshops","status":"publish","type":"page","link":"https:\/\/sola.kau.se\/riscon26\/sv\/workshops\/","title":{"rendered":"Workshops"},"content":{"rendered":"\n<figure class=\"wp-block-image size-large\"><img loading=\"lazy\" decoding=\"async\" width=\"1024\" height=\"576\" src=\"https:\/\/sola.kau.se\/riscon26\/wp-content\/uploads\/sites\/1481\/2026\/02\/5-4-1024x576.jpg\" alt=\"\" class=\"wp-image-737\" srcset=\"https:\/\/sola.kau.se\/riscon26\/wp-content\/uploads\/sites\/1481\/2026\/02\/5-4-1024x576.jpg 1024w, https:\/\/sola.kau.se\/riscon26\/wp-content\/uploads\/sites\/1481\/2026\/02\/5-4-300x169.jpg 300w, https:\/\/sola.kau.se\/riscon26\/wp-content\/uploads\/sites\/1481\/2026\/02\/5-4-768x432.jpg 768w, https:\/\/sola.kau.se\/riscon26\/wp-content\/uploads\/sites\/1481\/2026\/02\/5-4-800x450.jpg 800w, https:\/\/sola.kau.se\/riscon26\/wp-content\/uploads\/sites\/1481\/2026\/02\/5-4.jpg 1280w\" sizes=\"auto, (max-width: 1024px) 100vw, 1024px\" \/><\/figure>\n\n<div style=\"height:28px\" aria-hidden=\"true\" class=\"wp-block-spacer\"><\/div>\n\n<p>Konferensen kommer att inneh\u00e5lla tre workshops som utvecklats av forskare vid RiskLab. RiskLab \u00e4r Centrum f\u00f6r forskning om samh\u00e4llsriskers huvudsakliga plattform f\u00f6r kunskaps- och erfarenhetsutbyte kring samh\u00e4llsrisker och fungerar som en m\u00f6tesplats f\u00f6r forskning om pedagogiska metoder relaterade till samh\u00e4llsrisker (f\u00f6r mer information, se <a href=\"https:\/\/www.kau.se\/en\/csr\/collaboration\/risklab\">RiskLab\u00ae vid Centrum f\u00f6r forskning om samh\u00e4llsrisker (CSR) | Karlstads universitet<\/a>). <\/p>\n\n<p>Varje workshop kommer att ge deltagarna m\u00f6jlighet att p\u00e5 ett interaktivt och lekfullt s\u00e4tt dela med sig av sina erfarenheter och sin kunskap kopplad till det \u00f6vergripande temat. Det prim\u00e4ra syftet \u00e4r d\u00e4rf\u00f6r att l\u00e4ra av varandra och diskutera id\u00e9er. Workshoparna kommer \u00e4ven ge forskare kopplade till RiskLab m\u00f6jlighet att samla in data relaterad till samh\u00e4llsrisker och anv\u00e4ndningen av seri\u00f6sa spel.  <\/p>\n\n<p>Mer information kommer att skickas via e\u2011post till alla anm\u00e4lda konferensdeltagare i god tid inf\u00f6r konferensen.<\/p>\n<div class=\"wp-block-image\">\n<figure class=\"aligncenter size-full is-resized\"><img loading=\"lazy\" decoding=\"async\" width=\"478\" height=\"334\" src=\"https:\/\/sola.kau.se\/riscon26\/wp-content\/uploads\/sites\/1481\/2026\/04\/CSR-profilbild-Riskville.jpg\" alt=\"\" class=\"wp-image-968\" style=\"width:478px;height:auto\" srcset=\"https:\/\/sola.kau.se\/riscon26\/wp-content\/uploads\/sites\/1481\/2026\/04\/CSR-profilbild-Riskville.jpg 478w, https:\/\/sola.kau.se\/riscon26\/wp-content\/uploads\/sites\/1481\/2026\/04\/CSR-profilbild-Riskville-300x210.jpg 300w\" sizes=\"auto, (max-width: 478px) 100vw, 478px\" \/><\/figure><\/div>\n<p class=\"has-text-align-center\">Foto: <a href=\"https:\/\/www.kau.se\/csr\/om-csr\/risklabr\/riskkoping\">https:\/\/www.kau.se\/csr\/om-csr\/risklabr\/riskkoping<\/a> <\/p>\n\n<hr class=\"wp-block-separator has-text-color has-alpha-channel-opacity has-background is-style-wide\" style=\"background-color:#f9cf03;color:#f9cf03\" \/>\n\n<p><\/p>\n","protected":false},"excerpt":{"rendered":"<p>Konferensen kommer att inneh\u00e5lla tre workshops som utvecklats av forskare vid RiskLab. RiskLab \u00e4r Centrum f\u00f6r forskning om samh\u00e4llsriskers huvudsakliga plattform f\u00f6r kunskaps- och erfarenhetsutbyte kring samh\u00e4llsrisker och fungerar som en m\u00f6tesplats f\u00f6r forskning om pedagogiska metoder relaterade till samh\u00e4llsrisker (f\u00f6r mer information, se RiskLab\u00ae vid Centrum f\u00f6r forskning om samh\u00e4llsrisker (CSR) | Karlstads universitet). [&hellip;]<\/p>\n","protected":false},"author":6018,"featured_media":0,"parent":0,"menu_order":0,"comment_status":"closed","ping_status":"closed","template":"","meta":{"footnotes":""},"class_list":["post-460","page","type-page","status-publish","hentry","no-featured-image"],"_links":{"self":[{"href":"https:\/\/sola.kau.se\/riscon26\/sv\/wp-json\/wp\/v2\/pages\/460","targetHints":{"allow":["GET"]}}],"collection":[{"href":"https:\/\/sola.kau.se\/riscon26\/sv\/wp-json\/wp\/v2\/pages"}],"about":[{"href":"https:\/\/sola.kau.se\/riscon26\/sv\/wp-json\/wp\/v2\/types\/page"}],"author":[{"embeddable":true,"href":"https:\/\/sola.kau.se\/riscon26\/sv\/wp-json\/wp\/v2\/users\/6018"}],"replies":[{"embeddable":true,"href":"https:\/\/sola.kau.se\/riscon26\/sv\/wp-json\/wp\/v2\/comments?post=460"}],"version-history":[{"count":4,"href":"https:\/\/sola.kau.se\/riscon26\/sv\/wp-json\/wp\/v2\/pages\/460\/revisions"}],"predecessor-version":[{"id":978,"href":"https:\/\/sola.kau.se\/riscon26\/sv\/wp-json\/wp\/v2\/pages\/460\/revisions\/978"}],"wp:attachment":[{"href":"https:\/\/sola.kau.se\/riscon26\/sv\/wp-json\/wp\/v2\/media?parent=460"}],"curies":[{"name":"wp","href":"https:\/\/api.w.org\/{rel}","templated":true}]}}