 {"id":467,"date":"2025-10-25T11:39:15","date_gmt":"2025-10-25T11:39:15","guid":{"rendered":"https:\/\/sola.kau.se\/riscon26\/vetenskaplig-kommitte\/"},"modified":"2026-04-02T07:10:39","modified_gmt":"2026-04-02T07:10:39","slug":"vetenskaplig-praktikerkommitte","status":"publish","type":"page","link":"https:\/\/sola.kau.se\/riscon26\/sv\/vetenskaplig-praktikerkommitte\/","title":{"rendered":"Vetenskaplig kommitt\u00e9"},"content":{"rendered":"\n<figure class=\"wp-block-image size-large\"><img loading=\"lazy\" decoding=\"async\" width=\"1024\" height=\"576\" src=\"https:\/\/sola.kau.se\/riscon26\/wp-content\/uploads\/sites\/1481\/2026\/03\/7-1024x576.jpg\" alt=\"\" class=\"wp-image-829\" srcset=\"https:\/\/sola.kau.se\/riscon26\/wp-content\/uploads\/sites\/1481\/2026\/03\/7-1024x576.jpg 1024w, https:\/\/sola.kau.se\/riscon26\/wp-content\/uploads\/sites\/1481\/2026\/03\/7-300x169.jpg 300w, https:\/\/sola.kau.se\/riscon26\/wp-content\/uploads\/sites\/1481\/2026\/03\/7-768x432.jpg 768w, https:\/\/sola.kau.se\/riscon26\/wp-content\/uploads\/sites\/1481\/2026\/03\/7-800x450.jpg 800w, https:\/\/sola.kau.se\/riscon26\/wp-content\/uploads\/sites\/1481\/2026\/03\/7.jpg 1280w\" sizes=\"auto, (max-width: 1024px) 100vw, 1024px\" \/><\/figure>\n\n<div style=\"height:48px\" aria-hidden=\"true\" class=\"wp-block-spacer\"><\/div>\n\n<p><strong>Vetenskaplig kommitt\u00e9<\/strong> <\/p>\n\n<ul class=\"wp-block-list\">\n<li>Lars Nyberg, professor och \u00e4mnesf\u00f6retr\u00e4dare, Risk- och milj\u00f6studier, Karlstads universitet<\/li>\n\n\n\n<li>Mikael Granberg, professor i statsvetenskap, Centrum f\u00f6r forskning om samh\u00e4llsrisker (CSR), Karlstads universitet<\/li>\n\n\n\n<li>Peter Bellstr\u00f6m, docent i informatik, Handelsh\u00f6gskolan, Karlstads universitet<\/li>\n\n\n\n<li>Magnus Johansson, docent i risk- och milj\u00f6studier, Karlstads universitet<\/li>\n\n\n\n<li>Johanna Gustavsson, docent i riskhantering, Centrum f\u00f6r forskning om samh\u00e4llsrisker, Karlstads universitet<\/li>\n\n\n\n<li>Avit Bhowmik, lektor i risk- och milj\u00f6studier, Karlstads universitet<\/li>\n\n\n\n<li>Bj\u00f8rn Tallak Bakken, docent, Institutionen f\u00f6r organisation, ledarskap och styrning, Handels\u00f6gskolan i Innlandet, Norge<\/li>\n\n\n\n<li>Mathilde de Go\u00ebr de Herve, post doc, Centrum f\u00f6r naturkatastrofl\u00e4ra (CNDS) och Centrum f\u00f6r forskning om samh\u00e4llsrisker (CSR), Karlstads universitet<\/li>\n\n\n\n<li>Mattias Hjerpe, bitr\u00e4dande professor, Institutionen f\u00f6r TEMA, Tema Milj\u00f6f\u00f6r\u00e4ndring (TEMAM), Link\u00f6pings universitet <\/li>\n\n\n\n<li>J\u00f6rgen Sparf, professor i sociologi, Mittuniversitetet. Grundare och medlem av Mittuniversitetets risk- och krisforskningscentrum RCR (Risk and Crisis Research Centre). <\/li>\n\n\n\n<li>Sara Bondesson, Universitetslektor, Avdelningen f\u00f6r Riskhantering och Samh\u00e4llss\u00e4kerhet, Lunds universitet <\/li>\n<\/ul>\n\n<hr class=\"wp-block-separator has-text-color has-alpha-channel-opacity has-background is-style-wide\" style=\"background-color:#f9cf03;color:#f9cf03\" \/>\n\n<p><\/p>\n","protected":false},"excerpt":{"rendered":"<p>Vetenskaplig kommitt\u00e9<\/p>\n","protected":false},"author":6018,"featured_media":0,"parent":0,"menu_order":0,"comment_status":"closed","ping_status":"closed","template":"","meta":{"footnotes":""},"class_list":["post-467","page","type-page","status-publish","hentry","no-featured-image"],"_links":{"self":[{"href":"https:\/\/sola.kau.se\/riscon26\/sv\/wp-json\/wp\/v2\/pages\/467","targetHints":{"allow":["GET"]}}],"collection":[{"href":"https:\/\/sola.kau.se\/riscon26\/sv\/wp-json\/wp\/v2\/pages"}],"about":[{"href":"https:\/\/sola.kau.se\/riscon26\/sv\/wp-json\/wp\/v2\/types\/page"}],"author":[{"embeddable":true,"href":"https:\/\/sola.kau.se\/riscon26\/sv\/wp-json\/wp\/v2\/users\/6018"}],"replies":[{"embeddable":true,"href":"https:\/\/sola.kau.se\/riscon26\/sv\/wp-json\/wp\/v2\/comments?post=467"}],"version-history":[{"count":18,"href":"https:\/\/sola.kau.se\/riscon26\/sv\/wp-json\/wp\/v2\/pages\/467\/revisions"}],"predecessor-version":[{"id":973,"href":"https:\/\/sola.kau.se\/riscon26\/sv\/wp-json\/wp\/v2\/pages\/467\/revisions\/973"}],"wp:attachment":[{"href":"https:\/\/sola.kau.se\/riscon26\/sv\/wp-json\/wp\/v2\/media?parent=467"}],"curies":[{"name":"wp","href":"https:\/\/api.w.org\/{rel}","templated":true}]}}