 {"id":486,"date":"2025-10-25T13:09:49","date_gmt":"2025-10-25T13:09:49","guid":{"rendered":"https:\/\/sola.kau.se\/riscon26\/konferenslokal\/"},"modified":"2026-02-26T09:17:34","modified_gmt":"2026-02-26T09:17:34","slug":"konferenslokal","status":"publish","type":"page","link":"https:\/\/sola.kau.se\/riscon26\/sv\/konferenslokal\/","title":{"rendered":"Konferenslokaler"},"content":{"rendered":"\n<p>Nedan finns en lista \u00f6ver de lokaler vid Karlstads universitet d\u00e4r konferenssessionerna kommer att h\u00e5llas. F\u00f6r information om hur du tar dig till Karlstads universitet, se sidan <a href=\"https:\/\/sola.kau.se\/riscon26\/sv\/hitta-hit\/\" target=\"_blank\" rel=\"noreferrer noopener\">Hitta hit<\/a> F\u00f6r ett detaljerat konferensschema, se sidan <a href=\"https:\/\/sola.kau.se\/riscon26\/sv\/schema\/\" target=\"_blank\" rel=\"noreferrer noopener\">Schema<\/a>.<\/p>\n\n<ul class=\"wp-block-list\">\n<li>Transformum (1A 307)<\/li>\n\n\n\n<li>Fr\u00f6dingssalen (1B 364)<\/li>\n\n\n\n<li>5C 329 <\/li>\n\n\n\n<li>5C 337<\/li>\n\n\n\n<li>RiskLab (21A 259)<\/li>\n<\/ul>\n\n<p>F\u00f6r att navigera p\u00e5 campus rekommenderas den interaktiva kartan. MazeMaps &#8211; <a href=\"https:\/\/use.mazemap.com\/?v=1&amp;campusid=85\">https:\/\/use.mazemap.com\/?v=1&amp;campusid=85<\/a><\/p>\n\n<figure class=\"wp-block-image size-full is-style-default\"><img loading=\"lazy\" decoding=\"async\" width=\"2560\" height=\"1805\" src=\"https:\/\/sola.kau.se\/riscon26\/wp-content\/uploads\/sites\/1481\/2026\/02\/Karta_KAU_2022-scaled.png\" alt=\"\" class=\"wp-image-197\" srcset=\"https:\/\/sola.kau.se\/riscon26\/wp-content\/uploads\/sites\/1481\/2026\/02\/Karta_KAU_2022-scaled.png 2560w, https:\/\/sola.kau.se\/riscon26\/wp-content\/uploads\/sites\/1481\/2026\/02\/Karta_KAU_2022-300x211.png 300w, https:\/\/sola.kau.se\/riscon26\/wp-content\/uploads\/sites\/1481\/2026\/02\/Karta_KAU_2022-1024x722.png 1024w, https:\/\/sola.kau.se\/riscon26\/wp-content\/uploads\/sites\/1481\/2026\/02\/Karta_KAU_2022-768x541.png 768w, https:\/\/sola.kau.se\/riscon26\/wp-content\/uploads\/sites\/1481\/2026\/02\/Karta_KAU_2022-1536x1083.png 1536w, https:\/\/sola.kau.se\/riscon26\/wp-content\/uploads\/sites\/1481\/2026\/02\/Karta_KAU_2022-2048x1444.png 2048w, https:\/\/sola.kau.se\/riscon26\/wp-content\/uploads\/sites\/1481\/2026\/02\/Karta_KAU_2022-800x564.png 800w\" sizes=\"auto, (max-width: 2560px) 100vw, 2560px\" \/><\/figure>\n\n<hr class=\"wp-block-separator has-text-color has-alpha-channel-opacity has-background is-style-wide\" style=\"background-color:#f9cf03;color:#f9cf03\" \/>\n\n<p><\/p>\n","protected":false},"excerpt":{"rendered":"<p>Nedan finns en lista \u00f6ver de lokaler vid Karlstads universitet d\u00e4r konferenssessionerna kommer att h\u00e5llas. F\u00f6r information om hur du tar dig till Karlstads universitet, se sidan Hitta hit F\u00f6r ett detaljerat konferensschema, se sidan Schema. F\u00f6r att navigera p\u00e5 campus rekommenderas den interaktiva kartan. MazeMaps &#8211; https:\/\/use.mazemap.com\/?v=1&amp;campusid=85<\/p>\n","protected":false},"author":6018,"featured_media":0,"parent":0,"menu_order":0,"comment_status":"closed","ping_status":"closed","template":"","meta":{"footnotes":""},"class_list":["post-486","page","type-page","status-publish","hentry","no-featured-image"],"_links":{"self":[{"href":"https:\/\/sola.kau.se\/riscon26\/sv\/wp-json\/wp\/v2\/pages\/486","targetHints":{"allow":["GET"]}}],"collection":[{"href":"https:\/\/sola.kau.se\/riscon26\/sv\/wp-json\/wp\/v2\/pages"}],"about":[{"href":"https:\/\/sola.kau.se\/riscon26\/sv\/wp-json\/wp\/v2\/types\/page"}],"author":[{"embeddable":true,"href":"https:\/\/sola.kau.se\/riscon26\/sv\/wp-json\/wp\/v2\/users\/6018"}],"replies":[{"embeddable":true,"href":"https:\/\/sola.kau.se\/riscon26\/sv\/wp-json\/wp\/v2\/comments?post=486"}],"version-history":[{"count":7,"href":"https:\/\/sola.kau.se\/riscon26\/sv\/wp-json\/wp\/v2\/pages\/486\/revisions"}],"predecessor-version":[{"id":646,"href":"https:\/\/sola.kau.se\/riscon26\/sv\/wp-json\/wp\/v2\/pages\/486\/revisions\/646"}],"wp:attachment":[{"href":"https:\/\/sola.kau.se\/riscon26\/sv\/wp-json\/wp\/v2\/media?parent=486"}],"curies":[{"name":"wp","href":"https:\/\/api.w.org\/{rel}","templated":true}]}}