 {"id":517,"date":"2025-10-25T11:41:09","date_gmt":"2025-10-25T11:41:09","guid":{"rendered":"https:\/\/sola.kau.se\/riscon26\/anmalan\/"},"modified":"2026-04-02T09:35:59","modified_gmt":"2026-04-02T09:35:59","slug":"anmalan","status":"publish","type":"page","link":"https:\/\/sola.kau.se\/riscon26\/sv\/anmalan\/","title":{"rendered":"Anm\u00e4lan"},"content":{"rendered":"\n<figure class=\"wp-block-image size-large\"><img loading=\"lazy\" decoding=\"async\" width=\"1024\" height=\"576\" src=\"https:\/\/sola.kau.se\/riscon26\/wp-content\/uploads\/sites\/1481\/2026\/02\/10-1024x576.jpg\" alt=\"\" class=\"wp-image-715\" srcset=\"https:\/\/sola.kau.se\/riscon26\/wp-content\/uploads\/sites\/1481\/2026\/02\/10-1024x576.jpg 1024w, https:\/\/sola.kau.se\/riscon26\/wp-content\/uploads\/sites\/1481\/2026\/02\/10-300x169.jpg 300w, https:\/\/sola.kau.se\/riscon26\/wp-content\/uploads\/sites\/1481\/2026\/02\/10-768x432.jpg 768w, https:\/\/sola.kau.se\/riscon26\/wp-content\/uploads\/sites\/1481\/2026\/02\/10-800x450.jpg 800w, https:\/\/sola.kau.se\/riscon26\/wp-content\/uploads\/sites\/1481\/2026\/02\/10.jpg 1280w\" sizes=\"auto, (max-width: 1024px) 100vw, 1024px\" \/><\/figure>\n\n<div style=\"height:60px\" aria-hidden=\"true\" class=\"wp-block-spacer\"><\/div>\n\n<p>Anm\u00e4lan \u00f6ppnar den 9 mars 2026 och st\u00e4nger den 24 augusti 2026.<\/p>\n\n<p><strong>Deltagaravgifter <\/strong><\/p>\n\n<figure class=\"wp-block-table is-style-stripes\"><table class=\"has-fixed-layout\"><thead><tr><th><strong>Kategori<\/strong><\/th><th><strong>Kostnad i SEK<br \/>exklusive moms<\/strong><\/th><th><strong>Kostnad i SEK<br \/>inklusive moms<\/strong><\/th><\/tr><\/thead><tbody><tr><td>Ordinarie<\/td><td>2800<\/td><td>3500<\/td><\/tr><tr><td>Doktorand<\/td><td>1500<\/td><td>1875<\/td><\/tr><tr><td>CSR-medlem<\/td><td>avgiftsfri<\/td><td>avgiftsfri<\/td><\/tr><tr><td>Halvdag<\/td><td>1000<\/td><td>1250<\/td><\/tr><\/tbody><\/table><figcaption class=\"wp-element-caption\">Svenska myndigheter eller statliga organisationer \u00e4r undantagna fr\u00e5n att betala moms. Alla andra akt\u00f6rer omfattas av 25 % moms. <\/figcaption><\/figure>\n\n<div style=\"height:50px\" aria-hidden=\"true\" class=\"wp-block-spacer\"><\/div>\n\n<div class=\"wp-block-buttons is-horizontal is-content-justification-center is-layout-flex wp-container-core-buttons-is-layout-499968f5 wp-block-buttons-is-layout-flex\">\n<div class=\"wp-block-button has-custom-width wp-block-button__width-75 is-style-fill\"><a class=\"wp-block-button__link has-black-color has-text-color has-background has-link-color has-regular-font-size has-custom-font-size wp-element-button\" href=\"https:\/\/riscon26.axacoair.se\/\" style=\"border-radius:71px;background-color:#f9cf03\" target=\"_blank\" rel=\"noreferrer noopener\">Anm\u00e4l dig h\u00e4r<\/a><\/div>\n<\/div>\n\n<div style=\"height:52px\" aria-hidden=\"true\" class=\"wp-block-spacer\"><\/div>\n\n<p><strong>Vad ing\u00e5r i deltagaravgiften?<\/strong><\/p>\n\n<p>I deltagaravgiften ing\u00e5r (f\u00f6rutom vid halvdagsdeltagande) tillg\u00e5ng till alla sessioner, f\u00f6rfriskningar, lunch under konferensen samt minglet den 7 oktober.<\/p>\n\n<p><strong>Avbokningsvillkor<\/strong><\/p>\n\n<p>Avbokning sker skriftligen till<a href=\"mailto:riscon@kau.se\"> <\/a><a href=\"mailto:konferens@kau.se\">konferens@kau.se<\/a><\/p>\n\n<p>Avbokningar m\u00e5ste g\u00f6ras senast den 20 september f\u00f6r full \u00e5terbetalning. Ingen \u00e5terbetalning kan g\u00f6ras f\u00f6r avbokningar som kommer in efter den 20 september. Konferensarrang\u00f6ren f\u00f6rbeh\u00e5ller sig r\u00e4tten att beh\u00e5lla hela avgiften vid uteblivet deltagande.   <\/p>\n\n<p><strong>Konferensmiddag<\/strong> <\/p>\n\n<p>Konferensmiddagen kommer att h\u00e5llas i centrala Karlstad den 8 oktober kl. 19.00, denna ing\u00e5r inte i deltagaravgiften utan betalas separat vid anm\u00e4lan. Efter registrering f\u00e5r du ett informationsmejl med detaljer om evenemanget.  <\/p>\n\n<p><strong>Boende<\/strong><\/p>\n\n<p>Vi har reserverat hotellrum f\u00f6r konferensg\u00e4ster till ett specialpris. Efter anm\u00e4lan f\u00e5r du ett informationsmejl med detaljer om boende och hur du g\u00f6r din bokning.  <\/p>\n\n<hr class=\"wp-block-separator has-text-color has-alpha-channel-opacity has-background is-style-wide\" style=\"background-color:#f9cf03;color:#f9cf03\" \/>\n\n<p><\/p>\n","protected":false},"excerpt":{"rendered":"<p>Anm\u00e4lan \u00f6ppnar den 9 mars 2026 och st\u00e4nger den 24 augusti 2026. Deltagaravgifter Kategori Kostnad i SEKexklusive moms Kostnad i SEKinklusive moms Ordinarie 2800 3500 Doktorand 1500 1875 CSR-medlem avgiftsfri avgiftsfri Halvdag 1000 1250 Svenska myndigheter eller statliga organisationer \u00e4r undantagna fr\u00e5n att betala moms. Alla andra akt\u00f6rer omfattas av 25 % moms. Vad ing\u00e5r [&hellip;]<\/p>\n","protected":false},"author":6018,"featured_media":0,"parent":0,"menu_order":0,"comment_status":"closed","ping_status":"closed","template":"","meta":{"footnotes":""},"class_list":["post-517","page","type-page","status-publish","hentry","no-featured-image"],"_links":{"self":[{"href":"https:\/\/sola.kau.se\/riscon26\/sv\/wp-json\/wp\/v2\/pages\/517","targetHints":{"allow":["GET"]}}],"collection":[{"href":"https:\/\/sola.kau.se\/riscon26\/sv\/wp-json\/wp\/v2\/pages"}],"about":[{"href":"https:\/\/sola.kau.se\/riscon26\/sv\/wp-json\/wp\/v2\/types\/page"}],"author":[{"embeddable":true,"href":"https:\/\/sola.kau.se\/riscon26\/sv\/wp-json\/wp\/v2\/users\/6018"}],"replies":[{"embeddable":true,"href":"https:\/\/sola.kau.se\/riscon26\/sv\/wp-json\/wp\/v2\/comments?post=517"}],"version-history":[{"count":20,"href":"https:\/\/sola.kau.se\/riscon26\/sv\/wp-json\/wp\/v2\/pages\/517\/revisions"}],"predecessor-version":[{"id":984,"href":"https:\/\/sola.kau.se\/riscon26\/sv\/wp-json\/wp\/v2\/pages\/517\/revisions\/984"}],"wp:attachment":[{"href":"https:\/\/sola.kau.se\/riscon26\/sv\/wp-json\/wp\/v2\/media?parent=517"}],"curies":[{"name":"wp","href":"https:\/\/api.w.org\/{rel}","templated":true}]}}