 {"id":531,"date":"2025-10-24T09:07:28","date_gmt":"2025-10-24T09:07:28","guid":{"rendered":"https:\/\/sola.kau.se\/riscon26\/valkommen\/"},"modified":"2026-03-17T14:27:09","modified_gmt":"2026-03-17T14:27:09","slug":"valkommen","status":"publish","type":"page","link":"https:\/\/sola.kau.se\/riscon26\/sv\/","title":{"rendered":"V\u00e4lkommen!"},"content":{"rendered":"\n<figure class=\"wp-block-image size-large\"><img loading=\"lazy\" decoding=\"async\" width=\"1024\" height=\"576\" src=\"https:\/\/sola.kau.se\/riscon26\/wp-content\/uploads\/sites\/1481\/2026\/03\/1s-1024x576.jpg\" alt=\"\" class=\"wp-image-911\" srcset=\"https:\/\/sola.kau.se\/riscon26\/wp-content\/uploads\/sites\/1481\/2026\/03\/1s-1024x576.jpg 1024w, https:\/\/sola.kau.se\/riscon26\/wp-content\/uploads\/sites\/1481\/2026\/03\/1s-300x169.jpg 300w, https:\/\/sola.kau.se\/riscon26\/wp-content\/uploads\/sites\/1481\/2026\/03\/1s-768x432.jpg 768w, https:\/\/sola.kau.se\/riscon26\/wp-content\/uploads\/sites\/1481\/2026\/03\/1s-800x450.jpg 800w, https:\/\/sola.kau.se\/riscon26\/wp-content\/uploads\/sites\/1481\/2026\/03\/1s.jpg 1280w\" sizes=\"auto, (max-width: 1024px) 100vw, 1024px\" \/><\/figure>\n\n\n\n<div style=\"height:51px\" aria-hidden=\"true\" class=\"wp-block-spacer\"><\/div>\n\n\n\n<p>RisCon26 arrangeras av Centrum f\u00f6r forskning om samh\u00e4llsrisker (CSR) vid Karlstads universitet.<\/p>\n\n\n\n<hr class=\"wp-block-separator has-text-color has-alpha-channel-opacity has-background is-style-wide\" style=\"background-color:#f9cf03;color:#f9cf03\" \/>\n\n\n\n<p class=\"has-text-align-center has-text-color has-link-color wp-elements-4edfeb0228ed895041d6f5cff093811f\" style=\"color:#000000\"><strong>RisCon26: En konferens om samh\u00e4llets riskhantering f\u00f6r forskare och praktiker<\/strong><\/p>\n\n\n\n<hr class=\"wp-block-separator has-text-color has-alpha-channel-opacity has-background is-style-wide\" style=\"background-color:#f9cf03;color:#f9cf03\" \/>\n\n\n\n<p>I en tid n\u00e4r klimatf\u00f6r\u00e4ndringar, digitala st\u00f6rningar och globala beroenden snabbt f\u00f6r\u00e4ndrar v\u00e5ra samh\u00e4llen beh\u00f6ver vi bli b\u00e4ttre p\u00e5 att f\u00f6rst\u00e5 risker \u2013 och agera p\u00e5 dem. P\u00e5 <strong>RisCon26<\/strong> m\u00f6ts forskare och praktiker som vill oms\u00e4tta kunskap till konkreta l\u00f6sningar och gemensam handlingskraft. Konferensen arrangeras av <strong>Centrum f\u00f6r forskning om samh\u00e4llsrisker (CSR)<\/strong> vid Karlstads universitet och \u00e4r en m\u00f6tesplats f\u00f6r alla som arbetar med risk, s\u00e4kerhet och beredskap. H\u00e4r f\u00e5r du ta del av nya arbetss\u00e4tt, testa innovativa simuleringar och utbyta erfarenheter som g\u00e5r att anv\u00e4nda direkt i din verksamhet. V\u00e4lkommen till Karlstad i oktober f\u00f6r att vara med och st\u00e4rka v\u00e5ra samh\u00e4llen inf\u00f6r framtidens utmaningar.<\/p>\n\n\n\n<figure class=\"wp-block-image size-large\"><img loading=\"lazy\" decoding=\"async\" width=\"1024\" height=\"683\" src=\"https:\/\/sola.kau.se\/riscon26\/wp-content\/uploads\/sites\/1481\/2026\/02\/omw047pygj4-1024x683.jpg\" alt=\"ett vattendrag omg\u00e4rdat av tr\u00e4d och byggnader\" class=\"wp-image-227\" srcset=\"https:\/\/sola.kau.se\/riscon26\/wp-content\/uploads\/sites\/1481\/2026\/02\/omw047pygj4-1024x683.jpg 1024w, https:\/\/sola.kau.se\/riscon26\/wp-content\/uploads\/sites\/1481\/2026\/02\/omw047pygj4-300x200.jpg 300w, https:\/\/sola.kau.se\/riscon26\/wp-content\/uploads\/sites\/1481\/2026\/02\/omw047pygj4-768x512.jpg 768w, https:\/\/sola.kau.se\/riscon26\/wp-content\/uploads\/sites\/1481\/2026\/02\/omw047pygj4-1536x1024.jpg 1536w, https:\/\/sola.kau.se\/riscon26\/wp-content\/uploads\/sites\/1481\/2026\/02\/omw047pygj4-800x534.jpg 800w, https:\/\/sola.kau.se\/riscon26\/wp-content\/uploads\/sites\/1481\/2026\/02\/omw047pygj4.jpg 1600w\" sizes=\"auto, (max-width: 1024px) 100vw, 1024px\" \/><\/figure>\n\n\n\n<h2 class=\"wp-block-heading\"><strong><em>Syfte<\/em><\/strong><\/h2>\n\n\n\n<p>Att \u00f6verbrygga klyftan mellan forskning och praktik och bidra till \u00e5tg\u00e4rder som st\u00e4rker ett resilient samh\u00e4lle \u2013 i b\u00e5de vardag och kris.<\/p>\n\n\n\n<p><em>RisCon26 st\u00e5r bakom FN:s Agenda 2030 f\u00f6r h\u00e5llbar utveckling.<\/em><\/p>\n\n\n\n<figure class=\"wp-block-image size-large\"><img loading=\"lazy\" decoding=\"async\" width=\"1024\" height=\"827\" src=\"https:\/\/sola.kau.se\/riscon26\/wp-content\/uploads\/sites\/1481\/2026\/02\/SDGs-1-1024x827.jpg\" alt=\"\" class=\"wp-image-230\" srcset=\"https:\/\/sola.kau.se\/riscon26\/wp-content\/uploads\/sites\/1481\/2026\/02\/SDGs-1-1024x827.jpg 1024w, https:\/\/sola.kau.se\/riscon26\/wp-content\/uploads\/sites\/1481\/2026\/02\/SDGs-1-300x242.jpg 300w, https:\/\/sola.kau.se\/riscon26\/wp-content\/uploads\/sites\/1481\/2026\/02\/SDGs-1-768x620.jpg 768w, https:\/\/sola.kau.se\/riscon26\/wp-content\/uploads\/sites\/1481\/2026\/02\/SDGs-1-1536x1240.jpg 1536w, https:\/\/sola.kau.se\/riscon26\/wp-content\/uploads\/sites\/1481\/2026\/02\/SDGs-1-800x646.jpg 800w, https:\/\/sola.kau.se\/riscon26\/wp-content\/uploads\/sites\/1481\/2026\/02\/SDGs-1.jpg 1855w\" sizes=\"auto, (max-width: 1024px) 100vw, 1024px\" \/><\/figure>\n\n\n\n<hr class=\"wp-block-separator has-text-color has-alpha-channel-opacity has-background is-style-wide\" style=\"background-color:#f9cf03;color:#f9cf03\" \/>\n\n\n\n<h2 class=\"wp-block-heading\"><strong><em>Tema<\/em><\/strong><\/h2>\n\n\n\n<p>Tv\u00e4rsektoriella arbetss\u00e4tt f\u00f6r samh\u00e4llsrisker \u2013 att att knyta samman vetenskap och praktik <\/p>\n\n\n\n<h3 class=\"wp-block-heading\"><strong><em>T1. Att f\u00f6rst\u00e5 och hantera samh\u00e4llsrisker<\/em><\/strong><\/h3>\n\n\n\n<p>Under detta tema fokuserar vi p\u00e5 styrning, beslutsfattande och policyskapande kring samh\u00e4llsrisker. Vi fokuserar ocks\u00e5 p\u00e5 l\u00e4rdomar fr\u00e5n integrerade ramverk och multiriskhantering<\/p>\n\n\n\n<p><em>T1.1 Samlat riskperspektiv<\/em> \u2014 integrerade ramverk f\u00f6r riskbed\u00f6mning och kommunikation, multirisk och komplexa katastrofer, kaskadrisker, samverkande risker och interagerande risker.<\/p>\n\n\n\n<p><em>T1.2 Styrning och tv\u00e4rsektoriellt beslutsfattande<\/em> \u2014 policyimplementering, samordning och katastrofriskhantering.<\/p>\n\n\n\n<h3 class=\"wp-block-heading\"><strong><em>T2. Klimat, milj\u00f6 och h\u00e4lsa<\/em><\/strong><\/h3>\n\n\n\n<p>Under detta tema fokuserar vi p\u00e5 naturh\u00e4ndelser, h\u00e4lsa och klimatf\u00f6r\u00e4ndringar. Vi fokuserar \u00e4ven p\u00e5 m\u00e4nsklig s\u00e5rbarhet och sociala best\u00e4mningsfaktorer f\u00f6r risk.<\/p>\n\n\n\n<p><strong><em>T2.1 Naturh\u00e4ndelser \u2014<\/em><\/strong> extremv\u00e4der, geofysiska risker och klimatf\u00f6r\u00e4ndringarnas effekter, sambandet mellan mat\u2013vatten\u2013energi.<\/p>\n\n\n\n<p><strong><em>T2.2 H\u00e4lsorelaterade samh\u00e4llsrisker \u2014<\/em><\/strong> klimatf\u00f6r\u00e4ndringarnas p\u00e5verkan p\u00e5 h\u00e4lsa, befolkningens s\u00e5rbarhet, sociala best\u00e4mningsfaktorer f\u00f6r risk.<\/p>\n\n\n\n<h3 class=\"wp-block-heading\"><strong><em>T3. Beredskap, respons och kapacitetsbyggande<\/em><\/strong><\/h3>\n\n\n\n<p>I detta tema fokuserar vi p\u00e5 beredskap, respons och f\u00f6rm\u00e5gor inf\u00f6r framtida h\u00e4ndelser. Vi betonar ocks\u00e5 vikten av att genomf\u00f6ra praktiska \u00e5tg\u00e4rder samt \u00f6vning och simulering f\u00f6r att bygga kapacitet (verktyg och metoder).<\/p>\n\n\n\n<p><strong><em>T3.1 Civil beredskap och beredskapsplanering \u2014<\/em><\/strong> beredskap p\u00e5 lokal och nationell niv\u00e5.<\/p>\n\n\n\n<p><strong><em>T3.2 Kris\u00f6vning och simulering \u2014 <\/em><\/strong>fr\u00e5n lokala \u00f6vningar till spelbaserat l\u00e4rande (digitalt och analogt) f\u00f6r beslutsfattande och visualisering.<\/p>\n\n\n\n<p><strong><em>T3.3 Cybers\u00e4kerhet i krishantering \u2014<\/em><\/strong> skydd av kritiska system och data i krissituationer.<\/p>\n\n\n\n<hr class=\"wp-block-separator has-text-color has-alpha-channel-opacity has-background is-style-wide\" style=\"background-color:#f9cf03;color:#f9cf03\" \/>\n\n\n\n<p><\/p>\n","protected":false},"excerpt":{"rendered":"<p>RisCon26 arrangeras av Centrum f\u00f6r forskning om samh\u00e4llsrisker (CSR) vid Karlstads universitet. RisCon26: En konferens om samh\u00e4llets riskhantering f\u00f6r forskare och praktiker I en tid n\u00e4r klimatf\u00f6r\u00e4ndringar, digitala st\u00f6rningar och globala beroenden snabbt f\u00f6r\u00e4ndrar v\u00e5ra samh\u00e4llen beh\u00f6ver vi bli b\u00e4ttre p\u00e5 att f\u00f6rst\u00e5 risker \u2013 och agera p\u00e5 dem. P\u00e5 RisCon26 m\u00f6ts forskare och praktiker [&hellip;]<\/p>\n","protected":false},"author":6018,"featured_media":0,"parent":0,"menu_order":0,"comment_status":"closed","ping_status":"open","template":"","meta":{"footnotes":""},"class_list":["post-531","page","type-page","status-publish","hentry","no-featured-image"],"_links":{"self":[{"href":"https:\/\/sola.kau.se\/riscon26\/sv\/wp-json\/wp\/v2\/pages\/531","targetHints":{"allow":["GET"]}}],"collection":[{"href":"https:\/\/sola.kau.se\/riscon26\/sv\/wp-json\/wp\/v2\/pages"}],"about":[{"href":"https:\/\/sola.kau.se\/riscon26\/sv\/wp-json\/wp\/v2\/types\/page"}],"author":[{"embeddable":true,"href":"https:\/\/sola.kau.se\/riscon26\/sv\/wp-json\/wp\/v2\/users\/6018"}],"replies":[{"embeddable":true,"href":"https:\/\/sola.kau.se\/riscon26\/sv\/wp-json\/wp\/v2\/comments?post=531"}],"version-history":[{"count":16,"href":"https:\/\/sola.kau.se\/riscon26\/sv\/wp-json\/wp\/v2\/pages\/531\/revisions"}],"predecessor-version":[{"id":923,"href":"https:\/\/sola.kau.se\/riscon26\/sv\/wp-json\/wp\/v2\/pages\/531\/revisions\/923"}],"wp:attachment":[{"href":"https:\/\/sola.kau.se\/riscon26\/sv\/wp-json\/wp\/v2\/media?parent=531"}],"curies":[{"name":"wp","href":"https:\/\/api.w.org\/{rel}","templated":true}]}}