 {"id":598,"date":"2025-10-25T11:40:42","date_gmt":"2025-10-25T11:40:42","guid":{"rendered":"https:\/\/sola.kau.se\/riscon26\/instruktioner\/"},"modified":"2026-04-22T12:33:15","modified_gmt":"2026-04-22T12:33:15","slug":"instruktioner","status":"publish","type":"page","link":"https:\/\/sola.kau.se\/riscon26\/sv\/instruktioner\/","title":{"rendered":"Instruktioner f\u00f6r presentation"},"content":{"rendered":"\n<figure class=\"wp-block-image size-large\"><img loading=\"lazy\" decoding=\"async\" width=\"1024\" height=\"576\" src=\"https:\/\/sola.kau.se\/riscon26\/wp-content\/uploads\/sites\/1481\/2026\/02\/8-2-1024x576.jpg\" alt=\"\" class=\"wp-image-669\" srcset=\"https:\/\/sola.kau.se\/riscon26\/wp-content\/uploads\/sites\/1481\/2026\/02\/8-2-1024x576.jpg 1024w, https:\/\/sola.kau.se\/riscon26\/wp-content\/uploads\/sites\/1481\/2026\/02\/8-2-300x169.jpg 300w, https:\/\/sola.kau.se\/riscon26\/wp-content\/uploads\/sites\/1481\/2026\/02\/8-2-768x432.jpg 768w, https:\/\/sola.kau.se\/riscon26\/wp-content\/uploads\/sites\/1481\/2026\/02\/8-2-800x450.jpg 800w, https:\/\/sola.kau.se\/riscon26\/wp-content\/uploads\/sites\/1481\/2026\/02\/8-2.jpg 1280w\" sizes=\"auto, (max-width: 1024px) 100vw, 1024px\" \/><\/figure>\n\n<div style=\"height:26px\" aria-hidden=\"true\" class=\"wp-block-spacer\"><\/div>\n\n<p>V\u00e4nligen f\u00f6lj instruktionerna nedan n\u00e4r du f\u00f6rbereder din session.<\/p>\n\n<hr class=\"wp-block-separator has-text-color has-alpha-channel-opacity has-background is-style-wide\" style=\"background-color:#f9cf03;color:#f9cf03\" \/>\n\n<h1 class=\"wp-block-heading\">Muntlig presentation<\/h1>\n\n<h3 class=\"wp-block-heading\">1. Tid och format<\/h3>\n\n<ul class=\"wp-block-list\">\n<li>Tid: 20 minuter<\/li>\n\n\n\n<li>Rekommenderad tidsf\u00f6rdelning: Vi f\u00f6resl\u00e5r 15 minuter f\u00f6r din presentation, f\u00f6ljt av 5 minuter f\u00f6r fr\u00e5gor och diskussion.<\/li>\n\n\n\n<li>Ordf\u00f6rande: En moderator kommer att finnas i varje rum f\u00f6r att introducera dig och h\u00e5lla koll p\u00e5 schemat.<\/li>\n<\/ul>\n\n<h3 class=\"wp-block-heading\">2. Inneh\u00e5ll<\/h3>\n\n<p>F\u00f6r att se till att din presentation f\u00f6ljer konferensens m\u00e5l och tema, s\u00e4kerst\u00e4ll att den t\u00e4cker f\u00f6ljande centrala delar:<\/p>\n\n<figure class=\"wp-block-table is-style-stripes\"><table class=\"has-fixed-layout\"><thead><tr><th>Sp\u00e5r A: Vetenskaplig forskning<\/th><th>Sp\u00e5r B: Praktiska erfarenheter<\/th><\/tr><\/thead><tbody><tr><td>Problemet: Tydligg\u00f6r den samh\u00e4lleliga risken och forskningsluckan som behandlas.<\/td><td>Utmaningen: Beskriv den specifika risken eller krisen som hanterats.<\/td><\/tr><tr><td>Metod: F\u00f6rklara \u00f6vergripande ditt arbetss\u00e4tt<\/td><td>\u00c5tg\u00e4rden: Vilken strategi, policy eller vilket verktyg implementerades?<\/td><\/tr><tr><td>Huvudsakliga fynd: Vad visar dina data?<\/td><td>Effekt och resultat: Vad f\u00f6r\u00e4ndrades? Hur st\u00e4rkte detta resiliensen? <\/td><\/tr><tr><td>Bryggan mellan teori och praktik: Vad \u00e4r den praktiska till\u00e4mpningen av forskningen?<\/td><td>L\u00e4rdom: Vad kan forskare eller andra praktiker l\u00e4ra sig av fallet?<\/td><\/tr><\/tbody><\/table><\/figure>\n\n<h3 class=\"wp-block-heading\">3. Presentationsmaterial<\/h3>\n\n<ul class=\"wp-block-list\">\n<li>Bildf\u00f6rh\u00e5llande: Anv\u00e4nd 16:9 (widescreen)<\/li>\n\n\n\n<li>L\u00e4sbarhet: Anv\u00e4nd stora typsnitt (minst 20 pt) och f\u00e4rger med h\u00f6g kontrast.<\/li>\n\n\n\n<li>Tillg\u00e4nglighet: F\u00f6rlita dig inte enbart p\u00e5 f\u00e4rg f\u00f6r att f\u00f6rmedla betydelse (f\u00f6r f\u00e4rgblindhetsanpassning) och undvik r\u00f6riga bilder.<\/li>\n\n\n\n<li>Spr\u00e5k: \u00c4ven om presentationen kan h\u00e5llas p\u00e5 engelska eller svenska s\u00e5 rekommenderas engelska p\u00e5 dina slides eftersom publiken kan vara internationell.<\/li>\n<\/ul>\n\n<h3 class=\"wp-block-heading\">4. Tekniska krav<\/h3>\n\n<ul class=\"wp-block-list\">\n<li>Filformat: Skicka din presentation till <a href=\"mailto:riscon@kau.se\">riscon@kau.se<\/a> minst 24 timmar f\u00f6re din tilldelade session, eller ta med din presentation p\u00e5 ett USB-minne i PPTX- (PowerPoint) eller PDF-format.<\/li>\n\n\n\n<li>Inl\u00e4mning: Presentationer b\u00f6r laddas upp p\u00e5 rummets dator minst 15 minuter innan din session b\u00f6rjar (under paus eller lunch).<\/li>\n\n\n\n<li>Utrustning: Varje rum \u00e4r utrustat med dator, projektor, ljudsystem och fj\u00e4rrkontroll (clicker).<\/li>\n<\/ul>\n\n<h3 class=\"wp-block-heading\">5. \u201cRisCon Bridge\u201d-principen<\/h3>\n\n<p>Kom ih\u00e5g att publiken \u00e4r blandad.<\/p>\n\n<ul class=\"wp-block-list\">\n<li>Om du \u00e4r forskare: Undvik on\u00f6digt fackspr\u00e5k och f\u00f6rklara p\u00e5 ett tillg\u00e4ngligt s\u00e4tt varf\u00f6r dina resultat eller modeller \u00e4r relevanta f\u00f6r praktiker.<\/li>\n\n\n\n<li>Om du \u00e4r praktiker: Ge tillr\u00e4ckligt med bakgrund och sammanhang s\u00e5 att forskare kan f\u00f6rst\u00e5 de praktiska och organisatoriska begr\u00e4nsningar du arbetar under.<\/li>\n<\/ul>\n\n<hr class=\"wp-block-separator has-text-color has-alpha-channel-opacity has-background is-style-wide\" style=\"background-color:#f9cf03;color:#f9cf03\" \/>\n\n<h1 class=\"wp-block-heading\">Posterpresentation<\/h1>\n\n<h3 class=\"wp-block-heading\"><strong>1. Posterstorlek och format<\/strong> <\/h3>\n\n<p>Presentat\u00f6rer av posters ombeds att f\u00f6rbereda sina bidrag enligt f\u00f6ljande riktlinjer. Postersk\u00e4rmarna rymmer material upp till 70 cm i bredd och 150 cm i h\u00f6jd, och presentat\u00f6rer uppmuntras att anv\u00e4nda formatet <strong>A1<\/strong> (59,4 \u00d7 84,1 cm) i <strong>st\u00e5ende orientering<\/strong>.  <\/p>\n\n<h3 class=\"wp-block-heading\">2. <strong>Format f\u00f6r presentation<\/strong><\/h3>\n\n<p>Under sessionen kommer varje presentat\u00f6r att ge en <strong>kort presentation p\u00e5 maximalt 2 minuter<\/strong>. Detta f\u00f6ljs av en rundvandring i posterutst\u00e4llningen. D\u00e4refter f\u00f6rv\u00e4ntas presentat\u00f6rerna stanna vid sina postrar f\u00f6r fortsatt <strong>diskussion och f\u00f6r att besvara fr\u00e5gor.<\/strong>   <\/p>\n\n<h3 class=\"wp-block-heading\">3. Schema och n\u00e4rvaro <\/h3>\n\n<p>Sessionsschemat kommer att finnas tillg\u00e4ngligt i <a href=\"https:\/\/sola.kau.se\/riscon26\/sv\/schema\/\">konferensprogrammet.<\/a> Presentat\u00f6rer f\u00f6rv\u00e4ntas n\u00e4rvara under hela sin session, inklusive presentation och diskussion.  <\/p>\n\n<h3 class=\"wp-block-heading\">4. Pris f\u00f6r b\u00e4sta poster <\/h3>\n\n<p>Ett pris f\u00f6r b\u00e4sta poster kommer att delas ut under avslutningssessionen f\u00f6r att uppm\u00e4rksamma framst\u00e5ende bidrag fr\u00e5n master- och doktorandstudenter. R\u00f6stningen kommer att \u00e4ga rum vid postersessionen.  <\/p>\n\n<h3 class=\"wp-block-heading\">5. Utskriftservice <\/h3>\n\n<p>M\u00f6jlighet att skriva ut sin poster erbjuds via Karlstads universitets tryckeri, Universitetstryckeriet (hus 4B). Om du vill f\u00e5 din poster utskriven d\u00e4r beh\u00f6ver du skicka in postern senast den 28 september till <a href=\"mailto:tryckeriet@kau.se\" target=\"_blank\" rel=\"noreferrer noopener\">tryckeriet@kau.se<\/a> f\u00f6r att den ska hinna f\u00e4rdigst\u00e4llas inf\u00f6r konferensen. Priset, inklusive moms, \u00e4r 337 SEK f\u00f6r formatet A1. Betalning kan ske med kort eller Swish n\u00e4r postern h\u00e4mtas p\u00e5 Universitetstryckeriet vid Karlstads universitet. F\u00f6r mer information, se<br\/><a href=\"https:\/\/www.kau.se\/om-universitetet\/organisation\/var-verksamhet\/tryckeriet\" target=\"_blank\" rel=\"noreferrer noopener\">https:\/\/www.kau.se\/om-universitetet\/organisation\/var-verksamhet\/tryckeriet<\/a>.     <\/p>\n\n<hr class=\"wp-block-separator has-text-color has-alpha-channel-opacity has-background is-style-wide\" style=\"background-color:#f9cf03;color:#f9cf03\" \/>\n\n<p><\/p>\n","protected":false},"excerpt":{"rendered":"<p>V\u00e4nligen f\u00f6lj instruktionerna nedan n\u00e4r du f\u00f6rbereder din session. Muntlig presentation 1. Tid och format 2. Inneh\u00e5ll F\u00f6r att se till att din presentation f\u00f6ljer konferensens m\u00e5l och tema, s\u00e4kerst\u00e4ll att den t\u00e4cker f\u00f6ljande centrala delar: Sp\u00e5r A: Vetenskaplig forskning Sp\u00e5r B: Praktiska erfarenheter Problemet: Tydligg\u00f6r den samh\u00e4lleliga risken och forskningsluckan som behandlas. Utmaningen: Beskriv [&hellip;]<\/p>\n","protected":false},"author":6018,"featured_media":0,"parent":0,"menu_order":0,"comment_status":"closed","ping_status":"closed","template":"","meta":{"footnotes":""},"class_list":["post-598","page","type-page","status-publish","hentry","no-featured-image"],"_links":{"self":[{"href":"https:\/\/sola.kau.se\/riscon26\/sv\/wp-json\/wp\/v2\/pages\/598","targetHints":{"allow":["GET"]}}],"collection":[{"href":"https:\/\/sola.kau.se\/riscon26\/sv\/wp-json\/wp\/v2\/pages"}],"about":[{"href":"https:\/\/sola.kau.se\/riscon26\/sv\/wp-json\/wp\/v2\/types\/page"}],"author":[{"embeddable":true,"href":"https:\/\/sola.kau.se\/riscon26\/sv\/wp-json\/wp\/v2\/users\/6018"}],"replies":[{"embeddable":true,"href":"https:\/\/sola.kau.se\/riscon26\/sv\/wp-json\/wp\/v2\/comments?post=598"}],"version-history":[{"count":14,"href":"https:\/\/sola.kau.se\/riscon26\/sv\/wp-json\/wp\/v2\/pages\/598\/revisions"}],"predecessor-version":[{"id":1056,"href":"https:\/\/sola.kau.se\/riscon26\/sv\/wp-json\/wp\/v2\/pages\/598\/revisions\/1056"}],"wp:attachment":[{"href":"https:\/\/sola.kau.se\/riscon26\/sv\/wp-json\/wp\/v2\/media?parent=598"}],"curies":[{"name":"wp","href":"https:\/\/api.w.org\/{rel}","templated":true}]}}