 {"id":620,"date":"2025-10-25T13:10:44","date_gmt":"2025-10-25T13:10:44","guid":{"rendered":"https:\/\/sola.kau.se\/riscon26\/hitta-hit\/"},"modified":"2026-03-02T10:15:45","modified_gmt":"2026-03-02T10:15:45","slug":"hitta-hit","status":"publish","type":"page","link":"https:\/\/sola.kau.se\/riscon26\/sv\/hitta-hit\/","title":{"rendered":"Hitta hit"},"content":{"rendered":"\n<figure class=\"wp-block-image size-full\"><img loading=\"lazy\" decoding=\"async\" width=\"650\" height=\"427\" src=\"https:\/\/sola.kau.se\/riscon26\/wp-content\/uploads\/sites\/1481\/2026\/02\/Flygfoto-campus.jpg\" alt=\"\" class=\"wp-image-152\" srcset=\"https:\/\/sola.kau.se\/riscon26\/wp-content\/uploads\/sites\/1481\/2026\/02\/Flygfoto-campus.jpg 650w, https:\/\/sola.kau.se\/riscon26\/wp-content\/uploads\/sites\/1481\/2026\/02\/Flygfoto-campus-300x197.jpg 300w\" sizes=\"auto, (max-width: 650px) 100vw, 650px\" \/><\/figure>\n\n<div style=\"height:25px\" aria-hidden=\"true\" class=\"wp-block-spacer\"><\/div>\n\n<h3 class=\"wp-block-heading\">Att resa till Karlstad<\/h3>\n\n<p>Karlstad ligger strategiskt placerat precis norr om V\u00e4nern och har mycket goda t\u00e5g- och bussf\u00f6rbindelser oavsett om du reser fr\u00e5n Oslo, G\u00f6teborg eller Stockholm. Det g\u00e5r \u00e4ven att resa med flyg till Karlstad airport. <\/p>\n\n<p>Fr\u00e5n n\u00e5gra av Sveriges och Nordens st\u00f6rsta st\u00e4der n\u00e5r man Karlstad p\u00e5 under tre timmar:<\/p>\n\n<ul class=\"wp-block-list\">\n<li>Stockholm \u2013 Karlstad: ca 2,5\u20133 timmar med direktt\u00e5g <\/li>\n\n\n\n<li>G\u00f6teborg \u2013 Karlstad: ca 2,5 timmar med direktt\u00e5g<\/li>\n\n\n\n<li>Oslo \u2013 Karlstad: ca 3-4 timmar med t\u00e5g eller buss<\/li>\n\n\n\n<li>K\u00f6penhamn &#8211; Karlstad: ca 1 timme och 15 minuter med flyg<\/li>\n<\/ul>\n\n<hr class=\"wp-block-separator has-text-color has-alpha-channel-opacity has-background is-style-wide\" style=\"background-color:#f9cf03;color:#f9cf03\" \/>\n\n<h3 class=\"wp-block-heading\">Att ta sig till campus<\/h3>\n\n<p>Karlstads universitets campus (d\u00e4r konferensen h\u00e5lls) ligger n\u00e5gra kilometer \u00f6ster om stadsk\u00e4rnan. De enklaste s\u00e4tten att ta sig hit \u00e4r med buss, cykel eller bil.  <\/p>\n\n<p><a href=\"https:\/\/www.google.se\/maps\/place\/Karlstads+Universitet\/@59.406399,13.5803993,17z\/data=!3m1!4b1!4m5!3m4!1s0x465cb12dfeb2f6e3:0x4d3afe475254bf1e!8m2!3d59.406399!4d13.582588?shorturl=1\">Google Maps<\/a><\/p>\n\n<h4 class=\"wp-block-heading\">\u00c5ka buss<\/h4>\n\n<p>Flera bussar stannar vid universitetet. Buss 1 \u00e4r en snabbuss fr\u00e5n stadsk\u00e4rnan och g\u00e5r p\u00e5 vardagar var tionde minut under st\u00f6rre delen av dagen. Buss 2 och buss S stannar ocks\u00e5 vid universitetet, men tar lite l\u00e4ngre tid.  <\/p>\n\n<p>Flera l\u00e4nsbussar stannar vid universitetet och fungerar som pendelbussar f\u00f6r personer som bor utanf\u00f6r Karlstad. Du kan ocks\u00e5 resa till och fr\u00e5n Karlstad med Swebus Express eller GoByBus, och vissa linjer stannar vid universitetet.  <\/p>\n\n<p><a href=\"https:\/\/www.varmlandstrafik.se\/varmlandstrafik\/res-med-oss\/in-english\">Hitta avg\u00e5ngar med V\u00e4rmlandstrafik<\/a><\/p>\n\n<h4 class=\"wp-block-heading\">Cykla<\/h4>\n\n<p>Det \u00e4r l\u00e4tt att ta sig till campus med cykel. Det finns fem huvudcykelv\u00e4gar i Karlstad som f\u00f6rbinder stadsk\u00e4rnan med de omkringliggande bostadsomr\u00e5dena. Den r\u00f6da cykelleden leder till Kronoparken, d\u00e4r campus ligger. Str\u00e4ckan fr\u00e5n centrum \u00e4r cirka 5,5 km.   <\/p>\n\n<p><a href=\"https:\/\/karlstad.se\/uppleva-och-gora\/friluftsliv-och-motion\/cykling\/cykelkarta\/\">Cykelkarta<\/a><\/p>\n\n<h4 class=\"wp-block-heading\">K\u00f6ra bil<\/h4>\n\n<p>Om du reser med bil \u00e4r det enkelt att ta sig hit via E18. Karlstads universitet \u00e4r tydligt skyltat vid avfarten.  <\/p>\n\n<p>GPS:<br\/>Lat \u2013 N 59\u00ba 24\u2032 21.11\u2033<br\/>Long \u2013 E 13\u00ba 34\u2032 55.95\u2033<\/p>\n\n<hr class=\"wp-block-separator has-text-color has-alpha-channel-opacity has-background is-style-wide\" style=\"background-color:#f9cf03;color:#f9cf03\" \/>\n\n<p><\/p>\n","protected":false},"excerpt":{"rendered":"<p>Att resa till Karlstad Karlstad ligger strategiskt placerat precis norr om V\u00e4nern och har mycket goda t\u00e5g- och bussf\u00f6rbindelser oavsett om du reser fr\u00e5n Oslo, G\u00f6teborg eller Stockholm. Det g\u00e5r \u00e4ven att resa med flyg till Karlstad airport. Fr\u00e5n n\u00e5gra av Sveriges och Nordens st\u00f6rsta st\u00e4der n\u00e5r man Karlstad p\u00e5 under tre timmar: Att ta [&hellip;]<\/p>\n","protected":false},"author":6018,"featured_media":0,"parent":0,"menu_order":0,"comment_status":"closed","ping_status":"closed","template":"","meta":{"footnotes":""},"class_list":["post-620","page","type-page","status-publish","hentry","no-featured-image"],"_links":{"self":[{"href":"https:\/\/sola.kau.se\/riscon26\/sv\/wp-json\/wp\/v2\/pages\/620","targetHints":{"allow":["GET"]}}],"collection":[{"href":"https:\/\/sola.kau.se\/riscon26\/sv\/wp-json\/wp\/v2\/pages"}],"about":[{"href":"https:\/\/sola.kau.se\/riscon26\/sv\/wp-json\/wp\/v2\/types\/page"}],"author":[{"embeddable":true,"href":"https:\/\/sola.kau.se\/riscon26\/sv\/wp-json\/wp\/v2\/users\/6018"}],"replies":[{"embeddable":true,"href":"https:\/\/sola.kau.se\/riscon26\/sv\/wp-json\/wp\/v2\/comments?post=620"}],"version-history":[{"count":5,"href":"https:\/\/sola.kau.se\/riscon26\/sv\/wp-json\/wp\/v2\/pages\/620\/revisions"}],"predecessor-version":[{"id":801,"href":"https:\/\/sola.kau.se\/riscon26\/sv\/wp-json\/wp\/v2\/pages\/620\/revisions\/801"}],"wp:attachment":[{"href":"https:\/\/sola.kau.se\/riscon26\/sv\/wp-json\/wp\/v2\/media?parent=620"}],"curies":[{"name":"wp","href":"https:\/\/api.w.org\/{rel}","templated":true}]}}