 {"id":846,"date":"2026-03-02T14:02:28","date_gmt":"2026-03-02T14:02:28","guid":{"rendered":"https:\/\/sola.kau.se\/riscon26\/inlamning-av-abstract\/"},"modified":"2026-03-03T09:02:08","modified_gmt":"2026-03-03T09:02:08","slug":"inlamning-av-abstract","status":"publish","type":"page","link":"https:\/\/sola.kau.se\/riscon26\/sv\/inlamning-av-abstract\/","title":{"rendered":"Inl\u00e4mning av abstract"},"content":{"rendered":"\n<figure class=\"wp-block-image size-large\"><img loading=\"lazy\" decoding=\"async\" width=\"1024\" height=\"576\" src=\"https:\/\/sola.kau.se\/riscon26\/wp-content\/uploads\/sites\/1481\/2026\/03\/8s-1024x576.jpg\" alt=\"\" class=\"wp-image-854\" srcset=\"https:\/\/sola.kau.se\/riscon26\/wp-content\/uploads\/sites\/1481\/2026\/03\/8s-1024x576.jpg 1024w, https:\/\/sola.kau.se\/riscon26\/wp-content\/uploads\/sites\/1481\/2026\/03\/8s-300x169.jpg 300w, https:\/\/sola.kau.se\/riscon26\/wp-content\/uploads\/sites\/1481\/2026\/03\/8s-768x432.jpg 768w, https:\/\/sola.kau.se\/riscon26\/wp-content\/uploads\/sites\/1481\/2026\/03\/8s-800x450.jpg 800w, https:\/\/sola.kau.se\/riscon26\/wp-content\/uploads\/sites\/1481\/2026\/03\/8s.jpg 1280w\" sizes=\"auto, (max-width: 1024px) 100vw, 1024px\" \/><\/figure>\n\n\n\n<div style=\"height:31px\" aria-hidden=\"true\" class=\"wp-block-spacer\"><\/div>\n\n\n\n<p>Konferensen \u00f6ppnar f\u00f6r inl\u00e4mning av abstract och id\u00e9er fr\u00e5n praktiker den 9 februari 2026 och deadline f\u00f6r inl\u00e4mning \u00e4r den 7 maj 2026.<\/p>\n\n\n\n<h2 class=\"wp-block-heading\">1. Hur inl\u00e4mning av abstract g\u00e5r till<\/h2>\n\n\n\n<p>Vi uppmuntrar forskare och praktiker att skicka in abstract till RisCon26. Vi v\u00e4lkomnar akademiska resultat, fallstudier och praktikbaserade bidrag om samh\u00e4lleliga risker, studier inom katastrofvetenskap, styrning och policyutveckling, samh\u00e4llelig s\u00e5rbarhet och exponering, naturh\u00e4ndelser, h\u00e4lsorelaterade risker, civil beredskap och kapacitetsuppbyggnad som driver \u00e5tg\u00e4rder f\u00f6r ett resilient samh\u00e4lle. <\/p>\n\n\n\n<hr class=\"wp-block-separator has-text-color has-alpha-channel-opacity has-background is-style-wide\" style=\"background-color:#f9cf03;color:#f9cf03\" \/>\n\n\n\n<h3 class=\"wp-block-heading\">2.V\u00e4lj sp\u00e5r<\/h3>\n\n\n\n<p>F\u00f6r att m\u00f6jligg\u00f6ra en r\u00e4ttvis och relevant bed\u00f6mning, v\u00e4lj det sp\u00e5r som b\u00e4st \u00f6verensst\u00e4mmer med ditt bidrag.<\/p>\n\n\n\n<h4 class=\"wp-block-heading\">Sp\u00e5r A: Vetenskapligt abstract<\/h4>\n\n\n\n<p><em>F\u00f6r forskare och akademiker som presenterar empiriska studier eller teoretiska ramverk.<\/em><\/p>\n\n\n\n<ul class=\"wp-block-list\">\n<li>Bakgrund och syfte: Definiera den samh\u00e4lleliga risken och studiens syfte.<\/li>\n\n\n\n<li>Metod: Beskriv forskningsdesignen, datainsamlingen och analysen.<\/li>\n\n\n\n<li>Resultat: Summera de huvudsakliga fynden.<\/li>\n\n\n\n<li>Betydelse och praktisk till\u00e4mpning: Hur bidrar denna forskning till att \u00f6verbrygga klyftan till praktiken? Hur st\u00e4rker den ett resilient samh\u00e4lle? <\/li>\n<\/ul>\n\n\n\n<div style=\"height:30px\" aria-hidden=\"true\" class=\"wp-block-spacer\"><\/div>\n\n\n\n<p>Innan du p\u00e5b\u00f6rjar din inl\u00e4mning, s\u00e4kerst\u00e4ll att ditt abstract uppfyller f\u00f6ljande tekniska krav:<\/p>\n\n\n\n<figure class=\"wp-block-table is-style-stripes\"><table><thead><tr><th>Specifikation<\/th><th>Krav<\/th><\/tr><\/thead><tbody><tr><td>L\u00e4ngd p\u00e5 abstract<\/td><td>Maximalt 300 ord<\/td><\/tr><tr><td>L\u00e4ngd p\u00e5 titel<\/td><td>Maximalt 150 tecken<\/td><\/tr><tr><td>Nyckelord<\/td><td>3 till 5 ord<\/td><\/tr><tr><td>Spr\u00e5k<\/td><td>Engelska eller svenska (b\u00e5da spr\u00e5k v\u00e4lkomnas)<\/td><\/tr><tr><td>Format<\/td><td>Muntlig presentation eller poster (slutligt beslut fattas av arrang\u00f6ren)<\/td><\/tr><tr><td>\u00d6verensst\u00e4mmelse med temat<\/td><td>V\u00e4lj h\u00f6gst tv\u00e5 underteman<\/td><\/tr><\/tbody><\/table><\/figure>\n\n\n\n<div style=\"height:30px\" aria-hidden=\"true\" class=\"wp-block-spacer\"><\/div>\n\n\n\n<p>Inskickade bidrag kommer att utv\u00e4rderas av den vetenskapliga kommitt\u00e9n utifr\u00e5n f\u00f6ljande kriterier:<\/p>\n\n\n\n<ul class=\"wp-block-list\">\n<li>Relevans: \u00c4r kopplingen till samh\u00e4llelig risk tydlig?<\/li>\n\n\n\n<li>Originalitet: Bidrar resultatet med nya insikter eller \u00e4r det en unik fallstudie?<\/li>\n\n\n\n<li>Till\u00e4mpbarhet: I vilken utstr\u00e4ckning bidrar det till att f\u00f6rena teori och praktik?<\/li>\n\n\n\n<li>Tydlighet: \u00c4r texten spr\u00e5kligt korrekt, tydlig och anpassad f\u00f6r en tv\u00e4rvetenskaplig m\u00e5lgrupp?<\/li>\n<\/ul>\n\n\n\n<h4 class=\"wp-block-heading\">Sp\u00e5r B: Praktiska erfarenheter <\/h4>\n\n\n\n<p><em>F\u00f6r beslutsfattare, r\u00e4ddningspersonal, sektorsspecialister, representanter fr\u00e5n civilsamh\u00e4llesorganisationer, samh\u00e4llsrepresentanter och andra praktiker som delar erfarenheter och insikter fr\u00e5n f\u00e4ltet.<\/em><\/p>\n\n\n\n<ul class=\"wp-block-list\">\n<li>Utmaningen: Beskriv det specifika kris- eller vardagsscenario som behandlas.<\/li>\n\n\n\n<li>\u00c5tg\u00e4rden: Vilka insatser, riktlinjer eller simuleringar genomf\u00f6rdes?<\/li>\n\n\n\n<li>Effekt: Hur p\u00e5verkade detta beredskap, responsf\u00f6rm\u00e5ga eller kapacitetsbyggande?<\/li>\n\n\n\n<li>L\u00e4rdom: Huvudsakliga l\u00e4rdomar f\u00f6r praktiker och forskare<\/li>\n<\/ul>\n\n\n\n<hr class=\"wp-block-separator has-text-color has-alpha-channel-opacity has-background is-style-wide\" style=\"background-color:#f9cf03;color:#f9cf03\" \/>\n\n\n\n<h3 class=\"wp-block-heading\">3. \u00d6verensst\u00e4mmelse med temat<\/h3>\n\n\n\n<p>Du kan v\u00e4lja upp till <strong>tv\u00e5<\/strong> underteman som b\u00e4st kategoriserar ditt abstract:<\/p>\n\n\n\n<ul class=\"wp-block-list\">\n<li>T1.1 Samlat riskperspektiv: Integrerade ramverk, multirisker, kaskadrisker och interagerande risker.<\/li>\n\n\n\n<li>T1.2 Styrning: Implementering av policys, samordning och sektors\u00f6vergripande beslutsfattande.<\/li>\n\n\n\n<li>T2.1 Naturrisker: Extremv\u00e4der, klimatp\u00e5verkan och samspelet mellan mat-, vatten- och energisystem<\/li>\n\n\n\n<li>T2.2 H\u00e4lsorelaterade risker: Klimatp\u00e5verkan p\u00e5 h\u00e4lsa, s\u00e5rbara grupper och sociala faktorer som p\u00e5verkar risk.<\/li>\n\n\n\n<li>T3.1 Civil beredskap: Beredskap p\u00e5 lokal och nationell niv\u00e5.<\/li>\n\n\n\n<li>T3.2 Kristr\u00e4ning: Simuleringar, lokala \u00f6vningar och spelbaserat l\u00e4rande (digitalt och analogt).<\/li>\n\n\n\n<li>T3.3 Cybers\u00e4kerhet: Skydd av kritiska system och data vid kriser.<\/li>\n<\/ul>\n\n\n\n<hr class=\"wp-block-separator has-text-color has-alpha-channel-opacity has-background is-style-wide\" style=\"background-color:#f9cf03;color:#f9cf03\" \/>\n\n\n\n<h3 class=\"wp-block-heading\">4. Obligatorisk information om f\u00f6rfattare<\/h3>\n\n\n\n<p>F\u00f6ljande uppgifter kr\u00e4vs f\u00f6r alla medverkande f\u00f6rfattare:<\/p>\n\n\n\n<ul class=\"wp-block-list\">\n<li>F\u00f6r- och efternamn<\/li>\n\n\n\n<li>Mailadress<\/li>\n\n\n\n<li>Titel<\/li>\n\n\n\n<li>Organisation<\/li>\n\n\n\n<li>Land<\/li>\n<\/ul>\n\n\n\n<hr class=\"wp-block-separator has-text-color has-alpha-channel-opacity has-background is-style-wide\" style=\"background-color:#f9cf03;color:#f9cf03\" \/>\n\n\n\n<h3 class=\"wp-block-heading\">5.Skicka in ditt abstract eller f\u00f6rslag<\/h3>\n\n\n\n<p>Kom ih\u00e5g att ange vilket sp\u00e5r ditt bidrag tillh\u00f6r:<\/p>\n\n\n\n<p><strong>Track A:<\/strong> Vetenskapligt abstract<br><strong>Track B:<\/strong> Praktiska erfarenheter<\/p>\n\n\n\n<div class=\"wp-block-buttons is-horizontal is-content-justification-center is-layout-flex wp-container-core-buttons-is-layout-499968f5 wp-block-buttons-is-layout-flex\">\n<div class=\"wp-block-button has-custom-width wp-block-button__width-75 is-style-fill\"><a class=\"wp-block-button__link has-black-color has-text-color has-background has-link-color has-regular-font-size has-custom-font-size wp-element-button\" href=\"https:\/\/forms.cloud.microsoft\/e\/GAmZBHb0DP\" style=\"border-radius:71px;background-color:#f9cf03\" target=\"_blank\" rel=\"noreferrer noopener\">L\u00e4mna in ditt abstract eller din id\u00e9 h\u00e4r<\/a><\/div>\n<\/div>\n\n\n\n<hr class=\"wp-block-separator has-text-color has-alpha-channel-opacity has-background is-style-wide\" style=\"background-color:#f9cf03;color:#f9cf03\" \/>\n\n\n\n<p><\/p>\n","protected":false},"excerpt":{"rendered":"<p>Konferensen \u00f6ppnar f\u00f6r inl\u00e4mning av abstract och id\u00e9er fr\u00e5n praktiker den 9 februari 2026 och deadline f\u00f6r inl\u00e4mning \u00e4r den 7 maj 2026. 1. Hur inl\u00e4mning av abstract g\u00e5r till Vi uppmuntrar forskare och praktiker att skicka in abstract till RisCon26. Vi v\u00e4lkomnar akademiska resultat, fallstudier och praktikbaserade bidrag om samh\u00e4lleliga risker, studier inom katastrofvetenskap, [&hellip;]<\/p>\n","protected":false},"author":5166,"featured_media":0,"parent":0,"menu_order":0,"comment_status":"closed","ping_status":"closed","template":"","meta":{"footnotes":""},"class_list":["post-846","page","type-page","status-publish","hentry","no-featured-image"],"_links":{"self":[{"href":"https:\/\/sola.kau.se\/riscon26\/sv\/wp-json\/wp\/v2\/pages\/846","targetHints":{"allow":["GET"]}}],"collection":[{"href":"https:\/\/sola.kau.se\/riscon26\/sv\/wp-json\/wp\/v2\/pages"}],"about":[{"href":"https:\/\/sola.kau.se\/riscon26\/sv\/wp-json\/wp\/v2\/types\/page"}],"author":[{"embeddable":true,"href":"https:\/\/sola.kau.se\/riscon26\/sv\/wp-json\/wp\/v2\/users\/5166"}],"replies":[{"embeddable":true,"href":"https:\/\/sola.kau.se\/riscon26\/sv\/wp-json\/wp\/v2\/comments?post=846"}],"version-history":[{"count":5,"href":"https:\/\/sola.kau.se\/riscon26\/sv\/wp-json\/wp\/v2\/pages\/846\/revisions"}],"predecessor-version":[{"id":856,"href":"https:\/\/sola.kau.se\/riscon26\/sv\/wp-json\/wp\/v2\/pages\/846\/revisions\/856"}],"wp:attachment":[{"href":"https:\/\/sola.kau.se\/riscon26\/sv\/wp-json\/wp\/v2\/media?parent=846"}],"curies":[{"name":"wp","href":"https:\/\/api.w.org\/{rel}","templated":true}]}}