 {"id":105,"date":"2020-07-28T13:45:54","date_gmt":"2020-07-28T11:45:54","guid":{"rendered":"http:\/\/foljen.local\/?page_id=105"},"modified":"2021-10-21T13:51:03","modified_gmt":"2021-10-21T11:51:03","slug":"arbetsform-och-moten","status":"publish","type":"page","link":"https:\/\/sola.kau.se\/samarbetshjulet\/arbetsform-och-moten\/","title":{"rendered":"Arbetsform och m\u00f6ten"},"content":{"rendered":"","protected":false},"excerpt":{"rendered":"","protected":false},"author":1355,"featured_media":0,"parent":0,"menu_order":1,"comment_status":"closed","ping_status":"closed","template":"template-fas.php","meta":{"_acf_changed":false,"footnotes":""},"class_list":["post-105","page","type-page","status-publish","hentry"],"acf":[],"ACF":{"flexible_content":[{"acf_fc_layout":"wysiwyg","wysiwyg":"<h2>Identifiera<\/h2>\n<p>Arbetet startar med att\u00a0identifiera den grupp av individer som ska ges m\u00f6jlighet delta i den aktuella anv\u00e4ndarstudien. Det g\u00f6rs genom att definera gruppen, hitta individerna och n\u00e5 dem.<\/p>\n"},{"acf_fc_layout":"tagged_tools","tagged_tools_tags":[5]},{"acf_fc_layout":"divider"},{"acf_fc_layout":"wysiwyg","wysiwyg":"<h2>Kartl\u00e4gga: samla in upplevelser<\/h2>\n<p>Efter identifieringen tar en kartl\u00e4ggning vid som inneb\u00e4r att samla anv\u00e4ndares upplevelser. Kartl\u00e4ggningen sker i anv\u00e4ndarens verklighet, allts\u00e5 d\u00e5 de arbetar, studerar eller liknande. Nedan presenteras ett antal olika verktyg. Utifr\u00e5n definition, syfte med studien\/projektet och anv\u00e4ndarnas f\u00f6ruts\u00e4ttningar v\u00e4ljs verktyg. Kartl\u00e4ggningen kan avse en viss tidsperiod, s\u00e4rskilda h\u00e4ndelser eller processer som beh\u00f6ver genomlysas. En insamling av upplevelser resulterar i ett r\u00e5material som ing\u00e5ng till n\u00e4sta steg, f\u00f6rst\u00e5 upplevelser. Ut\u00f6ver verktyg som presenteras i verktygsl\u00e5dan kan andra verktyg och metoder anv\u00e4ndas. Exempelvis kan en enk\u00e4t komplettera verktyg som presenteras nedan.<\/p>\n"},{"acf_fc_layout":"tagged_tools","tagged_tools_tags":[6]},{"acf_fc_layout":"divider"},{"acf_fc_layout":"wysiwyg","wysiwyg":"<h2>Kartl\u00e4gga: f\u00f6rst\u00e5 och visualisera upplevelser<\/h2>\n<p>Arbetet med att f\u00f6rst\u00e5 upplevelser g\u00f6rs tillsammans i projektgruppen. Detta \u00e4r viktigt f\u00f6r minimera risk f\u00f6r att individuell f\u00f6rf\u00f6rst\u00e5else ska p\u00e5verka synen p\u00e5 anv\u00e4ndarnas upplevelser.<\/p>\n<p>Arbetet med att f\u00f6rst\u00e5 upplevelser resulterar i en visualisering av anv\u00e4ndares upplevelser.<\/p>\n"},{"acf_fc_layout":"tagged_tools","tagged_tools_tags":[9]},{"acf_fc_layout":"tagged_tools","tagged_tools_tags":[10]},{"acf_fc_layout":"divider"},{"acf_fc_layout":"wysiwyg","wysiwyg":"<h2>Kartl\u00e4gga: identifiera behov<\/h2>\n<p>Efter insamling och f\u00f6rst\u00e5else av upplevelser samt visualisering har f\u00f6ruts\u00e4ttningar f\u00f6r att identifiera behov skapats. Det \u00e4r anv\u00e4ndarna sj\u00e4lva som identifierar gruppens behov. Med behov identifierade avslutas f\u00f6rsta fasen och de anv\u00e4nds som input till n\u00e4sta fas: <a href=\"http:\/\/foljen.local\/utveckla-och-verklighetstesta\/\">Utveckla och verklighetstesta<\/a>.<\/p>\n<p>&nbsp;<\/p>\n"},{"acf_fc_layout":"tagged_tools","tagged_tools_tags":[8]},{"acf_fc_layout":"divider"}],"fas_meta":{"description":"Under pandemin har vi vant oss vid att vara flexibla i v\u00e5ra m\u00f6tesformer. Men vad passar egentligen b\u00e4st f\u00f6r er grupp och vid vilket tillf\u00e4lle? Vilka f\u00f6ruts\u00e4ttningar beh\u00f6ver vara p\u00e5 plats f\u00f6r att vi ska kunna m\u00f6tas p\u00e5 ett bra s\u00e4tt?\r\n\r\n","picto":{"ID":1496,"id":1496,"title":"Samarbetshjulet_Group","filename":"Samarbetshjulet_Group.png","filesize":102195,"url":"https:\/\/sola.kau.se\/samarbetshjulet\/wp-content\/uploads\/sites\/543\/2021\/10\/Samarbetshjulet_Group.png","link":"https:\/\/sola.kau.se\/samarbetshjulet\/arbetsform-och-moten\/samarbetshjulet_group\/","alt":"","author":"83","description":"","caption":"","name":"samarbetshjulet_group","status":"inherit","uploaded_to":105,"date":"2021-10-17 15:48:30","modified":"2021-10-17 15:48:30","menu_order":0,"mime_type":"image\/png","type":"image","subtype":"png","icon":"https:\/\/sola.kau.se\/samarbetshjulet\/wp-includes\/images\/media\/default.png","width":1879,"height":1879,"sizes":{"thumbnail":"https:\/\/sola.kau.se\/samarbetshjulet\/wp-content\/uploads\/sites\/543\/2021\/10\/Samarbetshjulet_Group-150x150.png","thumbnail-width":150,"thumbnail-height":150,"medium":"https:\/\/sola.kau.se\/samarbetshjulet\/wp-content\/uploads\/sites\/543\/2021\/10\/Samarbetshjulet_Group-300x300.png","medium-width":300,"medium-height":300,"medium_large":"https:\/\/sola.kau.se\/samarbetshjulet\/wp-content\/uploads\/sites\/543\/2021\/10\/Samarbetshjulet_Group-768x768.png","medium_large-width":768,"medium_large-height":768,"large":"https:\/\/sola.kau.se\/samarbetshjulet\/wp-content\/uploads\/sites\/543\/2021\/10\/Samarbetshjulet_Group-1024x1024.png","large-width":1024,"large-height":1024,"post-thumbnail":"https:\/\/sola.kau.se\/samarbetshjulet\/wp-content\/uploads\/sites\/543\/2021\/10\/Samarbetshjulet_Group-125x125.png","post-thumbnail-width":125,"post-thumbnail-height":125,"sm":"https:\/\/sola.kau.se\/samarbetshjulet\/wp-content\/uploads\/sites\/543\/2021\/10\/Samarbetshjulet_Group-640x640.png","sm-width":640,"sm-height":640,"md":"https:\/\/sola.kau.se\/samarbetshjulet\/wp-content\/uploads\/sites\/543\/2021\/10\/Samarbetshjulet_Group-768x768.png","md-width":768,"md-height":768,"lg":"https:\/\/sola.kau.se\/samarbetshjulet\/wp-content\/uploads\/sites\/543\/2021\/10\/Samarbetshjulet_Group-1024x1024.png","lg-width":1024,"lg-height":1024,"xl":"https:\/\/sola.kau.se\/samarbetshjulet\/wp-content\/uploads\/sites\/543\/2021\/10\/Samarbetshjulet_Group-1280x1280.png","xl-width":1280,"xl-height":1280,"1440":"https:\/\/sola.kau.se\/samarbetshjulet\/wp-content\/uploads\/sites\/543\/2021\/10\/Samarbetshjulet_Group.png","1440-width":1440,"1440-height":1440,"jumbotron":"https:\/\/sola.kau.se\/samarbetshjulet\/wp-content\/uploads\/sites\/543\/2021\/10\/Samarbetshjulet_Group-1879x790.png","jumbotron-width":1879,"jumbotron-height":790,"4:3":"https:\/\/sola.kau.se\/samarbetshjulet\/wp-content\/uploads\/sites\/543\/2021\/10\/Samarbetshjulet_Group-400x300.png","4:3-width":400,"4:3-height":300,"gform-image-choice-sm":"https:\/\/sola.kau.se\/samarbetshjulet\/wp-content\/uploads\/sites\/543\/2021\/10\/Samarbetshjulet_Group.png","gform-image-choice-sm-width":300,"gform-image-choice-sm-height":300,"gform-image-choice-md":"https:\/\/sola.kau.se\/samarbetshjulet\/wp-content\/uploads\/sites\/543\/2021\/10\/Samarbetshjulet_Group.png","gform-image-choice-md-width":400,"gform-image-choice-md-height":400,"gform-image-choice-lg":"https:\/\/sola.kau.se\/samarbetshjulet\/wp-content\/uploads\/sites\/543\/2021\/10\/Samarbetshjulet_Group.png","gform-image-choice-lg-width":600,"gform-image-choice-lg-height":600}},"farg":"#6B8F00","link_text":"Verktyg f\u00f6r att identifiera och kartl\u00e4gga"},"title":"","text":"<div class=\"rethink-area-text\">\n<p>I det h\u00e4r avsnittet kan ni tillsammans l\u00e4ra er mer om vilka m\u00f6jligheter som finns och f\u00f6rst\u00e5 varandra genom gemensamma diskussioner. N\u00e4r ni \u00e4r \u00f6verens har ni m\u00f6jlighet att dokumentera vad ni kommit \u00f6verens om f\u00f6r att verkligen uppn\u00e5 samsyn, och f\u00f6r att kunna f\u00f6lja upp och revidera enkelt. Modulen \u201cArbetsform och m\u00f6ten\u201d inneh\u00e5ller tre steg:<\/p>\n<ul>\n<li><a href=\"https:\/\/sola.kau.se\/samarbetshjulet\/arbetsform-och-moten\/forsta\/\">F\u00f6rst\u00e5<\/a><\/li>\n<li><a href=\"https:\/\/sola.kau.se\/samarbetshjulet\/arbetsform-och-moten\/diskutera\/\">Diskutera<\/a><\/li>\n<li><a href=\"https:\/\/sola.kau.se\/samarbetshjulet\/arbetsform-och-moten\/enas\/\">Enas<\/a><\/li>\n<\/ul>\n<p>Genom att tillsammans jobba med de tre stegen arbetar ni med digital arbetsmilj\u00f6 som skapar f\u00f6ruts\u00e4ttningar f\u00f6r er grupp att utvecklas. Ni kan sedan f\u00f6lja upp detta arbete och p\u00e5 s\u00e5 s\u00e4tt \u00f6ka den digitala mognaden i er grupp.<\/p>\n<p><strong>S\u00e4tt ig\u00e5ng!<\/strong><\/p>\n<\/div>\n","list_of_resources":[{"link_title":"Webbsida om  spr\u00e5k","link_type":"Web Link","url":"https:\/\/sola.kau.se"},{"link_title":"En word-mal","link_type":"Word Document","url":"http:\/\/foljen.local\/wp-content\/uploads\/2021\/02\/Checklista-for-arbete-enligt-Folj-en-metoden-exempel-mindre-uppdrag.docx"},{"link_title":"En bild","link_type":"Image","url":"http:\/\/foljen.local\/wp-content\/uploads\/2020\/12\/shutterstock_1807868929-scaled.jpg"},{"link_title":"Se en film","link_type":"Video","url":"https:\/\/www.youtube.com\/watch?v=qz0aGYrrlhU"}],"resources_list":false,"related_phases":[{"related_phase":{"ID":453,"post_author":"1355","post_date":"2020-09-15 21:57:42","post_date_gmt":"2020-09-15 21:57:42","post_content":"","post_title":"F\u00f6rst\u00e5","post_excerpt":"","post_status":"publish","comment_status":"closed","ping_status":"closed","post_password":"","post_name":"forsta","to_ping":"","pinged":"","post_modified":"2021-10-21 11:19:10","post_modified_gmt":"2021-10-21 09:19:10","post_content_filtered":"","post_parent":105,"guid":"http:\/\/foljen.local\/?page_id=453","menu_order":1,"post_type":"page","post_mime_type":"","comment_count":"0","filter":"raw"}},{"related_phase":{"ID":455,"post_author":"1355","post_date":"2020-09-15 21:58:42","post_date_gmt":"2020-09-15 21:58:42","post_content":"","post_title":"Diskutera","post_excerpt":"","post_status":"publish","comment_status":"closed","ping_status":"closed","post_password":"","post_name":"diskutera","to_ping":"","pinged":"","post_modified":"2021-10-15 08:17:01","post_modified_gmt":"2021-10-15 06:17:01","post_content_filtered":"","post_parent":105,"guid":"http:\/\/foljen.local\/?page_id=455","menu_order":2,"post_type":"page","post_mime_type":"","comment_count":"0","filter":"raw"}},{"related_phase":{"ID":969,"post_author":"83","post_date":"2021-10-11 09:47:03","post_date_gmt":"2021-10-11 09:47:03","post_content":"","post_title":"Enas","post_excerpt":"","post_status":"publish","comment_status":"closed","ping_status":"closed","post_password":"","post_name":"enas","to_ping":"","pinged":"","post_modified":"2021-10-15 10:09:31","post_modified_gmt":"2021-10-15 08:09:31","post_content_filtered":"","post_parent":105,"guid":"https:\/\/sola.kau.se\/samarbetshjulet\/?page_id=969","menu_order":3,"post_type":"page","post_mime_type":"","comment_count":"0","filter":"raw"}}]},"_links":{"self":[{"href":"https:\/\/sola.kau.se\/samarbetshjulet\/wp-json\/wp\/v2\/pages\/105","targetHints":{"allow":["GET"]}}],"collection":[{"href":"https:\/\/sola.kau.se\/samarbetshjulet\/wp-json\/wp\/v2\/pages"}],"about":[{"href":"https:\/\/sola.kau.se\/samarbetshjulet\/wp-json\/wp\/v2\/types\/page"}],"author":[{"embeddable":true,"href":"https:\/\/sola.kau.se\/samarbetshjulet\/wp-json\/wp\/v2\/users\/1355"}],"replies":[{"embeddable":true,"href":"https:\/\/sola.kau.se\/samarbetshjulet\/wp-json\/wp\/v2\/comments?post=105"}],"version-history":[{"count":56,"href":"https:\/\/sola.kau.se\/samarbetshjulet\/wp-json\/wp\/v2\/pages\/105\/revisions"}],"predecessor-version":[{"id":1838,"href":"https:\/\/sola.kau.se\/samarbetshjulet\/wp-json\/wp\/v2\/pages\/105\/revisions\/1838"}],"wp:attachment":[{"href":"https:\/\/sola.kau.se\/samarbetshjulet\/wp-json\/wp\/v2\/media?parent=105"}],"curies":[{"name":"wp","href":"https:\/\/api.w.org\/{rel}","templated":true}]}}