 {"id":1086,"date":"2021-10-12T07:02:59","date_gmt":"2021-10-12T07:02:59","guid":{"rendered":"https:\/\/sola.kau.se\/samarbetshjulet\/?page_id=1086"},"modified":"2021-10-13T19:04:30","modified_gmt":"2021-10-13T19:04:30","slug":"samtalsregler","status":"publish","type":"page","link":"https:\/\/sola.kau.se\/samarbetshjulet\/samtalsregler\/","title":{"rendered":"Samtalsregler"},"content":{"rendered":"","protected":false},"excerpt":{"rendered":"","protected":false},"author":83,"featured_media":0,"parent":0,"menu_order":0,"comment_status":"closed","ping_status":"closed","template":"","meta":{"_acf_changed":false,"footnotes":""},"class_list":["post-1086","page","type-page","status-publish","hentry"],"acf":[],"ACF":{"fas_meta":{"description":"Att s\u00e4tta upp gemensamma samtalsregler f\u00f6r den samlade gruppen i b\u00f6rjan av m\u00f6tet skapar f\u00f6ruts\u00e4ttningar f\u00f6r ett \u00f6ppnare och mer utvecklande samtal f\u00f6r alla som deltar. Det \u00e4r viktigt att alla upplever ett respektfullt samtalsklimat f\u00f6r att kunna delta p\u00e5 lika villkor. Nedan \u00e4r lite punkter ni kan utg\u00e5 fr\u00e5n i diskussionerna. \r\n\r\n","picto":{"ID":1104,"id":1104,"title":"scott-graham-5fNmWej4tAA-unsplash","filename":"scott-graham-5fNmWej4tAA-unsplash.jpg","filesize":3463956,"url":"https:\/\/sola.kau.se\/samarbetshjulet\/wp-content\/uploads\/sites\/543\/2021\/10\/scott-graham-5fNmWej4tAA-unsplash.jpg","link":"https:\/\/sola.kau.se\/samarbetshjulet\/samtalsregler\/scott-graham-5fnmwej4taa-unsplash\/","alt":"","author":"208","description":"","caption":"","name":"scott-graham-5fnmwej4taa-unsplash","status":"inherit","uploaded_to":1086,"date":"2021-10-12 07:42:41","modified":"2021-10-12 13:13:48","menu_order":0,"mime_type":"image\/jpeg","type":"image","subtype":"jpeg","icon":"https:\/\/sola.kau.se\/samarbetshjulet\/wp-includes\/images\/media\/default.png","width":0,"height":0,"sizes":{"thumbnail":"https:\/\/sola.kau.se\/samarbetshjulet\/wp-content\/uploads\/sites\/543\/2021\/10\/scott-graham-5fNmWej4tAA-unsplash.jpg","thumbnail-width":1,"thumbnail-height":1,"medium":"https:\/\/sola.kau.se\/samarbetshjulet\/wp-content\/uploads\/sites\/543\/2021\/10\/scott-graham-5fNmWej4tAA-unsplash.jpg","medium-width":1,"medium-height":1,"medium_large":"https:\/\/sola.kau.se\/samarbetshjulet\/wp-content\/uploads\/sites\/543\/2021\/10\/scott-graham-5fNmWej4tAA-unsplash.jpg","medium_large-width":1,"medium_large-height":1,"large":"https:\/\/sola.kau.se\/samarbetshjulet\/wp-content\/uploads\/sites\/543\/2021\/10\/scott-graham-5fNmWej4tAA-unsplash.jpg","large-width":1,"large-height":1,"post-thumbnail":"https:\/\/sola.kau.se\/samarbetshjulet\/wp-content\/uploads\/sites\/543\/2021\/10\/scott-graham-5fNmWej4tAA-unsplash.jpg","post-thumbnail-width":1,"post-thumbnail-height":1,"sm":"https:\/\/sola.kau.se\/samarbetshjulet\/wp-content\/uploads\/sites\/543\/2021\/10\/scott-graham-5fNmWej4tAA-unsplash.jpg","sm-width":1,"sm-height":1,"md":"https:\/\/sola.kau.se\/samarbetshjulet\/wp-content\/uploads\/sites\/543\/2021\/10\/scott-graham-5fNmWej4tAA-unsplash.jpg","md-width":1,"md-height":1,"lg":"https:\/\/sola.kau.se\/samarbetshjulet\/wp-content\/uploads\/sites\/543\/2021\/10\/scott-graham-5fNmWej4tAA-unsplash.jpg","lg-width":1,"lg-height":1,"xl":"https:\/\/sola.kau.se\/samarbetshjulet\/wp-content\/uploads\/sites\/543\/2021\/10\/scott-graham-5fNmWej4tAA-unsplash.jpg","xl-width":1,"xl-height":1,"1440":"https:\/\/sola.kau.se\/samarbetshjulet\/wp-content\/uploads\/sites\/543\/2021\/10\/scott-graham-5fNmWej4tAA-unsplash.jpg","1440-width":1,"1440-height":1,"jumbotron":"https:\/\/sola.kau.se\/samarbetshjulet\/wp-content\/uploads\/sites\/543\/2021\/10\/scott-graham-5fNmWej4tAA-unsplash.jpg","jumbotron-width":1,"jumbotron-height":1,"4:3":"https:\/\/sola.kau.se\/samarbetshjulet\/wp-content\/uploads\/sites\/543\/2021\/10\/scott-graham-5fNmWej4tAA-unsplash.jpg","4:3-width":1,"4:3-height":1,"gform-image-choice-sm":"https:\/\/sola.kau.se\/samarbetshjulet\/wp-content\/uploads\/sites\/543\/2021\/10\/scott-graham-5fNmWej4tAA-unsplash.jpg","gform-image-choice-sm-width":1,"gform-image-choice-sm-height":1,"gform-image-choice-md":"https:\/\/sola.kau.se\/samarbetshjulet\/wp-content\/uploads\/sites\/543\/2021\/10\/scott-graham-5fNmWej4tAA-unsplash.jpg","gform-image-choice-md-width":1,"gform-image-choice-md-height":1,"gform-image-choice-lg":"https:\/\/sola.kau.se\/samarbetshjulet\/wp-content\/uploads\/sites\/543\/2021\/10\/scott-graham-5fNmWej4tAA-unsplash.jpg","gform-image-choice-lg-width":1,"gform-image-choice-lg-height":1}},"farg":"#1F8C99","link_text":"L\u00e4s mer"},"flexible_content":[{"acf_fc_layout":"wysiwyg","wysiwyg":"<h3>Att s\u00e4tta upp gemensamma samtalsregler f\u00f6r den samlade gruppen i b\u00f6rjan av m\u00f6tet skapar f\u00f6ruts\u00e4ttningar f\u00f6r ett \u00f6ppnare och mer utvecklande samtal f\u00f6r alla som deltar. Det \u00e4r viktigt att alla upplever ett respektfullt samtalsklimat f\u00f6r att kunna delta p\u00e5 lika villkor. Nedan \u00e4r lite punkter ni kan utg\u00e5 fr\u00e5n i diskussionerna.<\/h3>\n<p>N\u00e4r ni b\u00f6rjar diskussionerna \u00e4r det bra att enas om f\u00f6ljande samtalsregler:<\/p>\n<p>Utg\u00e5 fr\u00e5n att &#8220;alla&#8221; finns i rummet (&#8220;de av oss som&#8230;&#8221;).<br \/>\nIst\u00e4llet f\u00f6r att prata i termer av &#8220;vi och dom&#8221; skapar vi ett mer inkluderande och f\u00f6rdomsfritt klimat genom att t\u00e4nka att alla finns i rummet.<\/p>\n<p>Hur tycker du att skillnaden blir i f\u00f6ljande exempel:<\/p>\n<p>&#8220;F\u00f6r de som inte kan ta trapporna s\u00e5 finns det hissar borta till h\u00f6ger&#8221; vs.<br \/>\n&#8220;F\u00f6r de av oss som tar hissen finns den borta till h\u00f6ger&#8221;<\/p>\n<p>&#8220;De som m\u00e5ste be p\u00e5 arbetstid kan anv\u00e4nda v\u00e5rt vilorum.&#8221; vs.<br \/>\n&#8220;De av oss som ber p\u00e5 arbetstid kan anv\u00e4nda v\u00e5rt vilorum.&#8221;<\/p>\n<p>Kom ih\u00e5g att vi har olika kunskapsniv\u00e5 och erfarenheter, s\u00e5 visa respekt.<br \/>\nDitt bagage p\u00e5verkar hur du subjektivt uppfattar och tolkar din omgivning. Fundera g\u00e4rna \u00f6ver hur just ditt bagage ser ut. T\u00e4nk sedan p\u00e5 att inte f\u00f6ruts\u00e4tta att andra delar samma erfarenheter som du. Vi vet inte vad andra kan eller har varit med om tidigare. Alla har inte heller samma intresse av digitala l\u00f6sningar eller samma kunskapsniv\u00e5 inom detta.<\/p>\n<p>Provt\u00e4nk och tolka varandra sn\u00e4llt.<br \/>\nDet kan finnas v\u00e4ldigt olika uppfattningar om hur en grupp ska samarbeta. Till\u00e5t varandra att pr\u00f6va era tankar och var nyfiken p\u00e5 vad andra vill f\u00e5 sagt. Det \u00e4r inte alltid s\u00e5 l\u00e4tt att f\u00e5 till perfekta formuleringar direkt. Fr\u00e5ga g\u00e4rna:<br \/>\n&#8220;N\u00e4r du s\u00e4ger s\u00e5 tolkar jag det som att &#8230; \u00e4r det s\u00e5 du menar?&#8221; &#8220;Hur menar du nu?&#8221; &#8220;Kan du utveckla?&#8221;<\/p>\n"}],"title":"S\u00e5 h\u00e4r fungerar samarbetshjulet","text":"<p>N\u00e4r ni b\u00f6rjar diskussionerna \u00e4r det bra att enas om f\u00f6ljande samtalsregler: <\/p>\n<p>Utg\u00e5 fr\u00e5n att &#8220;alla&#8221; finns i rummet (&#8220;de av oss som&#8230;&#8221;).<br \/>\nIst\u00e4llet f\u00f6r att prata i termer av &#8220;vi och dom&#8221; skapar vi ett mer inkluderande och f\u00f6rdomsfritt klimat genom att t\u00e4nka att alla finns i rummet.<br \/>\nHur tycker du att skillnaden blir i f\u00f6ljande exempel:<br \/>\n&#8220;F\u00f6r de som inte kan ta trapporna s\u00e5 finns det hissar borta till h\u00f6ger&#8221; vs.<br \/>\n&#8220;F\u00f6r de av oss som tar hissen finns den borta till h\u00f6ger&#8221;<br \/>\n&#8220;De som m\u00e5ste be p\u00e5 arbetstid kan anv\u00e4nda v\u00e5rt vilorum.&#8221; vs.<br \/>\n&#8220;De av oss som ber p\u00e5 arbetstid kan anv\u00e4nda v\u00e5rt vilorum.&#8221;<br \/>\nKom ih\u00e5g att vi har olika kunskapsniv\u00e5 och erfarenheter, s\u00e5 visa respekt.<br \/>\nDitt bagage p\u00e5verkar hur du subjektivt uppfattar och tolkar din omgivning. Fundera g\u00e4rna \u00f6ver hur just ditt bagage ser ut. T\u00e4nk sedan p\u00e5 att inte f\u00f6ruts\u00e4tta att andra delar samma erfarenheter som du. Vi vet inte vad andra kan eller har varit med om tidigare. Alla har inte heller samma intresse av digitala l\u00f6sningar eller samma kunskapsniv\u00e5 inom detta.<br \/>\nProvt\u00e4nk och tolka varandra sn\u00e4llt.<br \/>\nDet kan finnas v\u00e4ldigt olika uppfattningar om hur en grupp ska samarbeta. Till\u00e5t varandra att pr\u00f6va era tankar och var nyfiken p\u00e5 vad andra vill f\u00e5 sagt. Det \u00e4r inte alltid s\u00e5 l\u00e4tt att f\u00e5 till perfekta formuleringar direkt. Fr\u00e5ga g\u00e4rna:<br \/>\n&#8220;N\u00e4r du s\u00e4ger s\u00e5 tolkar jag det som att &#8230; \u00e4r det s\u00e5 du menar?&#8221; &#8220;Hur menar du nu?&#8221; &#8220;Kan du utveckla?&#8221;<\/p>\n","related_phases":false,"start_header":{"text":{"heading":"","text":""},"about":{"title":"","text":"","welcome":"","plan_heading":"","plan_text":"","plan_link":"","plan_image":false},"pie_chart":{"image":false,"shapes":false}},"faser":false,"footer":{"heading":"","text":"","links":false}},"_links":{"self":[{"href":"https:\/\/sola.kau.se\/samarbetshjulet\/wp-json\/wp\/v2\/pages\/1086","targetHints":{"allow":["GET"]}}],"collection":[{"href":"https:\/\/sola.kau.se\/samarbetshjulet\/wp-json\/wp\/v2\/pages"}],"about":[{"href":"https:\/\/sola.kau.se\/samarbetshjulet\/wp-json\/wp\/v2\/types\/page"}],"author":[{"embeddable":true,"href":"https:\/\/sola.kau.se\/samarbetshjulet\/wp-json\/wp\/v2\/users\/83"}],"replies":[{"embeddable":true,"href":"https:\/\/sola.kau.se\/samarbetshjulet\/wp-json\/wp\/v2\/comments?post=1086"}],"version-history":[{"count":8,"href":"https:\/\/sola.kau.se\/samarbetshjulet\/wp-json\/wp\/v2\/pages\/1086\/revisions"}],"predecessor-version":[{"id":1391,"href":"https:\/\/sola.kau.se\/samarbetshjulet\/wp-json\/wp\/v2\/pages\/1086\/revisions\/1391"}],"wp:attachment":[{"href":"https:\/\/sola.kau.se\/samarbetshjulet\/wp-json\/wp\/v2\/media?parent=1086"}],"curies":[{"name":"wp","href":"https:\/\/api.w.org\/{rel}","templated":true}]}}