 {"id":121,"date":"2020-07-28T15:07:31","date_gmt":"2020-07-28T15:07:31","guid":{"rendered":"http:\/\/foljen.local\/?page_id=121"},"modified":"2021-10-21T13:34:02","modified_gmt":"2021-10-21T11:34:02","slug":"information-och-kommunikation","status":"publish","type":"page","link":"https:\/\/sola.kau.se\/samarbetshjulet\/information-och-kommunikation\/","title":{"rendered":"Information och kommunikation"},"content":{"rendered":"","protected":false},"excerpt":{"rendered":"","protected":false},"author":1355,"featured_media":0,"parent":0,"menu_order":2,"comment_status":"closed","ping_status":"closed","template":"template-fas.php","meta":{"_acf_changed":false,"footnotes":""},"class_list":["post-121","page","type-page","status-publish","hentry"],"acf":[],"ACF":{"fas_meta":{"description":"Att kommunikation kan vara sv\u00e5rt vet vi alla. Och kommunikation i arbetssituationer d\u00e4r det finns olika f\u00f6ruts\u00e4ttningar och viljor f\u00f6r flexibilitet, distansarbete och kunskap \u00e4r \u00e4nnu sv\u00e5rare. ","picto":{"ID":1499,"id":1499,"title":"Samarbetshjulet_Asperand","filename":"Samarbetshjulet_Asperand.png","filesize":103013,"url":"https:\/\/sola.kau.se\/samarbetshjulet\/wp-content\/uploads\/sites\/543\/2021\/10\/Samarbetshjulet_Asperand.png","link":"https:\/\/sola.kau.se\/samarbetshjulet\/information-och-kommunikation\/samarbetshjulet_asperand\/","alt":"","author":"83","description":"","caption":"","name":"samarbetshjulet_asperand","status":"inherit","uploaded_to":121,"date":"2021-10-17 15:50:40","modified":"2021-10-17 15:50:40","menu_order":0,"mime_type":"image\/png","type":"image","subtype":"png","icon":"https:\/\/sola.kau.se\/samarbetshjulet\/wp-includes\/images\/media\/default.png","width":1879,"height":1879,"sizes":{"thumbnail":"https:\/\/sola.kau.se\/samarbetshjulet\/wp-content\/uploads\/sites\/543\/2021\/10\/Samarbetshjulet_Asperand-150x150.png","thumbnail-width":150,"thumbnail-height":150,"medium":"https:\/\/sola.kau.se\/samarbetshjulet\/wp-content\/uploads\/sites\/543\/2021\/10\/Samarbetshjulet_Asperand-300x300.png","medium-width":300,"medium-height":300,"medium_large":"https:\/\/sola.kau.se\/samarbetshjulet\/wp-content\/uploads\/sites\/543\/2021\/10\/Samarbetshjulet_Asperand-768x768.png","medium_large-width":768,"medium_large-height":768,"large":"https:\/\/sola.kau.se\/samarbetshjulet\/wp-content\/uploads\/sites\/543\/2021\/10\/Samarbetshjulet_Asperand-1024x1024.png","large-width":1024,"large-height":1024,"post-thumbnail":"https:\/\/sola.kau.se\/samarbetshjulet\/wp-content\/uploads\/sites\/543\/2021\/10\/Samarbetshjulet_Asperand-125x125.png","post-thumbnail-width":125,"post-thumbnail-height":125,"sm":"https:\/\/sola.kau.se\/samarbetshjulet\/wp-content\/uploads\/sites\/543\/2021\/10\/Samarbetshjulet_Asperand-640x640.png","sm-width":640,"sm-height":640,"md":"https:\/\/sola.kau.se\/samarbetshjulet\/wp-content\/uploads\/sites\/543\/2021\/10\/Samarbetshjulet_Asperand-768x768.png","md-width":768,"md-height":768,"lg":"https:\/\/sola.kau.se\/samarbetshjulet\/wp-content\/uploads\/sites\/543\/2021\/10\/Samarbetshjulet_Asperand-1024x1024.png","lg-width":1024,"lg-height":1024,"xl":"https:\/\/sola.kau.se\/samarbetshjulet\/wp-content\/uploads\/sites\/543\/2021\/10\/Samarbetshjulet_Asperand-1280x1280.png","xl-width":1280,"xl-height":1280,"1440":"https:\/\/sola.kau.se\/samarbetshjulet\/wp-content\/uploads\/sites\/543\/2021\/10\/Samarbetshjulet_Asperand.png","1440-width":1440,"1440-height":1440,"jumbotron":"https:\/\/sola.kau.se\/samarbetshjulet\/wp-content\/uploads\/sites\/543\/2021\/10\/Samarbetshjulet_Asperand-1879x790.png","jumbotron-width":1879,"jumbotron-height":790,"4:3":"https:\/\/sola.kau.se\/samarbetshjulet\/wp-content\/uploads\/sites\/543\/2021\/10\/Samarbetshjulet_Asperand-400x300.png","4:3-width":400,"4:3-height":300,"gform-image-choice-sm":"https:\/\/sola.kau.se\/samarbetshjulet\/wp-content\/uploads\/sites\/543\/2021\/10\/Samarbetshjulet_Asperand.png","gform-image-choice-sm-width":300,"gform-image-choice-sm-height":300,"gform-image-choice-md":"https:\/\/sola.kau.se\/samarbetshjulet\/wp-content\/uploads\/sites\/543\/2021\/10\/Samarbetshjulet_Asperand.png","gform-image-choice-md-width":400,"gform-image-choice-md-height":400,"gform-image-choice-lg":"https:\/\/sola.kau.se\/samarbetshjulet\/wp-content\/uploads\/sites\/543\/2021\/10\/Samarbetshjulet_Asperand.png","gform-image-choice-lg-width":600,"gform-image-choice-lg-height":600}},"farg":"#006277","link_text":"Verktyg f\u00f6r att utveckla och verklighetstesta"},"flexible_content":[{"acf_fc_layout":"wysiwyg","wysiwyg":"<h2>Id\u00e9generering<\/h2>\n<p>Utifr\u00e5n insamlade upplevelser och identifierade behov kan utvecklingsarbetet p\u00e5b\u00f6rjas. Arbetet i denna fas startas upp med n\u00e5gon form av id\u00e9generering som inneb\u00e4r att ta fram id\u00e9er p\u00e5 hur identifierade behov kan m\u00f6tas.<\/p>\n<p>N\u00e4r id\u00e9generingen ska genomf\u00f6ras \u00e4r det viktigt att skapa f\u00f6ruts\u00e4ttningar f\u00f6r deltagarna att vara kreativa. Anv\u00e4nd g\u00e4rna n\u00e5gon form av ice breaker.<\/p>\n"},{"acf_fc_layout":"tagged_tools","tagged_tools_tags":[13]},{"acf_fc_layout":"divider"},{"acf_fc_layout":"wysiwyg","wysiwyg":"<h2>Ta fram och testa koncept<\/h2>\n<p>Framtagna id\u00e9er f\u00f6r\u00e4dlas och f\u00f6ljs av ett arbete med att ta fram koncept som testas p\u00e5 anv\u00e4ndare.<\/p>\n"},{"acf_fc_layout":"tagged_tools","tagged_tools_tags":[14]},{"acf_fc_layout":"divider"},{"acf_fc_layout":"wysiwyg","wysiwyg":"<h2>Ta fram och testa prototyp<\/h2>\n<p>N\u00e4sta steg \u00e4r att ta fram en eller flera prototyper som testas p\u00e5 anv\u00e4ndare.<\/p>\n"},{"acf_fc_layout":"tagged_tools","tagged_tools_tags":[15]},{"acf_fc_layout":"divider"},{"acf_fc_layout":"wysiwyg","wysiwyg":"<h2>Utveckla och testa<\/h2>\n<p>I denna del av arbetet utvecklas en process eller tj\u00e4nst och n\u00e4r denna finns tillg\u00e4nglig genomf\u00f6rs tester i anv\u00e4ndarnas verklighet.<\/p>\n<p>N\u00e4r utvecklad process eller tj\u00e4nst \u00e4r testad och en bekr\u00e4ftelse p\u00e5 att identifierade behov m\u00f6ts kan arbetet \u00f6verg\u00e5 i n\u00e4sta fas: <a href=\"http:\/\/foljen.local\/demonstrera-och-kommunicera\/\">demonstrera och kommunicera<\/a><\/p>\n"},{"acf_fc_layout":"tagged_tools","tagged_tools_tags":[16]}],"related_phases":[{"related_phase":{"ID":461,"post_author":"1355","post_date":"2020-09-15 22:01:06","post_date_gmt":"2020-09-15 22:01:06","post_content":"","post_title":"F\u00f6rst\u00e5","post_excerpt":"","post_status":"publish","comment_status":"closed","ping_status":"closed","post_password":"","post_name":"forsta","to_ping":"","pinged":"","post_modified":"2021-10-21 14:55:52","post_modified_gmt":"2021-10-21 12:55:52","post_content_filtered":"","post_parent":121,"guid":"http:\/\/foljen.local\/?page_id=461","menu_order":1,"post_type":"page","post_mime_type":"","comment_count":"0","filter":"raw"}},{"related_phase":{"ID":975,"post_author":"83","post_date":"2021-10-11 09:51:40","post_date_gmt":"2021-10-11 09:51:40","post_content":"","post_title":"Diskutera","post_excerpt":"","post_status":"publish","comment_status":"closed","ping_status":"closed","post_password":"","post_name":"diskutera","to_ping":"","pinged":"","post_modified":"2021-10-13 19:25:15","post_modified_gmt":"2021-10-13 19:25:15","post_content_filtered":"","post_parent":121,"guid":"https:\/\/sola.kau.se\/samarbetshjulet\/?page_id=975","menu_order":2,"post_type":"page","post_mime_type":"","comment_count":"0","filter":"raw"}},{"related_phase":{"ID":977,"post_author":"83","post_date":"2021-10-11 09:52:31","post_date_gmt":"2021-10-11 09:52:31","post_content":"","post_title":"Enas","post_excerpt":"","post_status":"publish","comment_status":"closed","ping_status":"closed","post_password":"","post_name":"enas","to_ping":"","pinged":"","post_modified":"2021-10-13 19:15:30","post_modified_gmt":"2021-10-13 19:15:30","post_content_filtered":"","post_parent":121,"guid":"https:\/\/sola.kau.se\/samarbetshjulet\/?page_id=977","menu_order":3,"post_type":"page","post_mime_type":"","comment_count":"0","filter":"raw"}}],"title":"","text":"<div class=\"rethink-area-text\">\n<p>I det h\u00e4r avsnittet kan ni tillsammans l\u00e4ra, f\u00f6rst\u00e5 och diskutera vad som g\u00e4ller f\u00f6r er arbetsplats, er grupp och era behov n\u00e4r det g\u00e4ller hur ni ska kommunicera och informera. N\u00e4r ni \u00e4r \u00f6verens har ni m\u00f6jlighet att dokumentera vad ni kommit \u00f6verens om f\u00f6r att verkligen uppn\u00e5 samsyn, och f\u00f6r att kunna f\u00f6lja upp och revidera enkelt.Modulen \u201cInformation och kommunikation\u201d inneh\u00e5ller tre steg:<\/p>\n<ul>\n<li><a href=\"https:\/\/sola.kau.se\/samarbetshjulet\/information-och-kommunikation\/forsta\/\">F\u00f6rst\u00e5<\/a><\/li>\n<li><a href=\"https:\/\/sola.kau.se\/samarbetshjulet\/information-och-kommunikation\/diskutera\/\">Diskutera<\/a><\/li>\n<li><a href=\"https:\/\/sola.kau.se\/samarbetshjulet\/information-och-kommunikation\/enas\/\">Enas<\/a><\/li>\n<\/ul>\n<p>Genom att tillsammans jobba med de tre stegen arbetar ni med digital arbetsmilj\u00f6 vilket skapar f\u00f6ruts\u00e4ttningar f\u00f6r er grupp att utvecklas. Ni kan sedan f\u00f6lja upp detta arbete och p\u00e5 s\u00e5 s\u00e4tt \u00f6ka den digitala mognaden i er grupp.<\/p>\n<p>S\u00e4tt ig\u00e5ng!<\/p>\n<\/div>\n"},"_links":{"self":[{"href":"https:\/\/sola.kau.se\/samarbetshjulet\/wp-json\/wp\/v2\/pages\/121","targetHints":{"allow":["GET"]}}],"collection":[{"href":"https:\/\/sola.kau.se\/samarbetshjulet\/wp-json\/wp\/v2\/pages"}],"about":[{"href":"https:\/\/sola.kau.se\/samarbetshjulet\/wp-json\/wp\/v2\/types\/page"}],"author":[{"embeddable":true,"href":"https:\/\/sola.kau.se\/samarbetshjulet\/wp-json\/wp\/v2\/users\/1355"}],"replies":[{"embeddable":true,"href":"https:\/\/sola.kau.se\/samarbetshjulet\/wp-json\/wp\/v2\/comments?post=121"}],"version-history":[{"count":16,"href":"https:\/\/sola.kau.se\/samarbetshjulet\/wp-json\/wp\/v2\/pages\/121\/revisions"}],"predecessor-version":[{"id":1751,"href":"https:\/\/sola.kau.se\/samarbetshjulet\/wp-json\/wp\/v2\/pages\/121\/revisions\/1751"}],"wp:attachment":[{"href":"https:\/\/sola.kau.se\/samarbetshjulet\/wp-json\/wp\/v2\/media?parent=121"}],"curies":[{"name":"wp","href":"https:\/\/api.w.org\/{rel}","templated":true}]}}