 {"id":126,"date":"2020-07-28T15:25:10","date_gmt":"2020-07-28T15:25:10","guid":{"rendered":"http:\/\/foljen.local\/?page_id=126"},"modified":"2021-10-21T13:52:07","modified_gmt":"2021-10-21T11:52:07","slug":"forutsattningar-och-kompetensutveckling","status":"publish","type":"page","link":"https:\/\/sola.kau.se\/samarbetshjulet\/forutsattningar-och-kompetensutveckling\/","title":{"rendered":"F\u00f6ruts\u00e4ttningar och kompetensutveckling"},"content":{"rendered":"","protected":false},"excerpt":{"rendered":"","protected":false},"author":1355,"featured_media":0,"parent":0,"menu_order":3,"comment_status":"closed","ping_status":"closed","template":"template-fas.php","meta":{"_acf_changed":false,"footnotes":""},"class_list":["post-126","page","type-page","status-publish","hentry"],"acf":[],"ACF":{"fas_meta":{"description":"Hur ser dina tekniska kunskaper ut? Ofta \u00e4r just kompetens det som ger m\u00f6jligheter och f\u00f6ruts\u00e4ttningar i ett samarbete som anv\u00e4nder sig av digitala verktyg. Det kan \u00e4ven vara din kompetensniv\u00e5 som s\u00e4tter f\u00f6ruts\u00e4ttningarna f\u00f6r hur ditt arbete utf\u00f6rs, tillsammans med de f\u00f6ruts\u00e4ttningar och den kompetens som dina kollegor och din arbetsgrupp har. \u00c4r det rimligt att inte ha headset med mikrofon om n\u00e5gon i gruppen har en h\u00f6rselneds\u00e4ttning? Beh\u00f6ver du l\u00e4ra dig ett nytt system f\u00f6r att n\u00e5 samma kunskapsniv\u00e5 som dina kollegor? Det \u00e4r l\u00e4tt h\u00e4nt vi utg\u00e5r ifr\u00e5n oss sj\u00e4lva och v\u00e5ra f\u00f6ruts\u00e4ttningar och behov n\u00e4r vi ska samarbeta och inte ser till gruppens b\u00e4sta. ","picto":{"ID":1501,"id":1501,"title":"Samarbetshjulet_Magnifying","filename":"Samarbetshjulet_Magnifying.png","filesize":102665,"url":"https:\/\/sola.kau.se\/samarbetshjulet\/wp-content\/uploads\/sites\/543\/2021\/10\/Samarbetshjulet_Magnifying.png","link":"https:\/\/sola.kau.se\/samarbetshjulet\/forutsattningar-och-kompetensutveckling\/samarbetshjulet_magnifying\/","alt":"","author":"83","description":"","caption":"","name":"samarbetshjulet_magnifying","status":"inherit","uploaded_to":126,"date":"2021-10-17 15:51:32","modified":"2021-10-17 15:51:32","menu_order":0,"mime_type":"image\/png","type":"image","subtype":"png","icon":"https:\/\/sola.kau.se\/samarbetshjulet\/wp-includes\/images\/media\/default.png","width":1879,"height":1879,"sizes":{"thumbnail":"https:\/\/sola.kau.se\/samarbetshjulet\/wp-content\/uploads\/sites\/543\/2021\/10\/Samarbetshjulet_Magnifying-150x150.png","thumbnail-width":150,"thumbnail-height":150,"medium":"https:\/\/sola.kau.se\/samarbetshjulet\/wp-content\/uploads\/sites\/543\/2021\/10\/Samarbetshjulet_Magnifying-300x300.png","medium-width":300,"medium-height":300,"medium_large":"https:\/\/sola.kau.se\/samarbetshjulet\/wp-content\/uploads\/sites\/543\/2021\/10\/Samarbetshjulet_Magnifying-768x768.png","medium_large-width":768,"medium_large-height":768,"large":"https:\/\/sola.kau.se\/samarbetshjulet\/wp-content\/uploads\/sites\/543\/2021\/10\/Samarbetshjulet_Magnifying-1024x1024.png","large-width":1024,"large-height":1024,"post-thumbnail":"https:\/\/sola.kau.se\/samarbetshjulet\/wp-content\/uploads\/sites\/543\/2021\/10\/Samarbetshjulet_Magnifying-125x125.png","post-thumbnail-width":125,"post-thumbnail-height":125,"sm":"https:\/\/sola.kau.se\/samarbetshjulet\/wp-content\/uploads\/sites\/543\/2021\/10\/Samarbetshjulet_Magnifying-640x640.png","sm-width":640,"sm-height":640,"md":"https:\/\/sola.kau.se\/samarbetshjulet\/wp-content\/uploads\/sites\/543\/2021\/10\/Samarbetshjulet_Magnifying-768x768.png","md-width":768,"md-height":768,"lg":"https:\/\/sola.kau.se\/samarbetshjulet\/wp-content\/uploads\/sites\/543\/2021\/10\/Samarbetshjulet_Magnifying-1024x1024.png","lg-width":1024,"lg-height":1024,"xl":"https:\/\/sola.kau.se\/samarbetshjulet\/wp-content\/uploads\/sites\/543\/2021\/10\/Samarbetshjulet_Magnifying-1280x1280.png","xl-width":1280,"xl-height":1280,"1440":"https:\/\/sola.kau.se\/samarbetshjulet\/wp-content\/uploads\/sites\/543\/2021\/10\/Samarbetshjulet_Magnifying.png","1440-width":1440,"1440-height":1440,"jumbotron":"https:\/\/sola.kau.se\/samarbetshjulet\/wp-content\/uploads\/sites\/543\/2021\/10\/Samarbetshjulet_Magnifying-1879x790.png","jumbotron-width":1879,"jumbotron-height":790,"4:3":"https:\/\/sola.kau.se\/samarbetshjulet\/wp-content\/uploads\/sites\/543\/2021\/10\/Samarbetshjulet_Magnifying-400x300.png","4:3-width":400,"4:3-height":300,"gform-image-choice-sm":"https:\/\/sola.kau.se\/samarbetshjulet\/wp-content\/uploads\/sites\/543\/2021\/10\/Samarbetshjulet_Magnifying.png","gform-image-choice-sm-width":300,"gform-image-choice-sm-height":300,"gform-image-choice-md":"https:\/\/sola.kau.se\/samarbetshjulet\/wp-content\/uploads\/sites\/543\/2021\/10\/Samarbetshjulet_Magnifying.png","gform-image-choice-md-width":400,"gform-image-choice-md-height":400,"gform-image-choice-lg":"https:\/\/sola.kau.se\/samarbetshjulet\/wp-content\/uploads\/sites\/543\/2021\/10\/Samarbetshjulet_Magnifying.png","gform-image-choice-lg-width":600,"gform-image-choice-lg-height":600}},"farg":"#DE3821","link_text":"Verktyg f\u00f6r att demonstrera och kommunicera"},"flexible_content":[{"acf_fc_layout":"wysiwyg","wysiwyg":"<h2>Demonstrera<\/h2>\n<p>Varje framg\u00e5ngsrikt framtagande eller vidareutveckling av en tj\u00e4nst beh\u00f6ver visas upp f\u00f6r de som ska anv\u00e4nda tj\u00e4nsten. Beroende p\u00e5 m\u00e5lgrupp sker demonstrationer p\u00e5 olika s\u00e4tt och med m\u00e5let att f\u00f6ra \u00f6ver kunskap om anv\u00e4ndning och behoven bakom.<\/p>\n"},{"acf_fc_layout":"verktyg","verktyg_list":[{"ID":361,"post_author":"1355","post_date":"2020-09-08 14:21:14","post_date_gmt":"2020-09-08 14:21:14","post_content":"","post_title":"F\u00f6rst\u00e5","post_excerpt":"","post_status":"publish","comment_status":"closed","ping_status":"closed","post_password":"","post_name":"forsta","to_ping":"","pinged":"","post_modified":"2021-10-18 14:15:17","post_modified_gmt":"2021-10-18 12:15:17","post_content_filtered":"","post_parent":126,"guid":"http:\/\/foljen.local\/?page_id=361","menu_order":1,"post_type":"page","post_mime_type":"","comment_count":"0","filter":"raw"}]},{"acf_fc_layout":"divider"},{"acf_fc_layout":"wysiwyg","wysiwyg":"<h2>Kommunicera<\/h2>\n<p>Resultatet kan \u00e4ven kommuniceras till andra intressenter, internt i organisationen, men ocks\u00e5 nationellt och internationellt. Det kan ske genom deltagande p\u00e5 konferenser, sociala medier och publicering av artiklar.<\/p>\n<p>N\u00e4r arbetet \u00e4r demonstrerat och kommunicerat kan arbetet \u00f6verg\u00e5 i n\u00e4sta fas: <a href=\"http:\/\/foljen.local\/forvalta-och-vidareutveckla\/\">f\u00f6rvalta och vidareutveckla.\u00a0<\/a><\/p>\n"},{"acf_fc_layout":"verktyg","verktyg_list":[]}],"title":"","text":"<div class=\"rethink-area-text\">\n<p>I det h\u00e4r avsnittet kan ni tillsammans l\u00e4ra er och f\u00f6rst\u00e5 varandra genom diskussioner tillsammans. N\u00e4r ni \u00e4r \u00f6verens har ni m\u00f6jlighet att dokumentera vad ni kommit \u00f6verens om f\u00f6r att verkligen uppn\u00e5 samsyn, och f\u00f6r att kunna f\u00f6lja upp och revidera enkeltModulen \u201cF\u00f6ruts\u00e4ttningar och kompetensutveckling\u201d inneh\u00e5ller tre steg:<\/p>\n<ul>\n<li><a href=\"https:\/\/sola.kau.se\/samarbetshjulet\/forutsattningar-och-kompetensutveckling\/forsta\/\">F\u00f6rst\u00e5<\/a><\/li>\n<li><a href=\"https:\/\/sola.kau.se\/samarbetshjulet\/forutsattningar-och-kompetensutveckling\/diskutera\/\">Diskutera<\/a><\/li>\n<li><a href=\"https:\/\/sola.kau.se\/samarbetshjulet\/forutsattningar-och-kompetensutveckling\/enas\/\">Enas<\/a><\/li>\n<\/ul>\n<p>Genom att tillsammans jobba med de tre stegen arbetar ni med digital arbetsmilj\u00f6 som skapar f\u00f6ruts\u00e4ttningar f\u00f6r er grupp att utvecklas. Ni kan sedan f\u00f6lja upp detta arbete och p\u00e5 s\u00e5 s\u00e4tt \u00f6ka den digitala mognaden i er grupp.<\/p>\n<p>S\u00e4tt ig\u00e5ng!<\/p>\n<\/div>\n","related_phases":[{"related_phase":{"ID":361,"post_author":"1355","post_date":"2020-09-08 14:21:14","post_date_gmt":"2020-09-08 14:21:14","post_content":"","post_title":"F\u00f6rst\u00e5","post_excerpt":"","post_status":"publish","comment_status":"closed","ping_status":"closed","post_password":"","post_name":"forsta","to_ping":"","pinged":"","post_modified":"2021-10-18 14:15:17","post_modified_gmt":"2021-10-18 12:15:17","post_content_filtered":"","post_parent":126,"guid":"http:\/\/foljen.local\/?page_id=361","menu_order":1,"post_type":"page","post_mime_type":"","comment_count":"0","filter":"raw"}},{"related_phase":{"ID":985,"post_author":"83","post_date":"2021-10-11 09:57:37","post_date_gmt":"2021-10-11 09:57:37","post_content":"","post_title":"Diskutera","post_excerpt":"","post_status":"publish","comment_status":"closed","ping_status":"closed","post_password":"","post_name":"diskutera","to_ping":"","pinged":"","post_modified":"2023-09-14 13:10:34","post_modified_gmt":"2023-09-14 11:10:34","post_content_filtered":"","post_parent":126,"guid":"https:\/\/sola.kau.se\/samarbetshjulet\/?page_id=985","menu_order":2,"post_type":"page","post_mime_type":"","comment_count":"0","filter":"raw"}},{"related_phase":{"ID":987,"post_author":"83","post_date":"2021-10-11 09:58:08","post_date_gmt":"2021-10-11 09:58:08","post_content":"","post_title":"Enas","post_excerpt":"","post_status":"publish","comment_status":"closed","ping_status":"closed","post_password":"","post_name":"enas","to_ping":"","pinged":"","post_modified":"2021-10-13 19:15:51","post_modified_gmt":"2021-10-13 19:15:51","post_content_filtered":"","post_parent":126,"guid":"https:\/\/sola.kau.se\/samarbetshjulet\/?page_id=987","menu_order":3,"post_type":"page","post_mime_type":"","comment_count":"0","filter":"raw"}}]},"_links":{"self":[{"href":"https:\/\/sola.kau.se\/samarbetshjulet\/wp-json\/wp\/v2\/pages\/126","targetHints":{"allow":["GET"]}}],"collection":[{"href":"https:\/\/sola.kau.se\/samarbetshjulet\/wp-json\/wp\/v2\/pages"}],"about":[{"href":"https:\/\/sola.kau.se\/samarbetshjulet\/wp-json\/wp\/v2\/types\/page"}],"author":[{"embeddable":true,"href":"https:\/\/sola.kau.se\/samarbetshjulet\/wp-json\/wp\/v2\/users\/1355"}],"replies":[{"embeddable":true,"href":"https:\/\/sola.kau.se\/samarbetshjulet\/wp-json\/wp\/v2\/comments?post=126"}],"version-history":[{"count":24,"href":"https:\/\/sola.kau.se\/samarbetshjulet\/wp-json\/wp\/v2\/pages\/126\/revisions"}],"predecessor-version":[{"id":1841,"href":"https:\/\/sola.kau.se\/samarbetshjulet\/wp-json\/wp\/v2\/pages\/126\/revisions\/1841"}],"wp:attachment":[{"href":"https:\/\/sola.kau.se\/samarbetshjulet\/wp-json\/wp\/v2\/media?parent=126"}],"curies":[{"name":"wp","href":"https:\/\/api.w.org\/{rel}","templated":true}]}}