 {"id":130,"date":"2020-07-28T15:26:06","date_gmt":"2020-07-28T15:26:06","guid":{"rendered":"http:\/\/foljen.local\/?page_id=130"},"modified":"2021-10-21T13:51:34","modified_gmt":"2021-10-21T11:51:34","slug":"forvantningar-och-riktlinjer-regler","status":"publish","type":"page","link":"https:\/\/sola.kau.se\/samarbetshjulet\/forvantningar-och-riktlinjer-regler\/","title":{"rendered":"F\u00f6rv\u00e4ntningar och riktlinjer\/regler"},"content":{"rendered":"","protected":false},"excerpt":{"rendered":"","protected":false},"author":1355,"featured_media":0,"parent":0,"menu_order":4,"comment_status":"closed","ping_status":"closed","template":"template-fas.php","meta":{"_acf_changed":false,"footnotes":""},"class_list":["post-130","page","type-page","status-publish","hentry"],"acf":[],"ACF":{"fas_meta":{"description":"Karlstads universitet har en m\u00e4ngd riktlinjer och regler f\u00f6r hur, var och n\u00e4r ditt arbete ska utf\u00f6ras. Det finns \u00e4ven andra regler att ta h\u00e4nsyn till som alla kanske inte k\u00e4nner till, eller d\u00e4r man \u00e4r os\u00e4ker p\u00e5 hur reglerna egentligen ska f\u00f6rst\u00e5s. Att inte ha alla f\u00f6ruts\u00e4ttningar f\u00f6r arbetet klart f\u00f6r sig kan skapa f\u00f6rv\u00e4ntningar som dels kan se olika ut inom gruppen och dels inte kommer kunna infrias. ","picto":{"ID":1503,"id":1503,"title":"Samarbetshjulet_Checklist","filename":"Samarbetshjulet_Checklist.png","filesize":102100,"url":"https:\/\/sola.kau.se\/samarbetshjulet\/wp-content\/uploads\/sites\/543\/2021\/10\/Samarbetshjulet_Checklist.png","link":"https:\/\/sola.kau.se\/samarbetshjulet\/forvantningar-och-riktlinjer-regler\/samarbetshjulet_checklist\/","alt":"","author":"83","description":"","caption":"","name":"samarbetshjulet_checklist","status":"inherit","uploaded_to":130,"date":"2021-10-17 15:52:07","modified":"2021-10-17 15:52:07","menu_order":0,"mime_type":"image\/png","type":"image","subtype":"png","icon":"https:\/\/sola.kau.se\/samarbetshjulet\/wp-includes\/images\/media\/default.png","width":1879,"height":1879,"sizes":{"thumbnail":"https:\/\/sola.kau.se\/samarbetshjulet\/wp-content\/uploads\/sites\/543\/2021\/10\/Samarbetshjulet_Checklist-150x150.png","thumbnail-width":150,"thumbnail-height":150,"medium":"https:\/\/sola.kau.se\/samarbetshjulet\/wp-content\/uploads\/sites\/543\/2021\/10\/Samarbetshjulet_Checklist-300x300.png","medium-width":300,"medium-height":300,"medium_large":"https:\/\/sola.kau.se\/samarbetshjulet\/wp-content\/uploads\/sites\/543\/2021\/10\/Samarbetshjulet_Checklist-768x768.png","medium_large-width":768,"medium_large-height":768,"large":"https:\/\/sola.kau.se\/samarbetshjulet\/wp-content\/uploads\/sites\/543\/2021\/10\/Samarbetshjulet_Checklist-1024x1024.png","large-width":1024,"large-height":1024,"post-thumbnail":"https:\/\/sola.kau.se\/samarbetshjulet\/wp-content\/uploads\/sites\/543\/2021\/10\/Samarbetshjulet_Checklist-125x125.png","post-thumbnail-width":125,"post-thumbnail-height":125,"sm":"https:\/\/sola.kau.se\/samarbetshjulet\/wp-content\/uploads\/sites\/543\/2021\/10\/Samarbetshjulet_Checklist-640x640.png","sm-width":640,"sm-height":640,"md":"https:\/\/sola.kau.se\/samarbetshjulet\/wp-content\/uploads\/sites\/543\/2021\/10\/Samarbetshjulet_Checklist-768x768.png","md-width":768,"md-height":768,"lg":"https:\/\/sola.kau.se\/samarbetshjulet\/wp-content\/uploads\/sites\/543\/2021\/10\/Samarbetshjulet_Checklist-1024x1024.png","lg-width":1024,"lg-height":1024,"xl":"https:\/\/sola.kau.se\/samarbetshjulet\/wp-content\/uploads\/sites\/543\/2021\/10\/Samarbetshjulet_Checklist-1280x1280.png","xl-width":1280,"xl-height":1280,"1440":"https:\/\/sola.kau.se\/samarbetshjulet\/wp-content\/uploads\/sites\/543\/2021\/10\/Samarbetshjulet_Checklist.png","1440-width":1440,"1440-height":1440,"jumbotron":"https:\/\/sola.kau.se\/samarbetshjulet\/wp-content\/uploads\/sites\/543\/2021\/10\/Samarbetshjulet_Checklist-1879x790.png","jumbotron-width":1879,"jumbotron-height":790,"4:3":"https:\/\/sola.kau.se\/samarbetshjulet\/wp-content\/uploads\/sites\/543\/2021\/10\/Samarbetshjulet_Checklist-400x300.png","4:3-width":400,"4:3-height":300,"gform-image-choice-sm":"https:\/\/sola.kau.se\/samarbetshjulet\/wp-content\/uploads\/sites\/543\/2021\/10\/Samarbetshjulet_Checklist.png","gform-image-choice-sm-width":300,"gform-image-choice-sm-height":300,"gform-image-choice-md":"https:\/\/sola.kau.se\/samarbetshjulet\/wp-content\/uploads\/sites\/543\/2021\/10\/Samarbetshjulet_Checklist.png","gform-image-choice-md-width":400,"gform-image-choice-md-height":400,"gform-image-choice-lg":"https:\/\/sola.kau.se\/samarbetshjulet\/wp-content\/uploads\/sites\/543\/2021\/10\/Samarbetshjulet_Checklist.png","gform-image-choice-lg-width":600,"gform-image-choice-lg-height":600}},"farg":"#EBAD71","link_text":"Verktyg f\u00f6r att f\u00f6rvalta och vidareutveckla"},"flexible_content":[{"acf_fc_layout":"wysiwyg","wysiwyg":"<h2>F\u00f6rvalta och vidareutveckla<\/h2>\n<p>En framtagen tj\u00e4nst eller verktyg kr\u00e4ver en mottagare, detta f\u00f6r att skapa f\u00f6ruts\u00e4ttningar f\u00f6r vidareutveckling. En viktig del \u00e4r att tidigt i en studie\/projekt involvera en mottagare vilket skapar f\u00f6ruts\u00e4ttningar f\u00f6r f\u00f6rst\u00e5else av det arbete som g\u00f6rs och syftet med den utvecklade tj\u00e4nsten eller verktyget.<\/p>\n"},{"acf_fc_layout":"verktyg","verktyg_list":[{"ID":269,"post_author":"1355","post_date":"2020-09-04 10:48:37","post_date_gmt":"2020-09-04 10:48:37","post_content":"","post_title":"F\u00f6rst\u00e5","post_excerpt":"","post_status":"publish","comment_status":"closed","ping_status":"closed","post_password":"","post_name":"forsta","to_ping":"","pinged":"","post_modified":"2024-01-31 17:16:41","post_modified_gmt":"2024-01-31 16:16:41","post_content_filtered":"","post_parent":130,"guid":"http:\/\/foljen.local\/?page_id=269","menu_order":1,"post_type":"page","post_mime_type":"","comment_count":"0","filter":"raw"}]}],"title":"","text":"<div class=\"rethink-area-text\">\n<p>I det h\u00e4r avsnittet kan ni tillsammans l\u00e4ra och f\u00f6rst\u00e5 riktlinjer och regler som g\u00e4ller f\u00f6r er, och diskutera hur dessa appliceras p\u00e5 just er grupp. N\u00e4r ni \u00e4r \u00f6verens har ni m\u00f6jlighet att dokumentera vad ni kommit \u00f6verens om f\u00f6r att verkligen uppn\u00e5 samsyn, och f\u00f6r att kunna f\u00f6lja upp och revidera enkelt.<\/p>\n<p>Modulen \u201cF\u00f6rv\u00e4ntningar och riktlinjer\/regler\u201d inneh\u00e5ller tre steg:<\/p>\n<ol>\n<li><a href=\"https:\/\/sola.kau.se\/samarbetshjulet\/forvantningar-och-riktlinjer-regler\/forsta\/\">F\u00f6rst\u00e5<\/a><\/li>\n<li><a href=\"https:\/\/sola.kau.se\/samarbetshjulet\/forvantningar-och-riktlinjer-regler\/diskutera\/\">Diskutera<\/a><\/li>\n<li><a href=\"https:\/\/sola.kau.se\/samarbetshjulet\/forvantningar-och-riktlinjer-regler\/enas\/\">Enas<\/a><\/li>\n<\/ol>\n<p>Genom att tillsammans jobba med de tre stegen arbetar ni med digital arbetsmilj\u00f6 som f\u00f6ruts\u00e4ttningar f\u00f6r er grupp att utvecklas. Ni kan sedan f\u00f6lja upp detta arbete och p\u00e5 s\u00e5 s\u00e4tt \u00f6ka den digitala mognaden i er grupp.<\/p>\n<p><strong>S\u00e4tt ig\u00e5ng!<\/strong><\/p>\n<\/div>\n","related_phases":[{"related_phase":{"ID":269,"post_author":"1355","post_date":"2020-09-04 10:48:37","post_date_gmt":"2020-09-04 10:48:37","post_content":"","post_title":"F\u00f6rst\u00e5","post_excerpt":"","post_status":"publish","comment_status":"closed","ping_status":"closed","post_password":"","post_name":"forsta","to_ping":"","pinged":"","post_modified":"2024-01-31 17:16:41","post_modified_gmt":"2024-01-31 16:16:41","post_content_filtered":"","post_parent":130,"guid":"http:\/\/foljen.local\/?page_id=269","menu_order":1,"post_type":"page","post_mime_type":"","comment_count":"0","filter":"raw"}},{"related_phase":{"ID":980,"post_author":"83","post_date":"2021-10-11 09:53:51","post_date_gmt":"2021-10-11 09:53:51","post_content":"","post_title":"Diskutera","post_excerpt":"","post_status":"publish","comment_status":"closed","ping_status":"closed","post_password":"","post_name":"diskutera","to_ping":"","pinged":"","post_modified":"2021-10-13 19:26:19","post_modified_gmt":"2021-10-13 19:26:19","post_content_filtered":"","post_parent":130,"guid":"https:\/\/sola.kau.se\/samarbetshjulet\/?page_id=980","menu_order":2,"post_type":"page","post_mime_type":"","comment_count":"0","filter":"raw"}},{"related_phase":{"ID":983,"post_author":"83","post_date":"2021-10-11 09:56:26","post_date_gmt":"2021-10-11 09:56:26","post_content":"","post_title":"Enas","post_excerpt":"","post_status":"publish","comment_status":"closed","ping_status":"closed","post_password":"","post_name":"enas","to_ping":"","pinged":"","post_modified":"2021-10-13 19:18:38","post_modified_gmt":"2021-10-13 19:18:38","post_content_filtered":"","post_parent":130,"guid":"https:\/\/sola.kau.se\/samarbetshjulet\/?page_id=983","menu_order":3,"post_type":"page","post_mime_type":"","comment_count":"0","filter":"raw"}}]},"_links":{"self":[{"href":"https:\/\/sola.kau.se\/samarbetshjulet\/wp-json\/wp\/v2\/pages\/130","targetHints":{"allow":["GET"]}}],"collection":[{"href":"https:\/\/sola.kau.se\/samarbetshjulet\/wp-json\/wp\/v2\/pages"}],"about":[{"href":"https:\/\/sola.kau.se\/samarbetshjulet\/wp-json\/wp\/v2\/types\/page"}],"author":[{"embeddable":true,"href":"https:\/\/sola.kau.se\/samarbetshjulet\/wp-json\/wp\/v2\/users\/1355"}],"replies":[{"embeddable":true,"href":"https:\/\/sola.kau.se\/samarbetshjulet\/wp-json\/wp\/v2\/comments?post=130"}],"version-history":[{"count":24,"href":"https:\/\/sola.kau.se\/samarbetshjulet\/wp-json\/wp\/v2\/pages\/130\/revisions"}],"predecessor-version":[{"id":1840,"href":"https:\/\/sola.kau.se\/samarbetshjulet\/wp-json\/wp\/v2\/pages\/130\/revisions\/1840"}],"wp:attachment":[{"href":"https:\/\/sola.kau.se\/samarbetshjulet\/wp-json\/wp\/v2\/media?parent=130"}],"curies":[{"name":"wp","href":"https:\/\/api.w.org\/{rel}","templated":true}]}}