 {"id":269,"date":"2020-09-04T10:48:37","date_gmt":"2020-09-04T10:48:37","guid":{"rendered":"http:\/\/foljen.local\/?page_id=269"},"modified":"2024-01-31T17:16:41","modified_gmt":"2024-01-31T16:16:41","slug":"forsta","status":"publish","type":"page","link":"https:\/\/sola.kau.se\/samarbetshjulet\/forvantningar-och-riktlinjer-regler\/forsta\/","title":{"rendered":"F\u00f6rst\u00e5"},"content":{"rendered":"","protected":false},"excerpt":{"rendered":"","protected":false},"author":1355,"featured_media":0,"parent":130,"menu_order":1,"comment_status":"closed","ping_status":"closed","template":"template-verktyg.php","meta":{"_acf_changed":false,"footnotes":""},"class_list":["post-269","page","type-page","status-publish","hentry"],"acf":[],"ACF":{"description_verktyg":"<p>Att \u00f6verl\u00e4mna inneb\u00e4r att resultatet av utvecklingen tas emot av n\u00e5gon och f\u00f6rvaltas p\u00e5 l\u00e5ng sikt. <\/p>\n","flexible_content":[{"acf_fc_layout":"wysiwyg","wysiwyg":"<p>Inom de flesta omr\u00e5den finns ett ramverk, det vill s\u00e4ga ett antal regler, riktlinjer och policys att f\u00f6rh\u00e5lla sig till. Nedan hittar du de mest aktuella inom modulen f\u00f6ruts\u00e4ttningar och kompetensutveckling som kan fungera som en bra grund f\u00f6r era diskussioner. Du som samtalsledare kan v\u00e4lja att ge deltagarna i m\u00f6tet i uppgift att l\u00e4sa p\u00e5 ramverken innan er diskussion, eller s\u00e5 avs\u00e4tter du n\u00e5gra minuter under m\u00f6tet f\u00f6r att alla ska ha tid att s\u00e4tta sig in dessa.<\/p>\n<p>&nbsp;<\/p>\n<p>Nedan hittar du \u00e4ven filmer, poddar och artiklar vars syfte \u00e4r att v\u00e4cka nya tankar hos dig. \u00c4ven dessa kan du som samtalsledare be deltagarna att se, lyssna eller l\u00e4sa innan m\u00f6tet, eller v\u00e4lja att ta n\u00e5gra minuter av m\u00f6testiden f\u00f6r att se, lyssna eller l\u00e4sa gemensamt<\/p>\n"},{"acf_fc_layout":"divider"}],"resources_list":false,"tool_tags":false,"resource":[{"title":"Riktlinjer distansarbete","text":"<div class=\"page\" title=\"Page 1\">\n<div class=\"layoutArea\">\n<div class=\"column\">\n<p>I dessa riktlinjer beskrivs villkoren och fo\u0308rutsa\u0308ttningarna fo\u0308r distansarbete vid Karlstads universitet.<\/p>\n<\/div>\n<\/div>\n<\/div>\n<p>&nbsp;<\/p>\n<p>&nbsp;<\/p>\n","list_of_resources":[{"link_title":"Se riktlinjer distansarbete","link_type":"Web Link","url":"https:\/\/inslaget.kau.se\/medarbetare-chef\/anstallning\/arbetstid\/distansarbete"}],"resource_image":{"ID":1305,"id":1305,"title":"Riktlinjer distansarbete","filename":"Riktlinjer-distansarbete-scaled.jpg","filesize":316860,"url":"https:\/\/sola.kau.se\/samarbetshjulet\/wp-content\/uploads\/sites\/543\/2021\/10\/Riktlinjer-distansarbete-scaled.jpg","link":"https:\/\/sola.kau.se\/samarbetshjulet\/forvantningar-och-riktlinjer-regler\/forsta\/riktlinjer-distansarbete\/","alt":"","author":"208","description":"","caption":"","name":"riktlinjer-distansarbete","status":"inherit","uploaded_to":269,"date":"2021-10-13 12:24:43","modified":"2021-10-13 12:24:43","menu_order":0,"mime_type":"image\/jpeg","type":"image","subtype":"jpeg","icon":"https:\/\/sola.kau.se\/samarbetshjulet\/wp-includes\/images\/media\/default.png","width":2560,"height":1440,"sizes":{"thumbnail":"https:\/\/sola.kau.se\/samarbetshjulet\/wp-content\/uploads\/sites\/543\/2021\/10\/Riktlinjer-distansarbete-scaled.jpg","thumbnail-width":150,"thumbnail-height":84,"medium":"https:\/\/sola.kau.se\/samarbetshjulet\/wp-content\/uploads\/sites\/543\/2021\/10\/Riktlinjer-distansarbete-300x169.jpg","medium-width":300,"medium-height":169,"medium_large":"https:\/\/sola.kau.se\/samarbetshjulet\/wp-content\/uploads\/sites\/543\/2021\/10\/Riktlinjer-distansarbete-scaled.jpg","medium_large-width":768,"medium_large-height":432,"large":"https:\/\/sola.kau.se\/samarbetshjulet\/wp-content\/uploads\/sites\/543\/2021\/10\/Riktlinjer-distansarbete-scaled.jpg","large-width":1024,"large-height":576,"post-thumbnail":"https:\/\/sola.kau.se\/samarbetshjulet\/wp-content\/uploads\/sites\/543\/2021\/10\/Riktlinjer-distansarbete-scaled.jpg","post-thumbnail-width":125,"post-thumbnail-height":70,"sm":"https:\/\/sola.kau.se\/samarbetshjulet\/wp-content\/uploads\/sites\/543\/2021\/10\/Riktlinjer-distansarbete-scaled.jpg","sm-width":640,"sm-height":360,"md":"https:\/\/sola.kau.se\/samarbetshjulet\/wp-content\/uploads\/sites\/543\/2021\/10\/Riktlinjer-distansarbete-scaled.jpg","md-width":768,"md-height":432,"lg":"https:\/\/sola.kau.se\/samarbetshjulet\/wp-content\/uploads\/sites\/543\/2021\/10\/Riktlinjer-distansarbete-scaled.jpg","lg-width":1024,"lg-height":576,"xl":"https:\/\/sola.kau.se\/samarbetshjulet\/wp-content\/uploads\/sites\/543\/2021\/10\/Riktlinjer-distansarbete-scaled.jpg","xl-width":1280,"xl-height":720,"1440":"https:\/\/sola.kau.se\/samarbetshjulet\/wp-content\/uploads\/sites\/543\/2021\/10\/Riktlinjer-distansarbete-scaled.jpg","1440-width":1440,"1440-height":810,"jumbotron":"https:\/\/sola.kau.se\/samarbetshjulet\/wp-content\/uploads\/sites\/543\/2021\/10\/Riktlinjer-distansarbete-scaled.jpg","jumbotron-width":1404,"jumbotron-height":790,"4:3":"https:\/\/sola.kau.se\/samarbetshjulet\/wp-content\/uploads\/sites\/543\/2021\/10\/Riktlinjer-distansarbete-scaled.jpg","4:3-width":400,"4:3-height":225,"gform-image-choice-sm":"https:\/\/sola.kau.se\/samarbetshjulet\/wp-content\/uploads\/sites\/543\/2021\/10\/Riktlinjer-distansarbete-scaled.jpg","gform-image-choice-sm-width":300,"gform-image-choice-sm-height":169,"gform-image-choice-md":"https:\/\/sola.kau.se\/samarbetshjulet\/wp-content\/uploads\/sites\/543\/2021\/10\/Riktlinjer-distansarbete-scaled.jpg","gform-image-choice-md-width":400,"gform-image-choice-md-height":225,"gform-image-choice-lg":"https:\/\/sola.kau.se\/samarbetshjulet\/wp-content\/uploads\/sites\/543\/2021\/10\/Riktlinjer-distansarbete-scaled.jpg","gform-image-choice-lg-width":600,"gform-image-choice-lg-height":338}}},{"title":"Var g\u00e5r gr\u00e4nsen mellan arbete och fritid? ","text":"<p>Den nya digitala tekniken medf\u00f6r att gr\u00e4nsen mellan arbete och fritid blir allt mer otydlig. H\u00e4r f\u00e5r ni st\u00f6d f\u00f6r att diskutera hur vi vill ha det p\u00e5 v\u00e5r arbetsplats.<\/p>\n","list_of_resources":[{"link_title":"Se p\u00e5 filmen","link_type":"Video","url":"https:\/\/www.youtube.com\/watch?v=QnVLaW7eSEw"}],"resource_image":{"ID":1317,"id":1317,"title":"Stressad pappa","filename":"Stressad-pappa-1-scaled.jpg","filesize":104915,"url":"https:\/\/sola.kau.se\/samarbetshjulet\/wp-content\/uploads\/sites\/543\/2021\/10\/Stressad-pappa-1-scaled.jpg","link":"https:\/\/sola.kau.se\/samarbetshjulet\/forvantningar-och-riktlinjer-regler\/forsta\/stressad-pappa-2\/","alt":"","author":"208","description":"","caption":"","name":"stressad-pappa-2","status":"inherit","uploaded_to":269,"date":"2021-10-13 12:38:48","modified":"2021-10-13 12:38:48","menu_order":0,"mime_type":"image\/jpeg","type":"image","subtype":"jpeg","icon":"https:\/\/sola.kau.se\/samarbetshjulet\/wp-includes\/images\/media\/default.png","width":2560,"height":1440,"sizes":{"thumbnail":"https:\/\/sola.kau.se\/samarbetshjulet\/wp-content\/uploads\/sites\/543\/2021\/10\/Stressad-pappa-1-scaled.jpg","thumbnail-width":150,"thumbnail-height":84,"medium":"https:\/\/sola.kau.se\/samarbetshjulet\/wp-content\/uploads\/sites\/543\/2021\/10\/Stressad-pappa-1-300x169.jpg","medium-width":300,"medium-height":169,"medium_large":"https:\/\/sola.kau.se\/samarbetshjulet\/wp-content\/uploads\/sites\/543\/2021\/10\/Stressad-pappa-1-scaled.jpg","medium_large-width":768,"medium_large-height":432,"large":"https:\/\/sola.kau.se\/samarbetshjulet\/wp-content\/uploads\/sites\/543\/2021\/10\/Stressad-pappa-1-scaled.jpg","large-width":1024,"large-height":576,"post-thumbnail":"https:\/\/sola.kau.se\/samarbetshjulet\/wp-content\/uploads\/sites\/543\/2021\/10\/Stressad-pappa-1-scaled.jpg","post-thumbnail-width":125,"post-thumbnail-height":70,"sm":"https:\/\/sola.kau.se\/samarbetshjulet\/wp-content\/uploads\/sites\/543\/2021\/10\/Stressad-pappa-1-scaled.jpg","sm-width":640,"sm-height":360,"md":"https:\/\/sola.kau.se\/samarbetshjulet\/wp-content\/uploads\/sites\/543\/2021\/10\/Stressad-pappa-1-scaled.jpg","md-width":768,"md-height":432,"lg":"https:\/\/sola.kau.se\/samarbetshjulet\/wp-content\/uploads\/sites\/543\/2021\/10\/Stressad-pappa-1-scaled.jpg","lg-width":1024,"lg-height":576,"xl":"https:\/\/sola.kau.se\/samarbetshjulet\/wp-content\/uploads\/sites\/543\/2021\/10\/Stressad-pappa-1-scaled.jpg","xl-width":1280,"xl-height":720,"1440":"https:\/\/sola.kau.se\/samarbetshjulet\/wp-content\/uploads\/sites\/543\/2021\/10\/Stressad-pappa-1-scaled.jpg","1440-width":1440,"1440-height":810,"jumbotron":"https:\/\/sola.kau.se\/samarbetshjulet\/wp-content\/uploads\/sites\/543\/2021\/10\/Stressad-pappa-1-scaled.jpg","jumbotron-width":1404,"jumbotron-height":790,"4:3":"https:\/\/sola.kau.se\/samarbetshjulet\/wp-content\/uploads\/sites\/543\/2021\/10\/Stressad-pappa-1-scaled.jpg","4:3-width":400,"4:3-height":225,"gform-image-choice-sm":"https:\/\/sola.kau.se\/samarbetshjulet\/wp-content\/uploads\/sites\/543\/2021\/10\/Stressad-pappa-1-scaled.jpg","gform-image-choice-sm-width":300,"gform-image-choice-sm-height":169,"gform-image-choice-md":"https:\/\/sola.kau.se\/samarbetshjulet\/wp-content\/uploads\/sites\/543\/2021\/10\/Stressad-pappa-1-scaled.jpg","gform-image-choice-md-width":400,"gform-image-choice-md-height":225,"gform-image-choice-lg":"https:\/\/sola.kau.se\/samarbetshjulet\/wp-content\/uploads\/sites\/543\/2021\/10\/Stressad-pappa-1-scaled.jpg","gform-image-choice-lg-width":600,"gform-image-choice-lg-height":338}}},{"title":"\u00d6verenskommelse distansarbete","text":"<p>\u00d6verenskommelse mellan chef och medarbetare om distansarbete<\/p>\n","list_of_resources":[{"link_title":"Se mall f\u00f6r \u00f6verenskommelse distansarbete","link_type":"Word Document","url":"https:\/\/sola.kau.se\/samarbetshjulet\/wp-content\/uploads\/sites\/543\/2021\/10\/OverenskommelseDistansarbete.docx"}],"resource_image":{"ID":1309,"id":1309,"title":"\u00d6verneskommelse","filename":"Overneskommelse-scaled.jpg","filesize":304248,"url":"https:\/\/sola.kau.se\/samarbetshjulet\/wp-content\/uploads\/sites\/543\/2021\/10\/Overneskommelse-scaled.jpg","link":"https:\/\/sola.kau.se\/samarbetshjulet\/forvantningar-och-riktlinjer-regler\/forsta\/overneskommelse\/","alt":"","author":"208","description":"","caption":"","name":"overneskommelse","status":"inherit","uploaded_to":269,"date":"2021-10-13 12:29:36","modified":"2021-10-13 12:29:36","menu_order":0,"mime_type":"image\/jpeg","type":"image","subtype":"jpeg","icon":"https:\/\/sola.kau.se\/samarbetshjulet\/wp-includes\/images\/media\/default.png","width":2560,"height":1440,"sizes":{"thumbnail":"https:\/\/sola.kau.se\/samarbetshjulet\/wp-content\/uploads\/sites\/543\/2021\/10\/Overneskommelse-scaled.jpg","thumbnail-width":150,"thumbnail-height":84,"medium":"https:\/\/sola.kau.se\/samarbetshjulet\/wp-content\/uploads\/sites\/543\/2021\/10\/Overneskommelse-300x169.jpg","medium-width":300,"medium-height":169,"medium_large":"https:\/\/sola.kau.se\/samarbetshjulet\/wp-content\/uploads\/sites\/543\/2021\/10\/Overneskommelse-scaled.jpg","medium_large-width":768,"medium_large-height":432,"large":"https:\/\/sola.kau.se\/samarbetshjulet\/wp-content\/uploads\/sites\/543\/2021\/10\/Overneskommelse-scaled.jpg","large-width":1024,"large-height":576,"post-thumbnail":"https:\/\/sola.kau.se\/samarbetshjulet\/wp-content\/uploads\/sites\/543\/2021\/10\/Overneskommelse-scaled.jpg","post-thumbnail-width":125,"post-thumbnail-height":70,"sm":"https:\/\/sola.kau.se\/samarbetshjulet\/wp-content\/uploads\/sites\/543\/2021\/10\/Overneskommelse-scaled.jpg","sm-width":640,"sm-height":360,"md":"https:\/\/sola.kau.se\/samarbetshjulet\/wp-content\/uploads\/sites\/543\/2021\/10\/Overneskommelse-scaled.jpg","md-width":768,"md-height":432,"lg":"https:\/\/sola.kau.se\/samarbetshjulet\/wp-content\/uploads\/sites\/543\/2021\/10\/Overneskommelse-scaled.jpg","lg-width":1024,"lg-height":576,"xl":"https:\/\/sola.kau.se\/samarbetshjulet\/wp-content\/uploads\/sites\/543\/2021\/10\/Overneskommelse-scaled.jpg","xl-width":1280,"xl-height":720,"1440":"https:\/\/sola.kau.se\/samarbetshjulet\/wp-content\/uploads\/sites\/543\/2021\/10\/Overneskommelse-scaled.jpg","1440-width":1440,"1440-height":810,"jumbotron":"https:\/\/sola.kau.se\/samarbetshjulet\/wp-content\/uploads\/sites\/543\/2021\/10\/Overneskommelse-scaled.jpg","jumbotron-width":1404,"jumbotron-height":790,"4:3":"https:\/\/sola.kau.se\/samarbetshjulet\/wp-content\/uploads\/sites\/543\/2021\/10\/Overneskommelse-scaled.jpg","4:3-width":400,"4:3-height":225,"gform-image-choice-sm":"https:\/\/sola.kau.se\/samarbetshjulet\/wp-content\/uploads\/sites\/543\/2021\/10\/Overneskommelse-scaled.jpg","gform-image-choice-sm-width":300,"gform-image-choice-sm-height":169,"gform-image-choice-md":"https:\/\/sola.kau.se\/samarbetshjulet\/wp-content\/uploads\/sites\/543\/2021\/10\/Overneskommelse-scaled.jpg","gform-image-choice-md-width":400,"gform-image-choice-md-height":225,"gform-image-choice-lg":"https:\/\/sola.kau.se\/samarbetshjulet\/wp-content\/uploads\/sites\/543\/2021\/10\/Overneskommelse-scaled.jpg","gform-image-choice-lg-width":600,"gform-image-choice-lg-height":338}}},{"title":"Checklista f\u00f6r arbetsmilj\u00f6 vid distansarbete","text":"<p>Checklista som medarbetare fyller i f\u00f6r att uppvisa en tillfredsst\u00e4llande arbetsmilj\u00f6 vid hemarbete. Checklistan \u00e4r framtagen av HR-avdelningen vid Karlstads universitet.<\/p>\n","list_of_resources":[{"link_title":"Se checklista ","link_type":"Word Document","url":"https:\/\/sola.kau.se\/samarbetshjulet\/wp-content\/uploads\/sites\/543\/2021\/10\/ChecklistaDistansarbetsmiljo.docx"}],"resource_image":{"ID":1307,"id":1307,"title":"Checklista","filename":"Checklista-scaled.jpg","filesize":311366,"url":"https:\/\/sola.kau.se\/samarbetshjulet\/wp-content\/uploads\/sites\/543\/2021\/10\/Checklista-scaled.jpg","link":"https:\/\/sola.kau.se\/samarbetshjulet\/forvantningar-och-riktlinjer-regler\/forsta\/checklista\/","alt":"","author":"208","description":"","caption":"","name":"checklista","status":"inherit","uploaded_to":269,"date":"2021-10-13 12:26:30","modified":"2021-10-13 12:26:30","menu_order":0,"mime_type":"image\/jpeg","type":"image","subtype":"jpeg","icon":"https:\/\/sola.kau.se\/samarbetshjulet\/wp-includes\/images\/media\/default.png","width":2560,"height":1440,"sizes":{"thumbnail":"https:\/\/sola.kau.se\/samarbetshjulet\/wp-content\/uploads\/sites\/543\/2021\/10\/Checklista-scaled.jpg","thumbnail-width":150,"thumbnail-height":84,"medium":"https:\/\/sola.kau.se\/samarbetshjulet\/wp-content\/uploads\/sites\/543\/2021\/10\/Checklista-300x169.jpg","medium-width":300,"medium-height":169,"medium_large":"https:\/\/sola.kau.se\/samarbetshjulet\/wp-content\/uploads\/sites\/543\/2021\/10\/Checklista-scaled.jpg","medium_large-width":768,"medium_large-height":432,"large":"https:\/\/sola.kau.se\/samarbetshjulet\/wp-content\/uploads\/sites\/543\/2021\/10\/Checklista-scaled.jpg","large-width":1024,"large-height":576,"post-thumbnail":"https:\/\/sola.kau.se\/samarbetshjulet\/wp-content\/uploads\/sites\/543\/2021\/10\/Checklista-scaled.jpg","post-thumbnail-width":125,"post-thumbnail-height":70,"sm":"https:\/\/sola.kau.se\/samarbetshjulet\/wp-content\/uploads\/sites\/543\/2021\/10\/Checklista-scaled.jpg","sm-width":640,"sm-height":360,"md":"https:\/\/sola.kau.se\/samarbetshjulet\/wp-content\/uploads\/sites\/543\/2021\/10\/Checklista-scaled.jpg","md-width":768,"md-height":432,"lg":"https:\/\/sola.kau.se\/samarbetshjulet\/wp-content\/uploads\/sites\/543\/2021\/10\/Checklista-scaled.jpg","lg-width":1024,"lg-height":576,"xl":"https:\/\/sola.kau.se\/samarbetshjulet\/wp-content\/uploads\/sites\/543\/2021\/10\/Checklista-scaled.jpg","xl-width":1280,"xl-height":720,"1440":"https:\/\/sola.kau.se\/samarbetshjulet\/wp-content\/uploads\/sites\/543\/2021\/10\/Checklista-scaled.jpg","1440-width":1440,"1440-height":810,"jumbotron":"https:\/\/sola.kau.se\/samarbetshjulet\/wp-content\/uploads\/sites\/543\/2021\/10\/Checklista-scaled.jpg","jumbotron-width":1404,"jumbotron-height":790,"4:3":"https:\/\/sola.kau.se\/samarbetshjulet\/wp-content\/uploads\/sites\/543\/2021\/10\/Checklista-scaled.jpg","4:3-width":400,"4:3-height":225,"gform-image-choice-sm":"https:\/\/sola.kau.se\/samarbetshjulet\/wp-content\/uploads\/sites\/543\/2021\/10\/Checklista-scaled.jpg","gform-image-choice-sm-width":300,"gform-image-choice-sm-height":169,"gform-image-choice-md":"https:\/\/sola.kau.se\/samarbetshjulet\/wp-content\/uploads\/sites\/543\/2021\/10\/Checklista-scaled.jpg","gform-image-choice-md-width":400,"gform-image-choice-md-height":225,"gform-image-choice-lg":"https:\/\/sola.kau.se\/samarbetshjulet\/wp-content\/uploads\/sites\/543\/2021\/10\/Checklista-scaled.jpg","gform-image-choice-lg-width":600,"gform-image-choice-lg-height":338}}},{"title":"Det nya normala - arbetss\u00e4tt och kontoret. ","text":"<p>M\u00e5nga m\u00e4nniskor m\u00e5r b\u00e4ttre av att jobba hemifr\u00e5n, men det finns vissa utmaningar. Som till exempel hur man skiljer p\u00e5 arbete och fritid, och hur kan man ha en n\u00e4ra relation med kollegor om man aldrig tr\u00e4ffas p\u00e5 riktigt. Ledarskapsforskaren Lena Lid Falkman pratar om det nya normala och ger tips p\u00e5 hur man kan t\u00e4nka kring arbete, fritid och ledarskap. Inspelat p\u00e5 Handelsh\u00f6gskolan i Stockholm den 14 september 2020. Arrang\u00f6r: Handelsh\u00f6gskolan i Stockholm.<\/p>\n","list_of_resources":[{"link_title":"Se p\u00e5 filmen","link_type":"Video","url":"https:\/\/urplay.se\/program\/218940-ur-samtiden-sveriges-vag-genom-pandemin-det-nya-normala-arbetssattet-och-kontoret"}],"resource_image":{"ID":1303,"id":1303,"title":"Lena","filename":"Lena-1-scaled.jpg","filesize":127336,"url":"https:\/\/sola.kau.se\/samarbetshjulet\/wp-content\/uploads\/sites\/543\/2021\/10\/Lena-1-scaled.jpg","link":"https:\/\/sola.kau.se\/samarbetshjulet\/arbetsform-och-moten\/forsta\/lena-2\/","alt":"","author":"208","description":"","caption":"","name":"lena-2","status":"inherit","uploaded_to":453,"date":"2021-10-13 12:03:27","modified":"2021-10-13 12:03:27","menu_order":0,"mime_type":"image\/jpeg","type":"image","subtype":"jpeg","icon":"https:\/\/sola.kau.se\/samarbetshjulet\/wp-includes\/images\/media\/default.png","width":2560,"height":1440,"sizes":{"thumbnail":"https:\/\/sola.kau.se\/samarbetshjulet\/wp-content\/uploads\/sites\/543\/2021\/10\/Lena-1-scaled.jpg","thumbnail-width":150,"thumbnail-height":84,"medium":"https:\/\/sola.kau.se\/samarbetshjulet\/wp-content\/uploads\/sites\/543\/2021\/10\/Lena-1-300x169.jpg","medium-width":300,"medium-height":169,"medium_large":"https:\/\/sola.kau.se\/samarbetshjulet\/wp-content\/uploads\/sites\/543\/2021\/10\/Lena-1-scaled.jpg","medium_large-width":768,"medium_large-height":432,"large":"https:\/\/sola.kau.se\/samarbetshjulet\/wp-content\/uploads\/sites\/543\/2021\/10\/Lena-1-scaled.jpg","large-width":1024,"large-height":576,"post-thumbnail":"https:\/\/sola.kau.se\/samarbetshjulet\/wp-content\/uploads\/sites\/543\/2021\/10\/Lena-1-scaled.jpg","post-thumbnail-width":125,"post-thumbnail-height":70,"sm":"https:\/\/sola.kau.se\/samarbetshjulet\/wp-content\/uploads\/sites\/543\/2021\/10\/Lena-1-scaled.jpg","sm-width":640,"sm-height":360,"md":"https:\/\/sola.kau.se\/samarbetshjulet\/wp-content\/uploads\/sites\/543\/2021\/10\/Lena-1-scaled.jpg","md-width":768,"md-height":432,"lg":"https:\/\/sola.kau.se\/samarbetshjulet\/wp-content\/uploads\/sites\/543\/2021\/10\/Lena-1-scaled.jpg","lg-width":1024,"lg-height":576,"xl":"https:\/\/sola.kau.se\/samarbetshjulet\/wp-content\/uploads\/sites\/543\/2021\/10\/Lena-1-scaled.jpg","xl-width":1280,"xl-height":720,"1440":"https:\/\/sola.kau.se\/samarbetshjulet\/wp-content\/uploads\/sites\/543\/2021\/10\/Lena-1-scaled.jpg","1440-width":1440,"1440-height":810,"jumbotron":"https:\/\/sola.kau.se\/samarbetshjulet\/wp-content\/uploads\/sites\/543\/2021\/10\/Lena-1-scaled.jpg","jumbotron-width":1404,"jumbotron-height":790,"4:3":"https:\/\/sola.kau.se\/samarbetshjulet\/wp-content\/uploads\/sites\/543\/2021\/10\/Lena-1-scaled.jpg","4:3-width":400,"4:3-height":225,"gform-image-choice-sm":"https:\/\/sola.kau.se\/samarbetshjulet\/wp-content\/uploads\/sites\/543\/2021\/10\/Lena-1-scaled.jpg","gform-image-choice-sm-width":300,"gform-image-choice-sm-height":169,"gform-image-choice-md":"https:\/\/sola.kau.se\/samarbetshjulet\/wp-content\/uploads\/sites\/543\/2021\/10\/Lena-1-scaled.jpg","gform-image-choice-md-width":400,"gform-image-choice-md-height":225,"gform-image-choice-lg":"https:\/\/sola.kau.se\/samarbetshjulet\/wp-content\/uploads\/sites\/543\/2021\/10\/Lena-1-scaled.jpg","gform-image-choice-lg-width":600,"gform-image-choice-lg-height":338}}}]},"_links":{"self":[{"href":"https:\/\/sola.kau.se\/samarbetshjulet\/wp-json\/wp\/v2\/pages\/269","targetHints":{"allow":["GET"]}}],"collection":[{"href":"https:\/\/sola.kau.se\/samarbetshjulet\/wp-json\/wp\/v2\/pages"}],"about":[{"href":"https:\/\/sola.kau.se\/samarbetshjulet\/wp-json\/wp\/v2\/types\/page"}],"author":[{"embeddable":true,"href":"https:\/\/sola.kau.se\/samarbetshjulet\/wp-json\/wp\/v2\/users\/1355"}],"replies":[{"embeddable":true,"href":"https:\/\/sola.kau.se\/samarbetshjulet\/wp-json\/wp\/v2\/comments?post=269"}],"version-history":[{"count":48,"href":"https:\/\/sola.kau.se\/samarbetshjulet\/wp-json\/wp\/v2\/pages\/269\/revisions"}],"predecessor-version":[{"id":2024,"href":"https:\/\/sola.kau.se\/samarbetshjulet\/wp-json\/wp\/v2\/pages\/269\/revisions\/2024"}],"up":[{"embeddable":true,"href":"https:\/\/sola.kau.se\/samarbetshjulet\/wp-json\/wp\/v2\/pages\/130"}],"wp:attachment":[{"href":"https:\/\/sola.kau.se\/samarbetshjulet\/wp-json\/wp\/v2\/media?parent=269"}],"curies":[{"name":"wp","href":"https:\/\/api.w.org\/{rel}","templated":true}]}}