 {"id":361,"date":"2020-09-08T14:21:14","date_gmt":"2020-09-08T14:21:14","guid":{"rendered":"http:\/\/foljen.local\/?page_id=361"},"modified":"2021-10-18T14:15:17","modified_gmt":"2021-10-18T12:15:17","slug":"forsta","status":"publish","type":"page","link":"https:\/\/sola.kau.se\/samarbetshjulet\/forutsattningar-och-kompetensutveckling\/forsta\/","title":{"rendered":"F\u00f6rst\u00e5"},"content":{"rendered":"","protected":false},"excerpt":{"rendered":"","protected":false},"author":1355,"featured_media":0,"parent":126,"menu_order":1,"comment_status":"closed","ping_status":"closed","template":"template-verktyg.php","meta":{"_acf_changed":false,"footnotes":""},"class_list":["post-361","page","type-page","status-publish","hentry"],"acf":[],"ACF":{"description_verktyg":"<p>Utbilda inneb\u00e4r att \u00f6verf\u00f6ra kunskap fr\u00e5n de som tagit fram tj\u00e4nsten till b\u00e5de de som ska anv\u00e4nda tj\u00e4nsten och de som ska ansvara f\u00f6r tj\u00e4nsten. <\/p>\n","flexible_content":[{"acf_fc_layout":"wysiwyg","wysiwyg":"<p>Inom de flesta omr\u00e5den finns ett ramverk, det vill s\u00e4ga ett antal regler, riktlinjer och policys att f\u00f6rh\u00e5lla sig till. Nedan hittar du de mest aktuella inom modulen f\u00f6ruts\u00e4ttningar och kompetensutveckling som kan fungera som en bra grund f\u00f6r era diskussioner. Du som samtalsledare kan v\u00e4lja att ge deltagarna i m\u00f6tet i uppgift att l\u00e4sa p\u00e5 ramverken innan er diskussion, eller s\u00e5 avs\u00e4tter du n\u00e5gra minuter under m\u00f6tet f\u00f6r att alla ska ha tid att s\u00e4tta sig in dessa.<\/p>\n<p>Nedan hittar du \u00e4ven filmer, poddar och artiklar vars syfte \u00e4r att v\u00e4cka nya tankar hos dig. \u00c4ven dessa kan du som samtalsledare be deltagarna att se, lyssna eller l\u00e4sa innan m\u00f6tet, eller v\u00e4lja att ta n\u00e5gra minuter av m\u00f6testiden f\u00f6r att se, lyssna eller l\u00e4sa gemensamt.<\/p>\n"},{"acf_fc_layout":"divider"}],"resources_list":false,"tool_tags":false,"resource":[{"title":"Anv\u00e4nd dina digitala redskap r\u00e4tt","text":"<p>V\u00e5ra liv \u00e4r fulla av digitala redskap, b\u00e5de p\u00e5 jobbet och privat. D\u00e4rf\u00f6r \u00e4r det viktigare \u00e4n n\u00e5gonsin att tillsammans komma \u00f6verens om hur vi ska anv\u00e4nda dem. Material fr\u00e5n Previa.<\/p>\n","list_of_resources":[{"link_title":"L\u00e4s artikel","link_type":"Web Link","url":"https:\/\/www.previa.se\/livet-och-jobbet\/anvand-digitala-arbetsredskap-ratt\/"}],"resource_image":{"ID":1342,"id":1342,"title":"Anv\u00e4nd dina digitala redskap r\u00e4tt","filename":"Anvand-dina-digitala-redskap-ratt-1-scaled.jpg","filesize":127809,"url":"https:\/\/sola.kau.se\/samarbetshjulet\/wp-content\/uploads\/sites\/543\/2021\/10\/Anvand-dina-digitala-redskap-ratt-1-scaled.jpg","link":"https:\/\/sola.kau.se\/samarbetshjulet\/forutsattningar-och-kompetensutveckling\/forsta\/anvand-dina-digitala-redskap-ratt-2\/","alt":"","author":"208","description":"","caption":"","name":"anvand-dina-digitala-redskap-ratt-2","status":"inherit","uploaded_to":361,"date":"2021-10-13 12:58:31","modified":"2021-10-13 12:58:31","menu_order":0,"mime_type":"image\/jpeg","type":"image","subtype":"jpeg","icon":"https:\/\/sola.kau.se\/samarbetshjulet\/wp-includes\/images\/media\/default.png","width":2560,"height":1440,"sizes":{"thumbnail":"https:\/\/sola.kau.se\/samarbetshjulet\/wp-content\/uploads\/sites\/543\/2021\/10\/Anvand-dina-digitala-redskap-ratt-1-scaled.jpg","thumbnail-width":150,"thumbnail-height":84,"medium":"https:\/\/sola.kau.se\/samarbetshjulet\/wp-content\/uploads\/sites\/543\/2021\/10\/Anvand-dina-digitala-redskap-ratt-1-300x169.jpg","medium-width":300,"medium-height":169,"medium_large":"https:\/\/sola.kau.se\/samarbetshjulet\/wp-content\/uploads\/sites\/543\/2021\/10\/Anvand-dina-digitala-redskap-ratt-1-scaled.jpg","medium_large-width":768,"medium_large-height":432,"large":"https:\/\/sola.kau.se\/samarbetshjulet\/wp-content\/uploads\/sites\/543\/2021\/10\/Anvand-dina-digitala-redskap-ratt-1-scaled.jpg","large-width":1024,"large-height":576,"post-thumbnail":"https:\/\/sola.kau.se\/samarbetshjulet\/wp-content\/uploads\/sites\/543\/2021\/10\/Anvand-dina-digitala-redskap-ratt-1-scaled.jpg","post-thumbnail-width":125,"post-thumbnail-height":70,"sm":"https:\/\/sola.kau.se\/samarbetshjulet\/wp-content\/uploads\/sites\/543\/2021\/10\/Anvand-dina-digitala-redskap-ratt-1-scaled.jpg","sm-width":640,"sm-height":360,"md":"https:\/\/sola.kau.se\/samarbetshjulet\/wp-content\/uploads\/sites\/543\/2021\/10\/Anvand-dina-digitala-redskap-ratt-1-scaled.jpg","md-width":768,"md-height":432,"lg":"https:\/\/sola.kau.se\/samarbetshjulet\/wp-content\/uploads\/sites\/543\/2021\/10\/Anvand-dina-digitala-redskap-ratt-1-scaled.jpg","lg-width":1024,"lg-height":576,"xl":"https:\/\/sola.kau.se\/samarbetshjulet\/wp-content\/uploads\/sites\/543\/2021\/10\/Anvand-dina-digitala-redskap-ratt-1-scaled.jpg","xl-width":1280,"xl-height":720,"1440":"https:\/\/sola.kau.se\/samarbetshjulet\/wp-content\/uploads\/sites\/543\/2021\/10\/Anvand-dina-digitala-redskap-ratt-1-scaled.jpg","1440-width":1440,"1440-height":810,"jumbotron":"https:\/\/sola.kau.se\/samarbetshjulet\/wp-content\/uploads\/sites\/543\/2021\/10\/Anvand-dina-digitala-redskap-ratt-1-scaled.jpg","jumbotron-width":1404,"jumbotron-height":790,"4:3":"https:\/\/sola.kau.se\/samarbetshjulet\/wp-content\/uploads\/sites\/543\/2021\/10\/Anvand-dina-digitala-redskap-ratt-1-scaled.jpg","4:3-width":400,"4:3-height":225,"gform-image-choice-sm":"https:\/\/sola.kau.se\/samarbetshjulet\/wp-content\/uploads\/sites\/543\/2021\/10\/Anvand-dina-digitala-redskap-ratt-1-scaled.jpg","gform-image-choice-sm-width":300,"gform-image-choice-sm-height":169,"gform-image-choice-md":"https:\/\/sola.kau.se\/samarbetshjulet\/wp-content\/uploads\/sites\/543\/2021\/10\/Anvand-dina-digitala-redskap-ratt-1-scaled.jpg","gform-image-choice-md-width":400,"gform-image-choice-md-height":225,"gform-image-choice-lg":"https:\/\/sola.kau.se\/samarbetshjulet\/wp-content\/uploads\/sites\/543\/2021\/10\/Anvand-dina-digitala-redskap-ratt-1-scaled.jpg","gform-image-choice-lg-width":600,"gform-image-choice-lg-height":338}}},{"title":"Digi-ronden - ett st\u00f6d f\u00f6r b\u00e4ttre digital arbetsmilj\u00f6","text":"<p class=\"section-title\">Digi-ronden \u00e4r ett verktyg som ger er st\u00f6d f\u00f6r en smartare och m\u00e4nskligare digital arbetsmilj\u00f6. Med Digi-ronden skapar ni delaktighet s\u00e5 att alla kan bidra till verksamhetens utveckling. Material fr\u00e5n Sunt arbetsliv.<\/p>\n","list_of_resources":[{"link_title":"Till Digi-ronden","link_type":"Web Link","url":"https:\/\/digironden.suntarbetsliv.se"}],"resource_image":{"ID":1338,"id":1338,"title":"Digironden","filename":"Digironden-scaled.jpg","filesize":61712,"url":"https:\/\/sola.kau.se\/samarbetshjulet\/wp-content\/uploads\/sites\/543\/2021\/10\/Digironden-scaled.jpg","link":"https:\/\/sola.kau.se\/samarbetshjulet\/forutsattningar-och-kompetensutveckling\/forsta\/digironden\/","alt":"","author":"208","description":"","caption":"","name":"digironden","status":"inherit","uploaded_to":361,"date":"2021-10-13 12:54:03","modified":"2021-10-13 12:54:03","menu_order":0,"mime_type":"image\/jpeg","type":"image","subtype":"jpeg","icon":"https:\/\/sola.kau.se\/samarbetshjulet\/wp-includes\/images\/media\/default.png","width":2560,"height":1440,"sizes":{"thumbnail":"https:\/\/sola.kau.se\/samarbetshjulet\/wp-content\/uploads\/sites\/543\/2021\/10\/Digironden-scaled.jpg","thumbnail-width":150,"thumbnail-height":84,"medium":"https:\/\/sola.kau.se\/samarbetshjulet\/wp-content\/uploads\/sites\/543\/2021\/10\/Digironden-300x169.jpg","medium-width":300,"medium-height":169,"medium_large":"https:\/\/sola.kau.se\/samarbetshjulet\/wp-content\/uploads\/sites\/543\/2021\/10\/Digironden-scaled.jpg","medium_large-width":768,"medium_large-height":432,"large":"https:\/\/sola.kau.se\/samarbetshjulet\/wp-content\/uploads\/sites\/543\/2021\/10\/Digironden-scaled.jpg","large-width":1024,"large-height":576,"post-thumbnail":"https:\/\/sola.kau.se\/samarbetshjulet\/wp-content\/uploads\/sites\/543\/2021\/10\/Digironden-scaled.jpg","post-thumbnail-width":125,"post-thumbnail-height":70,"sm":"https:\/\/sola.kau.se\/samarbetshjulet\/wp-content\/uploads\/sites\/543\/2021\/10\/Digironden-scaled.jpg","sm-width":640,"sm-height":360,"md":"https:\/\/sola.kau.se\/samarbetshjulet\/wp-content\/uploads\/sites\/543\/2021\/10\/Digironden-scaled.jpg","md-width":768,"md-height":432,"lg":"https:\/\/sola.kau.se\/samarbetshjulet\/wp-content\/uploads\/sites\/543\/2021\/10\/Digironden-scaled.jpg","lg-width":1024,"lg-height":576,"xl":"https:\/\/sola.kau.se\/samarbetshjulet\/wp-content\/uploads\/sites\/543\/2021\/10\/Digironden-scaled.jpg","xl-width":1280,"xl-height":720,"1440":"https:\/\/sola.kau.se\/samarbetshjulet\/wp-content\/uploads\/sites\/543\/2021\/10\/Digironden-scaled.jpg","1440-width":1440,"1440-height":810,"jumbotron":"https:\/\/sola.kau.se\/samarbetshjulet\/wp-content\/uploads\/sites\/543\/2021\/10\/Digironden-scaled.jpg","jumbotron-width":1404,"jumbotron-height":790,"4:3":"https:\/\/sola.kau.se\/samarbetshjulet\/wp-content\/uploads\/sites\/543\/2021\/10\/Digironden-scaled.jpg","4:3-width":400,"4:3-height":225,"gform-image-choice-sm":"https:\/\/sola.kau.se\/samarbetshjulet\/wp-content\/uploads\/sites\/543\/2021\/10\/Digironden-scaled.jpg","gform-image-choice-sm-width":300,"gform-image-choice-sm-height":169,"gform-image-choice-md":"https:\/\/sola.kau.se\/samarbetshjulet\/wp-content\/uploads\/sites\/543\/2021\/10\/Digironden-scaled.jpg","gform-image-choice-md-width":400,"gform-image-choice-md-height":225,"gform-image-choice-lg":"https:\/\/sola.kau.se\/samarbetshjulet\/wp-content\/uploads\/sites\/543\/2021\/10\/Digironden-scaled.jpg","gform-image-choice-lg-width":600,"gform-image-choice-lg-height":338}}},{"title":"Teknik p\u00e5 hybridkontoret","text":"<p>I takt med att arbetslivet blir alltmer flexibelt och medarbetarna sitter utspridda \u00e4r tekniken kittet som f\u00e5r det att g\u00e5 i l\u00e5s. Men vad kr\u00e4vs egentligen f\u00f6r att f\u00e5 hybridkontoret att fungera optimalt rent tekniskt?<\/p>\n","list_of_resources":[{"link_title":"L\u00e4s artikel","link_type":"Web Link","url":"https:\/\/www2.prevent.se\/arbetsliv\/tips-och-rad\/2021\/sa-lyckas-ni-med-tekniken-pa-hybridkontoret\/"}],"resource_image":{"ID":1157,"id":1157,"title":"sigmund-eTgMFFzroGc-unsplash","filename":"sigmund-eTgMFFzroGc-unsplash.jpg","filesize":1729433,"url":"https:\/\/sola.kau.se\/samarbetshjulet\/wp-content\/uploads\/sites\/543\/2021\/10\/sigmund-eTgMFFzroGc-unsplash.jpg","link":"https:\/\/sola.kau.se\/samarbetshjulet\/information-och-kommunikation\/diskutera\/sigmund-etgmffzrogc-unsplash\/","alt":"","author":"207","description":"","caption":"","name":"sigmund-etgmffzrogc-unsplash","status":"inherit","uploaded_to":975,"date":"2021-10-12 13:20:36","modified":"2021-10-12 13:36:10","menu_order":0,"mime_type":"image\/jpeg","type":"image","subtype":"jpeg","icon":"https:\/\/sola.kau.se\/samarbetshjulet\/wp-includes\/images\/media\/default.png","width":0,"height":0,"sizes":{"thumbnail":"https:\/\/sola.kau.se\/samarbetshjulet\/wp-content\/uploads\/sites\/543\/2021\/10\/sigmund-eTgMFFzroGc-unsplash.jpg","thumbnail-width":1,"thumbnail-height":1,"medium":"https:\/\/sola.kau.se\/samarbetshjulet\/wp-content\/uploads\/sites\/543\/2021\/10\/sigmund-eTgMFFzroGc-unsplash.jpg","medium-width":1,"medium-height":1,"medium_large":"https:\/\/sola.kau.se\/samarbetshjulet\/wp-content\/uploads\/sites\/543\/2021\/10\/sigmund-eTgMFFzroGc-unsplash.jpg","medium_large-width":1,"medium_large-height":1,"large":"https:\/\/sola.kau.se\/samarbetshjulet\/wp-content\/uploads\/sites\/543\/2021\/10\/sigmund-eTgMFFzroGc-unsplash.jpg","large-width":1,"large-height":1,"post-thumbnail":"https:\/\/sola.kau.se\/samarbetshjulet\/wp-content\/uploads\/sites\/543\/2021\/10\/sigmund-eTgMFFzroGc-unsplash.jpg","post-thumbnail-width":1,"post-thumbnail-height":1,"sm":"https:\/\/sola.kau.se\/samarbetshjulet\/wp-content\/uploads\/sites\/543\/2021\/10\/sigmund-eTgMFFzroGc-unsplash.jpg","sm-width":1,"sm-height":1,"md":"https:\/\/sola.kau.se\/samarbetshjulet\/wp-content\/uploads\/sites\/543\/2021\/10\/sigmund-eTgMFFzroGc-unsplash.jpg","md-width":1,"md-height":1,"lg":"https:\/\/sola.kau.se\/samarbetshjulet\/wp-content\/uploads\/sites\/543\/2021\/10\/sigmund-eTgMFFzroGc-unsplash.jpg","lg-width":1,"lg-height":1,"xl":"https:\/\/sola.kau.se\/samarbetshjulet\/wp-content\/uploads\/sites\/543\/2021\/10\/sigmund-eTgMFFzroGc-unsplash.jpg","xl-width":1,"xl-height":1,"1440":"https:\/\/sola.kau.se\/samarbetshjulet\/wp-content\/uploads\/sites\/543\/2021\/10\/sigmund-eTgMFFzroGc-unsplash.jpg","1440-width":1,"1440-height":1,"jumbotron":"https:\/\/sola.kau.se\/samarbetshjulet\/wp-content\/uploads\/sites\/543\/2021\/10\/sigmund-eTgMFFzroGc-unsplash.jpg","jumbotron-width":1,"jumbotron-height":1,"4:3":"https:\/\/sola.kau.se\/samarbetshjulet\/wp-content\/uploads\/sites\/543\/2021\/10\/sigmund-eTgMFFzroGc-unsplash.jpg","4:3-width":1,"4:3-height":1,"gform-image-choice-sm":"https:\/\/sola.kau.se\/samarbetshjulet\/wp-content\/uploads\/sites\/543\/2021\/10\/sigmund-eTgMFFzroGc-unsplash.jpg","gform-image-choice-sm-width":1,"gform-image-choice-sm-height":1,"gform-image-choice-md":"https:\/\/sola.kau.se\/samarbetshjulet\/wp-content\/uploads\/sites\/543\/2021\/10\/sigmund-eTgMFFzroGc-unsplash.jpg","gform-image-choice-md-width":1,"gform-image-choice-md-height":1,"gform-image-choice-lg":"https:\/\/sola.kau.se\/samarbetshjulet\/wp-content\/uploads\/sites\/543\/2021\/10\/sigmund-eTgMFFzroGc-unsplash.jpg","gform-image-choice-lg-width":1,"gform-image-choice-lg-height":1}}}]},"_links":{"self":[{"href":"https:\/\/sola.kau.se\/samarbetshjulet\/wp-json\/wp\/v2\/pages\/361","targetHints":{"allow":["GET"]}}],"collection":[{"href":"https:\/\/sola.kau.se\/samarbetshjulet\/wp-json\/wp\/v2\/pages"}],"about":[{"href":"https:\/\/sola.kau.se\/samarbetshjulet\/wp-json\/wp\/v2\/types\/page"}],"author":[{"embeddable":true,"href":"https:\/\/sola.kau.se\/samarbetshjulet\/wp-json\/wp\/v2\/users\/1355"}],"replies":[{"embeddable":true,"href":"https:\/\/sola.kau.se\/samarbetshjulet\/wp-json\/wp\/v2\/comments?post=361"}],"version-history":[{"count":19,"href":"https:\/\/sola.kau.se\/samarbetshjulet\/wp-json\/wp\/v2\/pages\/361\/revisions"}],"predecessor-version":[{"id":1540,"href":"https:\/\/sola.kau.se\/samarbetshjulet\/wp-json\/wp\/v2\/pages\/361\/revisions\/1540"}],"up":[{"embeddable":true,"href":"https:\/\/sola.kau.se\/samarbetshjulet\/wp-json\/wp\/v2\/pages\/126"}],"wp:attachment":[{"href":"https:\/\/sola.kau.se\/samarbetshjulet\/wp-json\/wp\/v2\/media?parent=361"}],"curies":[{"name":"wp","href":"https:\/\/api.w.org\/{rel}","templated":true}]}}