 {"id":455,"date":"2020-09-15T21:58:42","date_gmt":"2020-09-15T21:58:42","guid":{"rendered":"http:\/\/foljen.local\/?page_id=455"},"modified":"2021-10-15T08:17:01","modified_gmt":"2021-10-15T06:17:01","slug":"diskutera","status":"publish","type":"page","link":"https:\/\/sola.kau.se\/samarbetshjulet\/arbetsform-och-moten\/diskutera\/","title":{"rendered":"Diskutera"},"content":{"rendered":"","protected":false},"excerpt":{"rendered":"","protected":false},"author":1355,"featured_media":0,"parent":105,"menu_order":2,"comment_status":"closed","ping_status":"closed","template":"template-verktyg.php","meta":{"_acf_changed":false,"footnotes":""},"class_list":["post-455","page","type-page","status-publish","hentry"],"acf":[],"ACF":{"description_verktyg":"<p>N\u00e4r m\u00e5lgruppen definierats, s\u00e5 ska de ocks\u00e5 hittas f\u00f6r att bjudas in att medverka i studien. Vilka kriterier fr\u00e5n definitionen kan anv\u00e4ndas f\u00f6r att skilja ut m\u00e5lgruppen fr\u00e5n andra? Vart finns de och hur kan vi n\u00e5 ut till dem?<\/p>\n","resources_list":false,"flexible_content":[{"acf_fc_layout":"wysiwyg","wysiwyg":"<p>H\u00e4r finns diskussionsfr\u00e5gor inom omr\u00e5det &#8220;Arbetsform och m\u00f6ten&#8221;.<br \/>\nAnv\u00e4nd g\u00e4rna wordmallen som finns tillg\u00e4nglig, men egentligen spelar det ingen roll hur dokumentationen sker. Det viktiga \u00e4r att deltagarna f\u00f6rst\u00e5r att och hur dokumentationen ska g\u00f6ras. Genom att skriva ner skapas m\u00f6jligheter till samsyn och uppf\u00f6ljning.<\/p>\n<p>Se diskussionsfr\u00e5gorna som en utg\u00e5ngspunkt och l\u00e4gg till\/\u00e4ndra fr\u00e5geformuleringar utifr\u00e5n vad er grupp beh\u00f6ver diskutera.<\/p>\n"},{"acf_fc_layout":"divider"}],"tool_tags":false,"resource":[{"title":"Fr\u00e5gor om arbetsform ","text":"<p>Hur ser jag p\u00e5 m\u00f6jligheten att arbeta viss del p\u00e5 distans? Vad vet jag om hur mina kollegor vill arbeta? Kommer v\u00e5ra beslut p\u00e5verka gruppens arbete?<\/p>\n<p>Ska vi best\u00e4mma speciella dagar n\u00e4r hela teamet \u00e4r p\u00e5 plats? Vilka dagar? Vad ska vi d\u00e5 prioritera f\u00f6r arbetsuppgifter\/aktiviteter? Varf\u00f6r?<\/p>\n<p>Ska vi best\u00e4mma vissa dagar n\u00e4r hela avdelningen\/ institutionen \u00e4r p\u00e5<br \/>\nplats? Vad ska vi d\u00e5 prioritera f\u00f6r arbetsuppgifter\/aktiviteter? Varf\u00f6r?<\/p>\n<p>Hur ska vi visa f\u00f6r varandra vilka som \u00e4r p\u00e5 plats och vilka<br \/>\nsom jobbar p\u00e5 distans?<\/p>\n<p>Ska vi visa f\u00f6r varandra inom avdelningen,<br \/>\ninstitutionen eller f\u00f6r alla p\u00e5 Kau? Hur ska vi g\u00f6ra detta?<\/p>\n<p>&nbsp;<\/p>\n<p>Lyssna p\u00e5 varandra, diskutera och dokumentera vad ni kommer fram till.<\/p>\n<p>&nbsp;<\/p>\n","list_of_resources":false,"resource_image":{"ID":1158,"id":1158,"title":"scott-graham-5fNmWej4tAA-unsplash","filename":"scott-graham-5fNmWej4tAA-unsplash-1.jpg","filesize":3463956,"url":"https:\/\/sola.kau.se\/samarbetshjulet\/wp-content\/uploads\/sites\/543\/2021\/10\/scott-graham-5fNmWej4tAA-unsplash-1.jpg","link":"https:\/\/sola.kau.se\/samarbetshjulet\/arbetsform-och-moten\/diskutera\/scott-graham-5fnmwej4taa-unsplash-2\/","alt":"","author":"207","description":"","caption":"","name":"scott-graham-5fnmwej4taa-unsplash-2","status":"inherit","uploaded_to":455,"date":"2021-10-12 13:21:17","modified":"2021-10-13 19:01:13","menu_order":0,"mime_type":"image\/jpeg","type":"image","subtype":"jpeg","icon":"https:\/\/sola.kau.se\/samarbetshjulet\/wp-includes\/images\/media\/default.png","width":0,"height":0,"sizes":{"thumbnail":"https:\/\/sola.kau.se\/samarbetshjulet\/wp-content\/uploads\/sites\/543\/2021\/10\/scott-graham-5fNmWej4tAA-unsplash-1.jpg","thumbnail-width":1,"thumbnail-height":1,"medium":"https:\/\/sola.kau.se\/samarbetshjulet\/wp-content\/uploads\/sites\/543\/2021\/10\/scott-graham-5fNmWej4tAA-unsplash-1.jpg","medium-width":1,"medium-height":1,"medium_large":"https:\/\/sola.kau.se\/samarbetshjulet\/wp-content\/uploads\/sites\/543\/2021\/10\/scott-graham-5fNmWej4tAA-unsplash-1.jpg","medium_large-width":1,"medium_large-height":1,"large":"https:\/\/sola.kau.se\/samarbetshjulet\/wp-content\/uploads\/sites\/543\/2021\/10\/scott-graham-5fNmWej4tAA-unsplash-1.jpg","large-width":1,"large-height":1,"post-thumbnail":"https:\/\/sola.kau.se\/samarbetshjulet\/wp-content\/uploads\/sites\/543\/2021\/10\/scott-graham-5fNmWej4tAA-unsplash-1.jpg","post-thumbnail-width":1,"post-thumbnail-height":1,"sm":"https:\/\/sola.kau.se\/samarbetshjulet\/wp-content\/uploads\/sites\/543\/2021\/10\/scott-graham-5fNmWej4tAA-unsplash-1.jpg","sm-width":1,"sm-height":1,"md":"https:\/\/sola.kau.se\/samarbetshjulet\/wp-content\/uploads\/sites\/543\/2021\/10\/scott-graham-5fNmWej4tAA-unsplash-1.jpg","md-width":1,"md-height":1,"lg":"https:\/\/sola.kau.se\/samarbetshjulet\/wp-content\/uploads\/sites\/543\/2021\/10\/scott-graham-5fNmWej4tAA-unsplash-1.jpg","lg-width":1,"lg-height":1,"xl":"https:\/\/sola.kau.se\/samarbetshjulet\/wp-content\/uploads\/sites\/543\/2021\/10\/scott-graham-5fNmWej4tAA-unsplash-1.jpg","xl-width":1,"xl-height":1,"1440":"https:\/\/sola.kau.se\/samarbetshjulet\/wp-content\/uploads\/sites\/543\/2021\/10\/scott-graham-5fNmWej4tAA-unsplash-1.jpg","1440-width":1,"1440-height":1,"jumbotron":"https:\/\/sola.kau.se\/samarbetshjulet\/wp-content\/uploads\/sites\/543\/2021\/10\/scott-graham-5fNmWej4tAA-unsplash-1.jpg","jumbotron-width":1,"jumbotron-height":1,"4:3":"https:\/\/sola.kau.se\/samarbetshjulet\/wp-content\/uploads\/sites\/543\/2021\/10\/scott-graham-5fNmWej4tAA-unsplash-1.jpg","4:3-width":1,"4:3-height":1,"gform-image-choice-sm":"https:\/\/sola.kau.se\/samarbetshjulet\/wp-content\/uploads\/sites\/543\/2021\/10\/scott-graham-5fNmWej4tAA-unsplash-1.jpg","gform-image-choice-sm-width":1,"gform-image-choice-sm-height":1,"gform-image-choice-md":"https:\/\/sola.kau.se\/samarbetshjulet\/wp-content\/uploads\/sites\/543\/2021\/10\/scott-graham-5fNmWej4tAA-unsplash-1.jpg","gform-image-choice-md-width":1,"gform-image-choice-md-height":1,"gform-image-choice-lg":"https:\/\/sola.kau.se\/samarbetshjulet\/wp-content\/uploads\/sites\/543\/2021\/10\/scott-graham-5fNmWej4tAA-unsplash-1.jpg","gform-image-choice-lg-width":1,"gform-image-choice-lg-height":1}}},{"title":"Fr\u00e5gor om m\u00f6ten","text":"<p>Vilken typ av m\u00f6ten tycker jag \u00e4r l\u00e4mpliga att ha digitalt? Varf\u00f6r?<br \/>\nVilken typ av m\u00f6ten tycker jag \u00e4r l\u00e4mpliga att ha p\u00e5<br \/>\nplats p\u00e5 Kau? Varf\u00f6r?<\/p>\n<p>Vilken m\u00f6tesform ska vi v\u00e4lja f\u00f6r olika former av m\u00f6ten?<\/p>\n<p>Vad \u00e4r viktigt f\u00f6r mig vid digitala m\u00f6ten? Hur ska jag synligg\u00f6ra att jag vill ha ordet? Kamera och mikrofon &#8211; ska de vara p\u00e5 eller av?<\/p>\n<p>Hur ska vi agera vid m\u00f6ten d\u00e4r inte alla \u00e4r p\u00e5 plats, t.ex. om n\u00e5gon uppvisar f\u00f6rkylningssymptom och arbetar hemifr\u00e5n? Ska vi<br \/>\nboka specifikt m\u00f6tesrum med anpassad teknik? Finns<br \/>\nteknikst\u00f6det vi beh\u00f6ver? Ska alla delta via zoom? Ska personen som inte \u00e4r p\u00e5 plats inte delta i m\u00f6tet?<\/p>\n<p>&nbsp;<\/p>\n<p>Lyssna p\u00e5 varandra, diskutera och dokumentera vad ni kommer fram till.<\/p>\n","list_of_resources":false,"resource_image":{"ID":1161,"id":1161,"title":"leon-Oalh2MojUuk-unsplash","filename":"leon-Oalh2MojUuk-unsplash-1.jpg","filesize":742886,"url":"https:\/\/sola.kau.se\/samarbetshjulet\/wp-content\/uploads\/sites\/543\/2021\/10\/leon-Oalh2MojUuk-unsplash-1.jpg","link":"https:\/\/sola.kau.se\/samarbetshjulet\/arbetsform-och-moten\/diskutera\/leon-oalh2mojuuk-unsplash-2\/","alt":"","author":"207","description":"","caption":"","name":"leon-oalh2mojuuk-unsplash-2","status":"inherit","uploaded_to":455,"date":"2021-10-12 13:22:13","modified":"2021-10-13 19:01:13","menu_order":0,"mime_type":"image\/jpeg","type":"image","subtype":"jpeg","icon":"https:\/\/sola.kau.se\/samarbetshjulet\/wp-includes\/images\/media\/default.png","width":0,"height":0,"sizes":{"thumbnail":"https:\/\/sola.kau.se\/samarbetshjulet\/wp-content\/uploads\/sites\/543\/2021\/10\/leon-Oalh2MojUuk-unsplash-1.jpg","thumbnail-width":1,"thumbnail-height":1,"medium":"https:\/\/sola.kau.se\/samarbetshjulet\/wp-content\/uploads\/sites\/543\/2021\/10\/leon-Oalh2MojUuk-unsplash-1.jpg","medium-width":1,"medium-height":1,"medium_large":"https:\/\/sola.kau.se\/samarbetshjulet\/wp-content\/uploads\/sites\/543\/2021\/10\/leon-Oalh2MojUuk-unsplash-1.jpg","medium_large-width":1,"medium_large-height":1,"large":"https:\/\/sola.kau.se\/samarbetshjulet\/wp-content\/uploads\/sites\/543\/2021\/10\/leon-Oalh2MojUuk-unsplash-1.jpg","large-width":1,"large-height":1,"post-thumbnail":"https:\/\/sola.kau.se\/samarbetshjulet\/wp-content\/uploads\/sites\/543\/2021\/10\/leon-Oalh2MojUuk-unsplash-1.jpg","post-thumbnail-width":1,"post-thumbnail-height":1,"sm":"https:\/\/sola.kau.se\/samarbetshjulet\/wp-content\/uploads\/sites\/543\/2021\/10\/leon-Oalh2MojUuk-unsplash-1.jpg","sm-width":1,"sm-height":1,"md":"https:\/\/sola.kau.se\/samarbetshjulet\/wp-content\/uploads\/sites\/543\/2021\/10\/leon-Oalh2MojUuk-unsplash-1.jpg","md-width":1,"md-height":1,"lg":"https:\/\/sola.kau.se\/samarbetshjulet\/wp-content\/uploads\/sites\/543\/2021\/10\/leon-Oalh2MojUuk-unsplash-1.jpg","lg-width":1,"lg-height":1,"xl":"https:\/\/sola.kau.se\/samarbetshjulet\/wp-content\/uploads\/sites\/543\/2021\/10\/leon-Oalh2MojUuk-unsplash-1.jpg","xl-width":1,"xl-height":1,"1440":"https:\/\/sola.kau.se\/samarbetshjulet\/wp-content\/uploads\/sites\/543\/2021\/10\/leon-Oalh2MojUuk-unsplash-1.jpg","1440-width":1,"1440-height":1,"jumbotron":"https:\/\/sola.kau.se\/samarbetshjulet\/wp-content\/uploads\/sites\/543\/2021\/10\/leon-Oalh2MojUuk-unsplash-1.jpg","jumbotron-width":1,"jumbotron-height":1,"4:3":"https:\/\/sola.kau.se\/samarbetshjulet\/wp-content\/uploads\/sites\/543\/2021\/10\/leon-Oalh2MojUuk-unsplash-1.jpg","4:3-width":1,"4:3-height":1,"gform-image-choice-sm":"https:\/\/sola.kau.se\/samarbetshjulet\/wp-content\/uploads\/sites\/543\/2021\/10\/leon-Oalh2MojUuk-unsplash-1.jpg","gform-image-choice-sm-width":1,"gform-image-choice-sm-height":1,"gform-image-choice-md":"https:\/\/sola.kau.se\/samarbetshjulet\/wp-content\/uploads\/sites\/543\/2021\/10\/leon-Oalh2MojUuk-unsplash-1.jpg","gform-image-choice-md-width":1,"gform-image-choice-md-height":1,"gform-image-choice-lg":"https:\/\/sola.kau.se\/samarbetshjulet\/wp-content\/uploads\/sites\/543\/2021\/10\/leon-Oalh2MojUuk-unsplash-1.jpg","gform-image-choice-lg-width":1,"gform-image-choice-lg-height":1}}},{"title":"\u00d6vning ","text":"<p>\u00d6vning f\u00f6r att \u00f6ppna upp f\u00f6r diskussioner om hur olika perspektiv som kan finnas inom en grupp. Ett tips \u00e4r att tillsammans se filmen &#8220;Var g\u00e5r gr\u00e4nsen mellan jobb och fritid&#8221; som ni hittar under fasen f\u00f6rst\u00e5.<\/p>\n","list_of_resources":[{"link_title":"G\u00f6r \u00f6vningen","link_type":"Word Document","url":"https:\/\/sola.kau.se\/samarbetshjulet\/wp-content\/uploads\/sites\/543\/2021\/10\/Ovning-1.docx"}],"resource_image":{"ID":1107,"id":1107,"title":"patrick-perkins-ETRPjvb0KM0-unsplash","filename":"patrick-perkins-ETRPjvb0KM0-unsplash-scaled.jpg","filesize":181788,"url":"https:\/\/sola.kau.se\/samarbetshjulet\/wp-content\/uploads\/sites\/543\/2021\/10\/patrick-perkins-ETRPjvb0KM0-unsplash-scaled.jpg","link":"https:\/\/sola.kau.se\/samarbetshjulet\/arbetsform-och-moten\/diskutera\/patrick-perkins-etrpjvb0km0-unsplash\/","alt":"","author":"208","description":"","caption":"","name":"patrick-perkins-etrpjvb0km0-unsplash","status":"inherit","uploaded_to":455,"date":"2021-10-12 07:43:01","modified":"2021-10-14 07:19:44","menu_order":0,"mime_type":"image\/jpeg","type":"image","subtype":"jpeg","icon":"https:\/\/sola.kau.se\/samarbetshjulet\/wp-includes\/images\/media\/default.png","width":2560,"height":1707,"sizes":{"thumbnail":"https:\/\/sola.kau.se\/samarbetshjulet\/wp-content\/uploads\/sites\/543\/2021\/10\/patrick-perkins-ETRPjvb0KM0-unsplash-150x150.jpg","thumbnail-width":150,"thumbnail-height":150,"medium":"https:\/\/sola.kau.se\/samarbetshjulet\/wp-content\/uploads\/sites\/543\/2021\/10\/patrick-perkins-ETRPjvb0KM0-unsplash-300x200.jpg","medium-width":300,"medium-height":200,"medium_large":"https:\/\/sola.kau.se\/samarbetshjulet\/wp-content\/uploads\/sites\/543\/2021\/10\/patrick-perkins-ETRPjvb0KM0-unsplash-768x512.jpg","medium_large-width":768,"medium_large-height":512,"large":"https:\/\/sola.kau.se\/samarbetshjulet\/wp-content\/uploads\/sites\/543\/2021\/10\/patrick-perkins-ETRPjvb0KM0-unsplash-1024x683.jpg","large-width":1024,"large-height":683,"post-thumbnail":"https:\/\/sola.kau.se\/samarbetshjulet\/wp-content\/uploads\/sites\/543\/2021\/10\/patrick-perkins-ETRPjvb0KM0-unsplash-125x125.jpg","post-thumbnail-width":125,"post-thumbnail-height":125,"sm":"https:\/\/sola.kau.se\/samarbetshjulet\/wp-content\/uploads\/sites\/543\/2021\/10\/patrick-perkins-ETRPjvb0KM0-unsplash-640x427.jpg","sm-width":640,"sm-height":427,"md":"https:\/\/sola.kau.se\/samarbetshjulet\/wp-content\/uploads\/sites\/543\/2021\/10\/patrick-perkins-ETRPjvb0KM0-unsplash-scaled.jpg","md-width":768,"md-height":512,"lg":"https:\/\/sola.kau.se\/samarbetshjulet\/wp-content\/uploads\/sites\/543\/2021\/10\/patrick-perkins-ETRPjvb0KM0-unsplash-scaled.jpg","lg-width":1024,"lg-height":683,"xl":"https:\/\/sola.kau.se\/samarbetshjulet\/wp-content\/uploads\/sites\/543\/2021\/10\/patrick-perkins-ETRPjvb0KM0-unsplash-scaled.jpg","xl-width":1280,"xl-height":854,"1440":"https:\/\/sola.kau.se\/samarbetshjulet\/wp-content\/uploads\/sites\/543\/2021\/10\/patrick-perkins-ETRPjvb0KM0-unsplash-scaled.jpg","1440-width":1440,"1440-height":960,"jumbotron":"https:\/\/sola.kau.se\/samarbetshjulet\/wp-content\/uploads\/sites\/543\/2021\/10\/patrick-perkins-ETRPjvb0KM0-unsplash-scaled.jpg","jumbotron-width":1185,"jumbotron-height":790,"4:3":"https:\/\/sola.kau.se\/samarbetshjulet\/wp-content\/uploads\/sites\/543\/2021\/10\/patrick-perkins-ETRPjvb0KM0-unsplash-scaled.jpg","4:3-width":400,"4:3-height":267,"gform-image-choice-sm":"https:\/\/sola.kau.se\/samarbetshjulet\/wp-content\/uploads\/sites\/543\/2021\/10\/patrick-perkins-ETRPjvb0KM0-unsplash-scaled.jpg","gform-image-choice-sm-width":300,"gform-image-choice-sm-height":200,"gform-image-choice-md":"https:\/\/sola.kau.se\/samarbetshjulet\/wp-content\/uploads\/sites\/543\/2021\/10\/patrick-perkins-ETRPjvb0KM0-unsplash-scaled.jpg","gform-image-choice-md-width":400,"gform-image-choice-md-height":267,"gform-image-choice-lg":"https:\/\/sola.kau.se\/samarbetshjulet\/wp-content\/uploads\/sites\/543\/2021\/10\/patrick-perkins-ETRPjvb0KM0-unsplash-scaled.jpg","gform-image-choice-lg-width":600,"gform-image-choice-lg-height":400}}}]},"_links":{"self":[{"href":"https:\/\/sola.kau.se\/samarbetshjulet\/wp-json\/wp\/v2\/pages\/455","targetHints":{"allow":["GET"]}}],"collection":[{"href":"https:\/\/sola.kau.se\/samarbetshjulet\/wp-json\/wp\/v2\/pages"}],"about":[{"href":"https:\/\/sola.kau.se\/samarbetshjulet\/wp-json\/wp\/v2\/types\/page"}],"author":[{"embeddable":true,"href":"https:\/\/sola.kau.se\/samarbetshjulet\/wp-json\/wp\/v2\/users\/1355"}],"replies":[{"embeddable":true,"href":"https:\/\/sola.kau.se\/samarbetshjulet\/wp-json\/wp\/v2\/comments?post=455"}],"version-history":[{"count":17,"href":"https:\/\/sola.kau.se\/samarbetshjulet\/wp-json\/wp\/v2\/pages\/455\/revisions"}],"predecessor-version":[{"id":1463,"href":"https:\/\/sola.kau.se\/samarbetshjulet\/wp-json\/wp\/v2\/pages\/455\/revisions\/1463"}],"up":[{"embeddable":true,"href":"https:\/\/sola.kau.se\/samarbetshjulet\/wp-json\/wp\/v2\/pages\/105"}],"wp:attachment":[{"href":"https:\/\/sola.kau.se\/samarbetshjulet\/wp-json\/wp\/v2\/media?parent=455"}],"curies":[{"name":"wp","href":"https:\/\/api.w.org\/{rel}","templated":true}]}}