 {"id":461,"date":"2020-09-15T22:01:06","date_gmt":"2020-09-15T22:01:06","guid":{"rendered":"http:\/\/foljen.local\/?page_id=461"},"modified":"2021-10-21T14:55:52","modified_gmt":"2021-10-21T12:55:52","slug":"forsta","status":"publish","type":"page","link":"https:\/\/sola.kau.se\/samarbetshjulet\/information-och-kommunikation\/forsta\/","title":{"rendered":"F\u00f6rst\u00e5"},"content":{"rendered":"","protected":false},"excerpt":{"rendered":"","protected":false},"author":1355,"featured_media":0,"parent":121,"menu_order":1,"comment_status":"closed","ping_status":"closed","template":"template-verktyg.php","meta":{"_acf_changed":false,"footnotes":""},"class_list":["post-461","page","type-page","status-publish","hentry"],"acf":[],"ACF":{"description_verktyg":"<p>Att anv\u00e4nda en Icebreaker kan ofta vara ett bra s\u00e4tt att samla en grupp som tidigare inte k\u00e4nner varandra.<\/p>\n","resources_list":false,"flexible_content":[{"acf_fc_layout":"wysiwyg","wysiwyg":"<p>Inom de flesta omr\u00e5den finns ett ramverk, det vill s\u00e4ga ett antal regler, riktlinjer och policys att f\u00f6rh\u00e5lla sig till. Nedan hittar du de mest aktuella avseende information och kommunikation som kan fungera som en bra grund f\u00f6r era diskussioner. Du som samtalsledare kan v\u00e4lja att ge deltagarna i m\u00f6tet i uppgift att l\u00e4sa p\u00e5 ramverken innan er diskussion, eller s\u00e5 avs\u00e4tter du n\u00e5gra minuter under m\u00f6tet f\u00f6r att alla ska ha tid att s\u00e4tta sig in dessa.<\/p>\n<p>H\u00e4r hittar du \u00e4ven filmer, poddar och artiklar vars syfte \u00e4r att v\u00e4cka nya tankar hos dig. \u00c4ven dessa kan du som samtalsledare be deltagarna att se, lyssna eller l\u00e4sa innan m\u00f6tet, eller v\u00e4lja att ta n\u00e5gra minuter av m\u00f6testiden f\u00f6r att se, lyssna eller l\u00e4sa gemensamt<\/p>\n"},{"acf_fc_layout":"divider"}],"tool_tags":false,"resource":[{"title":"Nya kommunikationsverktyg skapar frustration","text":"<p>Artikel om hur nya kommunikationsverktyg skapar frustration.<\/p>\n","list_of_resources":[{"link_title":"L\u00e4s webbartikel","link_type":"Web Link","url":"https:\/\/www2.prevent.se\/arbetsliv\/ovrigt\/2018\/nya-kommunikationsverktyg-stressar\/"}],"resource_image":{"ID":1354,"id":1354,"title":"Arbetsliv 2","filename":"Arbetsliv-2-scaled.jpg","filesize":121663,"url":"https:\/\/sola.kau.se\/samarbetshjulet\/wp-content\/uploads\/sites\/543\/2021\/10\/Arbetsliv-2-scaled.jpg","link":"https:\/\/sola.kau.se\/samarbetshjulet\/information-och-kommunikation\/forsta\/arbetsliv-2-2\/","alt":"","author":"208","description":"","caption":"","name":"arbetsliv-2-2","status":"inherit","uploaded_to":461,"date":"2021-10-13 13:07:43","modified":"2021-10-13 13:07:43","menu_order":0,"mime_type":"image\/jpeg","type":"image","subtype":"jpeg","icon":"https:\/\/sola.kau.se\/samarbetshjulet\/wp-includes\/images\/media\/default.png","width":2560,"height":1440,"sizes":{"thumbnail":"https:\/\/sola.kau.se\/samarbetshjulet\/wp-content\/uploads\/sites\/543\/2021\/10\/Arbetsliv-2-scaled.jpg","thumbnail-width":150,"thumbnail-height":84,"medium":"https:\/\/sola.kau.se\/samarbetshjulet\/wp-content\/uploads\/sites\/543\/2021\/10\/Arbetsliv-2-300x169.jpg","medium-width":300,"medium-height":169,"medium_large":"https:\/\/sola.kau.se\/samarbetshjulet\/wp-content\/uploads\/sites\/543\/2021\/10\/Arbetsliv-2-scaled.jpg","medium_large-width":768,"medium_large-height":432,"large":"https:\/\/sola.kau.se\/samarbetshjulet\/wp-content\/uploads\/sites\/543\/2021\/10\/Arbetsliv-2-scaled.jpg","large-width":1024,"large-height":576,"post-thumbnail":"https:\/\/sola.kau.se\/samarbetshjulet\/wp-content\/uploads\/sites\/543\/2021\/10\/Arbetsliv-2-scaled.jpg","post-thumbnail-width":125,"post-thumbnail-height":70,"sm":"https:\/\/sola.kau.se\/samarbetshjulet\/wp-content\/uploads\/sites\/543\/2021\/10\/Arbetsliv-2-scaled.jpg","sm-width":640,"sm-height":360,"md":"https:\/\/sola.kau.se\/samarbetshjulet\/wp-content\/uploads\/sites\/543\/2021\/10\/Arbetsliv-2-scaled.jpg","md-width":768,"md-height":432,"lg":"https:\/\/sola.kau.se\/samarbetshjulet\/wp-content\/uploads\/sites\/543\/2021\/10\/Arbetsliv-2-scaled.jpg","lg-width":1024,"lg-height":576,"xl":"https:\/\/sola.kau.se\/samarbetshjulet\/wp-content\/uploads\/sites\/543\/2021\/10\/Arbetsliv-2-scaled.jpg","xl-width":1280,"xl-height":720,"1440":"https:\/\/sola.kau.se\/samarbetshjulet\/wp-content\/uploads\/sites\/543\/2021\/10\/Arbetsliv-2-scaled.jpg","1440-width":1440,"1440-height":810,"jumbotron":"https:\/\/sola.kau.se\/samarbetshjulet\/wp-content\/uploads\/sites\/543\/2021\/10\/Arbetsliv-2-scaled.jpg","jumbotron-width":1404,"jumbotron-height":790,"4:3":"https:\/\/sola.kau.se\/samarbetshjulet\/wp-content\/uploads\/sites\/543\/2021\/10\/Arbetsliv-2-scaled.jpg","4:3-width":400,"4:3-height":225,"gform-image-choice-sm":"https:\/\/sola.kau.se\/samarbetshjulet\/wp-content\/uploads\/sites\/543\/2021\/10\/Arbetsliv-2-scaled.jpg","gform-image-choice-sm-width":300,"gform-image-choice-sm-height":169,"gform-image-choice-md":"https:\/\/sola.kau.se\/samarbetshjulet\/wp-content\/uploads\/sites\/543\/2021\/10\/Arbetsliv-2-scaled.jpg","gform-image-choice-md-width":400,"gform-image-choice-md-height":225,"gform-image-choice-lg":"https:\/\/sola.kau.se\/samarbetshjulet\/wp-content\/uploads\/sites\/543\/2021\/10\/Arbetsliv-2-scaled.jpg","gform-image-choice-lg-width":600,"gform-image-choice-lg-height":338}}},{"title":"Spr\u00e5kpolicy ","text":"<div class=\"page\" title=\"Page 1\">\n<div class=\"layoutArea\">\n<div class=\"column\">\n<p>Karlstads universitets spra\u030akpolicy klargo\u0308r principer och va\u0308gval fo\u0308r att fra\u0308mja spra\u030akanva\u0308nd- ningen.<\/p>\n<p>Syftet a\u0308r a\u0308ven att o\u0308ka medvetenheten hos ansta\u0308llda och studenter om spra\u030akets bety- delse och anva\u0308ndning. Den a\u0308r ett led i kvalitetsarbetet som ro\u0308r spra\u030akbruk och spra\u030aksyn och ska fungera som ett verktyg i det dagliga arbetet. Spra\u030akpolicyn a\u0308r ocksa\u030a ett sto\u0308d fo\u0308r att fo\u0308lja de lagar som reglerar spra\u030akanva\u0308ndningen inom myndigheten.<\/p>\n<\/div>\n<\/div>\n<\/div>\n","list_of_resources":[{"link_title":"L\u00e4s spr\u00e5kpolicy","link_type":"Web Link","url":"https:\/\/intra.kau.se\/dokument\/upload\/0A6400660f3711E53CmJ80DDE6C0\/KaU_C2019-198_Sprakpolicy.pdf"}],"resource_image":{"ID":1352,"id":1352,"title":"Spr\u00e5kpolicy","filename":"Sprakpolicy-scaled.jpg","filesize":305716,"url":"https:\/\/sola.kau.se\/samarbetshjulet\/wp-content\/uploads\/sites\/543\/2021\/10\/Sprakpolicy-scaled.jpg","link":"https:\/\/sola.kau.se\/samarbetshjulet\/information-och-kommunikation\/forsta\/sprakpolicy\/","alt":"","author":"208","description":"","caption":"","name":"sprakpolicy","status":"inherit","uploaded_to":461,"date":"2021-10-13 13:05:23","modified":"2021-10-13 13:05:23","menu_order":0,"mime_type":"image\/jpeg","type":"image","subtype":"jpeg","icon":"https:\/\/sola.kau.se\/samarbetshjulet\/wp-includes\/images\/media\/default.png","width":2560,"height":1440,"sizes":{"thumbnail":"https:\/\/sola.kau.se\/samarbetshjulet\/wp-content\/uploads\/sites\/543\/2021\/10\/Sprakpolicy-scaled.jpg","thumbnail-width":150,"thumbnail-height":84,"medium":"https:\/\/sola.kau.se\/samarbetshjulet\/wp-content\/uploads\/sites\/543\/2021\/10\/Sprakpolicy-300x169.jpg","medium-width":300,"medium-height":169,"medium_large":"https:\/\/sola.kau.se\/samarbetshjulet\/wp-content\/uploads\/sites\/543\/2021\/10\/Sprakpolicy-scaled.jpg","medium_large-width":768,"medium_large-height":432,"large":"https:\/\/sola.kau.se\/samarbetshjulet\/wp-content\/uploads\/sites\/543\/2021\/10\/Sprakpolicy-scaled.jpg","large-width":1024,"large-height":576,"post-thumbnail":"https:\/\/sola.kau.se\/samarbetshjulet\/wp-content\/uploads\/sites\/543\/2021\/10\/Sprakpolicy-scaled.jpg","post-thumbnail-width":125,"post-thumbnail-height":70,"sm":"https:\/\/sola.kau.se\/samarbetshjulet\/wp-content\/uploads\/sites\/543\/2021\/10\/Sprakpolicy-scaled.jpg","sm-width":640,"sm-height":360,"md":"https:\/\/sola.kau.se\/samarbetshjulet\/wp-content\/uploads\/sites\/543\/2021\/10\/Sprakpolicy-scaled.jpg","md-width":768,"md-height":432,"lg":"https:\/\/sola.kau.se\/samarbetshjulet\/wp-content\/uploads\/sites\/543\/2021\/10\/Sprakpolicy-scaled.jpg","lg-width":1024,"lg-height":576,"xl":"https:\/\/sola.kau.se\/samarbetshjulet\/wp-content\/uploads\/sites\/543\/2021\/10\/Sprakpolicy-scaled.jpg","xl-width":1280,"xl-height":720,"1440":"https:\/\/sola.kau.se\/samarbetshjulet\/wp-content\/uploads\/sites\/543\/2021\/10\/Sprakpolicy-scaled.jpg","1440-width":1440,"1440-height":810,"jumbotron":"https:\/\/sola.kau.se\/samarbetshjulet\/wp-content\/uploads\/sites\/543\/2021\/10\/Sprakpolicy-scaled.jpg","jumbotron-width":1404,"jumbotron-height":790,"4:3":"https:\/\/sola.kau.se\/samarbetshjulet\/wp-content\/uploads\/sites\/543\/2021\/10\/Sprakpolicy-scaled.jpg","4:3-width":400,"4:3-height":225,"gform-image-choice-sm":"https:\/\/sola.kau.se\/samarbetshjulet\/wp-content\/uploads\/sites\/543\/2021\/10\/Sprakpolicy-scaled.jpg","gform-image-choice-sm-width":300,"gform-image-choice-sm-height":169,"gform-image-choice-md":"https:\/\/sola.kau.se\/samarbetshjulet\/wp-content\/uploads\/sites\/543\/2021\/10\/Sprakpolicy-scaled.jpg","gform-image-choice-md-width":400,"gform-image-choice-md-height":225,"gform-image-choice-lg":"https:\/\/sola.kau.se\/samarbetshjulet\/wp-content\/uploads\/sites\/543\/2021\/10\/Sprakpolicy-scaled.jpg","gform-image-choice-lg-width":600,"gform-image-choice-lg-height":338}}}]},"_links":{"self":[{"href":"https:\/\/sola.kau.se\/samarbetshjulet\/wp-json\/wp\/v2\/pages\/461","targetHints":{"allow":["GET"]}}],"collection":[{"href":"https:\/\/sola.kau.se\/samarbetshjulet\/wp-json\/wp\/v2\/pages"}],"about":[{"href":"https:\/\/sola.kau.se\/samarbetshjulet\/wp-json\/wp\/v2\/types\/page"}],"author":[{"embeddable":true,"href":"https:\/\/sola.kau.se\/samarbetshjulet\/wp-json\/wp\/v2\/users\/1355"}],"replies":[{"embeddable":true,"href":"https:\/\/sola.kau.se\/samarbetshjulet\/wp-json\/wp\/v2\/comments?post=461"}],"version-history":[{"count":16,"href":"https:\/\/sola.kau.se\/samarbetshjulet\/wp-json\/wp\/v2\/pages\/461\/revisions"}],"predecessor-version":[{"id":1868,"href":"https:\/\/sola.kau.se\/samarbetshjulet\/wp-json\/wp\/v2\/pages\/461\/revisions\/1868"}],"up":[{"embeddable":true,"href":"https:\/\/sola.kau.se\/samarbetshjulet\/wp-json\/wp\/v2\/pages\/121"}],"wp:attachment":[{"href":"https:\/\/sola.kau.se\/samarbetshjulet\/wp-json\/wp\/v2\/media?parent=461"}],"curies":[{"name":"wp","href":"https:\/\/api.w.org\/{rel}","templated":true}]}}