 {"id":837,"date":"2020-12-15T09:15:32","date_gmt":"2020-12-15T08:15:32","guid":{"rendered":"http:\/\/foljen.local\/?page_id=837"},"modified":"2021-10-14T07:02:26","modified_gmt":"2021-10-14T07:02:26","slug":"planera","status":"publish","type":"page","link":"https:\/\/sola.kau.se\/samarbetshjulet\/planera\/","title":{"rendered":"Planera"},"content":{"rendered":"","protected":false},"excerpt":{"rendered":"","protected":false},"author":1355,"featured_media":0,"parent":0,"menu_order":0,"comment_status":"closed","ping_status":"closed","template":"","meta":{"_acf_changed":false,"footnotes":""},"class_list":["post-837","page","type-page","status-publish","hentry"],"acf":[],"ACF":{"fas_meta":{"description":"H\u00e4r finns tips p\u00e5 hur du kan planera ditt arbete utifr\u00e5n Samarbetshjulet\r\n\r\n","picto":false,"farg":"#1F8C99","link_text":"L\u00e4s mer"},"flexible_content":[{"acf_fc_layout":"wysiwyg","wysiwyg":"<h2><strong>H\u00e4r finns tips p\u00e5 hur du kan planera ditt arbete utifr\u00e5n Samarbetshjulet.<\/strong><\/h2>\n<div>Samarbetshjulet best\u00e5r av fyra moduler. Varje modul best\u00e5r av tre delar; f\u00f6rst\u00e5, diskutera och enas:<\/div>\n<h2>F\u00f6rst\u00e5<\/h2>\n<div>H\u00e4r finns material i olika form tillg\u00e4ngligt. Materialet kan inspirera eller v\u00e4cka tankar inf\u00f6r diskussioner men kan ocks\u00e5 vara riktlinjer som vi beh\u00f6ver f\u00f6rh\u00e5lla oss till i v\u00e5ra diskussioner. Till dig som h\u00e5ller i diskussionerna: Det \u00e4r viktigt att vara tydlig med vilket material du f\u00f6rv\u00e4ntar dig att deltagarna ska ha tagit del av innan m\u00f6tet. Diskussionerna kan ocks\u00e5 inledas med att ni tillsammans tar del av material.<\/div>\n<h2>Diskutera<\/h2>\n<div>Varje modul best\u00e5r av ett antal diskussionsfr\u00e5gor.<\/div>\n<div>Ett s\u00e4tt att arbeta med samarbetshjulet \u00e4r att arbeta enligt f\u00f6ljande steg:<\/div>\n<ul>\n<li><strong>Dela in deltagarna i mindre grupper<\/strong><br \/>\nFundera p\u00e5 hur grupperna ska delas in. Finns m\u00f6jligheter att fler r\u00f6ster kan g\u00f6ra sig h\u00f6rda beroende p\u00e5 gruppindelning?<\/li>\n<li><strong>L\u00e5t deltagarna fundera sj\u00e4lva p\u00e5 fr\u00e5gorna en stund f\u00f6rst, ca 5 minuter<\/strong><br \/>\nOm samarbetshjulet anv\u00e4nds via zoom: H\u00e5ll kvar deltagarna i storgrupp under tiden de funderar sj\u00e4lva. N\u00e4r 5 minuter har g\u00e5tt delar du in i break out rooms. Detta \u00f6kar sannolikheten att varje person f\u00e5r m\u00f6jlighet att t\u00e4nka sj\u00e4lv en stund. Delas man direkt in i grupper \u00f6kar risken att diskussionerna f\u00f6rs i grupp direkt. Detta kan g\u00f6ra att \u00a0aspekter som annars hade kommit fram f\u00f6rloras.<\/li>\n<li><strong>Diskutera tillsammans i gruppen<\/strong><br \/>\nVar tydlig med att gruppen ska utse n\u00e5gon som ansvarar f\u00f6r att anteckna under diskussionerna.<\/li>\n<li><strong>Skriv ner det ni diskuterat<\/strong><br \/>\nAnv\u00e4nd g\u00e4rna wordmallen som finns tillg\u00e4nglig vid varje modul, men egentligen spelar det ingen roll hur dokumentationen sker. Det viktiga \u00e4r att deltagarna f\u00f6rst\u00e5r att, och hur, dokumentationen ska g\u00f6ras. Genom att skriva ner skapas m\u00f6jligheter till samsyn och uppf\u00f6ljning.<\/li>\n<li><strong>Kom tillbaka till storgrupp<\/strong><br \/>\nVarje grupp ges m\u00f6jlighet att dela med sig av sina diskussioner och dokumentation. Detta ger m\u00f6jlighet till hela gruppen att lyssna till olika perspektiv och kan skapa ny f\u00f6rst\u00e5else f\u00f6r varandra och olika behov som kan finnas i gruppen.<\/li>\n<\/ul>\n<h2>Enas<\/h2>\n<div>Fr\u00e5n gruppdiskussionerna finns nu anteckningar men det kan ocks\u00e5 finnas delar som vi inom hela gruppen beh\u00f6ver enas om. Dokumentera detta ocks\u00e5.<\/div>\n"}],"title":"S\u00e5 h\u00e4r fungerar samarbetshjulet","text":"<p>Samarbetshjulet best\u00e5r av fyra moduler. Varje modul best\u00e5r av tre delar:<br \/>\nF\u00f6rst\u00e5<br \/>\nH\u00e4r finns material i olika form tillg\u00e4ngligt. Materialet kan inspirera eller v\u00e4cka tankar inf\u00f6r diskussioner men kan ocks\u00e5 vara riktlinjer som vi beh\u00f6ver f\u00f6rh\u00e5lla oss till i v\u00e5ra diskussioner. Till dig som h\u00e5ller i diskussionerna: Det \u00e4r viktigt att vara tydlig med vilket material du f\u00f6rv\u00e4ntar dig att deltagarna ska ha tagit del av innan m\u00f6tet. Diskussionerna kan ocks\u00e5 inledas med att ni tillsammans tar del av material.<br \/>\nDiskutera<br \/>\nVarje modul best\u00e5r av ett antal diskussionsfr\u00e5gor.<br \/>\nEtt s\u00e4tt att arbeta med samarbetshjulet \u00e4r att arbeta enligt f\u00f6ljande steg:<br \/>\n\u2022\tDela in deltagarna i mindre grupper.<br \/>\nFundera p\u00e5 hur grupperna ska delas in. Finns m\u00f6jligheter att fler r\u00f6ster kan g\u00f6ra sig h\u00f6rda beroende p\u00e5 gruppindelning?<br \/>\n\u2022\tL\u00e5t deltagarna fundera sj\u00e4lva p\u00e5 fr\u00e5gorna en stund f\u00f6rst, ca 5 minuter<br \/>\nOm samarbetshjulet anv\u00e4nds via zoom: H\u00e5ll kvar deltagarna i storgrupp under tiden de funderar sj\u00e4lva. N\u00e4r 5 minuter har g\u00e5tt delar du in i break out rooms. Detta \u00f6kar sannolikheten att varje person f\u00e5r m\u00f6jlighet att t\u00e4nka sj\u00e4lv en stund. Delas man direkt in i grupper \u00f6kar risken att diskussionerna f\u00f6rs i grupp direkt. Detta kan g\u00f6ras att  aspekter som annars hade kommit fram f\u00f6rloras.<br \/>\n\u2022\tDiskutera tillsammans i gruppen<br \/>\nVarje modul inneh\u00e5ller f\u00f6rslag p\u00e5 tid f\u00f6r diskussionerna. Denna tid kan sj\u00e4lvklart anpassas utifr\u00e5n gruppens behov. Var tydlig med att gruppen ska utse n\u00e5gon som ansvarar f\u00f6r att anteckna under diskussionerna.<br \/>\n\u2022\tSkriv ner det ni diskuterat<br \/>\nAnv\u00e4nd g\u00e4rna wordmallen som finns tillg\u00e4nglig vid varje modul, men egentligen spelar det ingen roll hur dokumentationen sker. Det viktiga \u00e4r att deltagarna f\u00f6rst\u00e5r att och hur dokumentationen ska g\u00f6ras. Genom att skriva ner skapas m\u00f6jligheter till samsyn och uppf\u00f6ljning.<br \/>\n\u2022\tKom tillbaka till storgrupp.<br \/>\nVarje grupp ges m\u00f6jlighet att dela med sig av sina diskussioner och dokumentation. Detta ger m\u00f6jlighet till hela gruppen att lyssna till olika perspektiv och kan skapa ny f\u00f6rst\u00e5else f\u00f6r varandra och olika behov som kan finnas i gruppen.  <\/p>\n<p>Enas<br \/>\nFr\u00e5n gruppdiskussionerna finns nu anteckningar men det kan ocks\u00e5 finnas delar som vi inom hela gruppen beh\u00f6ver enas om. Dokumentera detta ocks\u00e5. <\/p>\n","related_phases":false,"start_header":{"text":{"heading":"","text":""},"about":{"title":"","text":"","welcome":"","plan_heading":"","plan_text":"","plan_link":"","plan_image":false},"pie_chart":{"image":false,"shapes":false}},"faser":false,"footer":{"heading":"","text":"","links":false}},"_links":{"self":[{"href":"https:\/\/sola.kau.se\/samarbetshjulet\/wp-json\/wp\/v2\/pages\/837","targetHints":{"allow":["GET"]}}],"collection":[{"href":"https:\/\/sola.kau.se\/samarbetshjulet\/wp-json\/wp\/v2\/pages"}],"about":[{"href":"https:\/\/sola.kau.se\/samarbetshjulet\/wp-json\/wp\/v2\/types\/page"}],"author":[{"embeddable":true,"href":"https:\/\/sola.kau.se\/samarbetshjulet\/wp-json\/wp\/v2\/users\/1355"}],"replies":[{"embeddable":true,"href":"https:\/\/sola.kau.se\/samarbetshjulet\/wp-json\/wp\/v2\/comments?post=837"}],"version-history":[{"count":4,"href":"https:\/\/sola.kau.se\/samarbetshjulet\/wp-json\/wp\/v2\/pages\/837\/revisions"}],"predecessor-version":[{"id":1393,"href":"https:\/\/sola.kau.se\/samarbetshjulet\/wp-json\/wp\/v2\/pages\/837\/revisions\/1393"}],"wp:attachment":[{"href":"https:\/\/sola.kau.se\/samarbetshjulet\/wp-json\/wp\/v2\/media?parent=837"}],"curies":[{"name":"wp","href":"https:\/\/api.w.org\/{rel}","templated":true}]}}