 {"id":969,"date":"2021-10-11T09:47:03","date_gmt":"2021-10-11T09:47:03","guid":{"rendered":"https:\/\/sola.kau.se\/samarbetshjulet\/?page_id=969"},"modified":"2021-10-15T10:09:31","modified_gmt":"2021-10-15T08:09:31","slug":"enas","status":"publish","type":"page","link":"https:\/\/sola.kau.se\/samarbetshjulet\/arbetsform-och-moten\/enas\/","title":{"rendered":"Enas"},"content":{"rendered":"","protected":false},"excerpt":{"rendered":"","protected":false},"author":83,"featured_media":0,"parent":105,"menu_order":3,"comment_status":"closed","ping_status":"closed","template":"template-verktyg.php","meta":{"_acf_changed":false,"footnotes":""},"class_list":["post-969","page","type-page","status-publish","hentry"],"acf":[],"ACF":{"resource":[{"title":"\u00d6verenskommelse","text":"<p>H\u00e4r finns mall f\u00f6r dokumentation.<\/p>\n","list_of_resources":[{"link_title":"Anv\u00e4nd mall f\u00f6r dokumentation ","link_type":"Word Document","url":"https:\/\/sola.kau.se\/samarbetshjulet\/wp-content\/uploads\/sites\/543\/2021\/10\/Dokumentation-mall-1.docx"}],"resource_image":{"ID":1116,"id":1116,"title":"Businessman,Handshaking,For,Business,Cooperation,And,Acquisition,Concept,,Selective,Focus","filename":"Handslag-423025933.jpg","filesize":6047962,"url":"https:\/\/sola.kau.se\/samarbetshjulet\/wp-content\/uploads\/sites\/543\/2021\/10\/Handslag-423025933.jpg","link":"https:\/\/sola.kau.se\/samarbetshjulet\/arbetsform-och-moten\/enas\/businessmanhandshakingforbusinesscooperationandacquisitionconceptselectivefocus\/","alt":"","author":"208","description":"","caption":"","name":"businessmanhandshakingforbusinesscooperationandacquisitionconceptselectivefocus","status":"inherit","uploaded_to":969,"date":"2021-10-12 07:51:38","modified":"2021-10-12 13:26:38","menu_order":0,"mime_type":"image\/jpeg","type":"image","subtype":"jpeg","icon":"https:\/\/sola.kau.se\/samarbetshjulet\/wp-includes\/images\/media\/default.png","width":0,"height":0,"sizes":{"thumbnail":"https:\/\/sola.kau.se\/samarbetshjulet\/wp-content\/uploads\/sites\/543\/2021\/10\/Handslag-423025933.jpg","thumbnail-width":1,"thumbnail-height":1,"medium":"https:\/\/sola.kau.se\/samarbetshjulet\/wp-content\/uploads\/sites\/543\/2021\/10\/Handslag-423025933.jpg","medium-width":1,"medium-height":1,"medium_large":"https:\/\/sola.kau.se\/samarbetshjulet\/wp-content\/uploads\/sites\/543\/2021\/10\/Handslag-423025933.jpg","medium_large-width":1,"medium_large-height":1,"large":"https:\/\/sola.kau.se\/samarbetshjulet\/wp-content\/uploads\/sites\/543\/2021\/10\/Handslag-423025933.jpg","large-width":1,"large-height":1,"post-thumbnail":"https:\/\/sola.kau.se\/samarbetshjulet\/wp-content\/uploads\/sites\/543\/2021\/10\/Handslag-423025933.jpg","post-thumbnail-width":1,"post-thumbnail-height":1,"sm":"https:\/\/sola.kau.se\/samarbetshjulet\/wp-content\/uploads\/sites\/543\/2021\/10\/Handslag-423025933.jpg","sm-width":1,"sm-height":1,"md":"https:\/\/sola.kau.se\/samarbetshjulet\/wp-content\/uploads\/sites\/543\/2021\/10\/Handslag-423025933.jpg","md-width":1,"md-height":1,"lg":"https:\/\/sola.kau.se\/samarbetshjulet\/wp-content\/uploads\/sites\/543\/2021\/10\/Handslag-423025933.jpg","lg-width":1,"lg-height":1,"xl":"https:\/\/sola.kau.se\/samarbetshjulet\/wp-content\/uploads\/sites\/543\/2021\/10\/Handslag-423025933.jpg","xl-width":1,"xl-height":1,"1440":"https:\/\/sola.kau.se\/samarbetshjulet\/wp-content\/uploads\/sites\/543\/2021\/10\/Handslag-423025933.jpg","1440-width":1,"1440-height":1,"jumbotron":"https:\/\/sola.kau.se\/samarbetshjulet\/wp-content\/uploads\/sites\/543\/2021\/10\/Handslag-423025933.jpg","jumbotron-width":1,"jumbotron-height":1,"4:3":"https:\/\/sola.kau.se\/samarbetshjulet\/wp-content\/uploads\/sites\/543\/2021\/10\/Handslag-423025933.jpg","4:3-width":1,"4:3-height":1,"gform-image-choice-sm":"https:\/\/sola.kau.se\/samarbetshjulet\/wp-content\/uploads\/sites\/543\/2021\/10\/Handslag-423025933.jpg","gform-image-choice-sm-width":1,"gform-image-choice-sm-height":1,"gform-image-choice-md":"https:\/\/sola.kau.se\/samarbetshjulet\/wp-content\/uploads\/sites\/543\/2021\/10\/Handslag-423025933.jpg","gform-image-choice-md-width":1,"gform-image-choice-md-height":1,"gform-image-choice-lg":"https:\/\/sola.kau.se\/samarbetshjulet\/wp-content\/uploads\/sites\/543\/2021\/10\/Handslag-423025933.jpg","gform-image-choice-lg-width":1,"gform-image-choice-lg-height":1}}}],"flexible_content":[{"acf_fc_layout":"wysiwyg","wysiwyg":"<p>N\u00e4r ni som grupp pratat igenom de fr\u00e5gor som k\u00e4nns aktuella f\u00f6r er kan det vara en bra id\u00e9 att dokumentera det som kommit fram. Det kan g\u00f6ras genom vanliga m\u00f6tesanteckningar, genom spelregler f\u00f6r gruppen eller som enskilda \u00f6verenskommelser. Det viktiga \u00e4r att ni som deltog i diskussionerna k\u00e4nner igen er, att ni har n\u00e5got att st\u00f6tta er p\u00e5 och n\u00e5got som ni kan ta upp och revidera om det kommer in en ny person i gruppen eller om det blir konflikter betr\u00e4ffande n\u00e5got av det ni pratat om. Till er hj\u00e4lp finns en mall som ni kan anv\u00e4nda f\u00f6r dokumentation.<\/p>\n"}],"tool_tags":false,"resources_list":[{"link_ext":"","file":false}]},"_links":{"self":[{"href":"https:\/\/sola.kau.se\/samarbetshjulet\/wp-json\/wp\/v2\/pages\/969","targetHints":{"allow":["GET"]}}],"collection":[{"href":"https:\/\/sola.kau.se\/samarbetshjulet\/wp-json\/wp\/v2\/pages"}],"about":[{"href":"https:\/\/sola.kau.se\/samarbetshjulet\/wp-json\/wp\/v2\/types\/page"}],"author":[{"embeddable":true,"href":"https:\/\/sola.kau.se\/samarbetshjulet\/wp-json\/wp\/v2\/users\/83"}],"replies":[{"embeddable":true,"href":"https:\/\/sola.kau.se\/samarbetshjulet\/wp-json\/wp\/v2\/comments?post=969"}],"version-history":[{"count":14,"href":"https:\/\/sola.kau.se\/samarbetshjulet\/wp-json\/wp\/v2\/pages\/969\/revisions"}],"predecessor-version":[{"id":1465,"href":"https:\/\/sola.kau.se\/samarbetshjulet\/wp-json\/wp\/v2\/pages\/969\/revisions\/1465"}],"up":[{"embeddable":true,"href":"https:\/\/sola.kau.se\/samarbetshjulet\/wp-json\/wp\/v2\/pages\/105"}],"wp:attachment":[{"href":"https:\/\/sola.kau.se\/samarbetshjulet\/wp-json\/wp\/v2\/media?parent=969"}],"curies":[{"name":"wp","href":"https:\/\/api.w.org\/{rel}","templated":true}]}}