 {"id":975,"date":"2021-10-11T09:51:40","date_gmt":"2021-10-11T09:51:40","guid":{"rendered":"https:\/\/sola.kau.se\/samarbetshjulet\/?page_id=975"},"modified":"2021-10-13T19:25:15","modified_gmt":"2021-10-13T19:25:15","slug":"diskutera","status":"publish","type":"page","link":"https:\/\/sola.kau.se\/samarbetshjulet\/information-och-kommunikation\/diskutera\/","title":{"rendered":"Diskutera"},"content":{"rendered":"","protected":false},"excerpt":{"rendered":"","protected":false},"author":83,"featured_media":0,"parent":121,"menu_order":2,"comment_status":"closed","ping_status":"closed","template":"template-verktyg.php","meta":{"_acf_changed":false,"footnotes":""},"class_list":["post-975","page","type-page","status-publish","hentry"],"acf":[],"ACF":{"resource":[{"title":"Fr\u00e5gor om information ","text":"<p>Hur ska vi dela information med varandra? Vilken information ska delges via mail? Muntligt? N\u00e4r ska vi ta minnes- \/m\u00f6tesanteckningar?<\/p>\n<p>Hur ska information alla beh\u00f6ver ha tillg\u00e5ng till vara tillg\u00e4nglig? Hur h\u00e5ller vi den uppdaterad och aktuell?<\/p>\n<p>Ser jag n\u00e5gra risker med att vi har tillg\u00e5ng till olika information n\u00e4r inte alla \u00e4r p\u00e5 plats samtidigt?<\/p>\n<p>Hur kan vi i s\u00e5 fall f\u00f6rhindra denna typ av informationsglapp?<\/p>\n<p>&nbsp;<\/p>\n<p>Lyssna p\u00e5 varandra, diskutera och dokumentera vad ni kommer fram till.<\/p>\n","list_of_resources":false,"resource_image":{"ID":1106,"id":1106,"title":"brett-jordan-LPZy4da9aRo-unsplash","filename":"brett-jordan-LPZy4da9aRo-unsplash.jpg","filesize":3638954,"url":"https:\/\/sola.kau.se\/samarbetshjulet\/wp-content\/uploads\/sites\/543\/2021\/10\/brett-jordan-LPZy4da9aRo-unsplash.jpg","link":"https:\/\/sola.kau.se\/samarbetshjulet\/information-och-kommunikation\/diskutera\/brett-jordan-lpzy4da9aro-unsplash\/","alt":"","author":"208","description":"","caption":"","name":"brett-jordan-lpzy4da9aro-unsplash","status":"inherit","uploaded_to":975,"date":"2021-10-12 07:42:56","modified":"2021-10-12 13:36:10","menu_order":0,"mime_type":"image\/jpeg","type":"image","subtype":"jpeg","icon":"https:\/\/sola.kau.se\/samarbetshjulet\/wp-includes\/images\/media\/default.png","width":0,"height":0,"sizes":{"thumbnail":"https:\/\/sola.kau.se\/samarbetshjulet\/wp-content\/uploads\/sites\/543\/2021\/10\/brett-jordan-LPZy4da9aRo-unsplash.jpg","thumbnail-width":1,"thumbnail-height":1,"medium":"https:\/\/sola.kau.se\/samarbetshjulet\/wp-content\/uploads\/sites\/543\/2021\/10\/brett-jordan-LPZy4da9aRo-unsplash.jpg","medium-width":1,"medium-height":1,"medium_large":"https:\/\/sola.kau.se\/samarbetshjulet\/wp-content\/uploads\/sites\/543\/2021\/10\/brett-jordan-LPZy4da9aRo-unsplash.jpg","medium_large-width":1,"medium_large-height":1,"large":"https:\/\/sola.kau.se\/samarbetshjulet\/wp-content\/uploads\/sites\/543\/2021\/10\/brett-jordan-LPZy4da9aRo-unsplash.jpg","large-width":1,"large-height":1,"post-thumbnail":"https:\/\/sola.kau.se\/samarbetshjulet\/wp-content\/uploads\/sites\/543\/2021\/10\/brett-jordan-LPZy4da9aRo-unsplash.jpg","post-thumbnail-width":1,"post-thumbnail-height":1,"sm":"https:\/\/sola.kau.se\/samarbetshjulet\/wp-content\/uploads\/sites\/543\/2021\/10\/brett-jordan-LPZy4da9aRo-unsplash.jpg","sm-width":1,"sm-height":1,"md":"https:\/\/sola.kau.se\/samarbetshjulet\/wp-content\/uploads\/sites\/543\/2021\/10\/brett-jordan-LPZy4da9aRo-unsplash.jpg","md-width":1,"md-height":1,"lg":"https:\/\/sola.kau.se\/samarbetshjulet\/wp-content\/uploads\/sites\/543\/2021\/10\/brett-jordan-LPZy4da9aRo-unsplash.jpg","lg-width":1,"lg-height":1,"xl":"https:\/\/sola.kau.se\/samarbetshjulet\/wp-content\/uploads\/sites\/543\/2021\/10\/brett-jordan-LPZy4da9aRo-unsplash.jpg","xl-width":1,"xl-height":1,"1440":"https:\/\/sola.kau.se\/samarbetshjulet\/wp-content\/uploads\/sites\/543\/2021\/10\/brett-jordan-LPZy4da9aRo-unsplash.jpg","1440-width":1,"1440-height":1,"jumbotron":"https:\/\/sola.kau.se\/samarbetshjulet\/wp-content\/uploads\/sites\/543\/2021\/10\/brett-jordan-LPZy4da9aRo-unsplash.jpg","jumbotron-width":1,"jumbotron-height":1,"4:3":"https:\/\/sola.kau.se\/samarbetshjulet\/wp-content\/uploads\/sites\/543\/2021\/10\/brett-jordan-LPZy4da9aRo-unsplash.jpg","4:3-width":1,"4:3-height":1,"gform-image-choice-sm":"https:\/\/sola.kau.se\/samarbetshjulet\/wp-content\/uploads\/sites\/543\/2021\/10\/brett-jordan-LPZy4da9aRo-unsplash.jpg","gform-image-choice-sm-width":1,"gform-image-choice-sm-height":1,"gform-image-choice-md":"https:\/\/sola.kau.se\/samarbetshjulet\/wp-content\/uploads\/sites\/543\/2021\/10\/brett-jordan-LPZy4da9aRo-unsplash.jpg","gform-image-choice-md-width":1,"gform-image-choice-md-height":1,"gform-image-choice-lg":"https:\/\/sola.kau.se\/samarbetshjulet\/wp-content\/uploads\/sites\/543\/2021\/10\/brett-jordan-LPZy4da9aRo-unsplash.jpg","gform-image-choice-lg-width":1,"gform-image-choice-lg-height":1}}},{"title":"Fr\u00e5gor om kommunikation","text":"<p>Vilka kommunikationskanaler <em>(ex E-mail, chatt i zoom\u2026)<\/em> ska vi anv\u00e4nda? Var s\u00e5 konkret som m\u00f6jligt, ange syftet med de olika kanalerna och vilka<br \/>\nf\u00f6rv\u00e4ntningar vi har p\u00e5 varandra om aktivitet i respektive kanal.<\/p>\n<p>Inom teamet:<br \/>\nInom avdelningen\/ institutionen:<\/p>\n<p>&nbsp;<\/p>\n<p>N\u00e4r f\u00f6rv\u00e4ntas jag vara tillg\u00e4nglig i respektive kanal?<\/p>\n<p>Ska jag ange n\u00e4r jag inte \u00e4r tillg\u00e4nglig, i s\u00e5 fall hur?<\/p>\n<p>Vid arbete p\u00e5 Kau, ska jag vara tillg\u00e4nglig digitalt p\u00e5 samma s\u00e4tt som vid distansarbete?<br \/>\nVad betyder gr\u00f6n lampa i zoom, kan jag ringa upp d\u00e5? G\u00e4ller samma spelregler inom teamet som inom avdelningen? Hela Kau?<\/p>\n<p>Ska vi vara tillg\u00e4ngliga f\u00f6r varandra p\u00e5 samma s\u00e4tt inom v\u00e5rt team\/grupp som f\u00f6r \u00f6vrig personal och studenter?<\/p>\n<p>&nbsp;<\/p>\n<p>Lyssna p\u00e5 varandra, diskutera och dokumentera vad ni kommer fram till.<\/p>\n","list_of_resources":false,"resource_image":{"ID":1157,"id":1157,"title":"sigmund-eTgMFFzroGc-unsplash","filename":"sigmund-eTgMFFzroGc-unsplash.jpg","filesize":1729433,"url":"https:\/\/sola.kau.se\/samarbetshjulet\/wp-content\/uploads\/sites\/543\/2021\/10\/sigmund-eTgMFFzroGc-unsplash.jpg","link":"https:\/\/sola.kau.se\/samarbetshjulet\/information-och-kommunikation\/diskutera\/sigmund-etgmffzrogc-unsplash\/","alt":"","author":"207","description":"","caption":"","name":"sigmund-etgmffzrogc-unsplash","status":"inherit","uploaded_to":975,"date":"2021-10-12 13:20:36","modified":"2021-10-12 13:36:10","menu_order":0,"mime_type":"image\/jpeg","type":"image","subtype":"jpeg","icon":"https:\/\/sola.kau.se\/samarbetshjulet\/wp-includes\/images\/media\/default.png","width":0,"height":0,"sizes":{"thumbnail":"https:\/\/sola.kau.se\/samarbetshjulet\/wp-content\/uploads\/sites\/543\/2021\/10\/sigmund-eTgMFFzroGc-unsplash.jpg","thumbnail-width":1,"thumbnail-height":1,"medium":"https:\/\/sola.kau.se\/samarbetshjulet\/wp-content\/uploads\/sites\/543\/2021\/10\/sigmund-eTgMFFzroGc-unsplash.jpg","medium-width":1,"medium-height":1,"medium_large":"https:\/\/sola.kau.se\/samarbetshjulet\/wp-content\/uploads\/sites\/543\/2021\/10\/sigmund-eTgMFFzroGc-unsplash.jpg","medium_large-width":1,"medium_large-height":1,"large":"https:\/\/sola.kau.se\/samarbetshjulet\/wp-content\/uploads\/sites\/543\/2021\/10\/sigmund-eTgMFFzroGc-unsplash.jpg","large-width":1,"large-height":1,"post-thumbnail":"https:\/\/sola.kau.se\/samarbetshjulet\/wp-content\/uploads\/sites\/543\/2021\/10\/sigmund-eTgMFFzroGc-unsplash.jpg","post-thumbnail-width":1,"post-thumbnail-height":1,"sm":"https:\/\/sola.kau.se\/samarbetshjulet\/wp-content\/uploads\/sites\/543\/2021\/10\/sigmund-eTgMFFzroGc-unsplash.jpg","sm-width":1,"sm-height":1,"md":"https:\/\/sola.kau.se\/samarbetshjulet\/wp-content\/uploads\/sites\/543\/2021\/10\/sigmund-eTgMFFzroGc-unsplash.jpg","md-width":1,"md-height":1,"lg":"https:\/\/sola.kau.se\/samarbetshjulet\/wp-content\/uploads\/sites\/543\/2021\/10\/sigmund-eTgMFFzroGc-unsplash.jpg","lg-width":1,"lg-height":1,"xl":"https:\/\/sola.kau.se\/samarbetshjulet\/wp-content\/uploads\/sites\/543\/2021\/10\/sigmund-eTgMFFzroGc-unsplash.jpg","xl-width":1,"xl-height":1,"1440":"https:\/\/sola.kau.se\/samarbetshjulet\/wp-content\/uploads\/sites\/543\/2021\/10\/sigmund-eTgMFFzroGc-unsplash.jpg","1440-width":1,"1440-height":1,"jumbotron":"https:\/\/sola.kau.se\/samarbetshjulet\/wp-content\/uploads\/sites\/543\/2021\/10\/sigmund-eTgMFFzroGc-unsplash.jpg","jumbotron-width":1,"jumbotron-height":1,"4:3":"https:\/\/sola.kau.se\/samarbetshjulet\/wp-content\/uploads\/sites\/543\/2021\/10\/sigmund-eTgMFFzroGc-unsplash.jpg","4:3-width":1,"4:3-height":1,"gform-image-choice-sm":"https:\/\/sola.kau.se\/samarbetshjulet\/wp-content\/uploads\/sites\/543\/2021\/10\/sigmund-eTgMFFzroGc-unsplash.jpg","gform-image-choice-sm-width":1,"gform-image-choice-sm-height":1,"gform-image-choice-md":"https:\/\/sola.kau.se\/samarbetshjulet\/wp-content\/uploads\/sites\/543\/2021\/10\/sigmund-eTgMFFzroGc-unsplash.jpg","gform-image-choice-md-width":1,"gform-image-choice-md-height":1,"gform-image-choice-lg":"https:\/\/sola.kau.se\/samarbetshjulet\/wp-content\/uploads\/sites\/543\/2021\/10\/sigmund-eTgMFFzroGc-unsplash.jpg","gform-image-choice-lg-width":1,"gform-image-choice-lg-height":1}}}],"flexible_content":[{"acf_fc_layout":"wysiwyg","wysiwyg":"<p>H\u00e4r finns diskussionsfr\u00e5gor inom omr\u00e5det &#8220;Information och kommunikation&#8221;.<br \/>\nAnv\u00e4nd g\u00e4rna wordmallen som finns tillg\u00e4nglig, men egentligen spelar det ingen roll hur dokumentationen sker. Det viktiga \u00e4r att deltagarna f\u00f6rst\u00e5r att och hur dokumentationen ska g\u00f6ras. Genom att skriva ner skapas m\u00f6jligheter till samsyn och uppf\u00f6ljning.<\/p>\n<p>Se diskussionsfr\u00e5gorna som en utg\u00e5ngspunkt och l\u00e4gg till\/\u00e4ndra fr\u00e5geformuleringar utifr\u00e5n vad er grupp beh\u00f6ver diskutera.<\/p>\n"}],"tool_tags":false},"_links":{"self":[{"href":"https:\/\/sola.kau.se\/samarbetshjulet\/wp-json\/wp\/v2\/pages\/975","targetHints":{"allow":["GET"]}}],"collection":[{"href":"https:\/\/sola.kau.se\/samarbetshjulet\/wp-json\/wp\/v2\/pages"}],"about":[{"href":"https:\/\/sola.kau.se\/samarbetshjulet\/wp-json\/wp\/v2\/types\/page"}],"author":[{"embeddable":true,"href":"https:\/\/sola.kau.se\/samarbetshjulet\/wp-json\/wp\/v2\/users\/83"}],"replies":[{"embeddable":true,"href":"https:\/\/sola.kau.se\/samarbetshjulet\/wp-json\/wp\/v2\/comments?post=975"}],"version-history":[{"count":18,"href":"https:\/\/sola.kau.se\/samarbetshjulet\/wp-json\/wp\/v2\/pages\/975\/revisions"}],"predecessor-version":[{"id":1397,"href":"https:\/\/sola.kau.se\/samarbetshjulet\/wp-json\/wp\/v2\/pages\/975\/revisions\/1397"}],"up":[{"embeddable":true,"href":"https:\/\/sola.kau.se\/samarbetshjulet\/wp-json\/wp\/v2\/pages\/121"}],"wp:attachment":[{"href":"https:\/\/sola.kau.se\/samarbetshjulet\/wp-json\/wp\/v2\/media?parent=975"}],"curies":[{"name":"wp","href":"https:\/\/api.w.org\/{rel}","templated":true}]}}