 {"id":980,"date":"2021-10-11T09:53:51","date_gmt":"2021-10-11T09:53:51","guid":{"rendered":"https:\/\/sola.kau.se\/samarbetshjulet\/?page_id=980"},"modified":"2021-10-13T19:26:19","modified_gmt":"2021-10-13T19:26:19","slug":"diskutera","status":"publish","type":"page","link":"https:\/\/sola.kau.se\/samarbetshjulet\/forvantningar-och-riktlinjer-regler\/diskutera\/","title":{"rendered":"Diskutera"},"content":{"rendered":"","protected":false},"excerpt":{"rendered":"","protected":false},"author":83,"featured_media":0,"parent":130,"menu_order":2,"comment_status":"closed","ping_status":"closed","template":"template-verktyg.php","meta":{"_acf_changed":false,"footnotes":""},"class_list":["post-980","page","type-page","status-publish","hentry"],"acf":[],"ACF":{"resource":[{"title":"Fr\u00e5gor om f\u00f6rv\u00e4ntningar","text":"<p>Min arbetsstrategi \u2013 hur p\u00e5verkar den andra? I filmen &#8220;Det nya normala &#8211; arbetss\u00e4ttet och kontoret&#8221; pratar Lena Lid Falkman om separera eller integrera. Vad f\u00f6redrar jag?<\/p>\n<p>Hur kan vi \u00f6ka f\u00f6ruts\u00e4ttningarna f\u00f6r att arbeta bra tillsammans om vi har olika strategier?<\/p>\n<p>Hur g\u00f6r jag f\u00f6r att skilja p\u00e5 arbete och fritid?<\/p>\n<p>Kan vi hj\u00e4lpas \u00e5t att tipsa varandra om strategier?<\/p>\n<p>Hur t\u00e4nker jag kring m\u00f6jlighet att jobba p\u00e5 distans \u00e4ven vid l\u00e4ttare sjukdom och VAB? Ser jag n\u00e5gra risker? Beh\u00f6ver vi ha gemensamma riktlinjer?<\/p>\n<p>&nbsp;<\/p>\n<p>Lyssna p\u00e5 varandra, diskutera och dokumentera vad ni kommer fram till.<\/p>\n","list_of_resources":false,"resource_image":{"ID":1140,"id":1140,"title":"Young,Man,Consulting,His,Business,Partner,At,Meeting,In,Office","filename":"Kreativt-mote-pa-kontor-206135278.jpg","filesize":7601409,"url":"https:\/\/sola.kau.se\/samarbetshjulet\/wp-content\/uploads\/sites\/543\/2021\/10\/Kreativt-mote-pa-kontor-206135278.jpg","link":"https:\/\/sola.kau.se\/samarbetshjulet\/forvantningar-och-riktlinjer-regler\/diskutera\/youngmanconsultinghisbusinesspartneratmeetinginoffice\/","alt":"","author":"208","description":"","caption":"","name":"youngmanconsultinghisbusinesspartneratmeetinginoffice","status":"inherit","uploaded_to":980,"date":"2021-10-12 08:38:44","modified":"2021-10-12 13:34:04","menu_order":0,"mime_type":"image\/jpeg","type":"image","subtype":"jpeg","icon":"https:\/\/sola.kau.se\/samarbetshjulet\/wp-includes\/images\/media\/default.png","width":0,"height":0,"sizes":{"thumbnail":"https:\/\/sola.kau.se\/samarbetshjulet\/wp-content\/uploads\/sites\/543\/2021\/10\/Kreativt-mote-pa-kontor-206135278.jpg","thumbnail-width":1,"thumbnail-height":1,"medium":"https:\/\/sola.kau.se\/samarbetshjulet\/wp-content\/uploads\/sites\/543\/2021\/10\/Kreativt-mote-pa-kontor-206135278.jpg","medium-width":1,"medium-height":1,"medium_large":"https:\/\/sola.kau.se\/samarbetshjulet\/wp-content\/uploads\/sites\/543\/2021\/10\/Kreativt-mote-pa-kontor-206135278.jpg","medium_large-width":1,"medium_large-height":1,"large":"https:\/\/sola.kau.se\/samarbetshjulet\/wp-content\/uploads\/sites\/543\/2021\/10\/Kreativt-mote-pa-kontor-206135278.jpg","large-width":1,"large-height":1,"post-thumbnail":"https:\/\/sola.kau.se\/samarbetshjulet\/wp-content\/uploads\/sites\/543\/2021\/10\/Kreativt-mote-pa-kontor-206135278.jpg","post-thumbnail-width":1,"post-thumbnail-height":1,"sm":"https:\/\/sola.kau.se\/samarbetshjulet\/wp-content\/uploads\/sites\/543\/2021\/10\/Kreativt-mote-pa-kontor-206135278.jpg","sm-width":1,"sm-height":1,"md":"https:\/\/sola.kau.se\/samarbetshjulet\/wp-content\/uploads\/sites\/543\/2021\/10\/Kreativt-mote-pa-kontor-206135278.jpg","md-width":1,"md-height":1,"lg":"https:\/\/sola.kau.se\/samarbetshjulet\/wp-content\/uploads\/sites\/543\/2021\/10\/Kreativt-mote-pa-kontor-206135278.jpg","lg-width":1,"lg-height":1,"xl":"https:\/\/sola.kau.se\/samarbetshjulet\/wp-content\/uploads\/sites\/543\/2021\/10\/Kreativt-mote-pa-kontor-206135278.jpg","xl-width":1,"xl-height":1,"1440":"https:\/\/sola.kau.se\/samarbetshjulet\/wp-content\/uploads\/sites\/543\/2021\/10\/Kreativt-mote-pa-kontor-206135278.jpg","1440-width":1,"1440-height":1,"jumbotron":"https:\/\/sola.kau.se\/samarbetshjulet\/wp-content\/uploads\/sites\/543\/2021\/10\/Kreativt-mote-pa-kontor-206135278.jpg","jumbotron-width":1,"jumbotron-height":1,"4:3":"https:\/\/sola.kau.se\/samarbetshjulet\/wp-content\/uploads\/sites\/543\/2021\/10\/Kreativt-mote-pa-kontor-206135278.jpg","4:3-width":1,"4:3-height":1,"gform-image-choice-sm":"https:\/\/sola.kau.se\/samarbetshjulet\/wp-content\/uploads\/sites\/543\/2021\/10\/Kreativt-mote-pa-kontor-206135278.jpg","gform-image-choice-sm-width":1,"gform-image-choice-sm-height":1,"gform-image-choice-md":"https:\/\/sola.kau.se\/samarbetshjulet\/wp-content\/uploads\/sites\/543\/2021\/10\/Kreativt-mote-pa-kontor-206135278.jpg","gform-image-choice-md-width":1,"gform-image-choice-md-height":1,"gform-image-choice-lg":"https:\/\/sola.kau.se\/samarbetshjulet\/wp-content\/uploads\/sites\/543\/2021\/10\/Kreativt-mote-pa-kontor-206135278.jpg","gform-image-choice-lg-width":1,"gform-image-choice-lg-height":1}}},{"title":"Fr\u00e5gor om riktlinjer\/regler","text":"<p>Karlstads universitets riktlinjer f\u00f6r distansarbete:<br \/>\n&#8211; Hur till\u00e4mpas detta vid er avdelning\/institution? \u00a0osv?<\/p>\n<p>Vad beh\u00f6ver vi t\u00e4nka p\u00e5 g\u00e4llande fysisk, psykisk och social \u00a0arbetsmilj\u00f6?<\/p>\n<p>Har jag behov av att regelbundet arbeta utanf\u00f6r Kaus lokaler s\u00e5 jag beh\u00f6ver ha avtal om arbete p\u00e5 distans? Eller \u00e4r distansarbetet av tillf\u00e4llig eller sporadisk karakt\u00e4r?<\/p>\n<p>&nbsp;<\/p>\n<p>Lyssna p\u00e5 varandra, diskutera och dokumentera vad ni kommer fram till.<\/p>\n<p>&nbsp;<\/p>\n","list_of_resources":false,"resource_image":{"ID":1120,"id":1120,"title":"jodie-cook-e-uz4ozRqc0-unsplash","filename":"jodie-cook-e-uz4ozRqc0-unsplash.jpg","filesize":7121177,"url":"https:\/\/sola.kau.se\/samarbetshjulet\/wp-content\/uploads\/sites\/543\/2021\/10\/jodie-cook-e-uz4ozRqc0-unsplash.jpg","link":"https:\/\/sola.kau.se\/samarbetshjulet\/forvantningar-och-riktlinjer-regler\/diskutera\/jodie-cook-e-uz4ozrqc0-unsplash\/","alt":"","author":"208","description":"","caption":"","name":"jodie-cook-e-uz4ozrqc0-unsplash","status":"inherit","uploaded_to":980,"date":"2021-10-12 07:59:16","modified":"2021-10-12 13:34:04","menu_order":0,"mime_type":"image\/jpeg","type":"image","subtype":"jpeg","icon":"https:\/\/sola.kau.se\/samarbetshjulet\/wp-includes\/images\/media\/default.png","width":0,"height":0,"sizes":{"thumbnail":"https:\/\/sola.kau.se\/samarbetshjulet\/wp-content\/uploads\/sites\/543\/2021\/10\/jodie-cook-e-uz4ozRqc0-unsplash.jpg","thumbnail-width":1,"thumbnail-height":1,"medium":"https:\/\/sola.kau.se\/samarbetshjulet\/wp-content\/uploads\/sites\/543\/2021\/10\/jodie-cook-e-uz4ozRqc0-unsplash.jpg","medium-width":1,"medium-height":1,"medium_large":"https:\/\/sola.kau.se\/samarbetshjulet\/wp-content\/uploads\/sites\/543\/2021\/10\/jodie-cook-e-uz4ozRqc0-unsplash.jpg","medium_large-width":1,"medium_large-height":1,"large":"https:\/\/sola.kau.se\/samarbetshjulet\/wp-content\/uploads\/sites\/543\/2021\/10\/jodie-cook-e-uz4ozRqc0-unsplash.jpg","large-width":1,"large-height":1,"post-thumbnail":"https:\/\/sola.kau.se\/samarbetshjulet\/wp-content\/uploads\/sites\/543\/2021\/10\/jodie-cook-e-uz4ozRqc0-unsplash.jpg","post-thumbnail-width":1,"post-thumbnail-height":1,"sm":"https:\/\/sola.kau.se\/samarbetshjulet\/wp-content\/uploads\/sites\/543\/2021\/10\/jodie-cook-e-uz4ozRqc0-unsplash.jpg","sm-width":1,"sm-height":1,"md":"https:\/\/sola.kau.se\/samarbetshjulet\/wp-content\/uploads\/sites\/543\/2021\/10\/jodie-cook-e-uz4ozRqc0-unsplash.jpg","md-width":1,"md-height":1,"lg":"https:\/\/sola.kau.se\/samarbetshjulet\/wp-content\/uploads\/sites\/543\/2021\/10\/jodie-cook-e-uz4ozRqc0-unsplash.jpg","lg-width":1,"lg-height":1,"xl":"https:\/\/sola.kau.se\/samarbetshjulet\/wp-content\/uploads\/sites\/543\/2021\/10\/jodie-cook-e-uz4ozRqc0-unsplash.jpg","xl-width":1,"xl-height":1,"1440":"https:\/\/sola.kau.se\/samarbetshjulet\/wp-content\/uploads\/sites\/543\/2021\/10\/jodie-cook-e-uz4ozRqc0-unsplash.jpg","1440-width":1,"1440-height":1,"jumbotron":"https:\/\/sola.kau.se\/samarbetshjulet\/wp-content\/uploads\/sites\/543\/2021\/10\/jodie-cook-e-uz4ozRqc0-unsplash.jpg","jumbotron-width":1,"jumbotron-height":1,"4:3":"https:\/\/sola.kau.se\/samarbetshjulet\/wp-content\/uploads\/sites\/543\/2021\/10\/jodie-cook-e-uz4ozRqc0-unsplash.jpg","4:3-width":1,"4:3-height":1,"gform-image-choice-sm":"https:\/\/sola.kau.se\/samarbetshjulet\/wp-content\/uploads\/sites\/543\/2021\/10\/jodie-cook-e-uz4ozRqc0-unsplash.jpg","gform-image-choice-sm-width":1,"gform-image-choice-sm-height":1,"gform-image-choice-md":"https:\/\/sola.kau.se\/samarbetshjulet\/wp-content\/uploads\/sites\/543\/2021\/10\/jodie-cook-e-uz4ozRqc0-unsplash.jpg","gform-image-choice-md-width":1,"gform-image-choice-md-height":1,"gform-image-choice-lg":"https:\/\/sola.kau.se\/samarbetshjulet\/wp-content\/uploads\/sites\/543\/2021\/10\/jodie-cook-e-uz4ozRqc0-unsplash.jpg","gform-image-choice-lg-width":1,"gform-image-choice-lg-height":1}}}],"flexible_content":[{"acf_fc_layout":"wysiwyg","wysiwyg":"<p>H\u00e4r finns diskussionsfr\u00e5gor inom omr\u00e5det &#8220;F\u00f6rv\u00e4ntningar och riktlinjer&#8221;.<br \/>\nAnv\u00e4nd g\u00e4rna wordmallen som finns tillg\u00e4nglig, men egentligen spelar det ingen roll hur dokumentationen sker. Det viktiga \u00e4r att deltagarna f\u00f6rst\u00e5r att och hur dokumentationen ska g\u00f6ras. Genom att skriva ner skapas m\u00f6jligheter till samsyn och uppf\u00f6ljning.<\/p>\n<p>Se diskussionsfr\u00e5gorna som en utg\u00e5ngspunkt och l\u00e4gg till\/\u00e4ndra fr\u00e5geformuleringar utifr\u00e5n vad er grupp beh\u00f6ver diskutera.<\/p>\n"}],"tool_tags":false},"_links":{"self":[{"href":"https:\/\/sola.kau.se\/samarbetshjulet\/wp-json\/wp\/v2\/pages\/980","targetHints":{"allow":["GET"]}}],"collection":[{"href":"https:\/\/sola.kau.se\/samarbetshjulet\/wp-json\/wp\/v2\/pages"}],"about":[{"href":"https:\/\/sola.kau.se\/samarbetshjulet\/wp-json\/wp\/v2\/types\/page"}],"author":[{"embeddable":true,"href":"https:\/\/sola.kau.se\/samarbetshjulet\/wp-json\/wp\/v2\/users\/83"}],"replies":[{"embeddable":true,"href":"https:\/\/sola.kau.se\/samarbetshjulet\/wp-json\/wp\/v2\/comments?post=980"}],"version-history":[{"count":10,"href":"https:\/\/sola.kau.se\/samarbetshjulet\/wp-json\/wp\/v2\/pages\/980\/revisions"}],"predecessor-version":[{"id":1400,"href":"https:\/\/sola.kau.se\/samarbetshjulet\/wp-json\/wp\/v2\/pages\/980\/revisions\/1400"}],"up":[{"embeddable":true,"href":"https:\/\/sola.kau.se\/samarbetshjulet\/wp-json\/wp\/v2\/pages\/130"}],"wp:attachment":[{"href":"https:\/\/sola.kau.se\/samarbetshjulet\/wp-json\/wp\/v2\/media?parent=980"}],"curies":[{"name":"wp","href":"https:\/\/api.w.org\/{rel}","templated":true}]}}