 {"id":985,"date":"2021-10-11T09:57:37","date_gmt":"2021-10-11T09:57:37","guid":{"rendered":"https:\/\/sola.kau.se\/samarbetshjulet\/?page_id=985"},"modified":"2023-09-14T13:10:34","modified_gmt":"2023-09-14T11:10:34","slug":"diskutera","status":"publish","type":"page","link":"https:\/\/sola.kau.se\/samarbetshjulet\/forutsattningar-och-kompetensutveckling\/diskutera\/","title":{"rendered":"Diskutera"},"content":{"rendered":"","protected":false},"excerpt":{"rendered":"","protected":false},"author":83,"featured_media":0,"parent":126,"menu_order":2,"comment_status":"closed","ping_status":"closed","template":"template-verktyg.php","meta":{"_acf_changed":false,"footnotes":""},"class_list":["post-985","page","type-page","status-publish","hentry"],"acf":[],"ACF":{"resource":[{"title":"Fr\u00e5gor om f\u00f6ruts\u00e4ttningar","text":"<p>Hur m\u00e5r jag i den digitala arbetsmilj\u00f6n?<\/p>\n<p>Har jag tillg\u00e5ng till de IT-system som jag beh\u00f6ver i<br \/>\nmitt arbete? Har jag tillr\u00e4cklig kompetens?<\/p>\n<p>Hur kan vi arbeta med digital arbetsmilj\u00f6 och kompetensutveckling?<\/p>\n<p>Har det genomf\u00f6rts en digital skyddsrond? Ser vi behovet av detta?<\/p>\n<p>Har vi rutiner eller arbetss\u00e4tt som p\u00e5verkar<br \/>\nv\u00e5ra f\u00f6ruts\u00e4ttningar att arbeta digitalt? Har vi fysisk hantering\/f\u00f6rvaring som kan digitaliseras?<\/p>\n<p>Resonera kring om rutiner beh\u00f6ver ses \u00f6ver<br \/>\nf\u00f6r att st\u00f6tta ett flexibelt arbete. Hur ska<br \/>\ndenna \u00f6versyn genomf\u00f6ras?<\/p>\n<p>&nbsp;<\/p>\n<p>Lyssna p\u00e5 varandra, diskutera och dokumentera vad ni kommer fram till.<\/p>\n<p>&nbsp;<\/p>\n<p>&nbsp;<\/p>\n","list_of_resources":false,"resource_image":{"ID":1154,"id":1154,"title":"windows-SwHvzwEzCfA-unsplash","filename":"windows-SwHvzwEzCfA-unsplash-1.jpg","filesize":2873461,"url":"https:\/\/sola.kau.se\/samarbetshjulet\/wp-content\/uploads\/sites\/543\/2021\/10\/windows-SwHvzwEzCfA-unsplash-1.jpg","link":"https:\/\/sola.kau.se\/samarbetshjulet\/forutsattningar-och-kompetensutveckling\/diskutera\/windows-swhvzwezcfa-unsplash-2\/","alt":"","author":"207","description":"","caption":"","name":"windows-swhvzwezcfa-unsplash-2","status":"inherit","uploaded_to":985,"date":"2021-10-12 13:20:24","modified":"2021-10-12 13:31:56","menu_order":0,"mime_type":"image\/jpeg","type":"image","subtype":"jpeg","icon":"https:\/\/sola.kau.se\/samarbetshjulet\/wp-includes\/images\/media\/default.png","width":0,"height":0,"sizes":{"thumbnail":"https:\/\/sola.kau.se\/samarbetshjulet\/wp-content\/uploads\/sites\/543\/2021\/10\/windows-SwHvzwEzCfA-unsplash-1.jpg","thumbnail-width":1,"thumbnail-height":1,"medium":"https:\/\/sola.kau.se\/samarbetshjulet\/wp-content\/uploads\/sites\/543\/2021\/10\/windows-SwHvzwEzCfA-unsplash-1.jpg","medium-width":1,"medium-height":1,"medium_large":"https:\/\/sola.kau.se\/samarbetshjulet\/wp-content\/uploads\/sites\/543\/2021\/10\/windows-SwHvzwEzCfA-unsplash-1.jpg","medium_large-width":1,"medium_large-height":1,"large":"https:\/\/sola.kau.se\/samarbetshjulet\/wp-content\/uploads\/sites\/543\/2021\/10\/windows-SwHvzwEzCfA-unsplash-1.jpg","large-width":1,"large-height":1,"post-thumbnail":"https:\/\/sola.kau.se\/samarbetshjulet\/wp-content\/uploads\/sites\/543\/2021\/10\/windows-SwHvzwEzCfA-unsplash-1.jpg","post-thumbnail-width":1,"post-thumbnail-height":1,"sm":"https:\/\/sola.kau.se\/samarbetshjulet\/wp-content\/uploads\/sites\/543\/2021\/10\/windows-SwHvzwEzCfA-unsplash-1.jpg","sm-width":1,"sm-height":1,"md":"https:\/\/sola.kau.se\/samarbetshjulet\/wp-content\/uploads\/sites\/543\/2021\/10\/windows-SwHvzwEzCfA-unsplash-1.jpg","md-width":1,"md-height":1,"lg":"https:\/\/sola.kau.se\/samarbetshjulet\/wp-content\/uploads\/sites\/543\/2021\/10\/windows-SwHvzwEzCfA-unsplash-1.jpg","lg-width":1,"lg-height":1,"xl":"https:\/\/sola.kau.se\/samarbetshjulet\/wp-content\/uploads\/sites\/543\/2021\/10\/windows-SwHvzwEzCfA-unsplash-1.jpg","xl-width":1,"xl-height":1,"1440":"https:\/\/sola.kau.se\/samarbetshjulet\/wp-content\/uploads\/sites\/543\/2021\/10\/windows-SwHvzwEzCfA-unsplash-1.jpg","1440-width":1,"1440-height":1,"jumbotron":"https:\/\/sola.kau.se\/samarbetshjulet\/wp-content\/uploads\/sites\/543\/2021\/10\/windows-SwHvzwEzCfA-unsplash-1.jpg","jumbotron-width":1,"jumbotron-height":1,"4:3":"https:\/\/sola.kau.se\/samarbetshjulet\/wp-content\/uploads\/sites\/543\/2021\/10\/windows-SwHvzwEzCfA-unsplash-1.jpg","4:3-width":1,"4:3-height":1,"gform-image-choice-sm":"https:\/\/sola.kau.se\/samarbetshjulet\/wp-content\/uploads\/sites\/543\/2021\/10\/windows-SwHvzwEzCfA-unsplash-1.jpg","gform-image-choice-sm-width":1,"gform-image-choice-sm-height":1,"gform-image-choice-md":"https:\/\/sola.kau.se\/samarbetshjulet\/wp-content\/uploads\/sites\/543\/2021\/10\/windows-SwHvzwEzCfA-unsplash-1.jpg","gform-image-choice-md-width":1,"gform-image-choice-md-height":1,"gform-image-choice-lg":"https:\/\/sola.kau.se\/samarbetshjulet\/wp-content\/uploads\/sites\/543\/2021\/10\/windows-SwHvzwEzCfA-unsplash-1.jpg","gform-image-choice-lg-width":1,"gform-image-choice-lg-height":1}}},{"title":"Fr\u00e5gor om kompetensutveckling","text":"<p>Vad beh\u00f6ver jag kunna inom digital teknik och digitala beteenden?<\/p>\n<p>Har jag tillr\u00e4cklig kunskap i de IT-system som arbetet kr\u00e4ver? Vid behov, hur kan jag l\u00e4ra mig mer?<\/p>\n<p>Hur kan jag l\u00e4ra mig mer om digitala verktyg och digitala beteenden?<\/p>\n<p>Vilka krav p\u00e5 digital kompetens st\u00e4ller vi p\u00e5 varandra inom teamet och inom avdelningen?<\/p>\n<p>Har vi digital kompetens inom avdelningen som<br \/>\nvi kan dela med oss av till varandra?<\/p>\n<p>&nbsp;<\/p>\n<p>Lyssna p\u00e5 varandra, diskutera och dokumentera vad ni kommer fram till.<\/p>\n<p>&nbsp;<\/p>\n","list_of_resources":false,"resource_image":{"ID":1121,"id":1121,"title":"john-schnobrich-FlPc9_VocJ4-unsplash","filename":"john-schnobrich-FlPc9_VocJ4-unsplash.jpg","filesize":1031308,"url":"https:\/\/sola.kau.se\/samarbetshjulet\/wp-content\/uploads\/sites\/543\/2021\/10\/john-schnobrich-FlPc9_VocJ4-unsplash.jpg","link":"https:\/\/sola.kau.se\/samarbetshjulet\/forutsattningar-och-kompetensutveckling\/diskutera\/john-schnobrich-flpc9_vocj4-unsplash\/","alt":"","author":"208","description":"","caption":"","name":"john-schnobrich-flpc9_vocj4-unsplash","status":"inherit","uploaded_to":985,"date":"2021-10-12 07:59:36","modified":"2021-10-12 13:32:37","menu_order":0,"mime_type":"image\/jpeg","type":"image","subtype":"jpeg","icon":"https:\/\/sola.kau.se\/samarbetshjulet\/wp-includes\/images\/media\/default.png","width":0,"height":0,"sizes":{"thumbnail":"https:\/\/sola.kau.se\/samarbetshjulet\/wp-content\/uploads\/sites\/543\/2021\/10\/john-schnobrich-FlPc9_VocJ4-unsplash.jpg","thumbnail-width":1,"thumbnail-height":1,"medium":"https:\/\/sola.kau.se\/samarbetshjulet\/wp-content\/uploads\/sites\/543\/2021\/10\/john-schnobrich-FlPc9_VocJ4-unsplash.jpg","medium-width":1,"medium-height":1,"medium_large":"https:\/\/sola.kau.se\/samarbetshjulet\/wp-content\/uploads\/sites\/543\/2021\/10\/john-schnobrich-FlPc9_VocJ4-unsplash.jpg","medium_large-width":1,"medium_large-height":1,"large":"https:\/\/sola.kau.se\/samarbetshjulet\/wp-content\/uploads\/sites\/543\/2021\/10\/john-schnobrich-FlPc9_VocJ4-unsplash.jpg","large-width":1,"large-height":1,"post-thumbnail":"https:\/\/sola.kau.se\/samarbetshjulet\/wp-content\/uploads\/sites\/543\/2021\/10\/john-schnobrich-FlPc9_VocJ4-unsplash.jpg","post-thumbnail-width":1,"post-thumbnail-height":1,"sm":"https:\/\/sola.kau.se\/samarbetshjulet\/wp-content\/uploads\/sites\/543\/2021\/10\/john-schnobrich-FlPc9_VocJ4-unsplash.jpg","sm-width":1,"sm-height":1,"md":"https:\/\/sola.kau.se\/samarbetshjulet\/wp-content\/uploads\/sites\/543\/2021\/10\/john-schnobrich-FlPc9_VocJ4-unsplash.jpg","md-width":1,"md-height":1,"lg":"https:\/\/sola.kau.se\/samarbetshjulet\/wp-content\/uploads\/sites\/543\/2021\/10\/john-schnobrich-FlPc9_VocJ4-unsplash.jpg","lg-width":1,"lg-height":1,"xl":"https:\/\/sola.kau.se\/samarbetshjulet\/wp-content\/uploads\/sites\/543\/2021\/10\/john-schnobrich-FlPc9_VocJ4-unsplash.jpg","xl-width":1,"xl-height":1,"1440":"https:\/\/sola.kau.se\/samarbetshjulet\/wp-content\/uploads\/sites\/543\/2021\/10\/john-schnobrich-FlPc9_VocJ4-unsplash.jpg","1440-width":1,"1440-height":1,"jumbotron":"https:\/\/sola.kau.se\/samarbetshjulet\/wp-content\/uploads\/sites\/543\/2021\/10\/john-schnobrich-FlPc9_VocJ4-unsplash.jpg","jumbotron-width":1,"jumbotron-height":1,"4:3":"https:\/\/sola.kau.se\/samarbetshjulet\/wp-content\/uploads\/sites\/543\/2021\/10\/john-schnobrich-FlPc9_VocJ4-unsplash.jpg","4:3-width":1,"4:3-height":1,"gform-image-choice-sm":"https:\/\/sola.kau.se\/samarbetshjulet\/wp-content\/uploads\/sites\/543\/2021\/10\/john-schnobrich-FlPc9_VocJ4-unsplash.jpg","gform-image-choice-sm-width":1,"gform-image-choice-sm-height":1,"gform-image-choice-md":"https:\/\/sola.kau.se\/samarbetshjulet\/wp-content\/uploads\/sites\/543\/2021\/10\/john-schnobrich-FlPc9_VocJ4-unsplash.jpg","gform-image-choice-md-width":1,"gform-image-choice-md-height":1,"gform-image-choice-lg":"https:\/\/sola.kau.se\/samarbetshjulet\/wp-content\/uploads\/sites\/543\/2021\/10\/john-schnobrich-FlPc9_VocJ4-unsplash.jpg","gform-image-choice-lg-width":1,"gform-image-choice-lg-height":1}}}],"flexible_content":[{"acf_fc_layout":"wysiwyg","wysiwyg":"<p>H\u00e4r finns diskussionsfr\u00e5gor inom omr\u00e5det &#8220;F\u00f6ruts\u00e4ttningar och kompetensutveckling&#8221;.<br \/>\nAnv\u00e4nd g\u00e4rna wordmallen som finns tillg\u00e4nglig, men egentligen spelar det ingen roll hur dokumentationen sker. Det viktiga \u00e4r att deltagarna f\u00f6rst\u00e5r att och hur dokumentationen ska g\u00f6ras. Genom att skriva ner skapas m\u00f6jligheter till samsyn och uppf\u00f6ljning.<\/p>\n<p>Se diskussionsfr\u00e5gorna som en utg\u00e5ngspunkt och l\u00e4gg till\/\u00e4ndra fr\u00e5geformuleringar utifr\u00e5n vad er grupp beh\u00f6ver diskutera.<\/p>\n"}],"tool_tags":false,"resources_list":false},"_links":{"self":[{"href":"https:\/\/sola.kau.se\/samarbetshjulet\/wp-json\/wp\/v2\/pages\/985","targetHints":{"allow":["GET"]}}],"collection":[{"href":"https:\/\/sola.kau.se\/samarbetshjulet\/wp-json\/wp\/v2\/pages"}],"about":[{"href":"https:\/\/sola.kau.se\/samarbetshjulet\/wp-json\/wp\/v2\/types\/page"}],"author":[{"embeddable":true,"href":"https:\/\/sola.kau.se\/samarbetshjulet\/wp-json\/wp\/v2\/users\/83"}],"replies":[{"embeddable":true,"href":"https:\/\/sola.kau.se\/samarbetshjulet\/wp-json\/wp\/v2\/comments?post=985"}],"version-history":[{"count":12,"href":"https:\/\/sola.kau.se\/samarbetshjulet\/wp-json\/wp\/v2\/pages\/985\/revisions"}],"predecessor-version":[{"id":2023,"href":"https:\/\/sola.kau.se\/samarbetshjulet\/wp-json\/wp\/v2\/pages\/985\/revisions\/2023"}],"up":[{"embeddable":true,"href":"https:\/\/sola.kau.se\/samarbetshjulet\/wp-json\/wp\/v2\/pages\/126"}],"wp:attachment":[{"href":"https:\/\/sola.kau.se\/samarbetshjulet\/wp-json\/wp\/v2\/media?parent=985"}],"curies":[{"name":"wp","href":"https:\/\/api.w.org\/{rel}","templated":true}]}}