 {"id":98,"date":"2024-10-16T09:22:34","date_gmt":"2024-10-16T09:22:34","guid":{"rendered":"https:\/\/sola.kau.se\/securitydivassweden\/?page_id=98"},"modified":"2024-11-06T14:42:05","modified_gmt":"2024-11-06T14:42:05","slug":"program","status":"publish","type":"page","link":"https:\/\/sola.kau.se\/securitydivassweden\/program","title":{"rendered":"Program"},"content":{"rendered":"\n<p class=\"has-large-font-size\"><strong>Invited speakers include:<\/strong><\/p>\n\n\n\n<ul class=\"wp-block-list\">\n<li>Elin Bertilsson* (VD, Mittn\u00e4t)<\/li>\n\n\n\n<li>Satu Bj\u00f6rn<strong>*<\/strong> (Information &amp; Cyber Security Analyst, MSB)<\/li>\n\n\n\n<li>Fia Ewald<strong>*<\/strong> (Fia Ewald Consulting AB &amp; Karlstads Kommun)<\/li>\n\n\n\n<li>Malin Fransen Kronberg (Head of Security, Telia Sweden)<\/li>\n\n\n\n<li>Marit Hansen (GD &#8211; Data Protection Agency of Schleswig Holstein\/ULD)<\/li>\n\n\n\n<li>Catrin Huss<strong>*<\/strong> (Myndigheten f\u00f6r Psykologiskt f\u00f6rsvar&#8211;Psychological Defence Agency)<\/li>\n\n\n\n<li>Elena Lisova (Embedded Systems Architect, Volvo Construction Equipment)<\/li>\n\n\n\n<li>Elisabet Lobo Vesga (Privacy Engineer, DPella AB)<\/li>\n\n\n\n<li>Moa M\u00f6rner (Group DPO, M\u00f6rner Consulting AB)<\/li>\n\n\n\n<li>Simin Nadjm-Tehrani&nbsp;(Link\u00f6ping University)<\/li>\n\n\n\n<li>Peggy Lill Sandbekken (Director Center f\u00f6r Cyber och Information Security CCIS, NTNU)<\/li>\n<\/ul>\n\n\n\n<p><strong>Location <\/strong>will be at Eva Eriksson, <a href=\"https:\/\/link.mazemap.com\/nexoEaSY\" data-type=\"link\" data-id=\"https:\/\/link.mazemap.com\/nexoEaSY\">21A 342<\/a>, Karlstad University, Karlstad, Sweden<\/p>\n\n\n\n<p>The event will be held in English, however some talks marked with &#8220;<strong>*<\/strong>&#8221; below will be given in Swedish.<\/p>\n\n\n\n<div class=\"wp-block-group is-vertical is-layout-flex wp-container-core-group-is-layout-8cf370e7 wp-block-group-is-layout-flex\">\n<p class=\"has-large-font-size\"><strong>THURSDAY (NOVEMBER 7th)<\/strong><\/p>\n\n\n\n<p>13.30 &#8211; 14.00: Registration and coffee<\/p>\n\n\n\n<p>14.00 &#8211; 14.10: Welcome and introductions by<em> Ala Sarah Alaqra &amp; Simone Fischer-H\u00fcbner &amp; Ingrid Ivars<\/em> <\/p>\n\n\n\n<p>&#8212;&#8212;&#8212;&#8212;&#8212;&#8212;&#8212;&#8212;&#8212;&#8212;&#8212;&#8212;&#8212;<\/p>\n\n\n\n<p class=\"has-accent-color has-text-color has-link-color wp-elements-36ee0b2436a86f3f798a820ac63405d5\"><strong>Introductory session<\/strong> (<em>chairs: Simone Fischer-H\u00fcbner &amp; Ingrid Ivars<\/em>)<\/p>\n\n\n\n<p>14.10 &#8211; 14.30: <strong>Talk 1<\/strong> &#8220;Background from Norway and the start of Sec Divas&#8221; by <em>Peggy Lill Sandbekken<\/em><\/p>\n\n\n\n<p>14.30 &#8211; 14.50: <strong>Talk 2<\/strong> &#8220;Feminist Data Protection &#8211; does this make ANY sense?&#8221;by <em>Marit Hansen<\/em><\/p>\n\n\n\n<p>&#8212;&#8212;&#8212;&#8212;&#8212;&#8212;&#8212;&#8212;&#8212;&#8212;&#8212;&#8212;&#8212;<\/p>\n\n\n\n<p>14.50 &#8211; 15.20: Networking coffee<\/p>\n\n\n\n<p>&#8212;&#8212;&#8212;&#8212;&#8212;&#8212;&#8212;&#8212;&#8212;&#8212;&#8212;&#8212;&#8212;<\/p>\n\n\n\n<p class=\"has-accent-color has-text-color has-link-color wp-elements-e138a635b1a63086c8705710ea4ed036\"><strong>Insights on cybersecurity and risks <\/strong> (<em>chair: Ala Sarah Alaqra<\/em>)<\/p>\n\n\n\n<p>15.20 &#8211; 15.40: <strong>Talk 3<\/strong> &#8220;The empress has new clothes, still with some shades of grey&#8221; by <em>Simin Nadjm-Tehrani<\/em>&nbsp;<\/p>\n\n\n\n<p>15.40 &#8211; 16.00: <strong>Talk 4<\/strong> &#8220;Cybersecurity management system implementation: challenges and opportunities&#8221; by <em>Elena Lisova&nbsp;<\/em><\/p>\n\n\n\n<p>16.00 &#8211; 16.20:  <strong>Talk 5<\/strong> &#8220;To understand cybersecurity we need to see the bigger picture&#8221; by <em>Malin Fransen-Kronberg<\/em>&nbsp;<\/p>\n\n\n\n<p>16.20<em> <\/em>&#8211; 16.40: <strong>Talk 6* <\/strong>&#8220;Cybers\u00e4kerhet och l\u00e4rdomar fr\u00e5n Ukarina&#8221; by <em>Satu Bj\u00f6rn<\/em><\/p>\n\n\n\n<p>&#8212;&#8212;&#8212;&#8212;&#8212;&#8212;&#8212;&#8212;&#8212;&#8212;&#8212;&#8212;&#8212;<\/p>\n\n\n\n<p>16.40 &#8211; 17.00: Summary of day 1. Logistic info by<em> Ala Sarah Alaqra &amp; Ingrid Ivars<\/em><\/p>\n\n\n\n<p>&#8211;Free time &#8212;<\/p>\n\n\n\n<p>19.00 &#8211;  late: Networking dinner at <a href=\"https:\/\/maps.app.goo.gl\/yUuVQaQ53yW1j7DaA\" data-type=\"link\" data-id=\"https:\/\/maps.app.goo.gl\/yUuVQaQ53yW1j7DaA\"><strong>Clarion Collection Hotel Plaza <\/strong><\/a>(center karlstad city) <\/p>\n\n\n\n<p>&#8212;&#8212;&#8212;&#8212;&#8212;&#8212;&#8212;&#8212;&#8212;&#8212;&#8212;&#8212;&#8212;&#8212;&#8212;&#8212;&#8212;&#8212;&#8212;&#8212;&#8212;&#8212;&#8212;&#8212;&#8212;&#8212;<\/p>\n<\/div>\n\n\n\n<div class=\"wp-block-group is-vertical is-layout-flex wp-container-core-group-is-layout-8cf370e7 wp-block-group-is-layout-flex\">\n<p class=\"has-large-font-size\"><strong>FRIDAY (NOVEMBER 8th)<\/strong><\/p>\n\n\n\n<p>08.30 &#8211; 09.00: Registration and coffee<\/p>\n\n\n\n<p>09.00 &#8211; 09.10: Welcome and introduction by<em> Ala Sarah Alaqra &amp; Ingrid Ivars<\/em><\/p>\n\n\n\n<p>&#8212;&#8212;&#8212;&#8212;&#8212;&#8212;&#8212;&#8212;&#8212;&#8212;&#8212;&#8212;&#8212;<\/p>\n\n\n\n<p class=\"has-accent-color has-text-color has-link-color wp-elements-8cdde8a39adf4ded26c95ef841bba7a6\"><strong>Data protection<\/strong> (<em>chair: Simone Fischer-H\u00fcbner<\/em>)<\/p>\n\n\n\n<p>09.10 &#8211; 09.30: <strong>Talk 7 <\/strong>&#8220;Maximizing Insights while Preserving Privacy: The Case for Differential Privacy&#8221; by <em>Elisabet Lobo-Vesga<\/em><\/p>\n\n\n\n<p>09.30 &#8211; 09.50: <strong>Talk 8 <\/strong>&#8220;A closer look at resistance to data protection&#8221; by <em>Moa M\u00f6rner&nbsp;<\/em><\/p>\n\n\n\n<p>&#8212;&#8212;&#8212;&#8212;&#8212;&#8212;&#8212;&#8212;&#8212;&#8212;&#8212;&#8212;&#8212;<\/p>\n\n\n\n<p>09.50 &#8211; 10.10<em> : <\/em>Networking coffee<\/p>\n\n\n\n<p class=\"has-black-color has-text-color has-link-color wp-elements-b968a14ef0669fd4abdab5623e589c9c\">&#8212;&#8212;&#8212;&#8212;&#8212;&#8212;&#8212;&#8212;&#8212;&#8212;&#8212;&#8212;&#8212;<\/p>\n\n\n\n<p class=\"has-accent-color has-text-color has-link-color wp-elements-d5630064a24a3a9a3ed0ca24263b5dfe\"><strong>Parallel Sessions : 10.10 &#8211; 11.10<\/strong><\/p>\n\n\n\n<figure class=\"wp-block-table is-style-regular\"><table class=\"has-white-background-color has-background\"><thead><tr><th>Parallel session 1 (Eva Eriksson)<br><em>(chair: Ingrid Ivars)<\/em><\/th><th><strong>Parallel session<\/strong> 2 (<a href=\"https:\/\/link.mazemap.com\/MO3wGySX\" data-type=\"link\" data-id=\"https:\/\/link.mazemap.com\/MO3wGySX\">21A349<\/a> Lind\u00f6n)<br><em>(chair: Ala Sarah Alaqra)<\/em><\/th><\/tr><tr><th><strong>Cyber resilience and challenges<\/strong>*<\/th><th>Discussion workshop<\/th><\/tr><\/thead><tbody><tr><td>10.10 &#8211; 10.30: <strong>Talk 9*<\/strong> &#8220;Lokala l\u00f6sningar f\u00f6r global stabilitet: Stadsn\u00e4tets roll i ett robustare internet&#8221; by <em>Elin Bertilsson<\/em><\/td><td>10.10 &#8211; 11.10: Topic &#8220;Mentoring  for diversity in IT environment&#8221;<br><\/td><\/tr><tr><td>10.30 -10.50: <strong>Talk 10*<\/strong> &#8220;Informationsp\u00e5verkan fr\u00e5n fr\u00e4mmande makt&#8221; by <em>Catrin Huss<\/em><\/td><td><\/td><\/tr><tr><td>10.50 -11.10: <strong>Talk 11*<\/strong> &#8220;\u00c4r vi p\u00e5 v\u00e4g tillbaka till att s\u00e4kerhet betyder teknisk s\u00e4kerhet?&#8221; by <em>Fia Ewald<\/em><\/td><td><\/td><\/tr><\/tbody><\/table><\/figure>\n\n\n\n<p>&#8212;&#8212;&#8212;&#8212;&#8212;&#8212;&#8212;&#8212;&#8212;&#8212;&#8212;&#8212;&#8212;<\/p>\n\n\n\n<p class=\"has-accent-color has-text-color has-link-color has-normal-font-size wp-elements-e05540ecf40a741dbb2f9049a436a616\"><strong>Townhall discussion and feedback <\/strong><em>(chair: Ala Sarah Alaqra)<\/em><strong> <\/strong><\/p>\n\n\n\n<p>11.10 &#8211; 12.00:  summary, discussions of future of security divas Sweden<\/p>\n\n\n\n<p>&#8212;&#8212;&#8212;&#8212;&#8212;&#8212;&#8212;&#8212;&#8212;&#8212;&#8212;&#8212;&#8212;<\/p>\n\n\n\n<p>12.00 &#8211; 12.10: Logistic info, wrap ups and thanks by<em> Ala Sarah Alaqra &amp; Simone Fischer-H\u00fcbner &amp; Ingrid Ivar<\/em>s<\/p>\n\n\n\n<p>&#8212;&#8212;&#8212;&#8212;&#8212;&#8212;&#8212;&#8212;&#8212;&#8212;&#8212;&#8212;&#8212;<\/p>\n\n\n\n<p>12.10: Lunch at Solsta Inn<\/p>\n\n\n\n<p>&#8212;&#8212;&#8212;&#8212;&#8212;&#8212;&#8212;&#8212;&#8212;&#8212;&#8212;&#8212;&#8212;<\/p>\n\n\n\n<p>&#8211;end of the event&#8211;<\/p>\n<\/div>\n\n\n\n<p><\/p>\n\n\n\n<p><\/p>\n\n\n\n<p><\/p>\n","protected":false},"excerpt":{"rendered":"<p>Invited speakers include: Location will be at Eva Eriksson, 21A 342, Karlstad University, Karlstad, Sweden The event will be held in English, however some talks marked with &#8220;*&#8221; below will be given in Swedish. THURSDAY (NOVEMBER 7th) 13.30 &#8211; 14.00: Registration and coffee 14.00 &#8211; 14.10: Welcome and introductions by Ala Sarah Alaqra &amp; Simone [&hellip;]<\/p>\n","protected":false},"author":1672,"featured_media":0,"parent":0,"menu_order":0,"comment_status":"closed","ping_status":"closed","template":"","meta":{"footnotes":""},"class_list":["post-98","page","type-page","status-publish","hentry"],"_links":{"self":[{"href":"https:\/\/sola.kau.se\/securitydivassweden\/wp-json\/wp\/v2\/pages\/98","targetHints":{"allow":["GET"]}}],"collection":[{"href":"https:\/\/sola.kau.se\/securitydivassweden\/wp-json\/wp\/v2\/pages"}],"about":[{"href":"https:\/\/sola.kau.se\/securitydivassweden\/wp-json\/wp\/v2\/types\/page"}],"author":[{"embeddable":true,"href":"https:\/\/sola.kau.se\/securitydivassweden\/wp-json\/wp\/v2\/users\/1672"}],"replies":[{"embeddable":true,"href":"https:\/\/sola.kau.se\/securitydivassweden\/wp-json\/wp\/v2\/comments?post=98"}],"version-history":[{"count":19,"href":"https:\/\/sola.kau.se\/securitydivassweden\/wp-json\/wp\/v2\/pages\/98\/revisions"}],"predecessor-version":[{"id":211,"href":"https:\/\/sola.kau.se\/securitydivassweden\/wp-json\/wp\/v2\/pages\/98\/revisions\/211"}],"wp:attachment":[{"href":"https:\/\/sola.kau.se\/securitydivassweden\/wp-json\/wp\/v2\/media?parent=98"}],"curies":[{"name":"wp","href":"https:\/\/api.w.org\/{rel}","templated":true}]}}