 {"id":437,"date":"2026-03-02T14:18:14","date_gmt":"2026-03-02T14:18:14","guid":{"rendered":"https:\/\/sola.kau.se\/sigscybersec\/international-advisory-board\/"},"modified":"2026-03-05T14:45:29","modified_gmt":"2026-03-05T14:45:29","slug":"international-advisory-board","status":"publish","type":"page","link":"https:\/\/sola.kau.se\/sigscybersec\/international-advisory-board\/?lang=sv","title":{"rendered":"International advisory board"},"content":{"rendered":"\n<p>IAB best\u00e5r av b\u00e5de nationella och internationella representanter som kan st\u00f6dja utvecklingen av det vetenskapliga inneh\u00e5llet relaterat till de teman som skolan behandlar, samt ge vetenskaplig r\u00e5dgivning f\u00f6r kunskapsutveckling och industriell doktorandhandledning. <\/p>\n\n\n\n<h2 class=\"wp-block-heading\">Den internationella r\u00e5dgivande n\u00e4mnden best\u00e5r av:<\/h2>\n\n\n\n<p>PD Dr. habil. Zinaida Benenson, Friedrich-Alexander University, Germany  <\/p>\n\n\n\n<p>Prof. Mauro Conti, Padua University, Italy <\/p>\n\n\n\n<p>Prof. Nicola Dragoni, DTU, Denmark<\/p>\n\n\n\n<p>Prof. Sokratis Katsikas, NTNU, Norway <\/p>\n\n\n\n<p>Prof. Rose-Mharie \u00c5hlfeldt, Sk\u00f6vde University, Sweden<\/p>\n\n\n\n<p><\/p>\n","protected":false},"excerpt":{"rendered":"<p>IAB best\u00e5r av b\u00e5de nationella och internationella representanter som kan st\u00f6dja utvecklingen av det vetenskapliga inneh\u00e5llet relaterat till de teman som skolan behandlar, samt ge vetenskaplig r\u00e5dgivning f\u00f6r kunskapsutveckling och industriell doktorandhandledning. Den internationella r\u00e5dgivande n\u00e4mnden best\u00e5r av: PD Dr. habil. Zinaida Benenson, Friedrich-Alexander University, Germany Prof. Mauro Conti, Padua University, Italy Prof. Nicola Dragoni, [&hellip;]<\/p>\n","protected":false},"author":1888,"featured_media":0,"parent":0,"menu_order":0,"comment_status":"closed","ping_status":"closed","template":"","meta":{"footnotes":""},"class_list":["post-437","page","type-page","status-publish","hentry","post-preview"],"_links":{"self":[{"href":"https:\/\/sola.kau.se\/sigscybersec\/wp-json\/wp\/v2\/pages\/437","targetHints":{"allow":["GET"]}}],"collection":[{"href":"https:\/\/sola.kau.se\/sigscybersec\/wp-json\/wp\/v2\/pages"}],"about":[{"href":"https:\/\/sola.kau.se\/sigscybersec\/wp-json\/wp\/v2\/types\/page"}],"author":[{"embeddable":true,"href":"https:\/\/sola.kau.se\/sigscybersec\/wp-json\/wp\/v2\/users\/1888"}],"replies":[{"embeddable":true,"href":"https:\/\/sola.kau.se\/sigscybersec\/wp-json\/wp\/v2\/comments?post=437"}],"version-history":[{"count":2,"href":"https:\/\/sola.kau.se\/sigscybersec\/wp-json\/wp\/v2\/pages\/437\/revisions"}],"predecessor-version":[{"id":458,"href":"https:\/\/sola.kau.se\/sigscybersec\/wp-json\/wp\/v2\/pages\/437\/revisions\/458"}],"wp:attachment":[{"href":"https:\/\/sola.kau.se\/sigscybersec\/wp-json\/wp\/v2\/media?parent=437"}],"curies":[{"name":"wp","href":"https:\/\/api.w.org\/{rel}","templated":true}]}}