 {"id":44,"date":"2023-09-05T09:28:33","date_gmt":"2023-09-05T09:28:33","guid":{"rendered":"https:\/\/sola.kau.se\/sigscybersec\/?page_id=44"},"modified":"2026-05-08T11:00:01","modified_gmt":"2026-05-08T11:00:01","slug":"media","status":"publish","type":"page","link":"https:\/\/sola.kau.se\/sigscybersec\/media\/","title":{"rendered":"Media"},"content":{"rendered":"\n<div class=\"wp-block-cover\"><img loading=\"lazy\" decoding=\"async\" width=\"1024\" height=\"768\" class=\"wp-block-cover__image-background wp-image-547 size-large\" alt=\"\" src=\"https:\/\/sola.kau.se\/sigscybersec\/wp-content\/uploads\/sites\/880\/2026\/05\/Ethical-Hackarinas-Arlette-Hanna-1024x768.jpeg\" style=\"object-position:35% 64%\" data-object-fit=\"cover\" data-object-position=\"35% 64%\" srcset=\"https:\/\/sola.kau.se\/sigscybersec\/wp-content\/uploads\/sites\/880\/2026\/05\/Ethical-Hackarinas-Arlette-Hanna-1024x768.jpeg 1024w, https:\/\/sola.kau.se\/sigscybersec\/wp-content\/uploads\/sites\/880\/2026\/05\/Ethical-Hackarinas-Arlette-Hanna-300x225.jpeg 300w, https:\/\/sola.kau.se\/sigscybersec\/wp-content\/uploads\/sites\/880\/2026\/05\/Ethical-Hackarinas-Arlette-Hanna-768x576.jpeg 768w, https:\/\/sola.kau.se\/sigscybersec\/wp-content\/uploads\/sites\/880\/2026\/05\/Ethical-Hackarinas-Arlette-Hanna-1536x1153.jpeg 1536w, https:\/\/sola.kau.se\/sigscybersec\/wp-content\/uploads\/sites\/880\/2026\/05\/Ethical-Hackarinas-Arlette-Hanna-2048x1537.jpeg 2048w, https:\/\/sola.kau.se\/sigscybersec\/wp-content\/uploads\/sites\/880\/2026\/05\/Ethical-Hackarinas-Arlette-Hanna-676x507.jpeg 676w\" sizes=\"auto, (max-width: 1024px) 100vw, 1024px\" \/><span aria-hidden=\"true\" class=\"wp-block-cover__background has-background-dim\" style=\"background-color:#827a71\"><\/span><div class=\"wp-block-cover__inner-container is-layout-flow wp-block-cover-is-layout-flow\">\n<p class=\"has-text-align-center has-large-font-size\">Cybers\u00e4kerhet i fokus under Ethical Hackarinas<\/p>\n\n\n\n<div class=\"wp-block-buttons is-content-justification-center is-layout-flex wp-container-core-buttons-is-layout-16018d1d wp-block-buttons-is-layout-flex\">\n<div class=\"wp-block-button has-custom-width wp-block-button__width-25 is-style-fill\"><a class=\"wp-block-button__link has-accent-background-color has-background wp-element-button\" href=\"https:\/\/www.kau.se\/nyheter\/cybersakerhet-i-fokus-under-ethical-hackarinas\">Read more via Karlstad University<\/a><\/div>\n<\/div>\n<\/div><\/div>\n\n\n\n<p><a href=\"https:\/\/www.kau.se\/nyheter\/cybersakerhet-i-fokus-under-ethical-hackarinas\">Cybers\u00e4kerhet i fokus under Ethical Hackarinas<\/a>: News article about Ethical hackarinas event, where PhD student Arlette Houndji was one of the workshop leaders.<\/p>\n\n\n\n<div class=\"wp-block-cover\" style=\"min-height:430px;aspect-ratio:unset;\"><img loading=\"lazy\" decoding=\"async\" width=\"1024\" height=\"938\" class=\"wp-block-cover__image-background wp-image-530\" alt=\"\" src=\"https:\/\/sola.kau.se\/sigscybersec\/wp-content\/uploads\/sites\/880\/2026\/05\/image-1024x938.png\" style=\"object-position:39% 38%\" data-object-fit=\"cover\" data-object-position=\"39% 38%\" srcset=\"https:\/\/sola.kau.se\/sigscybersec\/wp-content\/uploads\/sites\/880\/2026\/05\/image-1024x938.png 1024w, https:\/\/sola.kau.se\/sigscybersec\/wp-content\/uploads\/sites\/880\/2026\/05\/image-300x275.png 300w, https:\/\/sola.kau.se\/sigscybersec\/wp-content\/uploads\/sites\/880\/2026\/05\/image-768x703.png 768w, https:\/\/sola.kau.se\/sigscybersec\/wp-content\/uploads\/sites\/880\/2026\/05\/image-676x619.png 676w, https:\/\/sola.kau.se\/sigscybersec\/wp-content\/uploads\/sites\/880\/2026\/05\/image.png 1127w\" sizes=\"auto, (max-width: 1024px) 100vw, 1024px\" \/><span aria-hidden=\"true\" class=\"wp-block-cover__background has-background-dim\"><\/span><div class=\"wp-block-cover__inner-container is-layout-flow wp-block-cover-is-layout-flow\">\n<p class=\"has-text-align-center has-large-font-size\">M\u00f6t S\u00e4kerhetsforskaren Enna Basic<\/p>\n\n\n\n<div class=\"wp-block-buttons is-content-justification-center is-layout-flex wp-container-core-buttons-is-layout-16018d1d wp-block-buttons-is-layout-flex\">\n<div class=\"wp-block-button has-custom-width wp-block-button__width-25 is-style-fill\"><a class=\"wp-block-button__link has-accent-background-color has-background wp-element-button\" href=\"https:\/\/www.epiroc.com\/sv-se\/epiroc-careers\/career-areas\/it-jobs-epiroc\/meet-enna-basic\">Read more epiroc.com<\/a><\/div>\n<\/div>\n<\/div><\/div>\n\n\n\n<p><a href=\"https:\/\/www.epiroc.com\/sv-se\/epiroc-careers\/career-areas\/it-jobs-epiroc\/meet-enna-basic\">M\u00f6t cybers\u00e4kerhetsforskaren Enna Basic<\/a>: Interview by Epiroc about their PhD student Enna Basic, admitted at \u00d6rebro University.<\/p>\n\n\n\n<div class=\"wp-block-cover\"><img loading=\"lazy\" decoding=\"async\" width=\"781\" height=\"924\" class=\"wp-block-cover__image-background wp-image-533\" alt=\"\" src=\"https:\/\/sola.kau.se\/sigscybersec\/wp-content\/uploads\/sites\/880\/2026\/05\/image-1.png\" data-object-fit=\"cover\" srcset=\"https:\/\/sola.kau.se\/sigscybersec\/wp-content\/uploads\/sites\/880\/2026\/05\/image-1.png 781w, https:\/\/sola.kau.se\/sigscybersec\/wp-content\/uploads\/sites\/880\/2026\/05\/image-1-254x300.png 254w, https:\/\/sola.kau.se\/sigscybersec\/wp-content\/uploads\/sites\/880\/2026\/05\/image-1-768x909.png 768w, https:\/\/sola.kau.se\/sigscybersec\/wp-content\/uploads\/sites\/880\/2026\/05\/image-1-676x800.png 676w\" sizes=\"auto, (max-width: 781px) 100vw, 781px\" \/><span aria-hidden=\"true\" class=\"wp-block-cover__background has-background-dim\"><\/span><div class=\"wp-block-cover__inner-container is-layout-flow wp-block-cover-is-layout-flow\">\n<p class=\"has-text-align-center has-large-font-size\">Sverige ska f\u00e5 fler cyberexperter \u2013\u00a0\u201dfinns stort behov\u201d<\/p>\n\n\n\n<div class=\"wp-block-buttons is-content-justification-center is-layout-flex wp-container-core-buttons-is-layout-16018d1d wp-block-buttons-is-layout-flex\">\n<div class=\"wp-block-button has-custom-width wp-block-button__width-25 is-style-fill\"><a class=\"wp-block-button__link has-accent-background-color has-background wp-element-button\" href=\"https:\/\/www.sverigesradio.se\/artikel\/sverige-ska-fa-fler-cyberexperter-finns-stort-behov\">Listen via Sveriges Radio (Ekot)<\/a><\/div>\n<\/div>\n<\/div><\/div>\n\n\n\n<p><a href=\"https:\/\/sverigesradio.se\/artikel\/sverige-ska-fa-fler-cyberexperter-finns-stort-behov\">&#8220;Sverige ska f\u00e5 fler cyberexperter \u2013 \u201dfinns stort behov\u201d&#8221;<\/a>:  Radio Sweden<\/p>\n\n\n\n<div class=\"wp-block-cover\"><img loading=\"lazy\" decoding=\"async\" width=\"876\" height=\"1024\" class=\"wp-block-cover__image-background wp-image-535\" alt=\"\" src=\"https:\/\/sola.kau.se\/sigscybersec\/wp-content\/uploads\/sites\/880\/2026\/05\/image-2-876x1024.png\" data-object-fit=\"cover\" srcset=\"https:\/\/sola.kau.se\/sigscybersec\/wp-content\/uploads\/sites\/880\/2026\/05\/image-2-876x1024.png 876w, https:\/\/sola.kau.se\/sigscybersec\/wp-content\/uploads\/sites\/880\/2026\/05\/image-2-257x300.png 257w, https:\/\/sola.kau.se\/sigscybersec\/wp-content\/uploads\/sites\/880\/2026\/05\/image-2-768x897.png 768w, https:\/\/sola.kau.se\/sigscybersec\/wp-content\/uploads\/sites\/880\/2026\/05\/image-2-676x790.png 676w, https:\/\/sola.kau.se\/sigscybersec\/wp-content\/uploads\/sites\/880\/2026\/05\/image-2.png 1069w\" sizes=\"auto, (max-width: 876px) 100vw, 876px\" \/><span aria-hidden=\"true\" class=\"wp-block-cover__background has-background-dim\"><\/span><div class=\"wp-block-cover__inner-container is-layout-flow wp-block-cover-is-layout-flow\">\n<p class=\"has-text-align-center has-large-font-size\">Nu startar Sveriges f\u00f6rsta forskarskola inom s\u00e4kerhet<\/p>\n\n\n\n<div class=\"wp-block-buttons is-content-justification-center is-layout-flex wp-container-core-buttons-is-layout-16018d1d wp-block-buttons-is-layout-flex\">\n<div class=\"wp-block-button has-custom-width wp-block-button__width-25 is-style-fill\"><a class=\"wp-block-button__link has-accent-background-color has-background wp-element-button\" href=\"https:\/\/www.voister.se\/artikel\/2023\/02\/nu-startar-sveriges-forsta-forskarskola-inom-sakerhet\/\">Read more at Voister<\/a><\/div>\n<\/div>\n<\/div><\/div>\n\n\n\n<p><a rel=\"noreferrer noopener\" href=\"https:\/\/www.voister.se\/artikel\/2023\/02\/nu-startar-sveriges-forsta-forskarskola-inom-sakerhet\/\" target=\"_blank\">&#8220;Nu startar Sveriges f\u00f6rsta forskarskola inom s\u00e4kerhet&#8221;<\/a>: Interview by Voister with professor Simone Fischer-H\u00fcbner at Karlstad University<\/p>\n\n\n\n<div class=\"wp-block-cover\"><img loading=\"lazy\" decoding=\"async\" width=\"771\" height=\"1024\" class=\"wp-block-cover__image-background wp-image-537\" alt=\"\" src=\"https:\/\/sola.kau.se\/sigscybersec\/wp-content\/uploads\/sites\/880\/2026\/05\/image-3-771x1024.png\" style=\"object-position:50% 30%\" data-object-fit=\"cover\" data-object-position=\"50% 30%\" srcset=\"https:\/\/sola.kau.se\/sigscybersec\/wp-content\/uploads\/sites\/880\/2026\/05\/image-3-771x1024.png 771w, https:\/\/sola.kau.se\/sigscybersec\/wp-content\/uploads\/sites\/880\/2026\/05\/image-3-226x300.png 226w, https:\/\/sola.kau.se\/sigscybersec\/wp-content\/uploads\/sites\/880\/2026\/05\/image-3-768x1020.png 768w, https:\/\/sola.kau.se\/sigscybersec\/wp-content\/uploads\/sites\/880\/2026\/05\/image-3-676x898.png 676w, https:\/\/sola.kau.se\/sigscybersec\/wp-content\/uploads\/sites\/880\/2026\/05\/image-3.png 784w\" sizes=\"auto, (max-width: 771px) 100vw, 771px\" \/><span aria-hidden=\"true\" class=\"wp-block-cover__background has-background-dim\"><\/span><div class=\"wp-block-cover__inner-container is-layout-flow wp-block-cover-is-layout-flow\">\n<p class=\"has-text-align-center has-large-font-size\">Ny forskarskola: F\u00f6retag och universitet ska tillsammans stoppa hackare<\/p>\n\n\n\n<div class=\"wp-block-buttons is-content-justification-center is-layout-flex wp-container-core-buttons-is-layout-16018d1d wp-block-buttons-is-layout-flex\">\n<div class=\"wp-block-button has-custom-width wp-block-button__width-25 is-style-fill\"><a class=\"wp-block-button__link has-accent-background-color has-background wp-element-button\">Listen via Sveriges Radio V\u00e4rmland<\/a><\/div>\n<\/div>\n<\/div><\/div>\n\n\n\n<p><a href=\"https:\/\/sverigesradio.se\/artikel\/sverige-ska-skyddas-fran-hackare-genom-nytt-samarbete-mellan-universitet-och-foretag\" target=\"_blank\" rel=\"noreferrer noopener\">&#8220;Ny forskarskola: F\u00f6retag och universitet ska tillsammans stoppa hackare&#8221;<\/a>: Interview by Sveriges Radio with professor Simone Fischer-H\u00fcbner at Karlstad University<\/p>\n\n\n\n<div class=\"wp-block-cover\"><img loading=\"lazy\" decoding=\"async\" width=\"705\" height=\"750\" class=\"wp-block-cover__image-background wp-image-539\" alt=\"\" src=\"https:\/\/sola.kau.se\/sigscybersec\/wp-content\/uploads\/sites\/880\/2026\/05\/image-4.png\" style=\"object-position:50% 50%\" data-object-fit=\"cover\" data-object-position=\"50% 50%\" srcset=\"https:\/\/sola.kau.se\/sigscybersec\/wp-content\/uploads\/sites\/880\/2026\/05\/image-4.png 705w, https:\/\/sola.kau.se\/sigscybersec\/wp-content\/uploads\/sites\/880\/2026\/05\/image-4-282x300.png 282w, https:\/\/sola.kau.se\/sigscybersec\/wp-content\/uploads\/sites\/880\/2026\/05\/image-4-676x719.png 676w\" sizes=\"auto, (max-width: 705px) 100vw, 705px\" \/><span aria-hidden=\"true\" class=\"wp-block-cover__background has-background-dim\"><\/span><div class=\"wp-block-cover__inner-container is-layout-flow wp-block-cover-is-layout-flow\">\n<p class=\"has-text-align-center has-large-font-size\">Ny forskarskola ska g\u00f6ra svenska f\u00f6retag cybers\u00e4kra<\/p>\n\n\n\n<div class=\"wp-block-buttons is-content-justification-center is-layout-flex wp-container-core-buttons-is-layout-16018d1d wp-block-buttons-is-layout-flex\">\n<div class=\"wp-block-button has-custom-width wp-block-button__width-25 is-style-fill\"><a class=\"wp-block-button__link has-accent-background-color has-background wp-element-button\" href=\"https:\/\/www.svt.se\/nyheter\/lokalt\/varmland\/ny-forskarskola-ska-gora-svenska-foretag-cybersakra\">Read more at SVT Nyheter<\/a><\/div>\n<\/div>\n<\/div><\/div>\n\n\n\n<p><a href=\"https:\/\/www.svt.se\/nyheter\/lokalt\/varmland\/ny-forskarskola-ska-gora-svenska-foretag-cybersakra\" target=\"_blank\" rel=\"noreferrer noopener\">&#8220;Ny forskarskola ska g\u00f6ra svenska f\u00f6retag cybers\u00e4kra&#8221;<\/a>: Interview by SVT with professor Simone Fischer-H\u00fcbner at Karlstad University<\/p>\n\n\n\n<div class=\"wp-block-cover\"><img loading=\"lazy\" decoding=\"async\" width=\"1024\" height=\"911\" class=\"wp-block-cover__image-background wp-image-541\" alt=\"\" src=\"https:\/\/sola.kau.se\/sigscybersec\/wp-content\/uploads\/sites\/880\/2026\/05\/image-5-1024x911.png\" data-object-fit=\"cover\" srcset=\"https:\/\/sola.kau.se\/sigscybersec\/wp-content\/uploads\/sites\/880\/2026\/05\/image-5-1024x911.png 1024w, https:\/\/sola.kau.se\/sigscybersec\/wp-content\/uploads\/sites\/880\/2026\/05\/image-5-300x267.png 300w, https:\/\/sola.kau.se\/sigscybersec\/wp-content\/uploads\/sites\/880\/2026\/05\/image-5-768x683.png 768w, https:\/\/sola.kau.se\/sigscybersec\/wp-content\/uploads\/sites\/880\/2026\/05\/image-5-676x602.png 676w, https:\/\/sola.kau.se\/sigscybersec\/wp-content\/uploads\/sites\/880\/2026\/05\/image-5.png 1407w\" sizes=\"auto, (max-width: 1024px) 100vw, 1024px\" \/><span aria-hidden=\"true\" class=\"wp-block-cover__background has-background-dim\"><\/span><div class=\"wp-block-cover__inner-container is-layout-flow wp-block-cover-is-layout-flow\">\n<p class=\"has-text-align-center has-large-font-size\">Dizparc och Karlstads universitet sj\u00f6s\u00e4tter ett nytt forskningsprojekt inom cybers\u00e4kerhet<\/p>\n\n\n\n<div class=\"wp-block-buttons is-content-justification-center is-layout-flex wp-container-core-buttons-is-layout-16018d1d wp-block-buttons-is-layout-flex\">\n<div class=\"wp-block-button has-custom-width wp-block-button__width-25 is-style-fill\"><a class=\"wp-block-button__link has-accent-background-color has-background wp-element-button\" href=\"https:\/\/dizparc.se\/inspiration\/dizparc-och-kau-forskningsprojekt\">Read more at dizparc.se<\/a><\/div>\n<\/div>\n<\/div><\/div>\n\n\n\n<p><a href=\"https:\/\/dizparc.se\/inspiration\/dizparc-och-kau-forskningsprojekt\" data-type=\"URL\" data-id=\"https:\/\/dizparc.se\/inspiration\/dizparc-och-kau-forskningsprojekt\" target=\"_blank\" rel=\"noreferrer noopener\">&#8220;Dizparc och Karlstads universitet sj\u00f6s\u00e4tter ett nytt forskningsprojekt inom cybers\u00e4kerhet&#8221;<\/a>: Dizparc Secured press release on its collaboration with SIGS-CyberSec. <\/p>\n\n\n\n<p><\/p>\n","protected":false},"excerpt":{"rendered":"<p>Cybers\u00e4kerhet i fokus under Ethical Hackarinas: News article about Ethical hackarinas event, where PhD student Arlette Houndji was one of the workshop leaders. M\u00f6t cybers\u00e4kerhetsforskaren Enna Basic: Interview by Epiroc about their PhD student Enna Basic, admitted at \u00d6rebro University. &#8220;Sverige ska f\u00e5 fler cyberexperter \u2013 \u201dfinns stort behov\u201d&#8221;: Radio Sweden &#8220;Nu startar Sveriges f\u00f6rsta [&hellip;]<\/p>\n","protected":false},"author":4500,"featured_media":0,"parent":0,"menu_order":0,"comment_status":"closed","ping_status":"closed","template":"template-fullwidth.php","meta":{"footnotes":""},"class_list":["post-44","page","type-page","status-publish","hentry","post-preview"],"_links":{"self":[{"href":"https:\/\/sola.kau.se\/sigscybersec\/wp-json\/wp\/v2\/pages\/44","targetHints":{"allow":["GET"]}}],"collection":[{"href":"https:\/\/sola.kau.se\/sigscybersec\/wp-json\/wp\/v2\/pages"}],"about":[{"href":"https:\/\/sola.kau.se\/sigscybersec\/wp-json\/wp\/v2\/types\/page"}],"author":[{"embeddable":true,"href":"https:\/\/sola.kau.se\/sigscybersec\/wp-json\/wp\/v2\/users\/4500"}],"replies":[{"embeddable":true,"href":"https:\/\/sola.kau.se\/sigscybersec\/wp-json\/wp\/v2\/comments?post=44"}],"version-history":[{"count":8,"href":"https:\/\/sola.kau.se\/sigscybersec\/wp-json\/wp\/v2\/pages\/44\/revisions"}],"predecessor-version":[{"id":549,"href":"https:\/\/sola.kau.se\/sigscybersec\/wp-json\/wp\/v2\/pages\/44\/revisions\/549"}],"wp:attachment":[{"href":"https:\/\/sola.kau.se\/sigscybersec\/wp-json\/wp\/v2\/media?parent=44"}],"curies":[{"name":"wp","href":"https:\/\/api.w.org\/{rel}","templated":true}]}}