 {"id":441,"date":"2025-12-01T12:22:59","date_gmt":"2025-12-01T12:22:59","guid":{"rendered":"https:\/\/sola.kau.se\/sigscybersec\/planerade-aktiviteter-2026\/"},"modified":"2026-03-03T10:33:23","modified_gmt":"2026-03-03T10:33:23","slug":"planerade-aktiviteter-2026","status":"publish","type":"page","link":"https:\/\/sola.kau.se\/sigscybersec\/planerade-aktiviteter-2026\/?lang=sv","title":{"rendered":"Planerade Aktiviteter 2026"},"content":{"rendered":"\n<ul class=\"wp-block-list\">\n<li><strong>12 Januari 2026, 09:00<\/strong> (online): F\u00f6rberedande m\u00f6te inf\u00f6r presentation<\/li>\n\n\n\n<li><strong>2 Mars 2026<\/strong> (Stockholm, heldag, CyberCampus): Presentation av studier och individuella studieplaner<\/li>\n\n\n\n<li><strong>April 2026<\/strong>: Planned excursion to AstaZero<\/li>\n\n\n\n<li>Slutet av <strong>April<\/strong> \/ b\u00f6rjan av <strong>Maj <strong>2026<\/strong><\/strong> (online): Doktorandkurs, Distributed Security for Future Networks<\/li>\n\n\n\n<li><strong>9\u201310 Juni 2026<\/strong> (J\u00f6nk\u00f6ping): SWITS 2026<\/li>\n\n\n\n<li>Slutet av <strong>Oktober 2026<\/strong>: Platsh\u00e5llare f\u00f6r lunch-till-lunch seminarium<\/li>\n<\/ul>\n\n\n\n<p><\/p>\n","protected":false},"excerpt":{"rendered":"","protected":false},"author":4499,"featured_media":0,"parent":0,"menu_order":0,"comment_status":"closed","ping_status":"closed","template":"template-fullwidth.php","meta":{"footnotes":""},"class_list":["post-441","page","type-page","status-publish","hentry","post-preview"],"_links":{"self":[{"href":"https:\/\/sola.kau.se\/sigscybersec\/wp-json\/wp\/v2\/pages\/441","targetHints":{"allow":["GET"]}}],"collection":[{"href":"https:\/\/sola.kau.se\/sigscybersec\/wp-json\/wp\/v2\/pages"}],"about":[{"href":"https:\/\/sola.kau.se\/sigscybersec\/wp-json\/wp\/v2\/types\/page"}],"author":[{"embeddable":true,"href":"https:\/\/sola.kau.se\/sigscybersec\/wp-json\/wp\/v2\/users\/4499"}],"replies":[{"embeddable":true,"href":"https:\/\/sola.kau.se\/sigscybersec\/wp-json\/wp\/v2\/comments?post=441"}],"version-history":[{"count":2,"href":"https:\/\/sola.kau.se\/sigscybersec\/wp-json\/wp\/v2\/pages\/441\/revisions"}],"predecessor-version":[{"id":453,"href":"https:\/\/sola.kau.se\/sigscybersec\/wp-json\/wp\/v2\/pages\/441\/revisions\/453"}],"wp:attachment":[{"href":"https:\/\/sola.kau.se\/sigscybersec\/wp-json\/wp\/v2\/media?parent=441"}],"curies":[{"name":"wp","href":"https:\/\/api.w.org\/{rel}","templated":true}]}}