 {"id":55,"date":"2023-09-05T09:38:59","date_gmt":"2023-09-05T09:38:59","guid":{"rendered":"https:\/\/sola.kau.se\/sigscybersec\/tillgangliga-tjanster\/"},"modified":"2026-03-09T08:38:29","modified_gmt":"2026-03-09T08:38:29","slug":"doktorander","status":"publish","type":"page","link":"https:\/\/sola.kau.se\/sigscybersec\/doktorander\/?lang=sv","title":{"rendered":"Doktorander"},"content":{"rendered":"\n<p>SIGS-Cybersec har f\u00f6r n\u00e4rvarande 7 doktorander inskrivna, p\u00e5 6 olika f\u00f6retag och 4 universitet:<\/p>\n\n\n\n<div class=\"wp-block-columns is-layout-flex wp-container-core-columns-is-layout-9d6595d7 wp-block-columns-is-layout-flex\">\n<div class=\"wp-block-column is-layout-flow wp-block-column-is-layout-flow\" style=\"flex-basis:33.33%\"><div class=\"wp-block-image\">\n<figure class=\"aligncenter size-large is-resized\"><img loading=\"lazy\" decoding=\"async\" width=\"768\" height=\"1024\" src=\"https:\/\/sola.kau.se\/sigscybersec\/wp-content\/uploads\/sites\/880\/2025\/12\/AL-profile-768x1024.jpg\" alt=\"\" class=\"wp-image-374\" style=\"object-fit:cover;width:300px;height:300px\" srcset=\"https:\/\/sola.kau.se\/sigscybersec\/wp-content\/uploads\/sites\/880\/2025\/12\/AL-profile-768x1024.jpg 768w, https:\/\/sola.kau.se\/sigscybersec\/wp-content\/uploads\/sites\/880\/2025\/12\/AL-profile-225x300.jpg 225w, https:\/\/sola.kau.se\/sigscybersec\/wp-content\/uploads\/sites\/880\/2025\/12\/AL-profile-1152x1536.jpg 1152w, https:\/\/sola.kau.se\/sigscybersec\/wp-content\/uploads\/sites\/880\/2025\/12\/AL-profile-1536x2048.jpg 1536w, https:\/\/sola.kau.se\/sigscybersec\/wp-content\/uploads\/sites\/880\/2025\/12\/AL-profile-676x901.jpg 676w, https:\/\/sola.kau.se\/sigscybersec\/wp-content\/uploads\/sites\/880\/2025\/12\/AL-profile-scaled.jpg 1920w\" sizes=\"auto, (max-width: 768px) 100vw, 768px\" \/><figcaption class=\"wp-element-caption\">Alexander Lindstr\u00f6m, KAU<br>Dizparc Secured<\/figcaption><\/figure><\/div><\/div>\n\n\n\n<div class=\"wp-block-column is-layout-flow wp-block-column-is-layout-flow\" style=\"flex-basis:66.66%\">\n<h3 class=\"wp-block-heading has-large-font-size\">Alexander Lindstr\u00f6m<\/h3>\n\n\n\n<p>Alexander Lindstr\u00f6m \u00e4r industriell doktorand vid <strong>Dizparc Secured<\/strong> i Karlstad, i samarbete med Karlstads universitet. Han tog sin masterexamen i datavetenskap vid Karlstads universitet 2024. Hans forskning fokuserar p\u00e5 till\u00e4mpningen av generativ AI inom cybers\u00e4kerhet, med inriktning mot finjustering av stora spr\u00e5kmodeller och utveckling av agentbaserade system f\u00f6r offensiv cybers\u00e4kerhet. Arbetet unders\u00f6ker hur s\u00e5dana metoder kan st\u00f6dja och f\u00f6rb\u00e4ttra f\u00f6rm\u00e5gan hos penetrationstestare och red team-operat\u00f6rer.<\/p>\n<\/div>\n<\/div>\n\n\n\n<div class=\"wp-block-columns is-layout-flex wp-container-core-columns-is-layout-9d6595d7 wp-block-columns-is-layout-flex\">\n<div class=\"wp-block-column is-layout-flow wp-block-column-is-layout-flow\" style=\"flex-basis:33.33%\"><div class=\"wp-block-image\">\n<figure class=\"aligncenter size-full is-resized\"><img loading=\"lazy\" decoding=\"async\" width=\"290\" height=\"312\" src=\"https:\/\/sola.kau.se\/sigscybersec\/wp-content\/uploads\/sites\/880\/2025\/12\/EL-profile-300px.png\" alt=\"\" class=\"wp-image-381\" style=\"object-fit:cover;width:300px;height:300px\" srcset=\"https:\/\/sola.kau.se\/sigscybersec\/wp-content\/uploads\/sites\/880\/2025\/12\/EL-profile-300px.png 290w, https:\/\/sola.kau.se\/sigscybersec\/wp-content\/uploads\/sites\/880\/2025\/12\/EL-profile-300px-279x300.png 279w\" sizes=\"auto, (max-width: 290px) 100vw, 290px\" \/><figcaption class=\"wp-element-caption\">Emil Larsson, KAU &amp; FHS<br>Assemblin Caverion Group<\/figcaption><\/figure><\/div><\/div>\n\n\n\n<div class=\"wp-block-column is-layout-flow wp-block-column-is-layout-flow\" style=\"flex-basis:66.66%\">\n<h3 class=\"wp-block-heading has-large-font-size\">Emil Larsson<\/h3>\n\n\n\n<p>Emil Larsson \u00e4r industriell doktorand i datavetenskap vid F\u00f6rsvarsh\u00f6gskolan och Karlstads universitet. Han \u00e4r ocks\u00e5 chef f\u00f6r IT-infrastruktur och IT-s\u00e4kerhet vid <strong>Assemblin Caverion Group<\/strong>, som tillhandah\u00e5ller teknisk service och installation i norra och centrala Europa. Hans forskning handlar om hur man m\u00e4ter effekterna av cyberkrigf\u00f6ring och cyberintr\u00e5ng p\u00e5 civil infrastruktur, inklusive intr\u00e5ng fr\u00e5n ransomware-attacker. Han f\u00f6rel\u00e4ser ofta inom cybers\u00e4kerhet, b\u00e5de f\u00f6r industrin och inom offentlig sektor.<\/p>\n<\/div>\n<\/div>\n\n\n\n<div class=\"wp-block-columns is-layout-flex wp-container-core-columns-is-layout-9d6595d7 wp-block-columns-is-layout-flex\">\n<div class=\"wp-block-column is-layout-flow wp-block-column-is-layout-flow\" style=\"flex-basis:33.33%\"><div class=\"wp-block-image\">\n<figure class=\"aligncenter size-full is-resized\"><img loading=\"lazy\" decoding=\"async\" width=\"816\" height=\"816\" src=\"https:\/\/sola.kau.se\/sigscybersec\/wp-content\/uploads\/sites\/880\/2026\/01\/EB-profile-edited.jpg\" alt=\"\" class=\"wp-image-397\" style=\"object-fit:cover;width:300px;height:300px\" srcset=\"https:\/\/sola.kau.se\/sigscybersec\/wp-content\/uploads\/sites\/880\/2026\/01\/EB-profile-edited.jpg 816w, https:\/\/sola.kau.se\/sigscybersec\/wp-content\/uploads\/sites\/880\/2026\/01\/EB-profile-edited-300x300.jpg 300w, https:\/\/sola.kau.se\/sigscybersec\/wp-content\/uploads\/sites\/880\/2026\/01\/EB-profile-edited-150x150.jpg 150w, https:\/\/sola.kau.se\/sigscybersec\/wp-content\/uploads\/sites\/880\/2026\/01\/EB-profile-edited-768x768.jpg 768w, https:\/\/sola.kau.se\/sigscybersec\/wp-content\/uploads\/sites\/880\/2026\/01\/EB-profile-edited-676x676.jpg 676w\" sizes=\"auto, (max-width: 816px) 100vw, 816px\" \/><figcaption class=\"wp-element-caption\">Enna Basic, ORU<br>Epiroc<\/figcaption><\/figure><\/div><\/div>\n\n\n\n<div class=\"wp-block-column is-layout-flow wp-block-column-is-layout-flow\" style=\"flex-basis:66.66%\">\n<h3 class=\"wp-block-heading has-large-font-size\">Enna Basic<\/h3>\n\n\n\n<p>Enna Basic \u00e4r doktorand i datavetenskap (cybers\u00e4kerhet) vid \u00d6rebro universitet. Hon \u00e4r ocks\u00e5 verksam inom industrin som cybers\u00e4kerhetsforskare inom IT-s\u00e4kerhetsteamet p\u00e5 <strong>Epiroc<\/strong>, som en del av ett industriellt doktorandprogram som f\u00f6renar akademi och praktik.<br>Hon har en kandidatexamen i informationsteknik fr\u00e5n Mediterranean University i Montenegro och en magisterexamen i datavetenskap med inriktning p\u00e5 mjukvaruutveckling fr\u00e5n M\u00e4lardalen universitet i Sverige. Hennes magisteruppsats handlade om arbetsfl\u00f6desdriven dynamisk auktorisering f\u00f6r modul\u00e4ra automatiseringssystem, med fokus p\u00e5 s\u00e4kerhet i industriella styrsystem.<br>Hennes doktorandforskning utforskar hur stora spr\u00e5kmodeller (LLM) p\u00e5verkar kods\u00e4kerheten under hela programvarans livscykel. Hon unders\u00f6ker n\u00e4r LLM kan introducera s\u00e5rbarheter under kodgenerering, hur de kan st\u00f6dja uppt\u00e4ckt och reparation av s\u00e5rbarheter, och hur datamissbruk kan manipulera modellbeteendet och minska s\u00e4kerheten och tillf\u00f6rlitligheten hos LLM-assisterad kodutveckling.<\/p>\n<\/div>\n<\/div>\n\n\n\n<div class=\"wp-block-columns is-layout-flex wp-container-core-columns-is-layout-9d6595d7 wp-block-columns-is-layout-flex\">\n<div class=\"wp-block-column is-layout-flow wp-block-column-is-layout-flow\" style=\"flex-basis:33.33%\"><div class=\"wp-block-image\">\n<figure class=\"aligncenter size-full is-resized\"><img loading=\"lazy\" decoding=\"async\" width=\"214\" height=\"264\" src=\"https:\/\/sola.kau.se\/sigscybersec\/wp-content\/uploads\/sites\/880\/2025\/12\/RI-profile.png\" alt=\"\" class=\"wp-image-385\" style=\"object-fit:cover;width:300px;height:300px\" \/><figcaption class=\"wp-element-caption\">Ramin Irani, BTH<br>Tophman<\/figcaption><\/figure><\/div><\/div>\n\n\n\n<div class=\"wp-block-column is-layout-flow wp-block-column-is-layout-flow\" style=\"flex-basis:66.66%\">\n<h3 class=\"wp-block-heading has-large-font-size\">Ramin Irani<\/h3>\n\n\n\n<p>Ramin Irani \u00e4r doktorand vid Institutionen f\u00f6r datavetenskap vid Blekinge Tekniska H\u00f6gskola. Hans forskning fokuserar p\u00e5 att utveckla robusta s\u00e4kerhetsl\u00f6sningar f\u00f6r kommersiella inbyggda sensorn\u00e4tverk. Hans arbete utforskar strategier f\u00f6r att skydda insamlad data fr\u00e5n obeh\u00f6rig \u00e5tkomst och f\u00f6rb\u00e4ttra den \u00f6vergripande systems\u00e4kerheten med hj\u00e4lp av LiFi-teknik och AI-drivna algoritmer..<\/p>\n<\/div>\n<\/div>\n\n\n\n<div class=\"wp-block-columns is-layout-flex wp-container-core-columns-is-layout-9d6595d7 wp-block-columns-is-layout-flex\">\n<div class=\"wp-block-column is-layout-flow wp-block-column-is-layout-flow\" style=\"flex-basis:33.33%\"><div class=\"wp-block-image\">\n<figure class=\"aligncenter size-full is-resized\"><img loading=\"lazy\" decoding=\"async\" width=\"621\" height=\"735\" src=\"https:\/\/sola.kau.se\/sigscybersec\/wp-content\/uploads\/sites\/880\/2025\/12\/SB-profile.png\" alt=\"\" class=\"wp-image-387\" style=\"object-fit:cover;width:300px;height:300px\" srcset=\"https:\/\/sola.kau.se\/sigscybersec\/wp-content\/uploads\/sites\/880\/2025\/12\/SB-profile.png 621w, https:\/\/sola.kau.se\/sigscybersec\/wp-content\/uploads\/sites\/880\/2025\/12\/SB-profile-253x300.png 253w\" sizes=\"auto, (max-width: 621px) 100vw, 621px\" \/><figcaption class=\"wp-element-caption\">Samuel Bach, KAU<br>AstaZero<\/figcaption><\/figure><\/div><\/div>\n\n\n\n<div class=\"wp-block-column is-layout-flow wp-block-column-is-layout-flow\" style=\"flex-basis:66.66%\">\n<h3 class=\"wp-block-heading has-large-font-size\">Samuel Bach<\/h3>\n\n\n\n<p>Samuel \u00e4r industriell doktorand vid <strong>AstaZero <\/strong>och Karlstads universitet sedan 2024. Han har en bakgrund inom datateknik fr\u00e5n sin kandidatexamen, och hans masterexamen fokuserar p\u00e5 datorsystem och n\u00e4tverk samt cybers\u00e4kerhet. Hans forskningsintresse omfattar den v\u00e4xande konnektiviteten inom automatiserade fordon och den inverkan cybers\u00e4kerhet kan ha p\u00e5 dem. Hans nuvarande forskningsprojekt fokuserar p\u00e5 den inverkan st\u00f6rande n\u00e4tverksf\u00f6rh\u00e5llanden kan ha p\u00e5 ber\u00e4kningsavlastning och effektiviteten hos heuristiska avlastningsalgoritmer.&nbsp;<\/p>\n<\/div>\n<\/div>\n\n\n\n<div class=\"wp-block-columns is-layout-flex wp-container-core-columns-is-layout-9d6595d7 wp-block-columns-is-layout-flex\">\n<div class=\"wp-block-column is-layout-flow wp-block-column-is-layout-flow\" style=\"flex-basis:33.33%\"><div class=\"wp-block-image\">\n<figure class=\"aligncenter size-full is-resized\"><img loading=\"lazy\" decoding=\"async\" width=\"218\" height=\"234\" src=\"https:\/\/sola.kau.se\/sigscybersec\/wp-content\/uploads\/sites\/880\/2026\/03\/Picture-Arlette.jpg\" alt=\"\" class=\"wp-image-465\" style=\"object-fit:cover;width:300px;height:300px\" \/><figcaption class=\"wp-element-caption\">Arlette Houndji, KAU <br>RISE<\/figcaption><\/figure><\/div><\/div>\n\n\n\n<div class=\"wp-block-column is-layout-flow wp-block-column-is-layout-flow\" style=\"flex-basis:66.66%\">\n<h3 class=\"wp-block-heading has-large-font-size\">Arlette Houndji<\/h3>\n\n\n\n<p>Arlette \u00e4r industriell doktorand vid <strong>RISE  <\/strong>och Karlstads universitet sedan 2024. Hennes forskningsprojekt handlar om cybers\u00e4kerhet i 6G Non-Terrestrial Networks. Innan hon b\u00f6rjade p\u00e5 RISE tog hon en masterexamen vid Carnegie Mellon University Africa och var \u00e4ven forskningsassistent vid ETH i Schweiz (september 2023\u2013februari 2024).<\/p>\n<\/div>\n<\/div>\n\n\n\n<div class=\"wp-block-columns is-layout-flex wp-container-core-columns-is-layout-9d6595d7 wp-block-columns-is-layout-flex\">\n<div class=\"wp-block-column is-layout-flow wp-block-column-is-layout-flow\" style=\"flex-basis:33.33%\"><div class=\"wp-block-image\">\n<figure class=\"aligncenter size-full is-resized\"><img loading=\"lazy\" decoding=\"async\" width=\"59\" height=\"59\" src=\"https:\/\/sola.kau.se\/sigscybersec\/wp-content\/uploads\/sites\/880\/2026\/03\/Picture-anon.png\" alt=\"\" class=\"wp-image-474\" style=\"object-fit:cover;width:300px;height:300px\" \/><figcaption class=\"wp-element-caption\">Reethika Ambtipudi, KAU <br>RISE<\/figcaption><\/figure><\/div><\/div>\n\n\n\n<div class=\"wp-block-column is-layout-flow wp-block-column-is-layout-flow\" style=\"flex-basis:66.66%\">\n<h3 class=\"wp-block-heading has-large-font-size\">Reethika Ambtipudi<\/h3>\n\n\n\n<p>Reethika \u00e4r industriell doktorand vid <strong>RISE  <\/strong>och Karlstads universitet sedan 2024.<\/p>\n<\/div>\n<\/div>\n\n\n\n<p class=\"has-small-font-size\"><em>De svenska \u00f6vers\u00e4ttningarna p\u00e5 denna sida inv\u00e4ntar justering. F\u00f6r att se originaltexterna (skrivna p\u00e5 engelska) kan du byta spr\u00e5k l\u00e4ngst ner p\u00e5 sidan.<\/em><\/p>\n","protected":false},"excerpt":{"rendered":"<p>SIGS-Cybersec har f\u00f6r n\u00e4rvarande 7 doktorander inskrivna, p\u00e5 6 olika f\u00f6retag och 4 universitet: Alexander Lindstr\u00f6m Alexander Lindstr\u00f6m \u00e4r industriell doktorand vid Dizparc Secured i Karlstad, i samarbete med Karlstads universitet. Han tog sin masterexamen i datavetenskap vid Karlstads universitet 2024. Hans forskning fokuserar p\u00e5 till\u00e4mpningen av generativ AI inom cybers\u00e4kerhet, med inriktning mot finjustering [&hellip;]<\/p>\n","protected":false},"author":4500,"featured_media":0,"parent":0,"menu_order":0,"comment_status":"closed","ping_status":"closed","template":"template-fullwidth.php","meta":{"footnotes":""},"class_list":["post-55","page","type-page","status-publish","hentry","post-preview"],"_links":{"self":[{"href":"https:\/\/sola.kau.se\/sigscybersec\/wp-json\/wp\/v2\/pages\/55","targetHints":{"allow":["GET"]}}],"collection":[{"href":"https:\/\/sola.kau.se\/sigscybersec\/wp-json\/wp\/v2\/pages"}],"about":[{"href":"https:\/\/sola.kau.se\/sigscybersec\/wp-json\/wp\/v2\/types\/page"}],"author":[{"embeddable":true,"href":"https:\/\/sola.kau.se\/sigscybersec\/wp-json\/wp\/v2\/users\/4500"}],"replies":[{"embeddable":true,"href":"https:\/\/sola.kau.se\/sigscybersec\/wp-json\/wp\/v2\/comments?post=55"}],"version-history":[{"count":24,"href":"https:\/\/sola.kau.se\/sigscybersec\/wp-json\/wp\/v2\/pages\/55\/revisions"}],"predecessor-version":[{"id":487,"href":"https:\/\/sola.kau.se\/sigscybersec\/wp-json\/wp\/v2\/pages\/55\/revisions\/487"}],"wp:attachment":[{"href":"https:\/\/sola.kau.se\/sigscybersec\/wp-json\/wp\/v2\/media?parent=55"}],"curies":[{"name":"wp","href":"https:\/\/api.w.org\/{rel}","templated":true}]}}