 {"id":59,"date":"2023-05-19T08:32:15","date_gmt":"2023-05-19T08:32:15","guid":{"rendered":"https:\/\/sola.kau.se\/sigscybersec\/kontakt\/"},"modified":"2026-05-07T11:40:16","modified_gmt":"2026-05-07T11:40:16","slug":"kontakt","status":"publish","type":"page","link":"https:\/\/sola.kau.se\/sigscybersec\/kontakt\/?lang=sv","title":{"rendered":"Kontakt"},"content":{"rendered":"\n<h2 class=\"wp-block-heading\">F\u00f6rest\u00e5ndare<\/h2>\n\n\n\n<p>Professor Simone Fischer-H\u00fcbner, Karlstad Universitet<br><a href=\"mailto:simone.fischer-huebner@kau.se\">simone.fischer-huebner@kau.se<\/a><\/p>\n\n\n\n<h2 class=\"wp-block-heading\">Studierektor<\/h2>\n\n\n\n<p>Professor Kurt Tuschku, Blekinge Institute of Technology<br><a href=\"mailto:kurt.tutschku@bth.se\">kurt.tutschku@bth.se<\/a><\/p>\n\n\n\n<h2 class=\"wp-block-heading\">Kommunikationsansvarig<\/h2>\n\n\n\n<p>Dr. Alberto Giaretta, \u00d6rebro Universitet<br><a href=\"mailto:alberto.giaretta@oru.se\">alberto.giaretta@oru.se<\/a><\/p>\n\n\n\n<h2 class=\"wp-block-heading\">Management Team<\/h2>\n\n\n\n<div class=\"wp-block-columns is-layout-flex wp-container-core-columns-is-layout-9d6595d7 wp-block-columns-is-layout-flex\">\n<div class=\"wp-block-column is-layout-flow wp-block-column-is-layout-flow\" style=\"flex-basis:33.33%\"><div class=\"wp-block-image\">\n<figure class=\"aligncenter size-full\"><img loading=\"lazy\" decoding=\"async\" width=\"403\" height=\"371\" src=\"https:\/\/sola.kau.se\/sigscybersec\/wp-content\/uploads\/sites\/880\/2026\/01\/Simone-Profile.jpg\" alt=\"\" class=\"wp-image-412\" srcset=\"https:\/\/sola.kau.se\/sigscybersec\/wp-content\/uploads\/sites\/880\/2026\/01\/Simone-Profile.jpg 403w, https:\/\/sola.kau.se\/sigscybersec\/wp-content\/uploads\/sites\/880\/2026\/01\/Simone-Profile-300x276.jpg 300w\" sizes=\"auto, (max-width: 403px) 100vw, 403px\" \/><figcaption class=\"wp-element-caption\">Simone Fischer-H\u00fcbner,<br>Professor, Kau<br>Chalmers<\/figcaption><\/figure><\/div><\/div>\n\n\n\n<div class=\"wp-block-column is-layout-flow wp-block-column-is-layout-flow\" style=\"flex-basis:66.66%\">\n<h3 class=\"wp-block-heading has-large-font-size\">Simone Fischer-H\u00fcbner<\/h3>\n\n\n\n<p><em>Director of School<\/em><\/p>\n\n\n\n<p>Simone Fischer-H\u00fcbner \u00e4r direkt\u00f6r f\u00f6r SIGS-CyberSec industriella forskarskola. Hon har varit professor i datavetenskap vid <strong>Karlstads universitet<\/strong> sedan 2000, specialiserad p\u00e5 cybers\u00e4kerhet, integritetsfr\u00e4mjande teknik och anv\u00e4ndbar s\u00e4kerhet och integritet, och \u00e4r \u00e4ven g\u00e4stprofessor p\u00e5 deltid vid <strong>Chalmers tekniska h\u00f6gskola<\/strong>.<\/p>\n\n\n\n<p>Hon har varit koordinator f\u00f6r det svenska IT-s\u00e4kerhetsn\u00e4tverket f\u00f6r doktorander (SWITS), som hon var med och grundade 2001, och \u00e4r \u00e4ven direkt\u00f6r f\u00f6r Cybercampus Sweden Postgraduate School. Tidigare var hon vetenskaplig koordinator f\u00f6r EU:s Horizon MSCA-doktorandn\u00e4tverk Privacy&amp;Us. Dessutom \u00e4r hon svensk representant f\u00f6r IFIP (International Federation for Information Processing) TC 11 (Technical Committee on Information Security and Privacy Protection) och vice ordf\u00f6rande f\u00f6r IFIP TC 11.<\/p>\n<\/div>\n<\/div>\n\n\n\n<div class=\"wp-block-columns is-layout-flex wp-container-core-columns-is-layout-9d6595d7 wp-block-columns-is-layout-flex\">\n<div class=\"wp-block-column is-layout-flow wp-block-column-is-layout-flow\" style=\"flex-basis:33.33%\"><div class=\"wp-block-image\">\n<figure class=\"aligncenter size-full\"><img loading=\"lazy\" decoding=\"async\" width=\"450\" height=\"450\" src=\"https:\/\/sola.kau.se\/sigscybersec\/wp-content\/uploads\/sites\/880\/2026\/05\/Leonardo-martucci-kau-lowres-2-edited.jpg\" alt=\"\" class=\"wp-image-522\" srcset=\"https:\/\/sola.kau.se\/sigscybersec\/wp-content\/uploads\/sites\/880\/2026\/05\/Leonardo-martucci-kau-lowres-2-edited.jpg 450w, https:\/\/sola.kau.se\/sigscybersec\/wp-content\/uploads\/sites\/880\/2026\/05\/Leonardo-martucci-kau-lowres-2-edited-300x300.jpg 300w, https:\/\/sola.kau.se\/sigscybersec\/wp-content\/uploads\/sites\/880\/2026\/05\/Leonardo-martucci-kau-lowres-2-edited-150x150.jpg 150w\" sizes=\"auto, (max-width: 450px) 100vw, 450px\" \/><figcaption class=\"wp-element-caption\">Leonardo Martucci, <br>Professor, Kau<\/figcaption><\/figure><\/div><\/div>\n\n\n\n<div class=\"wp-block-column is-layout-flow wp-block-column-is-layout-flow\" style=\"flex-basis:66.66%\">\n<h3 class=\"wp-block-heading has-large-font-size\">Leonardo Martucci<\/h3>\n\n\n\n<p><em>Co-Director of School<\/em><\/p>\n\n\n\n<p>Leonardo \u00e4r professor i datavetenskap vid Karlstads universitet. <\/p>\n<\/div>\n<\/div>\n\n\n\n<div class=\"wp-block-columns is-layout-flex wp-container-core-columns-is-layout-9d6595d7 wp-block-columns-is-layout-flex\">\n<div class=\"wp-block-column is-layout-flow wp-block-column-is-layout-flow\" style=\"flex-basis:33.33%\"><div class=\"wp-block-image\">\n<figure class=\"aligncenter size-full is-resized\"><img loading=\"lazy\" decoding=\"async\" width=\"2290\" height=\"2560\" src=\"https:\/\/sola.kau.se\/sigscybersec\/wp-content\/uploads\/sites\/880\/2026\/01\/Kurt-profile-scaled.jpg\" alt=\"\" class=\"wp-image-405\" style=\"object-fit:cover;width:300px;height:300px\" srcset=\"https:\/\/sola.kau.se\/sigscybersec\/wp-content\/uploads\/sites\/880\/2026\/01\/Kurt-profile-scaled.jpg 2290w, https:\/\/sola.kau.se\/sigscybersec\/wp-content\/uploads\/sites\/880\/2026\/01\/Kurt-profile-268x300.jpg 268w, https:\/\/sola.kau.se\/sigscybersec\/wp-content\/uploads\/sites\/880\/2026\/01\/Kurt-profile-916x1024.jpg 916w, https:\/\/sola.kau.se\/sigscybersec\/wp-content\/uploads\/sites\/880\/2026\/01\/Kurt-profile-768x858.jpg 768w, https:\/\/sola.kau.se\/sigscybersec\/wp-content\/uploads\/sites\/880\/2026\/01\/Kurt-profile-1374x1536.jpg 1374w, https:\/\/sola.kau.se\/sigscybersec\/wp-content\/uploads\/sites\/880\/2026\/01\/Kurt-profile-1832x2048.jpg 1832w, https:\/\/sola.kau.se\/sigscybersec\/wp-content\/uploads\/sites\/880\/2026\/01\/Kurt-profile-676x756.jpg 676w\" sizes=\"auto, (max-width: 2290px) 100vw, 2290px\" \/><figcaption class=\"wp-element-caption\">Kurt Tutschku,<br>Professor, BTH<\/figcaption><\/figure><\/div><\/div>\n\n\n\n<div class=\"wp-block-column is-layout-flow wp-block-column-is-layout-flow\" style=\"flex-basis:66.66%\">\n<h3 class=\"wp-block-heading has-large-font-size\">Kurt Tutschku<\/h3>\n\n\n\n<p><em>Director of Studies<\/em><\/p>\n\n\n\n<p>Kurt Tutschku \u00e4r professor i telekommunikationssystem vid Blekinge Tekniska H\u00f6gskola (BTH). Han erh\u00f6ll sin doktorsexamen och habilitering i datavetenskap 1999 respektive 2008 vid universitetet i W\u00fcrzburg, Tyskland. Kurt arbetade i Japan (National Institute for Information and Communication Technology, NICT, 2008) och var professor vid universitetet i Wien som ordf\u00f6rande f\u00f6r Future Communication (2008-2013).<\/p>\n\n\n\n<p>Hans forskningsintressen \u00e4r nu inriktade p\u00e5 s\u00e4kra och distribuerade system och omfattar n\u00e4sta generations programvarudefinierade n\u00e4tverk och molnsystem (inkl. NFV- och SDN-baserade n\u00e4tverk), s\u00e4kra och distribuerade tj\u00e4nstemarknader (inkl. energimarknader), blockkedjealgoritmer, s\u00e4kerhet och konfidentialitet i digitala system, digital suver\u00e4nitet och dataintegritet i tj\u00e4nstekedjor i kant- och molnbaserade system.<\/p>\n\n\n\n<p>Han leder flera finansierade akademiska och industriella samarbeten inom detta omr\u00e5de. Han var ordf\u00f6rande f\u00f6r IEEE-konferensen om NFV-SDN fr\u00e5n 2017 till 2022. Han har varit handledare f\u00f6r mer \u00e4n 50 magisteruppsatser och \u00e4r f\u00f6r n\u00e4rvarande handledare f\u00f6r fem doktorander.<\/p>\n<\/div>\n<\/div>\n\n\n\n<div class=\"wp-block-columns is-layout-flex wp-container-core-columns-is-layout-9d6595d7 wp-block-columns-is-layout-flex\">\n<div class=\"wp-block-column is-layout-flow wp-block-column-is-layout-flow\" style=\"flex-basis:33.33%\">\n<figure class=\"wp-block-image size-full\"><img loading=\"lazy\" decoding=\"async\" width=\"720\" height=\"720\" src=\"https:\/\/sola.kau.se\/sigscybersec\/wp-content\/uploads\/sites\/880\/2026\/01\/profile_pic_720.png\" alt=\"\" class=\"wp-image-423\" srcset=\"https:\/\/sola.kau.se\/sigscybersec\/wp-content\/uploads\/sites\/880\/2026\/01\/profile_pic_720.png 720w, https:\/\/sola.kau.se\/sigscybersec\/wp-content\/uploads\/sites\/880\/2026\/01\/profile_pic_720-300x300.png 300w, https:\/\/sola.kau.se\/sigscybersec\/wp-content\/uploads\/sites\/880\/2026\/01\/profile_pic_720-150x150.png 150w, https:\/\/sola.kau.se\/sigscybersec\/wp-content\/uploads\/sites\/880\/2026\/01\/profile_pic_720-676x676.png 676w\" sizes=\"auto, (max-width: 720px) 100vw, 720px\" \/><\/figure>\n<\/div>\n\n\n\n<div class=\"wp-block-column is-layout-flow wp-block-column-is-layout-flow\" style=\"flex-basis:66.66%\">\n<h3 class=\"wp-block-heading has-large-font-size\">Alberto Giaretta<\/h3>\n\n\n\n<p><em>Director of Communication<\/em><\/p>\n\n\n\n<p>Alberto Giaretta \u00e4r adjungerad professor vid \u00d6rebro universitet, finansierad av Wallenberg AI, Autonomous Systems and Software Program (WASP). Han har en doktorsexamen i datavetenskap fr\u00e5n \u00d6rebro universitet, Sverige, samt en kandidatexamen och magisterexamen i datavetenskap fr\u00e5n universitetet i Padua, Italien. Han \u00e4r f\u00f6r n\u00e4rvarande meddirekt\u00f6r f\u00f6r AI, Robotics, and Cybersecurity Center (ARC), meddirekt\u00f6r f\u00f6r Collaborative AI and Robotics (CoAIRob) Industrial PhD School och kommunikationsdirekt\u00f6r f\u00f6r Swedish Industrial Graduate School in Cybersecurity (SIGS-Cybersec).<\/p>\n\n\n\n<p>Hans forskning fokuserar p\u00e5 cybers\u00e4kerhet och dess kopplingar till artificiell intelligens och robotik. Han har f\u00f6rfattat flera peer-review-granskade publikationer i ledande tidskrifter, bland annat IEEE Transactions on Information Forensics and Security (TIFS), IEEE Transactions on Dependable and Secure Computing (TDSC), Computer Networks (ComNet), Journal of Ambient Intelligence and Humanized Computing (JAIHC) och IEEE Transactions on Emerging Topics in Computing (TETC-CS). Ett av hans verk, <a href=\"https:\/\/www.technologyreview.com\/2018\/01\/26\/145993\/storing-data-in-dna-is-a-lot-easier-than-getting-it-back-out\/\">som har uppm\u00e4rksammats i tidskriften MIT Technology Review<\/a>, unders\u00f6ker utmaningarna med att lagra digital information i bakteriers DNA och fysiskt leverera denna information till en destination.<\/p>\n\n\n\n<p>Inom SIGS-Cybersec \u00e4r han handledare f\u00f6r Enna Basic, Epiroc.<\/p>\n<\/div>\n<\/div>\n\n\n\n<div class=\"wp-block-columns is-layout-flex wp-container-core-columns-is-layout-9d6595d7 wp-block-columns-is-layout-flex\">\n<div class=\"wp-block-column is-layout-flow wp-block-column-is-layout-flow\" style=\"flex-basis:33.33%\"><div class=\"wp-block-image\">\n<figure class=\"aligncenter size-full is-resized\"><img loading=\"lazy\" decoding=\"async\" width=\"299\" height=\"299\" src=\"https:\/\/sola.kau.se\/sigscybersec\/wp-content\/uploads\/sites\/880\/2026\/01\/Ulrik-Franke-Profile.jpg\" alt=\"\" class=\"wp-image-407\" style=\"object-fit:cover;width:300px;height:300px\" srcset=\"https:\/\/sola.kau.se\/sigscybersec\/wp-content\/uploads\/sites\/880\/2026\/01\/Ulrik-Franke-Profile.jpg 299w, https:\/\/sola.kau.se\/sigscybersec\/wp-content\/uploads\/sites\/880\/2026\/01\/Ulrik-Franke-Profile-150x150.jpg 150w\" sizes=\"auto, (max-width: 299px) 100vw, 299px\" \/><figcaption class=\"wp-element-caption\">Ulrik Franke,<br>Senior Lecturer, FHS<br>Docent, KTH<\/figcaption><\/figure><\/div><\/div>\n\n\n\n<div class=\"wp-block-column is-layout-flow wp-block-column-is-layout-flow\" style=\"flex-basis:66.66%\">\n<h3 class=\"wp-block-heading has-large-font-size\">Ulrik Franke<\/h3>\n\n\n\n<p><em>Management team<\/em><\/p>\n\n\n\n<p>Jag \u00e4r lektor vid F\u00f6rsvarsuniversitetet och docent i elektroteknik med inriktning p\u00e5 tillf\u00f6rlitliga informationssystem vid Kungliga Tekniska H\u00f6gskolan (KTH). Fr\u00e5n 2023 till 2025 var jag \u00e4ven adjungerad professor vid KTH. Jag har en civilingenj\u00f6rsexamen i teknisk fysik fr\u00e5n KTH, en magisterexamen i praktisk filosofi fr\u00e5n Stockholms universitet och en doktorsexamen i industriella informations- och styrsystem fr\u00e5n KTH. Jag \u00e4r ocks\u00e5 major i den svenska arm\u00e9ns reserv.<\/p>\n\n\n\n<p>Inom SIGS-CyberSec \u00e4r jag huvudhandledare f\u00f6r doktoranden Emil Larsson och representant f\u00f6r F\u00f6rsvarsh\u00f6gskolan i ledningsgruppen och styrkommitt\u00e9n.<\/p>\n\n\n\n<p>Innan jag kom till F\u00f6rsvarsh\u00f6gskolan var jag senior forskare vid RISE Research Institutes of Sweden och dessf\u00f6rinnan senior forskare vid F\u00f6rsvarsforskningsinstitutet FOI. Jag har ocks\u00e5 varit g\u00e4stforskare vid f\u00f6rs\u00e4kringsbolaget L\u00e4nsf\u00f6rs\u00e4kringar, Finansinspektionen och Istituto per le Applicazioni del calcolo \u2019Mauro Picone\u2019 i Neapel.<\/p>\n\n\n\n<p>I min forskning \u00e4r jag intresserad av samspelet mellan teknik och samh\u00e4lle. N\u00e5gra av mina s\u00e4rskilda intressen \u00e4r algoritmisk transparens, cybersituationsmedvetenhet, cybers\u00e4kerhetsekonomi och f\u00f6retagsarkitektur. Mitt arbete har bel\u00f6nats med utm\u00e4rkelser fr\u00e5n NATO:s vetenskaps- och teknikorganisation, Kungliga Krigsakademien och Kungliga Sj\u00f6fartsakademien..<\/p>\n<\/div>\n<\/div>\n\n\n\n<div class=\"wp-block-columns is-layout-flex wp-container-core-columns-is-layout-9d6595d7 wp-block-columns-is-layout-flex\">\n<div class=\"wp-block-column is-layout-flow wp-block-column-is-layout-flow\" style=\"flex-basis:33.33%\"><div class=\"wp-block-image\">\n<figure class=\"aligncenter size-full is-resized\"><img loading=\"lazy\" decoding=\"async\" width=\"900\" height=\"942\" src=\"https:\/\/sola.kau.se\/sigscybersec\/wp-content\/uploads\/sites\/880\/2026\/03\/sofia02_900.jpg\" alt=\"\" class=\"wp-image-490\" style=\"object-fit:cover;width:300px;height:300px\" srcset=\"https:\/\/sola.kau.se\/sigscybersec\/wp-content\/uploads\/sites\/880\/2026\/03\/sofia02_900.jpg 900w, https:\/\/sola.kau.se\/sigscybersec\/wp-content\/uploads\/sites\/880\/2026\/03\/sofia02_900-287x300.jpg 287w, https:\/\/sola.kau.se\/sigscybersec\/wp-content\/uploads\/sites\/880\/2026\/03\/sofia02_900-768x804.jpg 768w, https:\/\/sola.kau.se\/sigscybersec\/wp-content\/uploads\/sites\/880\/2026\/03\/sofia02_900-676x708.jpg 676w\" sizes=\"auto, (max-width: 900px) 100vw, 900px\" \/><figcaption class=\"wp-element-caption\">Sofia R\u00f6jder, <br>Project coordinator KAU<\/figcaption><\/figure><\/div><\/div>\n\n\n\n<div class=\"wp-block-column is-layout-flow wp-block-column-is-layout-flow\" style=\"flex-basis:66.66%\">\n<h3 class=\"wp-block-heading has-large-font-size\">Sofia R\u00f6jder<\/h3>\n\n\n\n<p><em>Administrative coordinator<\/em><\/p>\n\n\n\n<p><\/p>\n<\/div>\n<\/div>\n\n\n\n<p class=\"has-small-font-size\"><em>De svenska \u00f6vers\u00e4ttningarna p\u00e5 denna sida inv\u00e4ntar justering. F\u00f6r att se originaltexterna (skrivna p\u00e5 engelska) kan du byta spr\u00e5k l\u00e4ngst ner p\u00e5 sidan.<\/em><\/p>\n","protected":false},"excerpt":{"rendered":"<p>F\u00f6rest\u00e5ndare Professor Simone Fischer-H\u00fcbner, Karlstad Universitetsimone.fischer-huebner@kau.se Studierektor Professor Kurt Tuschku, Blekinge Institute of Technologykurt.tutschku@bth.se Kommunikationsansvarig Dr. Alberto Giaretta, \u00d6rebro Universitetalberto.giaretta@oru.se Management Team Simone Fischer-H\u00fcbner Director of School Simone Fischer-H\u00fcbner \u00e4r direkt\u00f6r f\u00f6r SIGS-CyberSec industriella forskarskola. Hon har varit professor i datavetenskap vid Karlstads universitet sedan 2000, specialiserad p\u00e5 cybers\u00e4kerhet, integritetsfr\u00e4mjande teknik och anv\u00e4ndbar s\u00e4kerhet och [&hellip;]<\/p>\n","protected":false},"author":4173,"featured_media":0,"parent":0,"menu_order":0,"comment_status":"closed","ping_status":"closed","template":"template-fullwidth.php","meta":{"footnotes":""},"class_list":["post-59","page","type-page","status-publish","hentry","post-preview"],"_links":{"self":[{"href":"https:\/\/sola.kau.se\/sigscybersec\/wp-json\/wp\/v2\/pages\/59","targetHints":{"allow":["GET"]}}],"collection":[{"href":"https:\/\/sola.kau.se\/sigscybersec\/wp-json\/wp\/v2\/pages"}],"about":[{"href":"https:\/\/sola.kau.se\/sigscybersec\/wp-json\/wp\/v2\/types\/page"}],"author":[{"embeddable":true,"href":"https:\/\/sola.kau.se\/sigscybersec\/wp-json\/wp\/v2\/users\/4173"}],"replies":[{"embeddable":true,"href":"https:\/\/sola.kau.se\/sigscybersec\/wp-json\/wp\/v2\/comments?post=59"}],"version-history":[{"count":14,"href":"https:\/\/sola.kau.se\/sigscybersec\/wp-json\/wp\/v2\/pages\/59\/revisions"}],"predecessor-version":[{"id":526,"href":"https:\/\/sola.kau.se\/sigscybersec\/wp-json\/wp\/v2\/pages\/59\/revisions\/526"}],"wp:attachment":[{"href":"https:\/\/sola.kau.se\/sigscybersec\/wp-json\/wp\/v2\/media?parent=59"}],"curies":[{"name":"wp","href":"https:\/\/api.w.org\/{rel}","templated":true}]}}