 {"id":61,"date":"2023-05-19T07:04:49","date_gmt":"2023-05-19T07:04:49","guid":{"rendered":"https:\/\/sola.kau.se\/sigscybersec\/forskarskolan-sigs-cybersec\/"},"modified":"2026-03-06T17:09:35","modified_gmt":"2026-03-06T17:09:35","slug":"forskarskolan-sigs-cybersec","status":"publish","type":"page","link":"https:\/\/sola.kau.se\/sigscybersec\/forskarskolan-sigs-cybersec\/?lang=sv","title":{"rendered":"Forskarskolan SIGS-CyberSec"},"content":{"rendered":"\n<p class=\"has-large-font-size\"><strong>Svensk Forskarskola f\u00f6r Cybers\u00e4kerhet<\/strong><\/p>\n\n\n\n<p>SIGS-CyberSec \u00e4r en svensk forskarskola f\u00f6r cybers\u00e4kerhet. Forskarskolan best\u00e5r av ett konsortium av forskare inom datavetenskap och informatik fr\u00e5n fyra svenska universitet: <a rel=\"noreferrer noopener\" href=\"http:\/\/www.kau.se\" target=\"_blank\">Karlstad Universitet (koordinator av forskarskolan)<\/a>,<a rel=\"noreferrer noopener\" href=\"http:\/\/www.bth.se\" target=\"_blank\"> Blekinge Tekniska H\u00f6gskola<\/a>,<a rel=\"noreferrer noopener\" href=\"http:\/\/www.fhs.se\" target=\"_blank\"> F\u00f6rsvarsh\u00f6gskolan<\/a> and <a rel=\"noreferrer noopener\" href=\"http:\/\/www.oru.se\" target=\"_blank\">\u00d6rebro Universitet<\/a>.<\/p>\n\n\n\n<p>SIGS-CyberSec inkluderar sju industriella doktorander som \u00e4r anst\u00e4llda och\/eller arbeta hos f\u00f6ljande industriella partners: ArkiPelag (Tophman), <a href=\"https:\/\/www.assemblin.com\/\">Assemblin<\/a>, <a href=\"https:\/\/astazero.ri.se\/\">AstaZero<\/a>, <a href=\"https:\/\/dizparc.se\/cybersakerhet\">Dizparc Secured<\/a>, <a href=\"https:\/\/www.epiroc.com\/\">Epiroc<\/a>, och <a href=\"https:\/\/www.ri.se\/en\/center-for-cybersecurity\">RISE<\/a>.<\/p>\n\n\n\n<figure class=\"wp-block-image size-large\"><img loading=\"lazy\" decoding=\"async\" width=\"1024\" height=\"768\" src=\"https:\/\/sola.kau.se\/sigscybersec\/wp-content\/uploads\/sites\/880\/2025\/04\/thumbnail_IMG_0588-1024x768.jpg\" alt=\"\" class=\"wp-image-299\" srcset=\"https:\/\/sola.kau.se\/sigscybersec\/wp-content\/uploads\/sites\/880\/2025\/04\/thumbnail_IMG_0588-1024x768.jpg 1024w, https:\/\/sola.kau.se\/sigscybersec\/wp-content\/uploads\/sites\/880\/2025\/04\/thumbnail_IMG_0588-300x225.jpg 300w, https:\/\/sola.kau.se\/sigscybersec\/wp-content\/uploads\/sites\/880\/2025\/04\/thumbnail_IMG_0588-768x576.jpg 768w, https:\/\/sola.kau.se\/sigscybersec\/wp-content\/uploads\/sites\/880\/2025\/04\/thumbnail_IMG_0588-1536x1152.jpg 1536w, https:\/\/sola.kau.se\/sigscybersec\/wp-content\/uploads\/sites\/880\/2025\/04\/thumbnail_IMG_0588-676x507.jpg 676w, https:\/\/sola.kau.se\/sigscybersec\/wp-content\/uploads\/sites\/880\/2025\/04\/thumbnail_IMG_0588.jpg 1920w\" sizes=\"auto, (max-width: 1024px) 100vw, 1024px\" \/><\/figure>\n\n\n\n<p>Under mer \u00e4n tv\u00e5 decennier har de akademiska partnerna byggt upp utm\u00e4rkta och internationellt ledande forskningsprofiler och kurser inom olika och kompletterande specialomr\u00e5den inom cybers\u00e4kerhet. Tillsammans, och i samproduktion med sex ledande svenska industripartner, kan vi erbjuda ett brett spektrum av forskningsexpertis och kapacitet f\u00f6r att utveckla ett m\u00e5ngfacetterat och tv\u00e4rvetenskapligt forskningsn\u00e4tverk f\u00f6r cybers\u00e4kerhet och en forskarskola som tar itu med de cybers\u00e4kerhetsutmaningar som industripartnerna st\u00e5r inf\u00f6r.<\/p>\n\n\n\n<p>L\u00e4ros\u00e4tena och f\u00f6retagen har en gemensam ambition att st\u00e4rka forskningskompetensen och kompetensen inom cybers\u00e4kerhet i sina organisationer, s\u00e5v\u00e4l som i Sverige som helhet, genom att utveckla och etablera ett innovativt, m\u00e5ngfacetterat och tv\u00e4rvetenskapligt forsknings- och utbildningsn\u00e4tverk f\u00f6r cybers\u00e4kerhet.<\/p>\n\n\n\n<p>Inom SIGS-CyberSec \u00e4r forskningsomr\u00e5det cybers\u00e4kerhet strukturerat i tre forskningsteman: &#8220;Decentraliserad cybers\u00e4kerhet f\u00f6r framtida n\u00e4tverk&#8221; (T1), &#8220;Cybers\u00e4kerhet, AI och automatisering&#8221; (T2) och &#8220;Ledning och styrning av informationss\u00e4kerhet&#8221; (T3). Dessa teman kommer att behandlas av projektets 8 industridoktorander f\u00f6r att fr\u00e4mja den senaste tekniken, och det nya utbildningsprogrammet kommer att utbilda doktoranderna specifikt inom dessa cybers\u00e4kerhetsomr\u00e5den.<\/p>\n\n\n\n<p>Forskarskolan finansieras av den svenska <a href=\"http:\/\/www.kks.se\" target=\"_blank\" rel=\"noreferrer noopener\">KK-stiftelsen<\/a>.<\/p>\n\n\n\n<figure class=\"wp-block-image size-large is-resized\"><img loading=\"lazy\" decoding=\"async\" width=\"1024\" height=\"192\" src=\"https:\/\/sola.kau.se\/sigscybersec\/wp-content\/uploads\/sites\/880\/2024\/10\/2a9a4e5e-706c-4775-9126-7f18a63526ac-1024x192.png\" alt=\"\" class=\"wp-image-248\" style=\"object-fit:cover;width:224px;height:auto\" srcset=\"https:\/\/sola.kau.se\/sigscybersec\/wp-content\/uploads\/sites\/880\/2024\/10\/2a9a4e5e-706c-4775-9126-7f18a63526ac-1024x192.png 1024w, https:\/\/sola.kau.se\/sigscybersec\/wp-content\/uploads\/sites\/880\/2024\/10\/2a9a4e5e-706c-4775-9126-7f18a63526ac-300x56.png 300w, https:\/\/sola.kau.se\/sigscybersec\/wp-content\/uploads\/sites\/880\/2024\/10\/2a9a4e5e-706c-4775-9126-7f18a63526ac-768x144.png 768w, https:\/\/sola.kau.se\/sigscybersec\/wp-content\/uploads\/sites\/880\/2024\/10\/2a9a4e5e-706c-4775-9126-7f18a63526ac-676x127.png 676w, https:\/\/sola.kau.se\/sigscybersec\/wp-content\/uploads\/sites\/880\/2024\/10\/2a9a4e5e-706c-4775-9126-7f18a63526ac.png 1288w\" sizes=\"auto, (max-width: 1024px) 100vw, 1024px\" \/><\/figure>\n\n\n<div class=\"wp-block-image\">\n<figure class=\"aligncenter size-full is-resized\"><img loading=\"lazy\" decoding=\"async\" width=\"1280\" height=\"416\" src=\"https:\/\/sola.kau.se\/sigscybersec\/wp-content\/uploads\/sites\/880\/2024\/10\/Header.png\" alt=\"\" class=\"wp-image-225\" style=\"width:666px;height:auto\" srcset=\"https:\/\/sola.kau.se\/sigscybersec\/wp-content\/uploads\/sites\/880\/2024\/10\/Header.png 1280w, https:\/\/sola.kau.se\/sigscybersec\/wp-content\/uploads\/sites\/880\/2024\/10\/Header-300x98.png 300w, https:\/\/sola.kau.se\/sigscybersec\/wp-content\/uploads\/sites\/880\/2024\/10\/Header-1024x333.png 1024w, https:\/\/sola.kau.se\/sigscybersec\/wp-content\/uploads\/sites\/880\/2024\/10\/Header-768x250.png 768w, https:\/\/sola.kau.se\/sigscybersec\/wp-content\/uploads\/sites\/880\/2024\/10\/Header-676x220.png 676w\" sizes=\"auto, (max-width: 1280px) 100vw, 1280px\" \/><\/figure><\/div>\n\n\n<p><\/p>\n","protected":false},"excerpt":{"rendered":"<p>Svensk Forskarskola f\u00f6r Cybers\u00e4kerhet SIGS-CyberSec \u00e4r en svensk forskarskola f\u00f6r cybers\u00e4kerhet. Forskarskolan best\u00e5r av ett konsortium av forskare inom datavetenskap och informatik fr\u00e5n fyra svenska universitet: Karlstad Universitet (koordinator av forskarskolan), Blekinge Tekniska H\u00f6gskola, F\u00f6rsvarsh\u00f6gskolan and \u00d6rebro Universitet. SIGS-CyberSec inkluderar sju industriella doktorander som \u00e4r anst\u00e4llda och\/eller arbeta hos f\u00f6ljande industriella partners: ArkiPelag (Tophman), Assemblin, [&hellip;]<\/p>\n","protected":false},"author":4173,"featured_media":0,"parent":0,"menu_order":0,"comment_status":"closed","ping_status":"closed","template":"template-fullwidth.php","meta":{"footnotes":""},"class_list":["post-61","page","type-page","status-publish","hentry","post-preview"],"_links":{"self":[{"href":"https:\/\/sola.kau.se\/sigscybersec\/wp-json\/wp\/v2\/pages\/61","targetHints":{"allow":["GET"]}}],"collection":[{"href":"https:\/\/sola.kau.se\/sigscybersec\/wp-json\/wp\/v2\/pages"}],"about":[{"href":"https:\/\/sola.kau.se\/sigscybersec\/wp-json\/wp\/v2\/types\/page"}],"author":[{"embeddable":true,"href":"https:\/\/sola.kau.se\/sigscybersec\/wp-json\/wp\/v2\/users\/4173"}],"replies":[{"embeddable":true,"href":"https:\/\/sola.kau.se\/sigscybersec\/wp-json\/wp\/v2\/comments?post=61"}],"version-history":[{"count":5,"href":"https:\/\/sola.kau.se\/sigscybersec\/wp-json\/wp\/v2\/pages\/61\/revisions"}],"predecessor-version":[{"id":485,"href":"https:\/\/sola.kau.se\/sigscybersec\/wp-json\/wp\/v2\/pages\/61\/revisions\/485"}],"wp:attachment":[{"href":"https:\/\/sola.kau.se\/sigscybersec\/wp-json\/wp\/v2\/media?parent=61"}],"curies":[{"name":"wp","href":"https:\/\/api.w.org\/{rel}","templated":true}]}}