 {"id":73,"date":"2023-05-19T08:38:32","date_gmt":"2023-05-19T08:38:32","guid":{"rendered":"https:\/\/sola.kau.se\/sigscybersec\/tema-tva-cybersakerhet-ai-och-automatisering\/"},"modified":"2023-09-05T10:56:20","modified_gmt":"2023-09-05T10:56:20","slug":"tema-tva-cybersakerhet-ai-och-automatisering","status":"publish","type":"page","link":"https:\/\/sola.kau.se\/sigscybersec\/tema-tva-cybersakerhet-ai-och-automatisering\/?lang=sv","title":{"rendered":"Tema tv\u00e5: Cybers\u00e4kerhet, AI och automatisering"},"content":{"rendered":"\n<p>Artificiell intelligens (AI), maskininl\u00e4rning (ML) och innovativ teknik som virtuell verklighet (VR) anv\u00e4nds alltmer inom industrin f\u00f6r att l\u00f6sa en uppsj\u00f6 av utmanande problem. Deras nyhet och komplexitet kan dock medf\u00f6ra nya integritetshot och s\u00e4kerhetsproblem i IT-systemen, som \u00e4r sv\u00e5ra att uppt\u00e4cka och \u00e5tg\u00e4rda. Det \u00e4r viktigt att utveckla tekniker, verktyg och metoder som m\u00f6jligg\u00f6r en s\u00e4ker och robust implementering av AI-l\u00f6sningar. T2 unders\u00f6ker hoten mot s\u00e4kerhet och integritet n\u00e4r VR-teknik anv\u00e4nds f\u00f6r att utf\u00f6ra fj\u00e4rrstyrda operationer p\u00e5 uppdragskritiska robotar och tunga maskiner, t.ex. gruvmaskiner. T2 syftar s\u00e4rskilt till att utveckla AI-baserade metoder och tekniker f\u00f6r att minska s\u00e4kerhetshot mot VR-installationer och s\u00e4kerst\u00e4lla operat\u00f6rernas integritet och s\u00e4kerhet.<\/p>\n\n<p><br\/>Ut\u00f6ver anv\u00e4ndningen av AI f\u00f6r att f\u00f6rnya industriella processer och verksamheter, avser SIGS-CyberSec att unders\u00f6ka hur anv\u00e4ndningen av AI-algoritmer och metoder kan f\u00f6rb\u00e4ttra systems\u00e4kerhet och integritet. I detta tema unders\u00f6ker vi hur AI kan anv\u00e4ndas f\u00f6r att utveckla smarta och automatiserade \u00f6vervakningsverktyg f\u00f6r att uppt\u00e4cka och l\u00f6sa incidenter med hj\u00e4lp av data fr\u00e5n EDR (End Point Detection and Response) och NDR (Network Detection and Response) till SIEM-system (Security Information and Event Management System). Tema T2 omfattar \u00e4ven innovativ forskning om till\u00e4mpning av maskininl\u00e4rning f\u00f6r att uppt\u00e4cka och extrahera s\u00e4kerhetsrelaterad information fr\u00e5n krypterade trafikdata p\u00e5 ett integritetsf\u00f6rb\u00e4ttrande s\u00e4tt, samt automatisering av uppt\u00e4ckt och hantering\/rapportering av incidenter\/intr\u00e5ng i den personliga integriteten i enlighet med EU:s allm\u00e4nna dataskyddsf\u00f6rordning (GDPR).<\/p>\n","protected":false},"excerpt":{"rendered":"<p>Artificiell intelligens (AI), maskininl\u00e4rning (ML) och innovativ teknik som virtuell verklighet (VR) anv\u00e4nds alltmer inom industrin f\u00f6r att l\u00f6sa en uppsj\u00f6 av utmanande problem. Deras nyhet och komplexitet kan dock medf\u00f6ra nya integritetshot och s\u00e4kerhetsproblem i IT-systemen, som \u00e4r sv\u00e5ra att uppt\u00e4cka och \u00e5tg\u00e4rda. Det \u00e4r viktigt att utveckla tekniker, verktyg och metoder som m\u00f6jligg\u00f6r [&hellip;]<\/p>\n","protected":false},"author":4173,"featured_media":0,"parent":0,"menu_order":0,"comment_status":"closed","ping_status":"closed","template":"template-fullwidth.php","meta":{"footnotes":""},"class_list":["post-73","page","type-page","status-publish","hentry","post-preview"],"_links":{"self":[{"href":"https:\/\/sola.kau.se\/sigscybersec\/wp-json\/wp\/v2\/pages\/73","targetHints":{"allow":["GET"]}}],"collection":[{"href":"https:\/\/sola.kau.se\/sigscybersec\/wp-json\/wp\/v2\/pages"}],"about":[{"href":"https:\/\/sola.kau.se\/sigscybersec\/wp-json\/wp\/v2\/types\/page"}],"author":[{"embeddable":true,"href":"https:\/\/sola.kau.se\/sigscybersec\/wp-json\/wp\/v2\/users\/4173"}],"replies":[{"embeddable":true,"href":"https:\/\/sola.kau.se\/sigscybersec\/wp-json\/wp\/v2\/comments?post=73"}],"version-history":[{"count":1,"href":"https:\/\/sola.kau.se\/sigscybersec\/wp-json\/wp\/v2\/pages\/73\/revisions"}],"predecessor-version":[{"id":74,"href":"https:\/\/sola.kau.se\/sigscybersec\/wp-json\/wp\/v2\/pages\/73\/revisions\/74"}],"wp:attachment":[{"href":"https:\/\/sola.kau.se\/sigscybersec\/wp-json\/wp\/v2\/media?parent=73"}],"curies":[{"name":"wp","href":"https:\/\/api.w.org\/{rel}","templated":true}]}}